{"id":64371,"date":"2018-09-04T12:42:03","date_gmt":"2018-09-04T10:42:03","guid":{"rendered":"https:\/\/www.kz-gedenkstaette-dachau.de\/site-historique\/visite-virtuelle\/krankenrevier\/"},"modified":"2020-02-25T18:17:54","modified_gmt":"2020-02-25T17:17:54","slug":"linfirmerie","status":"publish","type":"page","link":"https:\/\/www.kz-gedenkstaette-dachau.de\/fr\/site-historique\/visite-virtuelle\/linfirmerie\/","title":{"rendered":"L\u2019infirmerie"},"content":{"rendered":"<p>L\u2019infirmerie, ou \u00ab\u00a0Krankenrevier\u00a0\u00bb, faisait office d\u2019h\u00f4pital et initialement, elle \u00e9tait situ\u00e9e dans les deux premiers blocks de services \u00e0 droite de l\u2019all\u00e9e principale. Ces blocks contenaient un \u00e9quipement moderne de qualit\u00e9. Les SS utilisaient l\u2019infirmerie \u00e0 des fins de propagande\u00a0: elle \u00e9tait la vitrine du camp que l\u2019on montrait aux d\u00e9l\u00e9gations de visiteurs. Elle abritait entre autres deux salles d\u2019op\u00e9ration, une pharmacie, un laboratoire, diverses salles de soins ambulatoires et une chambre mortuaire. Dans la r\u00e9alit\u00e9, les d\u00e9tenus malades y \u00e9taient pourtant soumis \u00e0 des conditions catastrophiques. Les m\u00e9decins SS les n\u00e9gligeaient. En outre, il r\u00e9gnait un manque criant de m\u00e9dicaments et de pansements. C\u2019est seulement en 1943 que les d\u00e9tenus qui \u00e9taient eux-m\u00eames m\u00e9decins furent autoris\u00e9s \u00e0 soigner leurs camarades malades.<\/p>\n<p>Les conditions de vie des d\u00e9tenus se d\u00e9t\u00e9rior\u00e8rent sensiblement d\u00e8s le d\u00e9but de la guerre. En raison de la malnutrition, du manque d\u2019hygi\u00e8ne et de l\u2019\u00e9puisement physique, leur \u00e9tat de sant\u00e9 \u00e9tait d\u00e9sastreux. Par cons\u00e9quent, l\u2019infirmerie fut progressivement agrandie de cinq baraques. Les sept blocks d\u2019infirmerie \u00e9taient reli\u00e9s par une galerie couverte. En raison de la propagation rapide des maladies infectieuses, surtout vers la fin de la guerre, l\u2019infirmerie se transforma en mouroir.<\/p>\n<p>\u00c0 partir de 1941, des m\u00e9decins SS s\u2019y livr\u00e8rent sur les d\u00e9tenus \u00e0 des exp\u00e9riences m\u00e9dicales d\u2019une grande cruaut\u00e9. Pour le compte de la Luftwaffe, l\u2019arm\u00e9e de l\u2019air, ils supervis\u00e8rent des essais sur l\u2019hypothermie, l\u2019altitude et l\u2019eau de mer. Des prisonniers \u00e9taient plong\u00e9s dans un bassin rempli d\u2019eau o\u00f9 ils \u00e9taient soumis \u00e0 une hypothermie potentiellement mortelle, enferm\u00e9s dans un caisson de d\u00e9compression pour subir des fluctuations de pression extr\u00eames, et contraints de boire de l\u2019eau sal\u00e9e trait\u00e9e chimiquement. Pour tester des m\u00e9dicaments, on inoculait \u00e9galement des agents du paludisme \u00e0 certains d\u00e9tenus ou on les infectait \u00e0 l\u2019aide de phlegmons. Ces exp\u00e9riences inhumaines provoqu\u00e8rent la mort de centaines de personnes.rascher_unterkuehlungsversuch_1942<\/p>\n","protected":false},"excerpt":{"rendered":"<p>L\u2019infirmerie, ou \u00ab\u00a0Krankenrevier\u00a0\u00bb, faisait office d\u2019h\u00f4pital et initialement, elle \u00e9tait situ\u00e9e dans les deux premiers blocks de services \u00e0 droite de l\u2019all\u00e9e principale. Ces blocks contenaient un \u00e9quipement moderne de qualit\u00e9. Les SS utilisaient l\u2019infirmerie \u00e0 des fins de propagande\u00a0: elle \u00e9tait la vitrine du camp que l\u2019on montrait aux d\u00e9l\u00e9gations de visiteurs. Elle abritait&#8230; <a class=\"view-article\" href=\"https:\/\/www.kz-gedenkstaette-dachau.de\/fr\/site-historique\/visite-virtuelle\/linfirmerie\/\">Voir l&rsquo;article<\/a><\/p>\n","protected":false},"author":1,"featured_media":0,"parent":62582,"menu_order":1000,"comment_status":"closed","ping_status":"closed","template":"page-virtueller_rundgang_unterseite.php","meta":{"_acf_changed":false,"footnotes":""},"class_list":["post-64371","page","type-page","status-publish","hentry"],"acf":[],"yoast_head":"<!-- This site is optimized with the Yoast SEO plugin v27.4 - https:\/\/yoast.com\/product\/yoast-seo-wordpress\/ -->\n<title>L\u2019infirmerie - KZ Gedenkst\u00e4tte Dachau<\/title>\n<meta name=\"robots\" content=\"index, follow, max-snippet:-1, max-image-preview:large, max-video-preview:-1\" \/>\n<link rel=\"canonical\" href=\"https:\/\/www.kz-gedenkstaette-dachau.de\/fr\/site-historique\/visite-virtuelle\/linfirmerie\/\" \/>\n<meta property=\"og:locale\" content=\"fr_FR\" \/>\n<meta property=\"og:type\" content=\"article\" \/>\n<meta property=\"og:title\" content=\"L\u2019infirmerie - KZ Gedenkst\u00e4tte Dachau\" \/>\n<meta property=\"og:description\" content=\"L\u2019infirmerie, ou \u00ab\u00a0Krankenrevier\u00a0\u00bb, faisait office d\u2019h\u00f4pital et initialement, elle \u00e9tait situ\u00e9e dans les deux premiers blocks de services \u00e0 droite de l\u2019all\u00e9e principale. Ces blocks contenaient un \u00e9quipement moderne de qualit\u00e9. Les SS utilisaient l\u2019infirmerie \u00e0 des fins de propagande\u00a0: elle \u00e9tait la vitrine du camp que l\u2019on montrait aux d\u00e9l\u00e9gations de visiteurs. Elle abritait... Voir l&#039;article\" \/>\n<meta property=\"og:url\" content=\"https:\/\/www.kz-gedenkstaette-dachau.de\/fr\/site-historique\/visite-virtuelle\/linfirmerie\/\" \/>\n<meta property=\"og:site_name\" content=\"KZ Gedenkst\u00e4tte Dachau\" \/>\n<meta property=\"article:modified_time\" content=\"2020-02-25T17:17:54+00:00\" \/>\n<meta name=\"twitter:card\" content=\"summary_large_image\" \/>\n<meta name=\"twitter:label1\" content=\"Dur\u00e9e de lecture estim\u00e9e\" \/>\n\t<meta name=\"twitter:data1\" content=\"2 minutes\" \/>\n<script type=\"application\/ld+json\" class=\"yoast-schema-graph\">{\"@context\":\"https:\\\/\\\/schema.org\",\"@graph\":[{\"@type\":\"WebPage\",\"@id\":\"https:\\\/\\\/www.kz-gedenkstaette-dachau.de\\\/fr\\\/site-historique\\\/visite-virtuelle\\\/linfirmerie\\\/\",\"url\":\"https:\\\/\\\/www.kz-gedenkstaette-dachau.de\\\/fr\\\/site-historique\\\/visite-virtuelle\\\/linfirmerie\\\/\",\"name\":\"L\u2019infirmerie - KZ Gedenkst\u00e4tte Dachau\",\"isPartOf\":{\"@id\":\"https:\\\/\\\/www.kz-gedenkstaette-dachau.de\\\/#website\"},\"datePublished\":\"2018-09-04T10:42:03+00:00\",\"dateModified\":\"2020-02-25T17:17:54+00:00\",\"breadcrumb\":{\"@id\":\"https:\\\/\\\/www.kz-gedenkstaette-dachau.de\\\/fr\\\/site-historique\\\/visite-virtuelle\\\/linfirmerie\\\/#breadcrumb\"},\"inLanguage\":\"fr-FR\",\"potentialAction\":[{\"@type\":\"ReadAction\",\"target\":[\"https:\\\/\\\/www.kz-gedenkstaette-dachau.de\\\/fr\\\/site-historique\\\/visite-virtuelle\\\/linfirmerie\\\/\"]}]},{\"@type\":\"BreadcrumbList\",\"@id\":\"https:\\\/\\\/www.kz-gedenkstaette-dachau.de\\\/fr\\\/site-historique\\\/visite-virtuelle\\\/linfirmerie\\\/#breadcrumb\",\"itemListElement\":[{\"@type\":\"ListItem\",\"position\":1,\"name\":\"Page d'accueil\",\"item\":\"https:\\\/\\\/www.kz-gedenkstaette-dachau.de\\\/fr\\\/\"},{\"@type\":\"ListItem\",\"position\":2,\"name\":\"Site historique\",\"item\":\"https:\\\/\\\/www.kz-gedenkstaette-dachau.de\\\/fr\\\/site-historique\\\/\"},{\"@type\":\"ListItem\",\"position\":3,\"name\":\"Visite virtuelle\",\"item\":\"https:\\\/\\\/www.kz-gedenkstaette-dachau.de\\\/fr\\\/site-historique\\\/visite-virtuelle\\\/\"},{\"@type\":\"ListItem\",\"position\":4,\"name\":\"L\u2019infirmerie\"}]},{\"@type\":\"WebSite\",\"@id\":\"https:\\\/\\\/www.kz-gedenkstaette-dachau.de\\\/#website\",\"url\":\"https:\\\/\\\/www.kz-gedenkstaette-dachau.de\\\/\",\"name\":\"KZ Gedenkst\u00e4tte Dachau\",\"description\":\"\",\"potentialAction\":[{\"@type\":\"SearchAction\",\"target\":{\"@type\":\"EntryPoint\",\"urlTemplate\":\"https:\\\/\\\/www.kz-gedenkstaette-dachau.de\\\/?s={search_term_string}\"},\"query-input\":{\"@type\":\"PropertyValueSpecification\",\"valueRequired\":true,\"valueName\":\"search_term_string\"}}],\"inLanguage\":\"fr-FR\"}]}<\/script>\n<!-- \/ Yoast SEO plugin. -->","yoast_head_json":{"title":"L\u2019infirmerie - KZ Gedenkst\u00e4tte Dachau","robots":{"index":"index","follow":"follow","max-snippet":"max-snippet:-1","max-image-preview":"max-image-preview:large","max-video-preview":"max-video-preview:-1"},"canonical":"https:\/\/www.kz-gedenkstaette-dachau.de\/fr\/site-historique\/visite-virtuelle\/linfirmerie\/","og_locale":"fr_FR","og_type":"article","og_title":"L\u2019infirmerie - KZ Gedenkst\u00e4tte Dachau","og_description":"L\u2019infirmerie, ou \u00ab\u00a0Krankenrevier\u00a0\u00bb, faisait office d\u2019h\u00f4pital et initialement, elle \u00e9tait situ\u00e9e dans les deux premiers blocks de services \u00e0 droite de l\u2019all\u00e9e principale. Ces blocks contenaient un \u00e9quipement moderne de qualit\u00e9. Les SS utilisaient l\u2019infirmerie \u00e0 des fins de propagande\u00a0: elle \u00e9tait la vitrine du camp que l\u2019on montrait aux d\u00e9l\u00e9gations de visiteurs. Elle abritait... Voir l'article","og_url":"https:\/\/www.kz-gedenkstaette-dachau.de\/fr\/site-historique\/visite-virtuelle\/linfirmerie\/","og_site_name":"KZ Gedenkst\u00e4tte Dachau","article_modified_time":"2020-02-25T17:17:54+00:00","twitter_card":"summary_large_image","twitter_misc":{"Dur\u00e9e de lecture estim\u00e9e":"2 minutes"},"schema":{"@context":"https:\/\/schema.org","@graph":[{"@type":"WebPage","@id":"https:\/\/www.kz-gedenkstaette-dachau.de\/fr\/site-historique\/visite-virtuelle\/linfirmerie\/","url":"https:\/\/www.kz-gedenkstaette-dachau.de\/fr\/site-historique\/visite-virtuelle\/linfirmerie\/","name":"L\u2019infirmerie - KZ Gedenkst\u00e4tte Dachau","isPartOf":{"@id":"https:\/\/www.kz-gedenkstaette-dachau.de\/#website"},"datePublished":"2018-09-04T10:42:03+00:00","dateModified":"2020-02-25T17:17:54+00:00","breadcrumb":{"@id":"https:\/\/www.kz-gedenkstaette-dachau.de\/fr\/site-historique\/visite-virtuelle\/linfirmerie\/#breadcrumb"},"inLanguage":"fr-FR","potentialAction":[{"@type":"ReadAction","target":["https:\/\/www.kz-gedenkstaette-dachau.de\/fr\/site-historique\/visite-virtuelle\/linfirmerie\/"]}]},{"@type":"BreadcrumbList","@id":"https:\/\/www.kz-gedenkstaette-dachau.de\/fr\/site-historique\/visite-virtuelle\/linfirmerie\/#breadcrumb","itemListElement":[{"@type":"ListItem","position":1,"name":"Page d'accueil","item":"https:\/\/www.kz-gedenkstaette-dachau.de\/fr\/"},{"@type":"ListItem","position":2,"name":"Site historique","item":"https:\/\/www.kz-gedenkstaette-dachau.de\/fr\/site-historique\/"},{"@type":"ListItem","position":3,"name":"Visite virtuelle","item":"https:\/\/www.kz-gedenkstaette-dachau.de\/fr\/site-historique\/visite-virtuelle\/"},{"@type":"ListItem","position":4,"name":"L\u2019infirmerie"}]},{"@type":"WebSite","@id":"https:\/\/www.kz-gedenkstaette-dachau.de\/#website","url":"https:\/\/www.kz-gedenkstaette-dachau.de\/","name":"KZ Gedenkst\u00e4tte Dachau","description":"","potentialAction":[{"@type":"SearchAction","target":{"@type":"EntryPoint","urlTemplate":"https:\/\/www.kz-gedenkstaette-dachau.de\/?s={search_term_string}"},"query-input":{"@type":"PropertyValueSpecification","valueRequired":true,"valueName":"search_term_string"}}],"inLanguage":"fr-FR"}]}},"_links":{"self":[{"href":"https:\/\/www.kz-gedenkstaette-dachau.de\/fr\/wp-json\/wp\/v2\/pages\/64371","targetHints":{"allow":["GET"]}}],"collection":[{"href":"https:\/\/www.kz-gedenkstaette-dachau.de\/fr\/wp-json\/wp\/v2\/pages"}],"about":[{"href":"https:\/\/www.kz-gedenkstaette-dachau.de\/fr\/wp-json\/wp\/v2\/types\/page"}],"author":[{"embeddable":true,"href":"https:\/\/www.kz-gedenkstaette-dachau.de\/fr\/wp-json\/wp\/v2\/users\/1"}],"replies":[{"embeddable":true,"href":"https:\/\/www.kz-gedenkstaette-dachau.de\/fr\/wp-json\/wp\/v2\/comments?post=64371"}],"version-history":[{"count":0,"href":"https:\/\/www.kz-gedenkstaette-dachau.de\/fr\/wp-json\/wp\/v2\/pages\/64371\/revisions"}],"up":[{"embeddable":true,"href":"https:\/\/www.kz-gedenkstaette-dachau.de\/fr\/wp-json\/wp\/v2\/pages\/62582"}],"wp:attachment":[{"href":"https:\/\/www.kz-gedenkstaette-dachau.de\/fr\/wp-json\/wp\/v2\/media?parent=64371"}],"curies":[{"name":"wp","href":"https:\/\/api.w.org\/{rel}","templated":true}]}}