{"id":64375,"date":"2018-09-04T12:42:23","date_gmt":"2018-09-04T10:42:23","guid":{"rendered":"https:\/\/www.kz-gedenkstaette-dachau.de\/site-historique\/visite-virtuelle\/funktionsgebaeude\/"},"modified":"2020-04-21T20:32:40","modified_gmt":"2020-04-21T18:32:40","slug":"les-batiments-de-services","status":"publish","type":"page","link":"https:\/\/www.kz-gedenkstaette-dachau.de\/fr\/site-historique\/visite-virtuelle\/les-batiments-de-services\/","title":{"rendered":"Les b\u00e2timents de services"},"content":{"rendered":"<p>Derri\u00e8re les blocks d\u2019habitation se trouvait une zone cl\u00f4tur\u00e9e comprenant des b\u00e2timents de services et des installations de production o\u00f9 des kommandos de d\u00e9tenus \u00e9taient affect\u00e9s au travail forc\u00e9. Ce complexe a \u00e9t\u00e9 progressivement d\u00e9moli dans les ann\u00e9es 1950 et 1960. Aujourd\u2019hui, cette zone abrite des lieux de culte d\u00e9di\u00e9s au souvenir.<\/p>\n<p>\u00c0 l\u2019ouest, derri\u00e8re la rang\u00e9e de baraques, se trouvait la p\u00e9pini\u00e8re du camp (marqu\u00e9e ici en rouge). De jeunes plants y \u00e9taient cultiv\u00e9s dans les serres, puis replant\u00e9s sur les domaines exp\u00e9rimentaux des SS surnomm\u00e9s \u00ab\u00a0jardin m\u00e9dicinal\u00a0\u00bb.<\/p>\n<p>\u00c0 l\u2019est des blocks furent construits en 1940 des clapiers destin\u00e9s \u00e0 l\u2019\u00e9levage de lapins angoras (zone marqu\u00e9e en violet). L\u2019\u00e9levage connut un essor constant, au point qu\u2019en 1944, il comptait plus de 4\u00a0000 animaux. La laine et les peaux des lapins \u00e9taient utilis\u00e9es pour les doublures des uniformes de la Luftwaffe.<\/p>\n<p>En 1941 vint s\u2019ajouter un block de d\u00e9sinfection (marqu\u00e9 en orange) o\u00f9 des prisonniers d\u00e9sinfectaient les v\u00eatements et les couvertures des d\u00e9tenus. Comme les SS \u00e9vitaient le b\u00e2timent en raison du danger d\u2019infection, les d\u00e9tenus y tenaient des r\u00e9unions clandestines. Ils y avaient cach\u00e9 un r\u00e9cepteur radio qu\u2019ils utilisaient pour \u00e9couter les stations \u00e9trang\u00e8res.<\/p>\n<p>Au printemps 1944, les SS ouvrirent un bordel (marqu\u00e9 en vert). Dans cet \u00e9tablissement, appel\u00e9 \u00ab\u00a0Sonderbau\u00a0\u00bb (\u00ab\u00a0b\u00e2timent sp\u00e9cial\u00a0\u00bb), des d\u00e9tenues venant du camp de concentration de Ravensbr\u00fcck \u00e9taient forc\u00e9es de se prostituer. Les prisonniers pouvaient demander \u00e0 acc\u00e9der au bordel en remettant l\u2019attestation de prime d\u00e9livr\u00e9e par les SS en r\u00e9compense des travaux effectu\u00e9s. Ce syst\u00e8me \u00e9tait cens\u00e9 inciter les d\u00e9tenus \u00e0 am\u00e9liorer leur productivit\u00e9 au travail. La fr\u00e9quentation du bordel \u00e9tait interdite aux d\u00e9tenus juifs. Une grande partie des d\u00e9tenus boycottaient l\u2019\u00e9tablissement, qui fut ferm\u00e9 par les SS d\u00e8s la fin 1944.<\/p>\n","protected":false},"excerpt":{"rendered":"<p>Derri\u00e8re les blocks d\u2019habitation se trouvait une zone cl\u00f4tur\u00e9e comprenant des b\u00e2timents de services et des installations de production o\u00f9 des kommandos de d\u00e9tenus \u00e9taient affect\u00e9s au travail forc\u00e9. Ce complexe a \u00e9t\u00e9 progressivement d\u00e9moli dans les ann\u00e9es 1950 et 1960. Aujourd\u2019hui, cette zone abrite des lieux de culte d\u00e9di\u00e9s au souvenir. \u00c0 l\u2019ouest, derri\u00e8re&#8230; <a class=\"view-article\" href=\"https:\/\/www.kz-gedenkstaette-dachau.de\/fr\/site-historique\/visite-virtuelle\/les-batiments-de-services\/\">Voir l&rsquo;article<\/a><\/p>\n","protected":false},"author":1,"featured_media":0,"parent":62582,"menu_order":1100,"comment_status":"closed","ping_status":"closed","template":"page-virtueller_rundgang_unterseite.php","meta":{"_acf_changed":false,"footnotes":""},"class_list":["post-64375","page","type-page","status-publish","hentry"],"acf":[],"yoast_head":"<!-- This site is optimized with the Yoast SEO plugin v27.4 - https:\/\/yoast.com\/product\/yoast-seo-wordpress\/ -->\n<title>Les b\u00e2timents de services - KZ Gedenkst\u00e4tte Dachau<\/title>\n<meta name=\"robots\" content=\"index, follow, max-snippet:-1, max-image-preview:large, max-video-preview:-1\" \/>\n<link rel=\"canonical\" href=\"https:\/\/www.kz-gedenkstaette-dachau.de\/fr\/site-historique\/visite-virtuelle\/les-batiments-de-services\/\" \/>\n<meta property=\"og:locale\" content=\"fr_FR\" \/>\n<meta property=\"og:type\" content=\"article\" \/>\n<meta property=\"og:title\" content=\"Les b\u00e2timents de services - KZ Gedenkst\u00e4tte Dachau\" \/>\n<meta property=\"og:description\" content=\"Derri\u00e8re les blocks d\u2019habitation se trouvait une zone cl\u00f4tur\u00e9e comprenant des b\u00e2timents de services et des installations de production o\u00f9 des kommandos de d\u00e9tenus \u00e9taient affect\u00e9s au travail forc\u00e9. Ce complexe a \u00e9t\u00e9 progressivement d\u00e9moli dans les ann\u00e9es 1950 et 1960. Aujourd\u2019hui, cette zone abrite des lieux de culte d\u00e9di\u00e9s au souvenir. \u00c0 l\u2019ouest, derri\u00e8re... Voir l&#039;article\" \/>\n<meta property=\"og:url\" content=\"https:\/\/www.kz-gedenkstaette-dachau.de\/fr\/site-historique\/visite-virtuelle\/les-batiments-de-services\/\" \/>\n<meta property=\"og:site_name\" content=\"KZ Gedenkst\u00e4tte Dachau\" \/>\n<meta property=\"article:modified_time\" content=\"2020-04-21T18:32:40+00:00\" \/>\n<meta name=\"twitter:card\" content=\"summary_large_image\" \/>\n<meta name=\"twitter:label1\" content=\"Dur\u00e9e de lecture estim\u00e9e\" \/>\n\t<meta name=\"twitter:data1\" content=\"2 minutes\" \/>\n<script type=\"application\/ld+json\" class=\"yoast-schema-graph\">{\"@context\":\"https:\\\/\\\/schema.org\",\"@graph\":[{\"@type\":\"WebPage\",\"@id\":\"https:\\\/\\\/www.kz-gedenkstaette-dachau.de\\\/fr\\\/site-historique\\\/visite-virtuelle\\\/les-batiments-de-services\\\/\",\"url\":\"https:\\\/\\\/www.kz-gedenkstaette-dachau.de\\\/fr\\\/site-historique\\\/visite-virtuelle\\\/les-batiments-de-services\\\/\",\"name\":\"Les b\u00e2timents de services - KZ Gedenkst\u00e4tte Dachau\",\"isPartOf\":{\"@id\":\"https:\\\/\\\/www.kz-gedenkstaette-dachau.de\\\/#website\"},\"datePublished\":\"2018-09-04T10:42:23+00:00\",\"dateModified\":\"2020-04-21T18:32:40+00:00\",\"breadcrumb\":{\"@id\":\"https:\\\/\\\/www.kz-gedenkstaette-dachau.de\\\/fr\\\/site-historique\\\/visite-virtuelle\\\/les-batiments-de-services\\\/#breadcrumb\"},\"inLanguage\":\"fr-FR\",\"potentialAction\":[{\"@type\":\"ReadAction\",\"target\":[\"https:\\\/\\\/www.kz-gedenkstaette-dachau.de\\\/fr\\\/site-historique\\\/visite-virtuelle\\\/les-batiments-de-services\\\/\"]}]},{\"@type\":\"BreadcrumbList\",\"@id\":\"https:\\\/\\\/www.kz-gedenkstaette-dachau.de\\\/fr\\\/site-historique\\\/visite-virtuelle\\\/les-batiments-de-services\\\/#breadcrumb\",\"itemListElement\":[{\"@type\":\"ListItem\",\"position\":1,\"name\":\"Page d'accueil\",\"item\":\"https:\\\/\\\/www.kz-gedenkstaette-dachau.de\\\/fr\\\/\"},{\"@type\":\"ListItem\",\"position\":2,\"name\":\"Site historique\",\"item\":\"https:\\\/\\\/www.kz-gedenkstaette-dachau.de\\\/fr\\\/site-historique\\\/\"},{\"@type\":\"ListItem\",\"position\":3,\"name\":\"Visite virtuelle\",\"item\":\"https:\\\/\\\/www.kz-gedenkstaette-dachau.de\\\/fr\\\/site-historique\\\/visite-virtuelle\\\/\"},{\"@type\":\"ListItem\",\"position\":4,\"name\":\"Les b\u00e2timents de services\"}]},{\"@type\":\"WebSite\",\"@id\":\"https:\\\/\\\/www.kz-gedenkstaette-dachau.de\\\/#website\",\"url\":\"https:\\\/\\\/www.kz-gedenkstaette-dachau.de\\\/\",\"name\":\"KZ Gedenkst\u00e4tte Dachau\",\"description\":\"\",\"potentialAction\":[{\"@type\":\"SearchAction\",\"target\":{\"@type\":\"EntryPoint\",\"urlTemplate\":\"https:\\\/\\\/www.kz-gedenkstaette-dachau.de\\\/?s={search_term_string}\"},\"query-input\":{\"@type\":\"PropertyValueSpecification\",\"valueRequired\":true,\"valueName\":\"search_term_string\"}}],\"inLanguage\":\"fr-FR\"}]}<\/script>\n<!-- \/ Yoast SEO plugin. -->","yoast_head_json":{"title":"Les b\u00e2timents de services - KZ Gedenkst\u00e4tte Dachau","robots":{"index":"index","follow":"follow","max-snippet":"max-snippet:-1","max-image-preview":"max-image-preview:large","max-video-preview":"max-video-preview:-1"},"canonical":"https:\/\/www.kz-gedenkstaette-dachau.de\/fr\/site-historique\/visite-virtuelle\/les-batiments-de-services\/","og_locale":"fr_FR","og_type":"article","og_title":"Les b\u00e2timents de services - KZ Gedenkst\u00e4tte Dachau","og_description":"Derri\u00e8re les blocks d\u2019habitation se trouvait une zone cl\u00f4tur\u00e9e comprenant des b\u00e2timents de services et des installations de production o\u00f9 des kommandos de d\u00e9tenus \u00e9taient affect\u00e9s au travail forc\u00e9. Ce complexe a \u00e9t\u00e9 progressivement d\u00e9moli dans les ann\u00e9es 1950 et 1960. Aujourd\u2019hui, cette zone abrite des lieux de culte d\u00e9di\u00e9s au souvenir. \u00c0 l\u2019ouest, derri\u00e8re... Voir l'article","og_url":"https:\/\/www.kz-gedenkstaette-dachau.de\/fr\/site-historique\/visite-virtuelle\/les-batiments-de-services\/","og_site_name":"KZ Gedenkst\u00e4tte Dachau","article_modified_time":"2020-04-21T18:32:40+00:00","twitter_card":"summary_large_image","twitter_misc":{"Dur\u00e9e de lecture estim\u00e9e":"2 minutes"},"schema":{"@context":"https:\/\/schema.org","@graph":[{"@type":"WebPage","@id":"https:\/\/www.kz-gedenkstaette-dachau.de\/fr\/site-historique\/visite-virtuelle\/les-batiments-de-services\/","url":"https:\/\/www.kz-gedenkstaette-dachau.de\/fr\/site-historique\/visite-virtuelle\/les-batiments-de-services\/","name":"Les b\u00e2timents de services - KZ Gedenkst\u00e4tte Dachau","isPartOf":{"@id":"https:\/\/www.kz-gedenkstaette-dachau.de\/#website"},"datePublished":"2018-09-04T10:42:23+00:00","dateModified":"2020-04-21T18:32:40+00:00","breadcrumb":{"@id":"https:\/\/www.kz-gedenkstaette-dachau.de\/fr\/site-historique\/visite-virtuelle\/les-batiments-de-services\/#breadcrumb"},"inLanguage":"fr-FR","potentialAction":[{"@type":"ReadAction","target":["https:\/\/www.kz-gedenkstaette-dachau.de\/fr\/site-historique\/visite-virtuelle\/les-batiments-de-services\/"]}]},{"@type":"BreadcrumbList","@id":"https:\/\/www.kz-gedenkstaette-dachau.de\/fr\/site-historique\/visite-virtuelle\/les-batiments-de-services\/#breadcrumb","itemListElement":[{"@type":"ListItem","position":1,"name":"Page d'accueil","item":"https:\/\/www.kz-gedenkstaette-dachau.de\/fr\/"},{"@type":"ListItem","position":2,"name":"Site historique","item":"https:\/\/www.kz-gedenkstaette-dachau.de\/fr\/site-historique\/"},{"@type":"ListItem","position":3,"name":"Visite virtuelle","item":"https:\/\/www.kz-gedenkstaette-dachau.de\/fr\/site-historique\/visite-virtuelle\/"},{"@type":"ListItem","position":4,"name":"Les b\u00e2timents de services"}]},{"@type":"WebSite","@id":"https:\/\/www.kz-gedenkstaette-dachau.de\/#website","url":"https:\/\/www.kz-gedenkstaette-dachau.de\/","name":"KZ Gedenkst\u00e4tte Dachau","description":"","potentialAction":[{"@type":"SearchAction","target":{"@type":"EntryPoint","urlTemplate":"https:\/\/www.kz-gedenkstaette-dachau.de\/?s={search_term_string}"},"query-input":{"@type":"PropertyValueSpecification","valueRequired":true,"valueName":"search_term_string"}}],"inLanguage":"fr-FR"}]}},"_links":{"self":[{"href":"https:\/\/www.kz-gedenkstaette-dachau.de\/fr\/wp-json\/wp\/v2\/pages\/64375","targetHints":{"allow":["GET"]}}],"collection":[{"href":"https:\/\/www.kz-gedenkstaette-dachau.de\/fr\/wp-json\/wp\/v2\/pages"}],"about":[{"href":"https:\/\/www.kz-gedenkstaette-dachau.de\/fr\/wp-json\/wp\/v2\/types\/page"}],"author":[{"embeddable":true,"href":"https:\/\/www.kz-gedenkstaette-dachau.de\/fr\/wp-json\/wp\/v2\/users\/1"}],"replies":[{"embeddable":true,"href":"https:\/\/www.kz-gedenkstaette-dachau.de\/fr\/wp-json\/wp\/v2\/comments?post=64375"}],"version-history":[{"count":0,"href":"https:\/\/www.kz-gedenkstaette-dachau.de\/fr\/wp-json\/wp\/v2\/pages\/64375\/revisions"}],"up":[{"embeddable":true,"href":"https:\/\/www.kz-gedenkstaette-dachau.de\/fr\/wp-json\/wp\/v2\/pages\/62582"}],"wp:attachment":[{"href":"https:\/\/www.kz-gedenkstaette-dachau.de\/fr\/wp-json\/wp\/v2\/media?parent=64375"}],"curies":[{"name":"wp","href":"https:\/\/api.w.org\/{rel}","templated":true}]}}