{"id":64379,"date":"2018-09-04T12:42:49","date_gmt":"2018-09-04T10:42:49","guid":{"rendered":"https:\/\/www.kz-gedenkstaette-dachau.de\/site-historique\/visite-virtuelle\/bewachungsanlage\/"},"modified":"2020-02-25T18:18:26","modified_gmt":"2020-02-25T17:18:26","slug":"les-installations-de-surveillance","status":"publish","type":"page","link":"https:\/\/www.kz-gedenkstaette-dachau.de\/fr\/site-historique\/visite-virtuelle\/les-installations-de-surveillance\/","title":{"rendered":"Les installations de surveillance"},"content":{"rendered":"<p>Lors de l\u2019agrandissement du camp en 1937\/1938, un dispositif de surveillance fut mis en place afin d\u2019emp\u00eacher toute \u00e9vasion. \u00c0 partir de 1948, le site abrita un camp de r\u00e9fugi\u00e9s et on enleva la cl\u00f4ture du camp et l\u2019un des miradors. Lors de la cr\u00e9ation du m\u00e9morial dans les ann\u00e9es 1960, le mirador d\u00e9moli a \u00e9t\u00e9 reconstruit et les autres miradors, en partie d\u00e9labr\u00e9s, ont \u00e9t\u00e9 restaur\u00e9s. Une partie de la cl\u00f4ture a \u00e9t\u00e9 r\u00e9tablie \u00e0 des fins d\u2019illustration. Les sections reconstruites sont situ\u00e9es \u00e0 l\u2019est de l\u2019ancienne intendance et \u00e0 l\u2019entr\u00e9e du cr\u00e9matoire.<\/p>\n<p>Au nord, \u00e0 l\u2019est et au sud, le camp de d\u00e9tention \u00e9tait entour\u00e9 par un mur ext\u00e9rieur de trois m\u00e8tres de haut surmont\u00e9 de barbel\u00e9s. \u00c0 l\u2019ouest, la rivi\u00e8re W\u00fcrm formait une fronti\u00e8re naturelle entre le camp de d\u00e9tention et le camp SS. Devant le mur ext\u00e9rieur et la W\u00fcrm, du c\u00f4t\u00e9 du camp, il y avait une cl\u00f4ture de barbel\u00e9s \u00e9lectrifi\u00e9s, des obstacles en barbel\u00e9s, un foss\u00e9 profond de deux m\u00e8tres et une pelouse. Les SS parlaient de \u00ab\u00a0zone neutre\u00a0\u00bb, terme sugg\u00e9rant une fronti\u00e8re bien plus anodine. Si un d\u00e9tenu y p\u00e9n\u00e9trait, son geste \u00e9tait consid\u00e9r\u00e9 comme une tentative d\u2019\u00e9vasion et il \u00e9tait abattu sans sommation par les gardes. Le dispositif de surveillance comprenait sept miradors \u00e9quip\u00e9s de mitrailleuses et occup\u00e9s 24 heures sur 24 par des sentinelles SS.<\/p>\n<p>Les prisonniers qui ne supportaient plus cette vie sous l\u2019emprise permanente de la terreur des SS se suicidaient de d\u00e9sespoir. Ils p\u00e9n\u00e9traient d\u00e9lib\u00e9r\u00e9ment dans la \u00ab\u00a0zone neutre\u00a0\u00bb ou se jetaient sur les barbel\u00e9s \u00e0 haute tension. Parfois, les gardes SS for\u00e7aient les d\u00e9tenus \u00e0 entrer dans la zone interdite afin de les abattre au cours de leur \u00ab\u00a0\u00e9vasion\u00a0\u00bb.<\/p>\n","protected":false},"excerpt":{"rendered":"<p>Lors de l\u2019agrandissement du camp en 1937\/1938, un dispositif de surveillance fut mis en place afin d\u2019emp\u00eacher toute \u00e9vasion. \u00c0 partir de 1948, le site abrita un camp de r\u00e9fugi\u00e9s et on enleva la cl\u00f4ture du camp et l\u2019un des miradors. Lors de la cr\u00e9ation du m\u00e9morial dans les ann\u00e9es 1960, le mirador d\u00e9moli a&#8230; <a class=\"view-article\" href=\"https:\/\/www.kz-gedenkstaette-dachau.de\/fr\/site-historique\/visite-virtuelle\/les-installations-de-surveillance\/\">Voir l&rsquo;article<\/a><\/p>\n","protected":false},"author":1,"featured_media":0,"parent":62582,"menu_order":1200,"comment_status":"closed","ping_status":"closed","template":"page-virtueller_rundgang_unterseite.php","meta":{"_acf_changed":false,"footnotes":""},"class_list":["post-64379","page","type-page","status-publish","hentry"],"acf":[],"yoast_head":"<!-- This site is optimized with the Yoast SEO plugin v27.3 - https:\/\/yoast.com\/product\/yoast-seo-wordpress\/ -->\n<title>Les installations de surveillance - KZ Gedenkst\u00e4tte Dachau<\/title>\n<meta name=\"robots\" content=\"index, follow, max-snippet:-1, max-image-preview:large, max-video-preview:-1\" \/>\n<link rel=\"canonical\" href=\"https:\/\/www.kz-gedenkstaette-dachau.de\/fr\/site-historique\/visite-virtuelle\/les-installations-de-surveillance\/\" \/>\n<meta property=\"og:locale\" content=\"fr_FR\" \/>\n<meta property=\"og:type\" content=\"article\" \/>\n<meta property=\"og:title\" content=\"Les installations de surveillance - KZ Gedenkst\u00e4tte Dachau\" \/>\n<meta property=\"og:description\" content=\"Lors de l\u2019agrandissement du camp en 1937\/1938, un dispositif de surveillance fut mis en place afin d\u2019emp\u00eacher toute \u00e9vasion. \u00c0 partir de 1948, le site abrita un camp de r\u00e9fugi\u00e9s et on enleva la cl\u00f4ture du camp et l\u2019un des miradors. Lors de la cr\u00e9ation du m\u00e9morial dans les ann\u00e9es 1960, le mirador d\u00e9moli a... Voir l&#039;article\" \/>\n<meta property=\"og:url\" content=\"https:\/\/www.kz-gedenkstaette-dachau.de\/fr\/site-historique\/visite-virtuelle\/les-installations-de-surveillance\/\" \/>\n<meta property=\"og:site_name\" content=\"KZ Gedenkst\u00e4tte Dachau\" \/>\n<meta property=\"article:modified_time\" content=\"2020-02-25T17:18:26+00:00\" \/>\n<meta name=\"twitter:card\" content=\"summary_large_image\" \/>\n<meta name=\"twitter:label1\" content=\"Dur\u00e9e de lecture estim\u00e9e\" \/>\n\t<meta name=\"twitter:data1\" content=\"2 minutes\" \/>\n<script type=\"application\/ld+json\" class=\"yoast-schema-graph\">{\"@context\":\"https:\\\/\\\/schema.org\",\"@graph\":[{\"@type\":\"WebPage\",\"@id\":\"https:\\\/\\\/www.kz-gedenkstaette-dachau.de\\\/fr\\\/site-historique\\\/visite-virtuelle\\\/les-installations-de-surveillance\\\/\",\"url\":\"https:\\\/\\\/www.kz-gedenkstaette-dachau.de\\\/fr\\\/site-historique\\\/visite-virtuelle\\\/les-installations-de-surveillance\\\/\",\"name\":\"Les installations de surveillance - KZ Gedenkst\u00e4tte Dachau\",\"isPartOf\":{\"@id\":\"https:\\\/\\\/www.kz-gedenkstaette-dachau.de\\\/#website\"},\"datePublished\":\"2018-09-04T10:42:49+00:00\",\"dateModified\":\"2020-02-25T17:18:26+00:00\",\"breadcrumb\":{\"@id\":\"https:\\\/\\\/www.kz-gedenkstaette-dachau.de\\\/fr\\\/site-historique\\\/visite-virtuelle\\\/les-installations-de-surveillance\\\/#breadcrumb\"},\"inLanguage\":\"fr-FR\",\"potentialAction\":[{\"@type\":\"ReadAction\",\"target\":[\"https:\\\/\\\/www.kz-gedenkstaette-dachau.de\\\/fr\\\/site-historique\\\/visite-virtuelle\\\/les-installations-de-surveillance\\\/\"]}]},{\"@type\":\"BreadcrumbList\",\"@id\":\"https:\\\/\\\/www.kz-gedenkstaette-dachau.de\\\/fr\\\/site-historique\\\/visite-virtuelle\\\/les-installations-de-surveillance\\\/#breadcrumb\",\"itemListElement\":[{\"@type\":\"ListItem\",\"position\":1,\"name\":\"Page d'accueil\",\"item\":\"https:\\\/\\\/www.kz-gedenkstaette-dachau.de\\\/fr\\\/\"},{\"@type\":\"ListItem\",\"position\":2,\"name\":\"Site historique\",\"item\":\"https:\\\/\\\/www.kz-gedenkstaette-dachau.de\\\/fr\\\/site-historique\\\/\"},{\"@type\":\"ListItem\",\"position\":3,\"name\":\"Visite virtuelle\",\"item\":\"https:\\\/\\\/www.kz-gedenkstaette-dachau.de\\\/fr\\\/site-historique\\\/visite-virtuelle\\\/\"},{\"@type\":\"ListItem\",\"position\":4,\"name\":\"Les installations de surveillance\"}]},{\"@type\":\"WebSite\",\"@id\":\"https:\\\/\\\/www.kz-gedenkstaette-dachau.de\\\/#website\",\"url\":\"https:\\\/\\\/www.kz-gedenkstaette-dachau.de\\\/\",\"name\":\"KZ Gedenkst\u00e4tte Dachau\",\"description\":\"\",\"potentialAction\":[{\"@type\":\"SearchAction\",\"target\":{\"@type\":\"EntryPoint\",\"urlTemplate\":\"https:\\\/\\\/www.kz-gedenkstaette-dachau.de\\\/?s={search_term_string}\"},\"query-input\":{\"@type\":\"PropertyValueSpecification\",\"valueRequired\":true,\"valueName\":\"search_term_string\"}}],\"inLanguage\":\"fr-FR\"}]}<\/script>\n<!-- \/ Yoast SEO plugin. -->","yoast_head_json":{"title":"Les installations de surveillance - KZ Gedenkst\u00e4tte Dachau","robots":{"index":"index","follow":"follow","max-snippet":"max-snippet:-1","max-image-preview":"max-image-preview:large","max-video-preview":"max-video-preview:-1"},"canonical":"https:\/\/www.kz-gedenkstaette-dachau.de\/fr\/site-historique\/visite-virtuelle\/les-installations-de-surveillance\/","og_locale":"fr_FR","og_type":"article","og_title":"Les installations de surveillance - KZ Gedenkst\u00e4tte Dachau","og_description":"Lors de l\u2019agrandissement du camp en 1937\/1938, un dispositif de surveillance fut mis en place afin d\u2019emp\u00eacher toute \u00e9vasion. \u00c0 partir de 1948, le site abrita un camp de r\u00e9fugi\u00e9s et on enleva la cl\u00f4ture du camp et l\u2019un des miradors. Lors de la cr\u00e9ation du m\u00e9morial dans les ann\u00e9es 1960, le mirador d\u00e9moli a... Voir l'article","og_url":"https:\/\/www.kz-gedenkstaette-dachau.de\/fr\/site-historique\/visite-virtuelle\/les-installations-de-surveillance\/","og_site_name":"KZ Gedenkst\u00e4tte Dachau","article_modified_time":"2020-02-25T17:18:26+00:00","twitter_card":"summary_large_image","twitter_misc":{"Dur\u00e9e de lecture estim\u00e9e":"2 minutes"},"schema":{"@context":"https:\/\/schema.org","@graph":[{"@type":"WebPage","@id":"https:\/\/www.kz-gedenkstaette-dachau.de\/fr\/site-historique\/visite-virtuelle\/les-installations-de-surveillance\/","url":"https:\/\/www.kz-gedenkstaette-dachau.de\/fr\/site-historique\/visite-virtuelle\/les-installations-de-surveillance\/","name":"Les installations de surveillance - KZ Gedenkst\u00e4tte Dachau","isPartOf":{"@id":"https:\/\/www.kz-gedenkstaette-dachau.de\/#website"},"datePublished":"2018-09-04T10:42:49+00:00","dateModified":"2020-02-25T17:18:26+00:00","breadcrumb":{"@id":"https:\/\/www.kz-gedenkstaette-dachau.de\/fr\/site-historique\/visite-virtuelle\/les-installations-de-surveillance\/#breadcrumb"},"inLanguage":"fr-FR","potentialAction":[{"@type":"ReadAction","target":["https:\/\/www.kz-gedenkstaette-dachau.de\/fr\/site-historique\/visite-virtuelle\/les-installations-de-surveillance\/"]}]},{"@type":"BreadcrumbList","@id":"https:\/\/www.kz-gedenkstaette-dachau.de\/fr\/site-historique\/visite-virtuelle\/les-installations-de-surveillance\/#breadcrumb","itemListElement":[{"@type":"ListItem","position":1,"name":"Page d'accueil","item":"https:\/\/www.kz-gedenkstaette-dachau.de\/fr\/"},{"@type":"ListItem","position":2,"name":"Site historique","item":"https:\/\/www.kz-gedenkstaette-dachau.de\/fr\/site-historique\/"},{"@type":"ListItem","position":3,"name":"Visite virtuelle","item":"https:\/\/www.kz-gedenkstaette-dachau.de\/fr\/site-historique\/visite-virtuelle\/"},{"@type":"ListItem","position":4,"name":"Les installations de surveillance"}]},{"@type":"WebSite","@id":"https:\/\/www.kz-gedenkstaette-dachau.de\/#website","url":"https:\/\/www.kz-gedenkstaette-dachau.de\/","name":"KZ Gedenkst\u00e4tte Dachau","description":"","potentialAction":[{"@type":"SearchAction","target":{"@type":"EntryPoint","urlTemplate":"https:\/\/www.kz-gedenkstaette-dachau.de\/?s={search_term_string}"},"query-input":{"@type":"PropertyValueSpecification","valueRequired":true,"valueName":"search_term_string"}}],"inLanguage":"fr-FR"}]}},"_links":{"self":[{"href":"https:\/\/www.kz-gedenkstaette-dachau.de\/fr\/wp-json\/wp\/v2\/pages\/64379","targetHints":{"allow":["GET"]}}],"collection":[{"href":"https:\/\/www.kz-gedenkstaette-dachau.de\/fr\/wp-json\/wp\/v2\/pages"}],"about":[{"href":"https:\/\/www.kz-gedenkstaette-dachau.de\/fr\/wp-json\/wp\/v2\/types\/page"}],"author":[{"embeddable":true,"href":"https:\/\/www.kz-gedenkstaette-dachau.de\/fr\/wp-json\/wp\/v2\/users\/1"}],"replies":[{"embeddable":true,"href":"https:\/\/www.kz-gedenkstaette-dachau.de\/fr\/wp-json\/wp\/v2\/comments?post=64379"}],"version-history":[{"count":0,"href":"https:\/\/www.kz-gedenkstaette-dachau.de\/fr\/wp-json\/wp\/v2\/pages\/64379\/revisions"}],"up":[{"embeddable":true,"href":"https:\/\/www.kz-gedenkstaette-dachau.de\/fr\/wp-json\/wp\/v2\/pages\/62582"}],"wp:attachment":[{"href":"https:\/\/www.kz-gedenkstaette-dachau.de\/fr\/wp-json\/wp\/v2\/media?parent=64379"}],"curies":[{"name":"wp","href":"https:\/\/api.w.org\/{rel}","templated":true}]}}