{"id":64387,"date":"2018-09-04T12:43:53","date_gmt":"2018-09-04T10:43:53","guid":{"rendered":"https:\/\/www.kz-gedenkstaette-dachau.de\/site-historique\/visite-virtuelle\/internationales-mahnmal\/"},"modified":"2020-02-20T13:00:11","modified_gmt":"2020-02-20T12:00:11","slug":"le-monument-commemoratif-international","status":"publish","type":"page","link":"https:\/\/www.kz-gedenkstaette-dachau.de\/fr\/site-historique\/visite-virtuelle\/le-monument-commemoratif-international\/","title":{"rendered":"Le monument comm\u00e9moratif international"},"content":{"rendered":"<p>Le monument comm\u00e9moratif international a \u00e9t\u00e9 inaugur\u00e9 le 8 septembre 1968. Il a \u00e9t\u00e9 con\u00e7u par Nandor Glid, victime des pers\u00e9cutions nazies contre les Juifs dans sa Yougoslavie natale, qui avait rejoint la r\u00e9sistance fin 1944. Ce sculpteur remporta en 1959 un concours artistique lanc\u00e9 par le CID, l\u2019organisation des survivants.<\/p>\n<p>Le monument comm\u00e9moratif international forme un parcours compos\u00e9 de plusieurs \u00e9l\u00e9ments, dans une intention \u00e0 la fois \u00e9ducative et purificatoire. En venant de l\u2019entr\u00e9e principale du camp, les visiteurs du m\u00e9morial se retrouvent d\u2019abord devant un mur d\u2019acc\u00e8s, dont l\u2019inscription appelle \u00e0 suivre l\u2019exemple des d\u00e9tenus et \u00e0 s\u2019engager pour une soci\u00e9t\u00e9 refusant la terreur et l\u2019arbitraire. Le parcours m\u00e8ne au point le plus bas du monument comm\u00e9moratif, symbole du d\u00e9sespoir et de la souffrance des prisonniers. La sculpture centrale en bronze montre des \u00eatres humains entour\u00e9s d\u2019une cl\u00f4ture de barbel\u00e9s. Elle est flanqu\u00e9e de piliers de b\u00e9ton stylis\u00e9s repr\u00e9sentant les installations de surveillance.<\/p>\n<p>En face de la sculpture, un relief en forme de cha\u00eene symbolise la solidarit\u00e9 entre les d\u00e9tenus du camp de concentration. Cette \u0153uvre inclut des triangles de diff\u00e9rentes couleurs au moyen desquels les SS marquaient les prisonniers. Cependant, le triangle noir des personnes dites \u00ab\u00a0asociales\u00a0\u00bb, le vert des prisonniers de droit commun, appel\u00e9s \u00ab\u00a0criminels professionnels\u00a0\u00bb, et le triangle rose des homosexuels n\u2019y figurent pas. Ces victimes n\u2019\u00e9taient pas reconnues comme des groupes pers\u00e9cut\u00e9s par les nazis \u00e0 l\u2019\u00e9poque de la cr\u00e9ation du monument comm\u00e9moratif. Il a fallu attendre les ann\u00e9es 1980 pour que leur sort finisse par retenir l\u2019attention du public.<\/p>\n<p>En remontant, on suit un couloir au bout duquel se trouve un tombeau contenant les cendres d\u2019un d\u00e9tenu inconnu. Sur le mur du fond figure en cinq langues l\u2019inscription \u00ab\u00a0Plus jamais\u00a0\u00bb.relief_winkel<\/p>\n","protected":false},"excerpt":{"rendered":"<p>Le monument comm\u00e9moratif international a \u00e9t\u00e9 inaugur\u00e9 le 8 septembre 1968. Il a \u00e9t\u00e9 con\u00e7u par Nandor Glid, victime des pers\u00e9cutions nazies contre les Juifs dans sa Yougoslavie natale, qui avait rejoint la r\u00e9sistance fin 1944. Ce sculpteur remporta en 1959 un concours artistique lanc\u00e9 par le CID, l\u2019organisation des survivants. Le monument comm\u00e9moratif international&#8230; <a class=\"view-article\" href=\"https:\/\/www.kz-gedenkstaette-dachau.de\/fr\/site-historique\/visite-virtuelle\/le-monument-commemoratif-international\/\">Voir l&rsquo;article<\/a><\/p>\n","protected":false},"author":1,"featured_media":0,"parent":62582,"menu_order":1400,"comment_status":"closed","ping_status":"closed","template":"page-virtueller_rundgang_unterseite.php","meta":{"_acf_changed":false,"footnotes":""},"class_list":["post-64387","page","type-page","status-publish","hentry"],"acf":[],"yoast_head":"<!-- This site is optimized with the Yoast SEO plugin v27.4 - https:\/\/yoast.com\/product\/yoast-seo-wordpress\/ -->\n<title>Le monument comm\u00e9moratif international - KZ Gedenkst\u00e4tte Dachau<\/title>\n<meta name=\"robots\" content=\"index, follow, max-snippet:-1, max-image-preview:large, max-video-preview:-1\" \/>\n<link rel=\"canonical\" href=\"https:\/\/www.kz-gedenkstaette-dachau.de\/fr\/site-historique\/visite-virtuelle\/le-monument-commemoratif-international\/\" \/>\n<meta property=\"og:locale\" content=\"fr_FR\" \/>\n<meta property=\"og:type\" content=\"article\" \/>\n<meta property=\"og:title\" content=\"Le monument comm\u00e9moratif international - KZ Gedenkst\u00e4tte Dachau\" \/>\n<meta property=\"og:description\" content=\"Le monument comm\u00e9moratif international a \u00e9t\u00e9 inaugur\u00e9 le 8 septembre 1968. Il a \u00e9t\u00e9 con\u00e7u par Nandor Glid, victime des pers\u00e9cutions nazies contre les Juifs dans sa Yougoslavie natale, qui avait rejoint la r\u00e9sistance fin 1944. Ce sculpteur remporta en 1959 un concours artistique lanc\u00e9 par le CID, l\u2019organisation des survivants. Le monument comm\u00e9moratif international... Voir l&#039;article\" \/>\n<meta property=\"og:url\" content=\"https:\/\/www.kz-gedenkstaette-dachau.de\/fr\/site-historique\/visite-virtuelle\/le-monument-commemoratif-international\/\" \/>\n<meta property=\"og:site_name\" content=\"KZ Gedenkst\u00e4tte Dachau\" \/>\n<meta property=\"article:modified_time\" content=\"2020-02-20T12:00:11+00:00\" \/>\n<meta name=\"twitter:card\" content=\"summary_large_image\" \/>\n<meta name=\"twitter:label1\" content=\"Dur\u00e9e de lecture estim\u00e9e\" \/>\n\t<meta name=\"twitter:data1\" content=\"2 minutes\" \/>\n<script type=\"application\/ld+json\" class=\"yoast-schema-graph\">{\"@context\":\"https:\\\/\\\/schema.org\",\"@graph\":[{\"@type\":\"WebPage\",\"@id\":\"https:\\\/\\\/www.kz-gedenkstaette-dachau.de\\\/fr\\\/site-historique\\\/visite-virtuelle\\\/le-monument-commemoratif-international\\\/\",\"url\":\"https:\\\/\\\/www.kz-gedenkstaette-dachau.de\\\/fr\\\/site-historique\\\/visite-virtuelle\\\/le-monument-commemoratif-international\\\/\",\"name\":\"Le monument comm\u00e9moratif international - KZ Gedenkst\u00e4tte Dachau\",\"isPartOf\":{\"@id\":\"https:\\\/\\\/www.kz-gedenkstaette-dachau.de\\\/#website\"},\"datePublished\":\"2018-09-04T10:43:53+00:00\",\"dateModified\":\"2020-02-20T12:00:11+00:00\",\"breadcrumb\":{\"@id\":\"https:\\\/\\\/www.kz-gedenkstaette-dachau.de\\\/fr\\\/site-historique\\\/visite-virtuelle\\\/le-monument-commemoratif-international\\\/#breadcrumb\"},\"inLanguage\":\"fr-FR\",\"potentialAction\":[{\"@type\":\"ReadAction\",\"target\":[\"https:\\\/\\\/www.kz-gedenkstaette-dachau.de\\\/fr\\\/site-historique\\\/visite-virtuelle\\\/le-monument-commemoratif-international\\\/\"]}]},{\"@type\":\"BreadcrumbList\",\"@id\":\"https:\\\/\\\/www.kz-gedenkstaette-dachau.de\\\/fr\\\/site-historique\\\/visite-virtuelle\\\/le-monument-commemoratif-international\\\/#breadcrumb\",\"itemListElement\":[{\"@type\":\"ListItem\",\"position\":1,\"name\":\"Page d'accueil\",\"item\":\"https:\\\/\\\/www.kz-gedenkstaette-dachau.de\\\/fr\\\/\"},{\"@type\":\"ListItem\",\"position\":2,\"name\":\"Site historique\",\"item\":\"https:\\\/\\\/www.kz-gedenkstaette-dachau.de\\\/fr\\\/site-historique\\\/\"},{\"@type\":\"ListItem\",\"position\":3,\"name\":\"Visite virtuelle\",\"item\":\"https:\\\/\\\/www.kz-gedenkstaette-dachau.de\\\/fr\\\/site-historique\\\/visite-virtuelle\\\/\"},{\"@type\":\"ListItem\",\"position\":4,\"name\":\"Le monument comm\u00e9moratif international\"}]},{\"@type\":\"WebSite\",\"@id\":\"https:\\\/\\\/www.kz-gedenkstaette-dachau.de\\\/#website\",\"url\":\"https:\\\/\\\/www.kz-gedenkstaette-dachau.de\\\/\",\"name\":\"KZ Gedenkst\u00e4tte Dachau\",\"description\":\"\",\"potentialAction\":[{\"@type\":\"SearchAction\",\"target\":{\"@type\":\"EntryPoint\",\"urlTemplate\":\"https:\\\/\\\/www.kz-gedenkstaette-dachau.de\\\/?s={search_term_string}\"},\"query-input\":{\"@type\":\"PropertyValueSpecification\",\"valueRequired\":true,\"valueName\":\"search_term_string\"}}],\"inLanguage\":\"fr-FR\"}]}<\/script>\n<!-- \/ Yoast SEO plugin. -->","yoast_head_json":{"title":"Le monument comm\u00e9moratif international - KZ Gedenkst\u00e4tte Dachau","robots":{"index":"index","follow":"follow","max-snippet":"max-snippet:-1","max-image-preview":"max-image-preview:large","max-video-preview":"max-video-preview:-1"},"canonical":"https:\/\/www.kz-gedenkstaette-dachau.de\/fr\/site-historique\/visite-virtuelle\/le-monument-commemoratif-international\/","og_locale":"fr_FR","og_type":"article","og_title":"Le monument comm\u00e9moratif international - KZ Gedenkst\u00e4tte Dachau","og_description":"Le monument comm\u00e9moratif international a \u00e9t\u00e9 inaugur\u00e9 le 8 septembre 1968. Il a \u00e9t\u00e9 con\u00e7u par Nandor Glid, victime des pers\u00e9cutions nazies contre les Juifs dans sa Yougoslavie natale, qui avait rejoint la r\u00e9sistance fin 1944. Ce sculpteur remporta en 1959 un concours artistique lanc\u00e9 par le CID, l\u2019organisation des survivants. Le monument comm\u00e9moratif international... Voir l'article","og_url":"https:\/\/www.kz-gedenkstaette-dachau.de\/fr\/site-historique\/visite-virtuelle\/le-monument-commemoratif-international\/","og_site_name":"KZ Gedenkst\u00e4tte Dachau","article_modified_time":"2020-02-20T12:00:11+00:00","twitter_card":"summary_large_image","twitter_misc":{"Dur\u00e9e de lecture estim\u00e9e":"2 minutes"},"schema":{"@context":"https:\/\/schema.org","@graph":[{"@type":"WebPage","@id":"https:\/\/www.kz-gedenkstaette-dachau.de\/fr\/site-historique\/visite-virtuelle\/le-monument-commemoratif-international\/","url":"https:\/\/www.kz-gedenkstaette-dachau.de\/fr\/site-historique\/visite-virtuelle\/le-monument-commemoratif-international\/","name":"Le monument comm\u00e9moratif international - KZ Gedenkst\u00e4tte Dachau","isPartOf":{"@id":"https:\/\/www.kz-gedenkstaette-dachau.de\/#website"},"datePublished":"2018-09-04T10:43:53+00:00","dateModified":"2020-02-20T12:00:11+00:00","breadcrumb":{"@id":"https:\/\/www.kz-gedenkstaette-dachau.de\/fr\/site-historique\/visite-virtuelle\/le-monument-commemoratif-international\/#breadcrumb"},"inLanguage":"fr-FR","potentialAction":[{"@type":"ReadAction","target":["https:\/\/www.kz-gedenkstaette-dachau.de\/fr\/site-historique\/visite-virtuelle\/le-monument-commemoratif-international\/"]}]},{"@type":"BreadcrumbList","@id":"https:\/\/www.kz-gedenkstaette-dachau.de\/fr\/site-historique\/visite-virtuelle\/le-monument-commemoratif-international\/#breadcrumb","itemListElement":[{"@type":"ListItem","position":1,"name":"Page d'accueil","item":"https:\/\/www.kz-gedenkstaette-dachau.de\/fr\/"},{"@type":"ListItem","position":2,"name":"Site historique","item":"https:\/\/www.kz-gedenkstaette-dachau.de\/fr\/site-historique\/"},{"@type":"ListItem","position":3,"name":"Visite virtuelle","item":"https:\/\/www.kz-gedenkstaette-dachau.de\/fr\/site-historique\/visite-virtuelle\/"},{"@type":"ListItem","position":4,"name":"Le monument comm\u00e9moratif international"}]},{"@type":"WebSite","@id":"https:\/\/www.kz-gedenkstaette-dachau.de\/#website","url":"https:\/\/www.kz-gedenkstaette-dachau.de\/","name":"KZ Gedenkst\u00e4tte Dachau","description":"","potentialAction":[{"@type":"SearchAction","target":{"@type":"EntryPoint","urlTemplate":"https:\/\/www.kz-gedenkstaette-dachau.de\/?s={search_term_string}"},"query-input":{"@type":"PropertyValueSpecification","valueRequired":true,"valueName":"search_term_string"}}],"inLanguage":"fr-FR"}]}},"_links":{"self":[{"href":"https:\/\/www.kz-gedenkstaette-dachau.de\/fr\/wp-json\/wp\/v2\/pages\/64387","targetHints":{"allow":["GET"]}}],"collection":[{"href":"https:\/\/www.kz-gedenkstaette-dachau.de\/fr\/wp-json\/wp\/v2\/pages"}],"about":[{"href":"https:\/\/www.kz-gedenkstaette-dachau.de\/fr\/wp-json\/wp\/v2\/types\/page"}],"author":[{"embeddable":true,"href":"https:\/\/www.kz-gedenkstaette-dachau.de\/fr\/wp-json\/wp\/v2\/users\/1"}],"replies":[{"embeddable":true,"href":"https:\/\/www.kz-gedenkstaette-dachau.de\/fr\/wp-json\/wp\/v2\/comments?post=64387"}],"version-history":[{"count":0,"href":"https:\/\/www.kz-gedenkstaette-dachau.de\/fr\/wp-json\/wp\/v2\/pages\/64387\/revisions"}],"up":[{"embeddable":true,"href":"https:\/\/www.kz-gedenkstaette-dachau.de\/fr\/wp-json\/wp\/v2\/pages\/62582"}],"wp:attachment":[{"href":"https:\/\/www.kz-gedenkstaette-dachau.de\/fr\/wp-json\/wp\/v2\/media?parent=64387"}],"curies":[{"name":"wp","href":"https:\/\/api.w.org\/{rel}","templated":true}]}}