{"id":64396,"date":"2018-09-04T12:45:23","date_gmt":"2018-09-04T10:45:23","guid":{"rendered":"https:\/\/www.kz-gedenkstaette-dachau.de\/site-historique\/visite-virtuelle\/todesangst-christi-kapelle\/"},"modified":"2021-05-17T09:35:37","modified_gmt":"2021-05-17T07:35:37","slug":"la-chapelle-de-lagonie-du-christ","status":"publish","type":"page","link":"https:\/\/www.kz-gedenkstaette-dachau.de\/fr\/site-historique\/visite-virtuelle\/la-chapelle-de-lagonie-du-christ\/","title":{"rendered":"La chapelle de l\u2019Agonie du Christ"},"content":{"rendered":"<p>\u00c0 l\u2019extr\u00e9mit\u00e9 nord du site, la chapelle catholique de l\u2019Agonie du Christ (\u00ab\u00a0Todesangst-Christi-Kapelle\u00a0\u00bb) a \u00e9t\u00e9 le premier monument religieux \u00e9rig\u00e9 dans l\u2019ancien camp de concentration. Les b\u00e2timents de services du camp qui se trouvaient dans cette zone ont \u00e9t\u00e9 d\u00e9molis dans les ann\u00e9es 1950 et 1960.<\/p>\n<p>L\u2019initiative de l\u2019\u00e9dification de la chapelle de l\u2019Agonie du Christ est venue de Johannes Neuh\u00e4usler, survivant de Dachau devenu plus tard \u00e9v\u00eaque auxiliaire de Munich. La chapelle a \u00e9t\u00e9 consacr\u00e9e le 5 ao\u00fbt 1960 lors du Congr\u00e8s eucharistique mondial. Le b\u00e2timent cylindrique con\u00e7u par l\u2019architecte Josef Wiedemann s\u2019ouvre sur l\u2019axe central de l\u2019ancien camp. L\u2019entr\u00e9e est surmont\u00e9e d\u2019une couronne d\u2019\u00e9pines en fer. La chapelle symbolise la lib\u00e9ration de la captivit\u00e9 par le Christ. La cloche du souvenir plac\u00e9e devant la chapelle sonne une fois par jour juste avant 15 heures, heure de la mort de J\u00e9sus selon la Bible.<\/p>\n<p>Le 20 ao\u00fbt 1962, Kazimierz Majda\u0144ski, survivant de Dachau devenu archev\u00eaque de Szczecin-Kamie\u0144 Pomorski, a d\u00e9voil\u00e9 un portrait du Christ en bronze et une d\u00e9dicace trilingue en l\u2019honneur des d\u00e9tenus polonais, groupe le plus nombreux du camp de Dachau.<\/p>\n","protected":false},"excerpt":{"rendered":"<p>\u00c0 l\u2019extr\u00e9mit\u00e9 nord du site, la chapelle catholique de l\u2019Agonie du Christ (\u00ab\u00a0Todesangst-Christi-Kapelle\u00a0\u00bb) a \u00e9t\u00e9 le premier monument religieux \u00e9rig\u00e9 dans l\u2019ancien camp de concentration. Les b\u00e2timents de services du camp qui se trouvaient dans cette zone ont \u00e9t\u00e9 d\u00e9molis dans les ann\u00e9es 1950 et 1960. L\u2019initiative de l\u2019\u00e9dification de la chapelle de l\u2019Agonie du&#8230; <a class=\"view-article\" href=\"https:\/\/www.kz-gedenkstaette-dachau.de\/fr\/site-historique\/visite-virtuelle\/la-chapelle-de-lagonie-du-christ\/\">Voir l&rsquo;article<\/a><\/p>\n","protected":false},"author":1,"featured_media":0,"parent":62582,"menu_order":1600,"comment_status":"closed","ping_status":"closed","template":"page-virtueller_rundgang_unterseite.php","meta":{"_acf_changed":false,"footnotes":""},"class_list":["post-64396","page","type-page","status-publish","hentry"],"acf":[],"yoast_head":"<!-- This site is optimized with the Yoast SEO plugin v27.3 - https:\/\/yoast.com\/product\/yoast-seo-wordpress\/ -->\n<title>La chapelle de l\u2019Agonie du Christ - KZ Gedenkst\u00e4tte Dachau<\/title>\n<meta name=\"robots\" content=\"index, follow, max-snippet:-1, max-image-preview:large, max-video-preview:-1\" \/>\n<link rel=\"canonical\" href=\"https:\/\/www.kz-gedenkstaette-dachau.de\/fr\/site-historique\/visite-virtuelle\/la-chapelle-de-lagonie-du-christ\/\" \/>\n<meta property=\"og:locale\" content=\"fr_FR\" \/>\n<meta property=\"og:type\" content=\"article\" \/>\n<meta property=\"og:title\" content=\"La chapelle de l\u2019Agonie du Christ - KZ Gedenkst\u00e4tte Dachau\" \/>\n<meta property=\"og:description\" content=\"\u00c0 l\u2019extr\u00e9mit\u00e9 nord du site, la chapelle catholique de l\u2019Agonie du Christ (\u00ab\u00a0Todesangst-Christi-Kapelle\u00a0\u00bb) a \u00e9t\u00e9 le premier monument religieux \u00e9rig\u00e9 dans l\u2019ancien camp de concentration. Les b\u00e2timents de services du camp qui se trouvaient dans cette zone ont \u00e9t\u00e9 d\u00e9molis dans les ann\u00e9es 1950 et 1960. L\u2019initiative de l\u2019\u00e9dification de la chapelle de l\u2019Agonie du... Voir l&#039;article\" \/>\n<meta property=\"og:url\" content=\"https:\/\/www.kz-gedenkstaette-dachau.de\/fr\/site-historique\/visite-virtuelle\/la-chapelle-de-lagonie-du-christ\/\" \/>\n<meta property=\"og:site_name\" content=\"KZ Gedenkst\u00e4tte Dachau\" \/>\n<meta property=\"article:modified_time\" content=\"2021-05-17T07:35:37+00:00\" \/>\n<meta name=\"twitter:card\" content=\"summary_large_image\" \/>\n<meta name=\"twitter:label1\" content=\"Dur\u00e9e de lecture estim\u00e9e\" \/>\n\t<meta name=\"twitter:data1\" content=\"1 minute\" \/>\n<script type=\"application\/ld+json\" class=\"yoast-schema-graph\">{\"@context\":\"https:\\\/\\\/schema.org\",\"@graph\":[{\"@type\":\"WebPage\",\"@id\":\"https:\\\/\\\/www.kz-gedenkstaette-dachau.de\\\/fr\\\/site-historique\\\/visite-virtuelle\\\/la-chapelle-de-lagonie-du-christ\\\/\",\"url\":\"https:\\\/\\\/www.kz-gedenkstaette-dachau.de\\\/fr\\\/site-historique\\\/visite-virtuelle\\\/la-chapelle-de-lagonie-du-christ\\\/\",\"name\":\"La chapelle de l\u2019Agonie du Christ - KZ Gedenkst\u00e4tte Dachau\",\"isPartOf\":{\"@id\":\"https:\\\/\\\/www.kz-gedenkstaette-dachau.de\\\/#website\"},\"datePublished\":\"2018-09-04T10:45:23+00:00\",\"dateModified\":\"2021-05-17T07:35:37+00:00\",\"breadcrumb\":{\"@id\":\"https:\\\/\\\/www.kz-gedenkstaette-dachau.de\\\/fr\\\/site-historique\\\/visite-virtuelle\\\/la-chapelle-de-lagonie-du-christ\\\/#breadcrumb\"},\"inLanguage\":\"fr-FR\",\"potentialAction\":[{\"@type\":\"ReadAction\",\"target\":[\"https:\\\/\\\/www.kz-gedenkstaette-dachau.de\\\/fr\\\/site-historique\\\/visite-virtuelle\\\/la-chapelle-de-lagonie-du-christ\\\/\"]}]},{\"@type\":\"BreadcrumbList\",\"@id\":\"https:\\\/\\\/www.kz-gedenkstaette-dachau.de\\\/fr\\\/site-historique\\\/visite-virtuelle\\\/la-chapelle-de-lagonie-du-christ\\\/#breadcrumb\",\"itemListElement\":[{\"@type\":\"ListItem\",\"position\":1,\"name\":\"Page d'accueil\",\"item\":\"https:\\\/\\\/www.kz-gedenkstaette-dachau.de\\\/fr\\\/\"},{\"@type\":\"ListItem\",\"position\":2,\"name\":\"Site historique\",\"item\":\"https:\\\/\\\/www.kz-gedenkstaette-dachau.de\\\/fr\\\/site-historique\\\/\"},{\"@type\":\"ListItem\",\"position\":3,\"name\":\"Visite virtuelle\",\"item\":\"https:\\\/\\\/www.kz-gedenkstaette-dachau.de\\\/fr\\\/site-historique\\\/visite-virtuelle\\\/\"},{\"@type\":\"ListItem\",\"position\":4,\"name\":\"La chapelle de l\u2019Agonie du Christ\"}]},{\"@type\":\"WebSite\",\"@id\":\"https:\\\/\\\/www.kz-gedenkstaette-dachau.de\\\/#website\",\"url\":\"https:\\\/\\\/www.kz-gedenkstaette-dachau.de\\\/\",\"name\":\"KZ Gedenkst\u00e4tte Dachau\",\"description\":\"\",\"potentialAction\":[{\"@type\":\"SearchAction\",\"target\":{\"@type\":\"EntryPoint\",\"urlTemplate\":\"https:\\\/\\\/www.kz-gedenkstaette-dachau.de\\\/?s={search_term_string}\"},\"query-input\":{\"@type\":\"PropertyValueSpecification\",\"valueRequired\":true,\"valueName\":\"search_term_string\"}}],\"inLanguage\":\"fr-FR\"}]}<\/script>\n<!-- \/ Yoast SEO plugin. -->","yoast_head_json":{"title":"La chapelle de l\u2019Agonie du Christ - KZ Gedenkst\u00e4tte Dachau","robots":{"index":"index","follow":"follow","max-snippet":"max-snippet:-1","max-image-preview":"max-image-preview:large","max-video-preview":"max-video-preview:-1"},"canonical":"https:\/\/www.kz-gedenkstaette-dachau.de\/fr\/site-historique\/visite-virtuelle\/la-chapelle-de-lagonie-du-christ\/","og_locale":"fr_FR","og_type":"article","og_title":"La chapelle de l\u2019Agonie du Christ - KZ Gedenkst\u00e4tte Dachau","og_description":"\u00c0 l\u2019extr\u00e9mit\u00e9 nord du site, la chapelle catholique de l\u2019Agonie du Christ (\u00ab\u00a0Todesangst-Christi-Kapelle\u00a0\u00bb) a \u00e9t\u00e9 le premier monument religieux \u00e9rig\u00e9 dans l\u2019ancien camp de concentration. Les b\u00e2timents de services du camp qui se trouvaient dans cette zone ont \u00e9t\u00e9 d\u00e9molis dans les ann\u00e9es 1950 et 1960. L\u2019initiative de l\u2019\u00e9dification de la chapelle de l\u2019Agonie du... Voir l'article","og_url":"https:\/\/www.kz-gedenkstaette-dachau.de\/fr\/site-historique\/visite-virtuelle\/la-chapelle-de-lagonie-du-christ\/","og_site_name":"KZ Gedenkst\u00e4tte Dachau","article_modified_time":"2021-05-17T07:35:37+00:00","twitter_card":"summary_large_image","twitter_misc":{"Dur\u00e9e de lecture estim\u00e9e":"1 minute"},"schema":{"@context":"https:\/\/schema.org","@graph":[{"@type":"WebPage","@id":"https:\/\/www.kz-gedenkstaette-dachau.de\/fr\/site-historique\/visite-virtuelle\/la-chapelle-de-lagonie-du-christ\/","url":"https:\/\/www.kz-gedenkstaette-dachau.de\/fr\/site-historique\/visite-virtuelle\/la-chapelle-de-lagonie-du-christ\/","name":"La chapelle de l\u2019Agonie du Christ - KZ Gedenkst\u00e4tte Dachau","isPartOf":{"@id":"https:\/\/www.kz-gedenkstaette-dachau.de\/#website"},"datePublished":"2018-09-04T10:45:23+00:00","dateModified":"2021-05-17T07:35:37+00:00","breadcrumb":{"@id":"https:\/\/www.kz-gedenkstaette-dachau.de\/fr\/site-historique\/visite-virtuelle\/la-chapelle-de-lagonie-du-christ\/#breadcrumb"},"inLanguage":"fr-FR","potentialAction":[{"@type":"ReadAction","target":["https:\/\/www.kz-gedenkstaette-dachau.de\/fr\/site-historique\/visite-virtuelle\/la-chapelle-de-lagonie-du-christ\/"]}]},{"@type":"BreadcrumbList","@id":"https:\/\/www.kz-gedenkstaette-dachau.de\/fr\/site-historique\/visite-virtuelle\/la-chapelle-de-lagonie-du-christ\/#breadcrumb","itemListElement":[{"@type":"ListItem","position":1,"name":"Page d'accueil","item":"https:\/\/www.kz-gedenkstaette-dachau.de\/fr\/"},{"@type":"ListItem","position":2,"name":"Site historique","item":"https:\/\/www.kz-gedenkstaette-dachau.de\/fr\/site-historique\/"},{"@type":"ListItem","position":3,"name":"Visite virtuelle","item":"https:\/\/www.kz-gedenkstaette-dachau.de\/fr\/site-historique\/visite-virtuelle\/"},{"@type":"ListItem","position":4,"name":"La chapelle de l\u2019Agonie du Christ"}]},{"@type":"WebSite","@id":"https:\/\/www.kz-gedenkstaette-dachau.de\/#website","url":"https:\/\/www.kz-gedenkstaette-dachau.de\/","name":"KZ Gedenkst\u00e4tte Dachau","description":"","potentialAction":[{"@type":"SearchAction","target":{"@type":"EntryPoint","urlTemplate":"https:\/\/www.kz-gedenkstaette-dachau.de\/?s={search_term_string}"},"query-input":{"@type":"PropertyValueSpecification","valueRequired":true,"valueName":"search_term_string"}}],"inLanguage":"fr-FR"}]}},"_links":{"self":[{"href":"https:\/\/www.kz-gedenkstaette-dachau.de\/fr\/wp-json\/wp\/v2\/pages\/64396","targetHints":{"allow":["GET"]}}],"collection":[{"href":"https:\/\/www.kz-gedenkstaette-dachau.de\/fr\/wp-json\/wp\/v2\/pages"}],"about":[{"href":"https:\/\/www.kz-gedenkstaette-dachau.de\/fr\/wp-json\/wp\/v2\/types\/page"}],"author":[{"embeddable":true,"href":"https:\/\/www.kz-gedenkstaette-dachau.de\/fr\/wp-json\/wp\/v2\/users\/1"}],"replies":[{"embeddable":true,"href":"https:\/\/www.kz-gedenkstaette-dachau.de\/fr\/wp-json\/wp\/v2\/comments?post=64396"}],"version-history":[{"count":1,"href":"https:\/\/www.kz-gedenkstaette-dachau.de\/fr\/wp-json\/wp\/v2\/pages\/64396\/revisions"}],"predecessor-version":[{"id":75114,"href":"https:\/\/www.kz-gedenkstaette-dachau.de\/fr\/wp-json\/wp\/v2\/pages\/64396\/revisions\/75114"}],"up":[{"embeddable":true,"href":"https:\/\/www.kz-gedenkstaette-dachau.de\/fr\/wp-json\/wp\/v2\/pages\/62582"}],"wp:attachment":[{"href":"https:\/\/www.kz-gedenkstaette-dachau.de\/fr\/wp-json\/wp\/v2\/media?parent=64396"}],"curies":[{"name":"wp","href":"https:\/\/api.w.org\/{rel}","templated":true}]}}