{"id":64399,"date":"2018-09-04T12:45:43","date_gmt":"2018-09-04T10:45:43","guid":{"rendered":"https:\/\/www.kz-gedenkstaette-dachau.de\/site-historique\/visite-virtuelle\/karmel-heilig-blut\/"},"modified":"2020-02-20T13:04:33","modified_gmt":"2020-02-20T12:04:33","slug":"le-carmel-du-saint-sang","status":"publish","type":"page","link":"https:\/\/www.kz-gedenkstaette-dachau.de\/fr\/site-historique\/visite-virtuelle\/le-carmel-du-saint-sang\/","title":{"rendered":"Le carmel du Saint-Sang"},"content":{"rendered":"<p>Au-del\u00e0 du mur nord du m\u00e9morial, derri\u00e8re la chapelle de l\u2019Agonie du Christ, se trouve le carmel du Saint-Sang. L\u2019ordre des Carm\u00e9lites d\u00e9chauss\u00e9es a \u00e9t\u00e9 fond\u00e9 au XVI<sup>e<\/sup> si\u00e8cle par sainte Th\u00e9r\u00e8se d\u2019Avila. La s\u0153ur carm\u00e9lite Marie-Th\u00e9r\u00e8se a d\u00e9lib\u00e9r\u00e9ment choisi l\u2019ancien camp de concentration de Dachau, lieu de l\u2019horreur pass\u00e9e, afin d\u2019en faire un endroit de pri\u00e8re sacrificielle et r\u00e9conciliatrice et un signe d\u2019esp\u00e9rance.<\/p>\n<p>Le carmel a \u00e9t\u00e9 inaugur\u00e9 le 22 novembre 1964 par Johannes Neuh\u00e4usler. Les plans du couvent, en forme de croix, ont \u00e9t\u00e9 dessin\u00e9s par Josef Wiedemann. L\u2019avant-cour, la loge du portier et l\u2019\u00e9glise du couvent sont accessibles au public par une porte qui s\u2019ouvre dans un ancien mirador. L\u2019\u00e9glise est le lieu de s\u00e9pulture de Johannes Neuh\u00e4usler. Dans l\u2019avant-cour, des objets liturgiques provenant de la chapelle du camp sont expos\u00e9s dans une vitrine.<\/p>\n","protected":false},"excerpt":{"rendered":"<p>Au-del\u00e0 du mur nord du m\u00e9morial, derri\u00e8re la chapelle de l\u2019Agonie du Christ, se trouve le carmel du Saint-Sang. L\u2019ordre des Carm\u00e9lites d\u00e9chauss\u00e9es a \u00e9t\u00e9 fond\u00e9 au XVIe si\u00e8cle par sainte Th\u00e9r\u00e8se d\u2019Avila. La s\u0153ur carm\u00e9lite Marie-Th\u00e9r\u00e8se a d\u00e9lib\u00e9r\u00e9ment choisi l\u2019ancien camp de concentration de Dachau, lieu de l\u2019horreur pass\u00e9e, afin d\u2019en faire un endroit&#8230; <a class=\"view-article\" href=\"https:\/\/www.kz-gedenkstaette-dachau.de\/fr\/site-historique\/visite-virtuelle\/le-carmel-du-saint-sang\/\">Voir l&rsquo;article<\/a><\/p>\n","protected":false},"author":1,"featured_media":0,"parent":62582,"menu_order":1700,"comment_status":"closed","ping_status":"closed","template":"page-virtueller_rundgang_unterseite.php","meta":{"_acf_changed":false,"footnotes":""},"class_list":["post-64399","page","type-page","status-publish","hentry"],"acf":[],"yoast_head":"<!-- This site is optimized with the Yoast SEO plugin v27.3 - https:\/\/yoast.com\/product\/yoast-seo-wordpress\/ -->\n<title>Le carmel du Saint-Sang - KZ Gedenkst\u00e4tte Dachau<\/title>\n<meta name=\"robots\" content=\"index, follow, max-snippet:-1, max-image-preview:large, max-video-preview:-1\" \/>\n<link rel=\"canonical\" href=\"https:\/\/www.kz-gedenkstaette-dachau.de\/fr\/site-historique\/visite-virtuelle\/le-carmel-du-saint-sang\/\" \/>\n<meta property=\"og:locale\" content=\"fr_FR\" \/>\n<meta property=\"og:type\" content=\"article\" \/>\n<meta property=\"og:title\" content=\"Le carmel du Saint-Sang - KZ Gedenkst\u00e4tte Dachau\" \/>\n<meta property=\"og:description\" content=\"Au-del\u00e0 du mur nord du m\u00e9morial, derri\u00e8re la chapelle de l\u2019Agonie du Christ, se trouve le carmel du Saint-Sang. L\u2019ordre des Carm\u00e9lites d\u00e9chauss\u00e9es a \u00e9t\u00e9 fond\u00e9 au XVIe si\u00e8cle par sainte Th\u00e9r\u00e8se d\u2019Avila. La s\u0153ur carm\u00e9lite Marie-Th\u00e9r\u00e8se a d\u00e9lib\u00e9r\u00e9ment choisi l\u2019ancien camp de concentration de Dachau, lieu de l\u2019horreur pass\u00e9e, afin d\u2019en faire un endroit... Voir l&#039;article\" \/>\n<meta property=\"og:url\" content=\"https:\/\/www.kz-gedenkstaette-dachau.de\/fr\/site-historique\/visite-virtuelle\/le-carmel-du-saint-sang\/\" \/>\n<meta property=\"og:site_name\" content=\"KZ Gedenkst\u00e4tte Dachau\" \/>\n<meta property=\"article:modified_time\" content=\"2020-02-20T12:04:33+00:00\" \/>\n<meta name=\"twitter:card\" content=\"summary_large_image\" \/>\n<meta name=\"twitter:label1\" content=\"Dur\u00e9e de lecture estim\u00e9e\" \/>\n\t<meta name=\"twitter:data1\" content=\"1 minute\" \/>\n<script type=\"application\/ld+json\" class=\"yoast-schema-graph\">{\"@context\":\"https:\\\/\\\/schema.org\",\"@graph\":[{\"@type\":\"WebPage\",\"@id\":\"https:\\\/\\\/www.kz-gedenkstaette-dachau.de\\\/fr\\\/site-historique\\\/visite-virtuelle\\\/le-carmel-du-saint-sang\\\/\",\"url\":\"https:\\\/\\\/www.kz-gedenkstaette-dachau.de\\\/fr\\\/site-historique\\\/visite-virtuelle\\\/le-carmel-du-saint-sang\\\/\",\"name\":\"Le carmel du Saint-Sang - KZ Gedenkst\u00e4tte Dachau\",\"isPartOf\":{\"@id\":\"https:\\\/\\\/www.kz-gedenkstaette-dachau.de\\\/#website\"},\"datePublished\":\"2018-09-04T10:45:43+00:00\",\"dateModified\":\"2020-02-20T12:04:33+00:00\",\"breadcrumb\":{\"@id\":\"https:\\\/\\\/www.kz-gedenkstaette-dachau.de\\\/fr\\\/site-historique\\\/visite-virtuelle\\\/le-carmel-du-saint-sang\\\/#breadcrumb\"},\"inLanguage\":\"fr-FR\",\"potentialAction\":[{\"@type\":\"ReadAction\",\"target\":[\"https:\\\/\\\/www.kz-gedenkstaette-dachau.de\\\/fr\\\/site-historique\\\/visite-virtuelle\\\/le-carmel-du-saint-sang\\\/\"]}]},{\"@type\":\"BreadcrumbList\",\"@id\":\"https:\\\/\\\/www.kz-gedenkstaette-dachau.de\\\/fr\\\/site-historique\\\/visite-virtuelle\\\/le-carmel-du-saint-sang\\\/#breadcrumb\",\"itemListElement\":[{\"@type\":\"ListItem\",\"position\":1,\"name\":\"Page d'accueil\",\"item\":\"https:\\\/\\\/www.kz-gedenkstaette-dachau.de\\\/fr\\\/\"},{\"@type\":\"ListItem\",\"position\":2,\"name\":\"Site historique\",\"item\":\"https:\\\/\\\/www.kz-gedenkstaette-dachau.de\\\/fr\\\/site-historique\\\/\"},{\"@type\":\"ListItem\",\"position\":3,\"name\":\"Visite virtuelle\",\"item\":\"https:\\\/\\\/www.kz-gedenkstaette-dachau.de\\\/fr\\\/site-historique\\\/visite-virtuelle\\\/\"},{\"@type\":\"ListItem\",\"position\":4,\"name\":\"Le carmel du Saint-Sang\"}]},{\"@type\":\"WebSite\",\"@id\":\"https:\\\/\\\/www.kz-gedenkstaette-dachau.de\\\/#website\",\"url\":\"https:\\\/\\\/www.kz-gedenkstaette-dachau.de\\\/\",\"name\":\"KZ Gedenkst\u00e4tte Dachau\",\"description\":\"\",\"potentialAction\":[{\"@type\":\"SearchAction\",\"target\":{\"@type\":\"EntryPoint\",\"urlTemplate\":\"https:\\\/\\\/www.kz-gedenkstaette-dachau.de\\\/?s={search_term_string}\"},\"query-input\":{\"@type\":\"PropertyValueSpecification\",\"valueRequired\":true,\"valueName\":\"search_term_string\"}}],\"inLanguage\":\"fr-FR\"}]}<\/script>\n<!-- \/ Yoast SEO plugin. -->","yoast_head_json":{"title":"Le carmel du Saint-Sang - KZ Gedenkst\u00e4tte Dachau","robots":{"index":"index","follow":"follow","max-snippet":"max-snippet:-1","max-image-preview":"max-image-preview:large","max-video-preview":"max-video-preview:-1"},"canonical":"https:\/\/www.kz-gedenkstaette-dachau.de\/fr\/site-historique\/visite-virtuelle\/le-carmel-du-saint-sang\/","og_locale":"fr_FR","og_type":"article","og_title":"Le carmel du Saint-Sang - KZ Gedenkst\u00e4tte Dachau","og_description":"Au-del\u00e0 du mur nord du m\u00e9morial, derri\u00e8re la chapelle de l\u2019Agonie du Christ, se trouve le carmel du Saint-Sang. L\u2019ordre des Carm\u00e9lites d\u00e9chauss\u00e9es a \u00e9t\u00e9 fond\u00e9 au XVIe si\u00e8cle par sainte Th\u00e9r\u00e8se d\u2019Avila. La s\u0153ur carm\u00e9lite Marie-Th\u00e9r\u00e8se a d\u00e9lib\u00e9r\u00e9ment choisi l\u2019ancien camp de concentration de Dachau, lieu de l\u2019horreur pass\u00e9e, afin d\u2019en faire un endroit... Voir l'article","og_url":"https:\/\/www.kz-gedenkstaette-dachau.de\/fr\/site-historique\/visite-virtuelle\/le-carmel-du-saint-sang\/","og_site_name":"KZ Gedenkst\u00e4tte Dachau","article_modified_time":"2020-02-20T12:04:33+00:00","twitter_card":"summary_large_image","twitter_misc":{"Dur\u00e9e de lecture estim\u00e9e":"1 minute"},"schema":{"@context":"https:\/\/schema.org","@graph":[{"@type":"WebPage","@id":"https:\/\/www.kz-gedenkstaette-dachau.de\/fr\/site-historique\/visite-virtuelle\/le-carmel-du-saint-sang\/","url":"https:\/\/www.kz-gedenkstaette-dachau.de\/fr\/site-historique\/visite-virtuelle\/le-carmel-du-saint-sang\/","name":"Le carmel du Saint-Sang - KZ Gedenkst\u00e4tte Dachau","isPartOf":{"@id":"https:\/\/www.kz-gedenkstaette-dachau.de\/#website"},"datePublished":"2018-09-04T10:45:43+00:00","dateModified":"2020-02-20T12:04:33+00:00","breadcrumb":{"@id":"https:\/\/www.kz-gedenkstaette-dachau.de\/fr\/site-historique\/visite-virtuelle\/le-carmel-du-saint-sang\/#breadcrumb"},"inLanguage":"fr-FR","potentialAction":[{"@type":"ReadAction","target":["https:\/\/www.kz-gedenkstaette-dachau.de\/fr\/site-historique\/visite-virtuelle\/le-carmel-du-saint-sang\/"]}]},{"@type":"BreadcrumbList","@id":"https:\/\/www.kz-gedenkstaette-dachau.de\/fr\/site-historique\/visite-virtuelle\/le-carmel-du-saint-sang\/#breadcrumb","itemListElement":[{"@type":"ListItem","position":1,"name":"Page d'accueil","item":"https:\/\/www.kz-gedenkstaette-dachau.de\/fr\/"},{"@type":"ListItem","position":2,"name":"Site historique","item":"https:\/\/www.kz-gedenkstaette-dachau.de\/fr\/site-historique\/"},{"@type":"ListItem","position":3,"name":"Visite virtuelle","item":"https:\/\/www.kz-gedenkstaette-dachau.de\/fr\/site-historique\/visite-virtuelle\/"},{"@type":"ListItem","position":4,"name":"Le carmel du Saint-Sang"}]},{"@type":"WebSite","@id":"https:\/\/www.kz-gedenkstaette-dachau.de\/#website","url":"https:\/\/www.kz-gedenkstaette-dachau.de\/","name":"KZ Gedenkst\u00e4tte Dachau","description":"","potentialAction":[{"@type":"SearchAction","target":{"@type":"EntryPoint","urlTemplate":"https:\/\/www.kz-gedenkstaette-dachau.de\/?s={search_term_string}"},"query-input":{"@type":"PropertyValueSpecification","valueRequired":true,"valueName":"search_term_string"}}],"inLanguage":"fr-FR"}]}},"_links":{"self":[{"href":"https:\/\/www.kz-gedenkstaette-dachau.de\/fr\/wp-json\/wp\/v2\/pages\/64399","targetHints":{"allow":["GET"]}}],"collection":[{"href":"https:\/\/www.kz-gedenkstaette-dachau.de\/fr\/wp-json\/wp\/v2\/pages"}],"about":[{"href":"https:\/\/www.kz-gedenkstaette-dachau.de\/fr\/wp-json\/wp\/v2\/types\/page"}],"author":[{"embeddable":true,"href":"https:\/\/www.kz-gedenkstaette-dachau.de\/fr\/wp-json\/wp\/v2\/users\/1"}],"replies":[{"embeddable":true,"href":"https:\/\/www.kz-gedenkstaette-dachau.de\/fr\/wp-json\/wp\/v2\/comments?post=64399"}],"version-history":[{"count":0,"href":"https:\/\/www.kz-gedenkstaette-dachau.de\/fr\/wp-json\/wp\/v2\/pages\/64399\/revisions"}],"up":[{"embeddable":true,"href":"https:\/\/www.kz-gedenkstaette-dachau.de\/fr\/wp-json\/wp\/v2\/pages\/62582"}],"wp:attachment":[{"href":"https:\/\/www.kz-gedenkstaette-dachau.de\/fr\/wp-json\/wp\/v2\/media?parent=64399"}],"curies":[{"name":"wp","href":"https:\/\/api.w.org\/{rel}","templated":true}]}}