{"id":64402,"date":"2018-09-04T12:46:07","date_gmt":"2018-09-04T10:46:07","guid":{"rendered":"https:\/\/www.kz-gedenkstaette-dachau.de\/site-historique\/visite-virtuelle\/evangelische-versoehnungskriche\/"},"modified":"2020-02-20T13:06:03","modified_gmt":"2020-02-20T12:06:03","slug":"leglise-protestante-de-la-reconciliation","status":"publish","type":"page","link":"https:\/\/www.kz-gedenkstaette-dachau.de\/fr\/site-historique\/visite-virtuelle\/leglise-protestante-de-la-reconciliation\/","title":{"rendered":"L\u2019\u00e9glise protestante de la R\u00e9conciliation"},"content":{"rendered":"<p>L\u2019impulsion pour l\u2019\u00e9dification d\u2019une \u00e9glise protestante est venue de survivants n\u00e9erlandais, soutenus par le Conseil \u0153cum\u00e9nique des \u00c9glises. L\u2019\u00c9glise protestante allemande (officiellement appel\u00e9e \u00ab\u00a0\u00c9glise \u00e9vang\u00e9lique en Allemagne\u00a0\u00bb) a fait b\u00e2tir l\u2019\u00e9glise de la R\u00e9conciliation, inaugur\u00e9e le 30 avril 1967 par Hermann Dietzfelbinger, \u00e9v\u00eaque de l\u2019\u00c9glise protestante de Bavi\u00e8re. Le culte inaugural \u00e9tait anim\u00e9 par Martin Niem\u00f6ller, ancien pr\u00e9sident r\u00e9gional de l\u2019\u00c9glise protestante et ancien d\u00e9tenu de Dachau.<\/p>\n<p>Con\u00e7u par l\u2019architecte Helmut Striffler, le b\u00e2timent abritant l\u2019\u00e9glise et la salle de r\u00e9union traduit la volont\u00e9 de prendre le contrepied du plan sym\u00e9trique et rectangulaire de l\u2019ancien camp de concentration.<\/p>\n","protected":false},"excerpt":{"rendered":"<p>L\u2019impulsion pour l\u2019\u00e9dification d\u2019une \u00e9glise protestante est venue de survivants n\u00e9erlandais, soutenus par le Conseil \u0153cum\u00e9nique des \u00c9glises. L\u2019\u00c9glise protestante allemande (officiellement appel\u00e9e \u00ab\u00a0\u00c9glise \u00e9vang\u00e9lique en Allemagne\u00a0\u00bb) a fait b\u00e2tir l\u2019\u00e9glise de la R\u00e9conciliation, inaugur\u00e9e le 30 avril 1967 par Hermann Dietzfelbinger, \u00e9v\u00eaque de l\u2019\u00c9glise protestante de Bavi\u00e8re. Le culte inaugural \u00e9tait anim\u00e9 par Martin&#8230; <a class=\"view-article\" href=\"https:\/\/www.kz-gedenkstaette-dachau.de\/fr\/site-historique\/visite-virtuelle\/leglise-protestante-de-la-reconciliation\/\">Voir l&rsquo;article<\/a><\/p>\n","protected":false},"author":1,"featured_media":0,"parent":62582,"menu_order":1800,"comment_status":"closed","ping_status":"closed","template":"page-virtueller_rundgang_unterseite.php","meta":{"_acf_changed":false,"footnotes":""},"class_list":["post-64402","page","type-page","status-publish","hentry"],"acf":[],"yoast_head":"<!-- This site is optimized with the Yoast SEO plugin v27.3 - https:\/\/yoast.com\/product\/yoast-seo-wordpress\/ -->\n<title>L\u2019\u00e9glise protestante de la R\u00e9conciliation - KZ Gedenkst\u00e4tte Dachau<\/title>\n<meta name=\"robots\" content=\"index, follow, max-snippet:-1, max-image-preview:large, max-video-preview:-1\" \/>\n<link rel=\"canonical\" href=\"https:\/\/www.kz-gedenkstaette-dachau.de\/fr\/site-historique\/visite-virtuelle\/leglise-protestante-de-la-reconciliation\/\" \/>\n<meta property=\"og:locale\" content=\"fr_FR\" \/>\n<meta property=\"og:type\" content=\"article\" \/>\n<meta property=\"og:title\" content=\"L\u2019\u00e9glise protestante de la R\u00e9conciliation - KZ Gedenkst\u00e4tte Dachau\" \/>\n<meta property=\"og:description\" content=\"L\u2019impulsion pour l\u2019\u00e9dification d\u2019une \u00e9glise protestante est venue de survivants n\u00e9erlandais, soutenus par le Conseil \u0153cum\u00e9nique des \u00c9glises. L\u2019\u00c9glise protestante allemande (officiellement appel\u00e9e \u00ab\u00a0\u00c9glise \u00e9vang\u00e9lique en Allemagne\u00a0\u00bb) a fait b\u00e2tir l\u2019\u00e9glise de la R\u00e9conciliation, inaugur\u00e9e le 30 avril 1967 par Hermann Dietzfelbinger, \u00e9v\u00eaque de l\u2019\u00c9glise protestante de Bavi\u00e8re. Le culte inaugural \u00e9tait anim\u00e9 par Martin... Voir l&#039;article\" \/>\n<meta property=\"og:url\" content=\"https:\/\/www.kz-gedenkstaette-dachau.de\/fr\/site-historique\/visite-virtuelle\/leglise-protestante-de-la-reconciliation\/\" \/>\n<meta property=\"og:site_name\" content=\"KZ Gedenkst\u00e4tte Dachau\" \/>\n<meta property=\"article:modified_time\" content=\"2020-02-20T12:06:03+00:00\" \/>\n<meta name=\"twitter:card\" content=\"summary_large_image\" \/>\n<meta name=\"twitter:label1\" content=\"Dur\u00e9e de lecture estim\u00e9e\" \/>\n\t<meta name=\"twitter:data1\" content=\"1 minute\" \/>\n<script type=\"application\/ld+json\" class=\"yoast-schema-graph\">{\"@context\":\"https:\\\/\\\/schema.org\",\"@graph\":[{\"@type\":\"WebPage\",\"@id\":\"https:\\\/\\\/www.kz-gedenkstaette-dachau.de\\\/fr\\\/site-historique\\\/visite-virtuelle\\\/leglise-protestante-de-la-reconciliation\\\/\",\"url\":\"https:\\\/\\\/www.kz-gedenkstaette-dachau.de\\\/fr\\\/site-historique\\\/visite-virtuelle\\\/leglise-protestante-de-la-reconciliation\\\/\",\"name\":\"L\u2019\u00e9glise protestante de la R\u00e9conciliation - KZ Gedenkst\u00e4tte Dachau\",\"isPartOf\":{\"@id\":\"https:\\\/\\\/www.kz-gedenkstaette-dachau.de\\\/#website\"},\"datePublished\":\"2018-09-04T10:46:07+00:00\",\"dateModified\":\"2020-02-20T12:06:03+00:00\",\"breadcrumb\":{\"@id\":\"https:\\\/\\\/www.kz-gedenkstaette-dachau.de\\\/fr\\\/site-historique\\\/visite-virtuelle\\\/leglise-protestante-de-la-reconciliation\\\/#breadcrumb\"},\"inLanguage\":\"fr-FR\",\"potentialAction\":[{\"@type\":\"ReadAction\",\"target\":[\"https:\\\/\\\/www.kz-gedenkstaette-dachau.de\\\/fr\\\/site-historique\\\/visite-virtuelle\\\/leglise-protestante-de-la-reconciliation\\\/\"]}]},{\"@type\":\"BreadcrumbList\",\"@id\":\"https:\\\/\\\/www.kz-gedenkstaette-dachau.de\\\/fr\\\/site-historique\\\/visite-virtuelle\\\/leglise-protestante-de-la-reconciliation\\\/#breadcrumb\",\"itemListElement\":[{\"@type\":\"ListItem\",\"position\":1,\"name\":\"Page d'accueil\",\"item\":\"https:\\\/\\\/www.kz-gedenkstaette-dachau.de\\\/fr\\\/\"},{\"@type\":\"ListItem\",\"position\":2,\"name\":\"Site historique\",\"item\":\"https:\\\/\\\/www.kz-gedenkstaette-dachau.de\\\/fr\\\/site-historique\\\/\"},{\"@type\":\"ListItem\",\"position\":3,\"name\":\"Visite virtuelle\",\"item\":\"https:\\\/\\\/www.kz-gedenkstaette-dachau.de\\\/fr\\\/site-historique\\\/visite-virtuelle\\\/\"},{\"@type\":\"ListItem\",\"position\":4,\"name\":\"L\u2019\u00e9glise protestante de la R\u00e9conciliation\"}]},{\"@type\":\"WebSite\",\"@id\":\"https:\\\/\\\/www.kz-gedenkstaette-dachau.de\\\/#website\",\"url\":\"https:\\\/\\\/www.kz-gedenkstaette-dachau.de\\\/\",\"name\":\"KZ Gedenkst\u00e4tte Dachau\",\"description\":\"\",\"potentialAction\":[{\"@type\":\"SearchAction\",\"target\":{\"@type\":\"EntryPoint\",\"urlTemplate\":\"https:\\\/\\\/www.kz-gedenkstaette-dachau.de\\\/?s={search_term_string}\"},\"query-input\":{\"@type\":\"PropertyValueSpecification\",\"valueRequired\":true,\"valueName\":\"search_term_string\"}}],\"inLanguage\":\"fr-FR\"}]}<\/script>\n<!-- \/ Yoast SEO plugin. -->","yoast_head_json":{"title":"L\u2019\u00e9glise protestante de la R\u00e9conciliation - KZ Gedenkst\u00e4tte Dachau","robots":{"index":"index","follow":"follow","max-snippet":"max-snippet:-1","max-image-preview":"max-image-preview:large","max-video-preview":"max-video-preview:-1"},"canonical":"https:\/\/www.kz-gedenkstaette-dachau.de\/fr\/site-historique\/visite-virtuelle\/leglise-protestante-de-la-reconciliation\/","og_locale":"fr_FR","og_type":"article","og_title":"L\u2019\u00e9glise protestante de la R\u00e9conciliation - KZ Gedenkst\u00e4tte Dachau","og_description":"L\u2019impulsion pour l\u2019\u00e9dification d\u2019une \u00e9glise protestante est venue de survivants n\u00e9erlandais, soutenus par le Conseil \u0153cum\u00e9nique des \u00c9glises. L\u2019\u00c9glise protestante allemande (officiellement appel\u00e9e \u00ab\u00a0\u00c9glise \u00e9vang\u00e9lique en Allemagne\u00a0\u00bb) a fait b\u00e2tir l\u2019\u00e9glise de la R\u00e9conciliation, inaugur\u00e9e le 30 avril 1967 par Hermann Dietzfelbinger, \u00e9v\u00eaque de l\u2019\u00c9glise protestante de Bavi\u00e8re. Le culte inaugural \u00e9tait anim\u00e9 par Martin... Voir l'article","og_url":"https:\/\/www.kz-gedenkstaette-dachau.de\/fr\/site-historique\/visite-virtuelle\/leglise-protestante-de-la-reconciliation\/","og_site_name":"KZ Gedenkst\u00e4tte Dachau","article_modified_time":"2020-02-20T12:06:03+00:00","twitter_card":"summary_large_image","twitter_misc":{"Dur\u00e9e de lecture estim\u00e9e":"1 minute"},"schema":{"@context":"https:\/\/schema.org","@graph":[{"@type":"WebPage","@id":"https:\/\/www.kz-gedenkstaette-dachau.de\/fr\/site-historique\/visite-virtuelle\/leglise-protestante-de-la-reconciliation\/","url":"https:\/\/www.kz-gedenkstaette-dachau.de\/fr\/site-historique\/visite-virtuelle\/leglise-protestante-de-la-reconciliation\/","name":"L\u2019\u00e9glise protestante de la R\u00e9conciliation - KZ Gedenkst\u00e4tte Dachau","isPartOf":{"@id":"https:\/\/www.kz-gedenkstaette-dachau.de\/#website"},"datePublished":"2018-09-04T10:46:07+00:00","dateModified":"2020-02-20T12:06:03+00:00","breadcrumb":{"@id":"https:\/\/www.kz-gedenkstaette-dachau.de\/fr\/site-historique\/visite-virtuelle\/leglise-protestante-de-la-reconciliation\/#breadcrumb"},"inLanguage":"fr-FR","potentialAction":[{"@type":"ReadAction","target":["https:\/\/www.kz-gedenkstaette-dachau.de\/fr\/site-historique\/visite-virtuelle\/leglise-protestante-de-la-reconciliation\/"]}]},{"@type":"BreadcrumbList","@id":"https:\/\/www.kz-gedenkstaette-dachau.de\/fr\/site-historique\/visite-virtuelle\/leglise-protestante-de-la-reconciliation\/#breadcrumb","itemListElement":[{"@type":"ListItem","position":1,"name":"Page d'accueil","item":"https:\/\/www.kz-gedenkstaette-dachau.de\/fr\/"},{"@type":"ListItem","position":2,"name":"Site historique","item":"https:\/\/www.kz-gedenkstaette-dachau.de\/fr\/site-historique\/"},{"@type":"ListItem","position":3,"name":"Visite virtuelle","item":"https:\/\/www.kz-gedenkstaette-dachau.de\/fr\/site-historique\/visite-virtuelle\/"},{"@type":"ListItem","position":4,"name":"L\u2019\u00e9glise protestante de la R\u00e9conciliation"}]},{"@type":"WebSite","@id":"https:\/\/www.kz-gedenkstaette-dachau.de\/#website","url":"https:\/\/www.kz-gedenkstaette-dachau.de\/","name":"KZ Gedenkst\u00e4tte Dachau","description":"","potentialAction":[{"@type":"SearchAction","target":{"@type":"EntryPoint","urlTemplate":"https:\/\/www.kz-gedenkstaette-dachau.de\/?s={search_term_string}"},"query-input":{"@type":"PropertyValueSpecification","valueRequired":true,"valueName":"search_term_string"}}],"inLanguage":"fr-FR"}]}},"_links":{"self":[{"href":"https:\/\/www.kz-gedenkstaette-dachau.de\/fr\/wp-json\/wp\/v2\/pages\/64402","targetHints":{"allow":["GET"]}}],"collection":[{"href":"https:\/\/www.kz-gedenkstaette-dachau.de\/fr\/wp-json\/wp\/v2\/pages"}],"about":[{"href":"https:\/\/www.kz-gedenkstaette-dachau.de\/fr\/wp-json\/wp\/v2\/types\/page"}],"author":[{"embeddable":true,"href":"https:\/\/www.kz-gedenkstaette-dachau.de\/fr\/wp-json\/wp\/v2\/users\/1"}],"replies":[{"embeddable":true,"href":"https:\/\/www.kz-gedenkstaette-dachau.de\/fr\/wp-json\/wp\/v2\/comments?post=64402"}],"version-history":[{"count":0,"href":"https:\/\/www.kz-gedenkstaette-dachau.de\/fr\/wp-json\/wp\/v2\/pages\/64402\/revisions"}],"up":[{"embeddable":true,"href":"https:\/\/www.kz-gedenkstaette-dachau.de\/fr\/wp-json\/wp\/v2\/pages\/62582"}],"wp:attachment":[{"href":"https:\/\/www.kz-gedenkstaette-dachau.de\/fr\/wp-json\/wp\/v2\/media?parent=64402"}],"curies":[{"name":"wp","href":"https:\/\/api.w.org\/{rel}","templated":true}]}}