{"id":64408,"date":"2018-09-04T12:46:46","date_gmt":"2018-09-04T10:46:46","guid":{"rendered":"https:\/\/www.kz-gedenkstaette-dachau.de\/site-historique\/visite-virtuelle\/russisch-orthodoxe-kapelle\/"},"modified":"2020-02-20T13:08:13","modified_gmt":"2020-02-20T12:08:13","slug":"la-chapelle-orthodoxe-russe","status":"publish","type":"page","link":"https:\/\/www.kz-gedenkstaette-dachau.de\/fr\/site-historique\/visite-virtuelle\/la-chapelle-orthodoxe-russe\/","title":{"rendered":"La chapelle orthodoxe russe"},"content":{"rendered":"<p>Avec la fin du conflit Est-Ouest, l\u2019opinion publique a commenc\u00e9 \u00e0 se pr\u00e9occuper du sort des d\u00e9tenus sovi\u00e9tiques, num\u00e9riquement le troisi\u00e8me groupe de victimes du camp de concentration de Dachau. La chapelle comm\u00e9morative \u00ab\u00a0R\u00e9surrection de Notre Seigneur\u00a0\u00bb a \u00e9t\u00e9 \u00e9difi\u00e9e \u00e0 l\u2019initiative des responsables de l\u2019\u00c9glise orthodoxe russe en Allemagne et en Russie, ainsi que de l\u2019ambassade de la F\u00e9d\u00e9ration de Russie. Le projet est l\u2019\u0153uvre de l\u2019architecte Valentin Outkine.<\/p>\n<p>Le b\u00e2timent octogonal en bois a \u00e9t\u00e9 pr\u00e9fabriqu\u00e9 \u00e0 Moscou et assembl\u00e9 \u00e0 Dachau par des soldats des forces arm\u00e9es russes en 1994. La chapelle a \u00e9t\u00e9 inaugur\u00e9e le 29 avril 1995 par Nikola\u00ef Kout\u00e9pov, m\u00e9tropolite de Nijni-Novgorod et d\u2019Arzamas. La terre du tertre sur laquelle elle se dresse provient en partie de r\u00e9publiques de l\u2019ex-URSS.<\/p>\n","protected":false},"excerpt":{"rendered":"<p>Avec la fin du conflit Est-Ouest, l\u2019opinion publique a commenc\u00e9 \u00e0 se pr\u00e9occuper du sort des d\u00e9tenus sovi\u00e9tiques, num\u00e9riquement le troisi\u00e8me groupe de victimes du camp de concentration de Dachau. La chapelle comm\u00e9morative \u00ab\u00a0R\u00e9surrection de Notre Seigneur\u00a0\u00bb a \u00e9t\u00e9 \u00e9difi\u00e9e \u00e0 l\u2019initiative des responsables de l\u2019\u00c9glise orthodoxe russe en Allemagne et en Russie, ainsi que&#8230; <a class=\"view-article\" href=\"https:\/\/www.kz-gedenkstaette-dachau.de\/fr\/site-historique\/visite-virtuelle\/la-chapelle-orthodoxe-russe\/\">Voir l&rsquo;article<\/a><\/p>\n","protected":false},"author":1,"featured_media":0,"parent":62582,"menu_order":2000,"comment_status":"closed","ping_status":"closed","template":"page-virtueller_rundgang_unterseite.php","meta":{"_acf_changed":false,"footnotes":""},"class_list":["post-64408","page","type-page","status-publish","hentry"],"acf":[],"yoast_head":"<!-- This site is optimized with the Yoast SEO plugin v27.3 - https:\/\/yoast.com\/product\/yoast-seo-wordpress\/ -->\n<title>La chapelle orthodoxe russe - KZ Gedenkst\u00e4tte Dachau<\/title>\n<meta name=\"robots\" content=\"index, follow, max-snippet:-1, max-image-preview:large, max-video-preview:-1\" \/>\n<link rel=\"canonical\" href=\"https:\/\/www.kz-gedenkstaette-dachau.de\/fr\/site-historique\/visite-virtuelle\/la-chapelle-orthodoxe-russe\/\" \/>\n<meta property=\"og:locale\" content=\"fr_FR\" \/>\n<meta property=\"og:type\" content=\"article\" \/>\n<meta property=\"og:title\" content=\"La chapelle orthodoxe russe - KZ Gedenkst\u00e4tte Dachau\" \/>\n<meta property=\"og:description\" content=\"Avec la fin du conflit Est-Ouest, l\u2019opinion publique a commenc\u00e9 \u00e0 se pr\u00e9occuper du sort des d\u00e9tenus sovi\u00e9tiques, num\u00e9riquement le troisi\u00e8me groupe de victimes du camp de concentration de Dachau. La chapelle comm\u00e9morative \u00ab\u00a0R\u00e9surrection de Notre Seigneur\u00a0\u00bb a \u00e9t\u00e9 \u00e9difi\u00e9e \u00e0 l\u2019initiative des responsables de l\u2019\u00c9glise orthodoxe russe en Allemagne et en Russie, ainsi que... Voir l&#039;article\" \/>\n<meta property=\"og:url\" content=\"https:\/\/www.kz-gedenkstaette-dachau.de\/fr\/site-historique\/visite-virtuelle\/la-chapelle-orthodoxe-russe\/\" \/>\n<meta property=\"og:site_name\" content=\"KZ Gedenkst\u00e4tte Dachau\" \/>\n<meta property=\"article:modified_time\" content=\"2020-02-20T12:08:13+00:00\" \/>\n<meta name=\"twitter:card\" content=\"summary_large_image\" \/>\n<meta name=\"twitter:label1\" content=\"Dur\u00e9e de lecture estim\u00e9e\" \/>\n\t<meta name=\"twitter:data1\" content=\"1 minute\" \/>\n<script type=\"application\/ld+json\" class=\"yoast-schema-graph\">{\"@context\":\"https:\\\/\\\/schema.org\",\"@graph\":[{\"@type\":\"WebPage\",\"@id\":\"https:\\\/\\\/www.kz-gedenkstaette-dachau.de\\\/fr\\\/site-historique\\\/visite-virtuelle\\\/la-chapelle-orthodoxe-russe\\\/\",\"url\":\"https:\\\/\\\/www.kz-gedenkstaette-dachau.de\\\/fr\\\/site-historique\\\/visite-virtuelle\\\/la-chapelle-orthodoxe-russe\\\/\",\"name\":\"La chapelle orthodoxe russe - KZ Gedenkst\u00e4tte Dachau\",\"isPartOf\":{\"@id\":\"https:\\\/\\\/www.kz-gedenkstaette-dachau.de\\\/#website\"},\"datePublished\":\"2018-09-04T10:46:46+00:00\",\"dateModified\":\"2020-02-20T12:08:13+00:00\",\"breadcrumb\":{\"@id\":\"https:\\\/\\\/www.kz-gedenkstaette-dachau.de\\\/fr\\\/site-historique\\\/visite-virtuelle\\\/la-chapelle-orthodoxe-russe\\\/#breadcrumb\"},\"inLanguage\":\"fr-FR\",\"potentialAction\":[{\"@type\":\"ReadAction\",\"target\":[\"https:\\\/\\\/www.kz-gedenkstaette-dachau.de\\\/fr\\\/site-historique\\\/visite-virtuelle\\\/la-chapelle-orthodoxe-russe\\\/\"]}]},{\"@type\":\"BreadcrumbList\",\"@id\":\"https:\\\/\\\/www.kz-gedenkstaette-dachau.de\\\/fr\\\/site-historique\\\/visite-virtuelle\\\/la-chapelle-orthodoxe-russe\\\/#breadcrumb\",\"itemListElement\":[{\"@type\":\"ListItem\",\"position\":1,\"name\":\"Page d'accueil\",\"item\":\"https:\\\/\\\/www.kz-gedenkstaette-dachau.de\\\/fr\\\/\"},{\"@type\":\"ListItem\",\"position\":2,\"name\":\"Site historique\",\"item\":\"https:\\\/\\\/www.kz-gedenkstaette-dachau.de\\\/fr\\\/site-historique\\\/\"},{\"@type\":\"ListItem\",\"position\":3,\"name\":\"Visite virtuelle\",\"item\":\"https:\\\/\\\/www.kz-gedenkstaette-dachau.de\\\/fr\\\/site-historique\\\/visite-virtuelle\\\/\"},{\"@type\":\"ListItem\",\"position\":4,\"name\":\"La chapelle orthodoxe russe\"}]},{\"@type\":\"WebSite\",\"@id\":\"https:\\\/\\\/www.kz-gedenkstaette-dachau.de\\\/#website\",\"url\":\"https:\\\/\\\/www.kz-gedenkstaette-dachau.de\\\/\",\"name\":\"KZ Gedenkst\u00e4tte Dachau\",\"description\":\"\",\"potentialAction\":[{\"@type\":\"SearchAction\",\"target\":{\"@type\":\"EntryPoint\",\"urlTemplate\":\"https:\\\/\\\/www.kz-gedenkstaette-dachau.de\\\/?s={search_term_string}\"},\"query-input\":{\"@type\":\"PropertyValueSpecification\",\"valueRequired\":true,\"valueName\":\"search_term_string\"}}],\"inLanguage\":\"fr-FR\"}]}<\/script>\n<!-- \/ Yoast SEO plugin. -->","yoast_head_json":{"title":"La chapelle orthodoxe russe - KZ Gedenkst\u00e4tte Dachau","robots":{"index":"index","follow":"follow","max-snippet":"max-snippet:-1","max-image-preview":"max-image-preview:large","max-video-preview":"max-video-preview:-1"},"canonical":"https:\/\/www.kz-gedenkstaette-dachau.de\/fr\/site-historique\/visite-virtuelle\/la-chapelle-orthodoxe-russe\/","og_locale":"fr_FR","og_type":"article","og_title":"La chapelle orthodoxe russe - KZ Gedenkst\u00e4tte Dachau","og_description":"Avec la fin du conflit Est-Ouest, l\u2019opinion publique a commenc\u00e9 \u00e0 se pr\u00e9occuper du sort des d\u00e9tenus sovi\u00e9tiques, num\u00e9riquement le troisi\u00e8me groupe de victimes du camp de concentration de Dachau. La chapelle comm\u00e9morative \u00ab\u00a0R\u00e9surrection de Notre Seigneur\u00a0\u00bb a \u00e9t\u00e9 \u00e9difi\u00e9e \u00e0 l\u2019initiative des responsables de l\u2019\u00c9glise orthodoxe russe en Allemagne et en Russie, ainsi que... Voir l'article","og_url":"https:\/\/www.kz-gedenkstaette-dachau.de\/fr\/site-historique\/visite-virtuelle\/la-chapelle-orthodoxe-russe\/","og_site_name":"KZ Gedenkst\u00e4tte Dachau","article_modified_time":"2020-02-20T12:08:13+00:00","twitter_card":"summary_large_image","twitter_misc":{"Dur\u00e9e de lecture estim\u00e9e":"1 minute"},"schema":{"@context":"https:\/\/schema.org","@graph":[{"@type":"WebPage","@id":"https:\/\/www.kz-gedenkstaette-dachau.de\/fr\/site-historique\/visite-virtuelle\/la-chapelle-orthodoxe-russe\/","url":"https:\/\/www.kz-gedenkstaette-dachau.de\/fr\/site-historique\/visite-virtuelle\/la-chapelle-orthodoxe-russe\/","name":"La chapelle orthodoxe russe - KZ Gedenkst\u00e4tte Dachau","isPartOf":{"@id":"https:\/\/www.kz-gedenkstaette-dachau.de\/#website"},"datePublished":"2018-09-04T10:46:46+00:00","dateModified":"2020-02-20T12:08:13+00:00","breadcrumb":{"@id":"https:\/\/www.kz-gedenkstaette-dachau.de\/fr\/site-historique\/visite-virtuelle\/la-chapelle-orthodoxe-russe\/#breadcrumb"},"inLanguage":"fr-FR","potentialAction":[{"@type":"ReadAction","target":["https:\/\/www.kz-gedenkstaette-dachau.de\/fr\/site-historique\/visite-virtuelle\/la-chapelle-orthodoxe-russe\/"]}]},{"@type":"BreadcrumbList","@id":"https:\/\/www.kz-gedenkstaette-dachau.de\/fr\/site-historique\/visite-virtuelle\/la-chapelle-orthodoxe-russe\/#breadcrumb","itemListElement":[{"@type":"ListItem","position":1,"name":"Page d'accueil","item":"https:\/\/www.kz-gedenkstaette-dachau.de\/fr\/"},{"@type":"ListItem","position":2,"name":"Site historique","item":"https:\/\/www.kz-gedenkstaette-dachau.de\/fr\/site-historique\/"},{"@type":"ListItem","position":3,"name":"Visite virtuelle","item":"https:\/\/www.kz-gedenkstaette-dachau.de\/fr\/site-historique\/visite-virtuelle\/"},{"@type":"ListItem","position":4,"name":"La chapelle orthodoxe russe"}]},{"@type":"WebSite","@id":"https:\/\/www.kz-gedenkstaette-dachau.de\/#website","url":"https:\/\/www.kz-gedenkstaette-dachau.de\/","name":"KZ Gedenkst\u00e4tte Dachau","description":"","potentialAction":[{"@type":"SearchAction","target":{"@type":"EntryPoint","urlTemplate":"https:\/\/www.kz-gedenkstaette-dachau.de\/?s={search_term_string}"},"query-input":{"@type":"PropertyValueSpecification","valueRequired":true,"valueName":"search_term_string"}}],"inLanguage":"fr-FR"}]}},"_links":{"self":[{"href":"https:\/\/www.kz-gedenkstaette-dachau.de\/fr\/wp-json\/wp\/v2\/pages\/64408","targetHints":{"allow":["GET"]}}],"collection":[{"href":"https:\/\/www.kz-gedenkstaette-dachau.de\/fr\/wp-json\/wp\/v2\/pages"}],"about":[{"href":"https:\/\/www.kz-gedenkstaette-dachau.de\/fr\/wp-json\/wp\/v2\/types\/page"}],"author":[{"embeddable":true,"href":"https:\/\/www.kz-gedenkstaette-dachau.de\/fr\/wp-json\/wp\/v2\/users\/1"}],"replies":[{"embeddable":true,"href":"https:\/\/www.kz-gedenkstaette-dachau.de\/fr\/wp-json\/wp\/v2\/comments?post=64408"}],"version-history":[{"count":0,"href":"https:\/\/www.kz-gedenkstaette-dachau.de\/fr\/wp-json\/wp\/v2\/pages\/64408\/revisions"}],"up":[{"embeddable":true,"href":"https:\/\/www.kz-gedenkstaette-dachau.de\/fr\/wp-json\/wp\/v2\/pages\/62582"}],"wp:attachment":[{"href":"https:\/\/www.kz-gedenkstaette-dachau.de\/fr\/wp-json\/wp\/v2\/media?parent=64408"}],"curies":[{"name":"wp","href":"https:\/\/api.w.org\/{rel}","templated":true}]}}