{"id":64414,"date":"2018-11-19T15:24:36","date_gmt":"2018-11-19T14:24:36","guid":{"rendered":"https:\/\/www.kz-gedenkstaette-dachau.de\/site-historique\/visite-virtuelle-des-environs\/ss-versuchgueter-kraeutergarten-plantage\/"},"modified":"2020-03-23T16:13:43","modified_gmt":"2020-03-23T15:13:43","slug":"les-cultures-experimentales-des-ss-jardin-medicinal-plantation","status":"publish","type":"page","link":"https:\/\/www.kz-gedenkstaette-dachau.de\/fr\/site-historique\/visite-virtuelle-des-environs\/les-cultures-experimentales-des-ss-jardin-medicinal-plantation\/","title":{"rendered":"Les cultures exp\u00e9rimentales des SS\/\u00ab Jardin m\u00e9dicinal \u00bb\/\u00ab Plantation \u00bb"},"content":{"rendered":"<p>\u00c0 l\u2019ext\u00e9rieur du camp de d\u00e9tention s\u2019\u00e9tendait une grande p\u00e9pini\u00e8re avec des espaces cultiv\u00e9s am\u00e9nag\u00e9s et entretenus depuis 1938 par les prisonniers affect\u00e9s au travail forc\u00e9. Par euph\u00e9misme, les SS appelaient cette exploitation agricole \u00ab\u00a0le jardin m\u00e9dicinal\u00a0\u00bb. Aujourd\u2019hui, cette zone est largement couverte de b\u00e2timents industriels.<\/p>\n<p>Le complexe comprenait de nombreux b\u00e2timents, dont une intendance, un institut d\u2019enseignement et de recherche, un point de vente, un hangar \u00e0 outils, une ruche, des serres et de vastes surfaces cultivables. Selon les id\u00e9es du Reichsf\u00fchrer-SS Heinrich Himmler, la culture des plantes m\u00e9dicinales et aromatiques, soutenue par la recherche, devait permettre au r\u00e9gime nazi de ne plus d\u00e9pendre des m\u00e9dicaments et aromates import\u00e9s de l\u2019\u00e9tranger. La mise en place d\u2019une \u00ab m\u00e9decine populaire \u00bb proche de la nature \u00e9tait un projet de prestige de la politique de sant\u00e9 nazie, soutenu par Himmler. La \u00ab Deutsche Versuchsanstalt f\u00fcr Ern\u00e4hrung und Verpflegung GmbH \u00bb (DVA), organisme d\u00e9di\u00e9 \u00e0 la recherche en mati\u00e8re de nutrition et de sant\u00e9, cr\u00e9\u00e9 en 1939 et d\u00e9pendant des SS, \u00e9tait en charge de l&rsquo;exploitation des sites exp\u00e9rimentaux.<\/p>\n<p>Une boutique permettait aux habitants de Dachau et des communes voisines d\u2019acheter les produits du \u00ab jardin m\u00e9dicinal \u00bb. Par ce biais, certains d\u00e9port\u00e9s r\u00e9ussirent \u00e0 nouer des contacts secrets avec la population civile et, avec l\u2019aide de celle-ci, \u00e0 faire clandestinement entrer ou sortir du camp des biens et des informations, au p\u00e9ril de leur vie.<\/p>\n<p>Le travail forc\u00e9 en plein air sur les terres du \u00ab jardin m\u00e9dicinal \u00bb, surnomm\u00e9 par les d\u00e9port\u00e9s \u00ab kommando Plantation \u00bb, \u00e9tait redout\u00e9 de tous. Le labeur physique extr\u00eamement \u00e9prouvant les exposait aux intemp\u00e9ries sans aucune protection. Le manque de v\u00eatements, la malnutrition, le harc\u00e8lement et les mauvais traitements inflig\u00e9s par les SS faisaient de ces p\u00e9nibles travaux agricoles une v\u00e9ritable torture menant \u00e0 la mort. Dans les b\u00e2timents et les serres, les conditions de travail \u00e9taient moins brutales. Un kommando de peintres y fut charg\u00e9 de r\u00e9aliser un herbier.<\/p>\n<p>L\u2019ancien b\u00e2timent de l\u2019administration et de l\u2019institut a \u00e9t\u00e9 conserv\u00e9, ainsi que les vestiges de trois serres avec les pavillons situ\u00e9s au bout de chacune. Il est pr\u00e9vu de r\u00e9nover cet ensemble architectural, qui est la propri\u00e9t\u00e9 de la ville de Dachau. Les b\u00e2timents historiques, une fois r\u00e9nov\u00e9s, seront int\u00e9gr\u00e9s au m\u00e9morial.<\/p>\n","protected":false},"excerpt":{"rendered":"<p>\u00c0 l\u2019ext\u00e9rieur du camp de d\u00e9tention s\u2019\u00e9tendait une grande p\u00e9pini\u00e8re avec des espaces cultiv\u00e9s am\u00e9nag\u00e9s et entretenus depuis 1938 par les prisonniers affect\u00e9s au travail forc\u00e9. Par euph\u00e9misme, les SS appelaient cette exploitation agricole \u00ab\u00a0le jardin m\u00e9dicinal\u00a0\u00bb. Aujourd\u2019hui, cette zone est largement couverte de b\u00e2timents industriels. Le complexe comprenait de nombreux b\u00e2timents, dont une intendance,&#8230; <a class=\"view-article\" href=\"https:\/\/www.kz-gedenkstaette-dachau.de\/fr\/site-historique\/visite-virtuelle-des-environs\/les-cultures-experimentales-des-ss-jardin-medicinal-plantation\/\">Voir l&rsquo;article<\/a><\/p>\n","protected":false},"author":1,"featured_media":0,"parent":64412,"menu_order":100,"comment_status":"closed","ping_status":"closed","template":"page-virtueller_rundgang_unterseite.php","meta":{"_acf_changed":false,"footnotes":""},"class_list":["post-64414","page","type-page","status-publish","hentry"],"acf":[],"yoast_head":"<!-- This site is optimized with the Yoast SEO plugin v27.4 - https:\/\/yoast.com\/product\/yoast-seo-wordpress\/ -->\n<title>Les cultures exp\u00e9rimentales des SS\/\u00ab Jardin m\u00e9dicinal \u00bb\/\u00ab Plantation \u00bb - KZ Gedenkst\u00e4tte Dachau<\/title>\n<meta name=\"robots\" content=\"index, follow, max-snippet:-1, max-image-preview:large, max-video-preview:-1\" \/>\n<link rel=\"canonical\" href=\"https:\/\/www.kz-gedenkstaette-dachau.de\/fr\/site-historique\/visite-virtuelle-des-environs\/les-cultures-experimentales-des-ss-jardin-medicinal-plantation\/\" \/>\n<meta property=\"og:locale\" content=\"fr_FR\" \/>\n<meta property=\"og:type\" content=\"article\" \/>\n<meta property=\"og:title\" content=\"Les cultures exp\u00e9rimentales des SS\/\u00ab Jardin m\u00e9dicinal \u00bb\/\u00ab Plantation \u00bb - KZ Gedenkst\u00e4tte Dachau\" \/>\n<meta property=\"og:description\" content=\"\u00c0 l\u2019ext\u00e9rieur du camp de d\u00e9tention s\u2019\u00e9tendait une grande p\u00e9pini\u00e8re avec des espaces cultiv\u00e9s am\u00e9nag\u00e9s et entretenus depuis 1938 par les prisonniers affect\u00e9s au travail forc\u00e9. Par euph\u00e9misme, les SS appelaient cette exploitation agricole \u00ab\u00a0le jardin m\u00e9dicinal\u00a0\u00bb. Aujourd\u2019hui, cette zone est largement couverte de b\u00e2timents industriels. Le complexe comprenait de nombreux b\u00e2timents, dont une intendance,... Voir l&#039;article\" \/>\n<meta property=\"og:url\" content=\"https:\/\/www.kz-gedenkstaette-dachau.de\/fr\/site-historique\/visite-virtuelle-des-environs\/les-cultures-experimentales-des-ss-jardin-medicinal-plantation\/\" \/>\n<meta property=\"og:site_name\" content=\"KZ Gedenkst\u00e4tte Dachau\" \/>\n<meta property=\"article:modified_time\" content=\"2020-03-23T15:13:43+00:00\" \/>\n<meta name=\"twitter:card\" content=\"summary_large_image\" \/>\n<meta name=\"twitter:label1\" content=\"Dur\u00e9e de lecture estim\u00e9e\" \/>\n\t<meta name=\"twitter:data1\" content=\"2 minutes\" \/>\n<script type=\"application\/ld+json\" class=\"yoast-schema-graph\">{\"@context\":\"https:\\\/\\\/schema.org\",\"@graph\":[{\"@type\":\"WebPage\",\"@id\":\"https:\\\/\\\/www.kz-gedenkstaette-dachau.de\\\/fr\\\/site-historique\\\/visite-virtuelle-des-environs\\\/les-cultures-experimentales-des-ss-jardin-medicinal-plantation\\\/\",\"url\":\"https:\\\/\\\/www.kz-gedenkstaette-dachau.de\\\/fr\\\/site-historique\\\/visite-virtuelle-des-environs\\\/les-cultures-experimentales-des-ss-jardin-medicinal-plantation\\\/\",\"name\":\"Les cultures exp\u00e9rimentales des SS\\\/\u00ab Jardin m\u00e9dicinal \u00bb\\\/\u00ab Plantation \u00bb - KZ Gedenkst\u00e4tte Dachau\",\"isPartOf\":{\"@id\":\"https:\\\/\\\/www.kz-gedenkstaette-dachau.de\\\/#website\"},\"datePublished\":\"2018-11-19T14:24:36+00:00\",\"dateModified\":\"2020-03-23T15:13:43+00:00\",\"breadcrumb\":{\"@id\":\"https:\\\/\\\/www.kz-gedenkstaette-dachau.de\\\/fr\\\/site-historique\\\/visite-virtuelle-des-environs\\\/les-cultures-experimentales-des-ss-jardin-medicinal-plantation\\\/#breadcrumb\"},\"inLanguage\":\"fr-FR\",\"potentialAction\":[{\"@type\":\"ReadAction\",\"target\":[\"https:\\\/\\\/www.kz-gedenkstaette-dachau.de\\\/fr\\\/site-historique\\\/visite-virtuelle-des-environs\\\/les-cultures-experimentales-des-ss-jardin-medicinal-plantation\\\/\"]}]},{\"@type\":\"BreadcrumbList\",\"@id\":\"https:\\\/\\\/www.kz-gedenkstaette-dachau.de\\\/fr\\\/site-historique\\\/visite-virtuelle-des-environs\\\/les-cultures-experimentales-des-ss-jardin-medicinal-plantation\\\/#breadcrumb\",\"itemListElement\":[{\"@type\":\"ListItem\",\"position\":1,\"name\":\"Page d'accueil\",\"item\":\"https:\\\/\\\/www.kz-gedenkstaette-dachau.de\\\/fr\\\/\"},{\"@type\":\"ListItem\",\"position\":2,\"name\":\"Site historique\",\"item\":\"https:\\\/\\\/www.kz-gedenkstaette-dachau.de\\\/fr\\\/site-historique\\\/\"},{\"@type\":\"ListItem\",\"position\":3,\"name\":\"Visite virtuelle des environs\",\"item\":\"https:\\\/\\\/www.kz-gedenkstaette-dachau.de\\\/fr\\\/site-historique\\\/visite-virtuelle-des-environs\\\/\"},{\"@type\":\"ListItem\",\"position\":4,\"name\":\"Les cultures exp\u00e9rimentales des SS\\\/\u00ab Jardin m\u00e9dicinal \u00bb\\\/\u00ab Plantation \u00bb\"}]},{\"@type\":\"WebSite\",\"@id\":\"https:\\\/\\\/www.kz-gedenkstaette-dachau.de\\\/#website\",\"url\":\"https:\\\/\\\/www.kz-gedenkstaette-dachau.de\\\/\",\"name\":\"KZ Gedenkst\u00e4tte Dachau\",\"description\":\"\",\"potentialAction\":[{\"@type\":\"SearchAction\",\"target\":{\"@type\":\"EntryPoint\",\"urlTemplate\":\"https:\\\/\\\/www.kz-gedenkstaette-dachau.de\\\/?s={search_term_string}\"},\"query-input\":{\"@type\":\"PropertyValueSpecification\",\"valueRequired\":true,\"valueName\":\"search_term_string\"}}],\"inLanguage\":\"fr-FR\"}]}<\/script>\n<!-- \/ Yoast SEO plugin. -->","yoast_head_json":{"title":"Les cultures exp\u00e9rimentales des SS\/\u00ab Jardin m\u00e9dicinal \u00bb\/\u00ab Plantation \u00bb - KZ Gedenkst\u00e4tte Dachau","robots":{"index":"index","follow":"follow","max-snippet":"max-snippet:-1","max-image-preview":"max-image-preview:large","max-video-preview":"max-video-preview:-1"},"canonical":"https:\/\/www.kz-gedenkstaette-dachau.de\/fr\/site-historique\/visite-virtuelle-des-environs\/les-cultures-experimentales-des-ss-jardin-medicinal-plantation\/","og_locale":"fr_FR","og_type":"article","og_title":"Les cultures exp\u00e9rimentales des SS\/\u00ab Jardin m\u00e9dicinal \u00bb\/\u00ab Plantation \u00bb - KZ Gedenkst\u00e4tte Dachau","og_description":"\u00c0 l\u2019ext\u00e9rieur du camp de d\u00e9tention s\u2019\u00e9tendait une grande p\u00e9pini\u00e8re avec des espaces cultiv\u00e9s am\u00e9nag\u00e9s et entretenus depuis 1938 par les prisonniers affect\u00e9s au travail forc\u00e9. Par euph\u00e9misme, les SS appelaient cette exploitation agricole \u00ab\u00a0le jardin m\u00e9dicinal\u00a0\u00bb. Aujourd\u2019hui, cette zone est largement couverte de b\u00e2timents industriels. Le complexe comprenait de nombreux b\u00e2timents, dont une intendance,... Voir l'article","og_url":"https:\/\/www.kz-gedenkstaette-dachau.de\/fr\/site-historique\/visite-virtuelle-des-environs\/les-cultures-experimentales-des-ss-jardin-medicinal-plantation\/","og_site_name":"KZ Gedenkst\u00e4tte Dachau","article_modified_time":"2020-03-23T15:13:43+00:00","twitter_card":"summary_large_image","twitter_misc":{"Dur\u00e9e de lecture estim\u00e9e":"2 minutes"},"schema":{"@context":"https:\/\/schema.org","@graph":[{"@type":"WebPage","@id":"https:\/\/www.kz-gedenkstaette-dachau.de\/fr\/site-historique\/visite-virtuelle-des-environs\/les-cultures-experimentales-des-ss-jardin-medicinal-plantation\/","url":"https:\/\/www.kz-gedenkstaette-dachau.de\/fr\/site-historique\/visite-virtuelle-des-environs\/les-cultures-experimentales-des-ss-jardin-medicinal-plantation\/","name":"Les cultures exp\u00e9rimentales des SS\/\u00ab Jardin m\u00e9dicinal \u00bb\/\u00ab Plantation \u00bb - KZ Gedenkst\u00e4tte Dachau","isPartOf":{"@id":"https:\/\/www.kz-gedenkstaette-dachau.de\/#website"},"datePublished":"2018-11-19T14:24:36+00:00","dateModified":"2020-03-23T15:13:43+00:00","breadcrumb":{"@id":"https:\/\/www.kz-gedenkstaette-dachau.de\/fr\/site-historique\/visite-virtuelle-des-environs\/les-cultures-experimentales-des-ss-jardin-medicinal-plantation\/#breadcrumb"},"inLanguage":"fr-FR","potentialAction":[{"@type":"ReadAction","target":["https:\/\/www.kz-gedenkstaette-dachau.de\/fr\/site-historique\/visite-virtuelle-des-environs\/les-cultures-experimentales-des-ss-jardin-medicinal-plantation\/"]}]},{"@type":"BreadcrumbList","@id":"https:\/\/www.kz-gedenkstaette-dachau.de\/fr\/site-historique\/visite-virtuelle-des-environs\/les-cultures-experimentales-des-ss-jardin-medicinal-plantation\/#breadcrumb","itemListElement":[{"@type":"ListItem","position":1,"name":"Page d'accueil","item":"https:\/\/www.kz-gedenkstaette-dachau.de\/fr\/"},{"@type":"ListItem","position":2,"name":"Site historique","item":"https:\/\/www.kz-gedenkstaette-dachau.de\/fr\/site-historique\/"},{"@type":"ListItem","position":3,"name":"Visite virtuelle des environs","item":"https:\/\/www.kz-gedenkstaette-dachau.de\/fr\/site-historique\/visite-virtuelle-des-environs\/"},{"@type":"ListItem","position":4,"name":"Les cultures exp\u00e9rimentales des SS\/\u00ab Jardin m\u00e9dicinal \u00bb\/\u00ab Plantation \u00bb"}]},{"@type":"WebSite","@id":"https:\/\/www.kz-gedenkstaette-dachau.de\/#website","url":"https:\/\/www.kz-gedenkstaette-dachau.de\/","name":"KZ Gedenkst\u00e4tte Dachau","description":"","potentialAction":[{"@type":"SearchAction","target":{"@type":"EntryPoint","urlTemplate":"https:\/\/www.kz-gedenkstaette-dachau.de\/?s={search_term_string}"},"query-input":{"@type":"PropertyValueSpecification","valueRequired":true,"valueName":"search_term_string"}}],"inLanguage":"fr-FR"}]}},"_links":{"self":[{"href":"https:\/\/www.kz-gedenkstaette-dachau.de\/fr\/wp-json\/wp\/v2\/pages\/64414","targetHints":{"allow":["GET"]}}],"collection":[{"href":"https:\/\/www.kz-gedenkstaette-dachau.de\/fr\/wp-json\/wp\/v2\/pages"}],"about":[{"href":"https:\/\/www.kz-gedenkstaette-dachau.de\/fr\/wp-json\/wp\/v2\/types\/page"}],"author":[{"embeddable":true,"href":"https:\/\/www.kz-gedenkstaette-dachau.de\/fr\/wp-json\/wp\/v2\/users\/1"}],"replies":[{"embeddable":true,"href":"https:\/\/www.kz-gedenkstaette-dachau.de\/fr\/wp-json\/wp\/v2\/comments?post=64414"}],"version-history":[{"count":0,"href":"https:\/\/www.kz-gedenkstaette-dachau.de\/fr\/wp-json\/wp\/v2\/pages\/64414\/revisions"}],"up":[{"embeddable":true,"href":"https:\/\/www.kz-gedenkstaette-dachau.de\/fr\/wp-json\/wp\/v2\/pages\/64412"}],"wp:attachment":[{"href":"https:\/\/www.kz-gedenkstaette-dachau.de\/fr\/wp-json\/wp\/v2\/media?parent=64414"}],"curies":[{"name":"wp","href":"https:\/\/api.w.org\/{rel}","templated":true}]}}