{"id":64418,"date":"2018-11-19T15:28:38","date_gmt":"2018-11-19T14:28:38","guid":{"rendered":"https:\/\/www.kz-gedenkstaette-dachau.de\/site-historique\/visite-virtuelle-des-environs\/ss-schiessplatz-hebertshausen\/"},"modified":"2020-03-23T16:19:45","modified_gmt":"2020-03-23T15:19:45","slug":"le-champ-de-tir-ss-de-hebertshausen","status":"publish","type":"page","link":"https:\/\/www.kz-gedenkstaette-dachau.de\/fr\/site-historique\/visite-virtuelle-des-environs\/le-champ-de-tir-ss-de-hebertshausen\/","title":{"rendered":"Le champ de tir SS de Hebertshausen"},"content":{"rendered":"<p>\u00c0 environ deux kilom\u00e8tres au nord du camp de concentration de Dachau, dans la commune de Hebertshausen, les SS am\u00e9nag\u00e8rent un champ de tir en 1937\/1938. Des unit\u00e9s SS et d\u2019autres organisations militaires s\u2019y exer\u00e7aient au maniement des armes. Sur le terrain se trouvaient cinq couloirs de tir, deux stands de tir, un terrain de tir \u00e0 la grenade ainsi qu\u2019un b\u00e2timent de services. \u00c0 partir de 1941, les SS utilis\u00e8rent les installations pour y ex\u00e9cuter des d\u00e9tenus.<\/p>\n<p>Le 22 juin 1941, l\u2019invasion de l\u2019URSS par la Wehrmacht marqua le d\u00e9but d\u2019une guerre d\u2019extermination. Les soldats de l\u2019Arm\u00e9e rouge captur\u00e9s par les Allemands \u00e9taient emmen\u00e9s dans des camps de prisonniers de guerre situ\u00e9s sur le territoire allemand. Avec l\u2019appui de la Wehrmacht, la Gestapo \u00ab s\u00e9lectionna \u00bb au moins 33 000 prisonniers de guerre selon des crit\u00e8res racistes et id\u00e9ologiques. Au m\u00e9pris du droit international, cadres du parti communiste, intellectuels et Juifs furent d\u00e9port\u00e9s dans les camps de concentration, o\u00f9 ils furent assassin\u00e9s par les SS.<\/p>\n<p>Au camp de Dachau, la plupart des prisonniers de guerre sovi\u00e9tiques furent tu\u00e9s d\u00e8s leur arriv\u00e9e. Les premi\u00e8res ex\u00e9cutions eurent lieu dans la cour du \u00ab\u00a0bunker\u00a0\u00bb. D\u2019octobre 1941 \u00e0 l\u2019\u00e9t\u00e9 1942, les SS du camp proc\u00e9d\u00e8rent \u00e0 l\u2019ex\u00e9cution massive de plus de 4\u00a0000 prisonniers de guerre sur le champ de tir de Hebertshausen. Les SS for\u00e7aient les soldats \u00e0 se d\u00e9shabiller et \u00e0 s\u2019aligner en rang\u00e9es de cinq dans le couloir de tir de droite, devant le pi\u00e8ge \u00e0 balles. Ils \u00e9taient ensuite conduits vers le couloir de gauche, attach\u00e9s aux poteaux avec des menottes, puis fusill\u00e9s.<\/p>\n<p>Apr\u00e8s le massacre des prisonniers de guerre sovi\u00e9tiques, les SS ex\u00e9cut\u00e8rent sur le champ de tir les personnes condamn\u00e9es \u00e0 mort par les tribunaux des SS et de la police.<\/p>\n<p>En 1964, l&rsquo;Amicale allemande du camp de Dachau fit \u00e9riger un premier monument sur l\u2019ancien champ de tir SS en m\u00e9moire des prisonniers de guerre sovi\u00e9tiques assassin\u00e9s. En 2014, le site a \u00e9t\u00e9 transform\u00e9 en m\u00e9morial avec une exposition de plein air.<\/p>\n","protected":false},"excerpt":{"rendered":"<p>\u00c0 environ deux kilom\u00e8tres au nord du camp de concentration de Dachau, dans la commune de Hebertshausen, les SS am\u00e9nag\u00e8rent un champ de tir en 1937\/1938. Des unit\u00e9s SS et d\u2019autres organisations militaires s\u2019y exer\u00e7aient au maniement des armes. Sur le terrain se trouvaient cinq couloirs de tir, deux stands de tir, un terrain de&#8230; <a class=\"view-article\" href=\"https:\/\/www.kz-gedenkstaette-dachau.de\/fr\/site-historique\/visite-virtuelle-des-environs\/le-champ-de-tir-ss-de-hebertshausen\/\">Voir l&rsquo;article<\/a><\/p>\n","protected":false},"author":1,"featured_media":0,"parent":64412,"menu_order":200,"comment_status":"closed","ping_status":"closed","template":"page-virtueller_rundgang_unterseite.php","meta":{"_acf_changed":false,"footnotes":""},"class_list":["post-64418","page","type-page","status-publish","hentry"],"acf":[],"yoast_head":"<!-- This site is optimized with the Yoast SEO plugin v27.4 - https:\/\/yoast.com\/product\/yoast-seo-wordpress\/ -->\n<title>Le champ de tir SS de Hebertshausen - KZ Gedenkst\u00e4tte Dachau<\/title>\n<meta name=\"robots\" content=\"index, follow, max-snippet:-1, max-image-preview:large, max-video-preview:-1\" \/>\n<link rel=\"canonical\" href=\"https:\/\/www.kz-gedenkstaette-dachau.de\/fr\/site-historique\/visite-virtuelle-des-environs\/le-champ-de-tir-ss-de-hebertshausen\/\" \/>\n<meta property=\"og:locale\" content=\"fr_FR\" \/>\n<meta property=\"og:type\" content=\"article\" \/>\n<meta property=\"og:title\" content=\"Le champ de tir SS de Hebertshausen - KZ Gedenkst\u00e4tte Dachau\" \/>\n<meta property=\"og:description\" content=\"\u00c0 environ deux kilom\u00e8tres au nord du camp de concentration de Dachau, dans la commune de Hebertshausen, les SS am\u00e9nag\u00e8rent un champ de tir en 1937\/1938. Des unit\u00e9s SS et d\u2019autres organisations militaires s\u2019y exer\u00e7aient au maniement des armes. Sur le terrain se trouvaient cinq couloirs de tir, deux stands de tir, un terrain de... Voir l&#039;article\" \/>\n<meta property=\"og:url\" content=\"https:\/\/www.kz-gedenkstaette-dachau.de\/fr\/site-historique\/visite-virtuelle-des-environs\/le-champ-de-tir-ss-de-hebertshausen\/\" \/>\n<meta property=\"og:site_name\" content=\"KZ Gedenkst\u00e4tte Dachau\" \/>\n<meta property=\"article:modified_time\" content=\"2020-03-23T15:19:45+00:00\" \/>\n<meta name=\"twitter:card\" content=\"summary_large_image\" \/>\n<meta name=\"twitter:label1\" content=\"Dur\u00e9e de lecture estim\u00e9e\" \/>\n\t<meta name=\"twitter:data1\" content=\"2 minutes\" \/>\n<script type=\"application\/ld+json\" class=\"yoast-schema-graph\">{\"@context\":\"https:\\\/\\\/schema.org\",\"@graph\":[{\"@type\":\"WebPage\",\"@id\":\"https:\\\/\\\/www.kz-gedenkstaette-dachau.de\\\/fr\\\/site-historique\\\/visite-virtuelle-des-environs\\\/le-champ-de-tir-ss-de-hebertshausen\\\/\",\"url\":\"https:\\\/\\\/www.kz-gedenkstaette-dachau.de\\\/fr\\\/site-historique\\\/visite-virtuelle-des-environs\\\/le-champ-de-tir-ss-de-hebertshausen\\\/\",\"name\":\"Le champ de tir SS de Hebertshausen - KZ Gedenkst\u00e4tte Dachau\",\"isPartOf\":{\"@id\":\"https:\\\/\\\/www.kz-gedenkstaette-dachau.de\\\/#website\"},\"datePublished\":\"2018-11-19T14:28:38+00:00\",\"dateModified\":\"2020-03-23T15:19:45+00:00\",\"breadcrumb\":{\"@id\":\"https:\\\/\\\/www.kz-gedenkstaette-dachau.de\\\/fr\\\/site-historique\\\/visite-virtuelle-des-environs\\\/le-champ-de-tir-ss-de-hebertshausen\\\/#breadcrumb\"},\"inLanguage\":\"fr-FR\",\"potentialAction\":[{\"@type\":\"ReadAction\",\"target\":[\"https:\\\/\\\/www.kz-gedenkstaette-dachau.de\\\/fr\\\/site-historique\\\/visite-virtuelle-des-environs\\\/le-champ-de-tir-ss-de-hebertshausen\\\/\"]}]},{\"@type\":\"BreadcrumbList\",\"@id\":\"https:\\\/\\\/www.kz-gedenkstaette-dachau.de\\\/fr\\\/site-historique\\\/visite-virtuelle-des-environs\\\/le-champ-de-tir-ss-de-hebertshausen\\\/#breadcrumb\",\"itemListElement\":[{\"@type\":\"ListItem\",\"position\":1,\"name\":\"Page d'accueil\",\"item\":\"https:\\\/\\\/www.kz-gedenkstaette-dachau.de\\\/fr\\\/\"},{\"@type\":\"ListItem\",\"position\":2,\"name\":\"Site historique\",\"item\":\"https:\\\/\\\/www.kz-gedenkstaette-dachau.de\\\/fr\\\/site-historique\\\/\"},{\"@type\":\"ListItem\",\"position\":3,\"name\":\"Visite virtuelle des environs\",\"item\":\"https:\\\/\\\/www.kz-gedenkstaette-dachau.de\\\/fr\\\/site-historique\\\/visite-virtuelle-des-environs\\\/\"},{\"@type\":\"ListItem\",\"position\":4,\"name\":\"Le champ de tir SS de Hebertshausen\"}]},{\"@type\":\"WebSite\",\"@id\":\"https:\\\/\\\/www.kz-gedenkstaette-dachau.de\\\/#website\",\"url\":\"https:\\\/\\\/www.kz-gedenkstaette-dachau.de\\\/\",\"name\":\"KZ Gedenkst\u00e4tte Dachau\",\"description\":\"\",\"potentialAction\":[{\"@type\":\"SearchAction\",\"target\":{\"@type\":\"EntryPoint\",\"urlTemplate\":\"https:\\\/\\\/www.kz-gedenkstaette-dachau.de\\\/?s={search_term_string}\"},\"query-input\":{\"@type\":\"PropertyValueSpecification\",\"valueRequired\":true,\"valueName\":\"search_term_string\"}}],\"inLanguage\":\"fr-FR\"}]}<\/script>\n<!-- \/ Yoast SEO plugin. -->","yoast_head_json":{"title":"Le champ de tir SS de Hebertshausen - KZ Gedenkst\u00e4tte Dachau","robots":{"index":"index","follow":"follow","max-snippet":"max-snippet:-1","max-image-preview":"max-image-preview:large","max-video-preview":"max-video-preview:-1"},"canonical":"https:\/\/www.kz-gedenkstaette-dachau.de\/fr\/site-historique\/visite-virtuelle-des-environs\/le-champ-de-tir-ss-de-hebertshausen\/","og_locale":"fr_FR","og_type":"article","og_title":"Le champ de tir SS de Hebertshausen - KZ Gedenkst\u00e4tte Dachau","og_description":"\u00c0 environ deux kilom\u00e8tres au nord du camp de concentration de Dachau, dans la commune de Hebertshausen, les SS am\u00e9nag\u00e8rent un champ de tir en 1937\/1938. Des unit\u00e9s SS et d\u2019autres organisations militaires s\u2019y exer\u00e7aient au maniement des armes. Sur le terrain se trouvaient cinq couloirs de tir, deux stands de tir, un terrain de... Voir l'article","og_url":"https:\/\/www.kz-gedenkstaette-dachau.de\/fr\/site-historique\/visite-virtuelle-des-environs\/le-champ-de-tir-ss-de-hebertshausen\/","og_site_name":"KZ Gedenkst\u00e4tte Dachau","article_modified_time":"2020-03-23T15:19:45+00:00","twitter_card":"summary_large_image","twitter_misc":{"Dur\u00e9e de lecture estim\u00e9e":"2 minutes"},"schema":{"@context":"https:\/\/schema.org","@graph":[{"@type":"WebPage","@id":"https:\/\/www.kz-gedenkstaette-dachau.de\/fr\/site-historique\/visite-virtuelle-des-environs\/le-champ-de-tir-ss-de-hebertshausen\/","url":"https:\/\/www.kz-gedenkstaette-dachau.de\/fr\/site-historique\/visite-virtuelle-des-environs\/le-champ-de-tir-ss-de-hebertshausen\/","name":"Le champ de tir SS de Hebertshausen - KZ Gedenkst\u00e4tte Dachau","isPartOf":{"@id":"https:\/\/www.kz-gedenkstaette-dachau.de\/#website"},"datePublished":"2018-11-19T14:28:38+00:00","dateModified":"2020-03-23T15:19:45+00:00","breadcrumb":{"@id":"https:\/\/www.kz-gedenkstaette-dachau.de\/fr\/site-historique\/visite-virtuelle-des-environs\/le-champ-de-tir-ss-de-hebertshausen\/#breadcrumb"},"inLanguage":"fr-FR","potentialAction":[{"@type":"ReadAction","target":["https:\/\/www.kz-gedenkstaette-dachau.de\/fr\/site-historique\/visite-virtuelle-des-environs\/le-champ-de-tir-ss-de-hebertshausen\/"]}]},{"@type":"BreadcrumbList","@id":"https:\/\/www.kz-gedenkstaette-dachau.de\/fr\/site-historique\/visite-virtuelle-des-environs\/le-champ-de-tir-ss-de-hebertshausen\/#breadcrumb","itemListElement":[{"@type":"ListItem","position":1,"name":"Page d'accueil","item":"https:\/\/www.kz-gedenkstaette-dachau.de\/fr\/"},{"@type":"ListItem","position":2,"name":"Site historique","item":"https:\/\/www.kz-gedenkstaette-dachau.de\/fr\/site-historique\/"},{"@type":"ListItem","position":3,"name":"Visite virtuelle des environs","item":"https:\/\/www.kz-gedenkstaette-dachau.de\/fr\/site-historique\/visite-virtuelle-des-environs\/"},{"@type":"ListItem","position":4,"name":"Le champ de tir SS de Hebertshausen"}]},{"@type":"WebSite","@id":"https:\/\/www.kz-gedenkstaette-dachau.de\/#website","url":"https:\/\/www.kz-gedenkstaette-dachau.de\/","name":"KZ Gedenkst\u00e4tte Dachau","description":"","potentialAction":[{"@type":"SearchAction","target":{"@type":"EntryPoint","urlTemplate":"https:\/\/www.kz-gedenkstaette-dachau.de\/?s={search_term_string}"},"query-input":{"@type":"PropertyValueSpecification","valueRequired":true,"valueName":"search_term_string"}}],"inLanguage":"fr-FR"}]}},"_links":{"self":[{"href":"https:\/\/www.kz-gedenkstaette-dachau.de\/fr\/wp-json\/wp\/v2\/pages\/64418","targetHints":{"allow":["GET"]}}],"collection":[{"href":"https:\/\/www.kz-gedenkstaette-dachau.de\/fr\/wp-json\/wp\/v2\/pages"}],"about":[{"href":"https:\/\/www.kz-gedenkstaette-dachau.de\/fr\/wp-json\/wp\/v2\/types\/page"}],"author":[{"embeddable":true,"href":"https:\/\/www.kz-gedenkstaette-dachau.de\/fr\/wp-json\/wp\/v2\/users\/1"}],"replies":[{"embeddable":true,"href":"https:\/\/www.kz-gedenkstaette-dachau.de\/fr\/wp-json\/wp\/v2\/comments?post=64418"}],"version-history":[{"count":0,"href":"https:\/\/www.kz-gedenkstaette-dachau.de\/fr\/wp-json\/wp\/v2\/pages\/64418\/revisions"}],"up":[{"embeddable":true,"href":"https:\/\/www.kz-gedenkstaette-dachau.de\/fr\/wp-json\/wp\/v2\/pages\/64412"}],"wp:attachment":[{"href":"https:\/\/www.kz-gedenkstaette-dachau.de\/fr\/wp-json\/wp\/v2\/media?parent=64418"}],"curies":[{"name":"wp","href":"https:\/\/api.w.org\/{rel}","templated":true}]}}