{"id":64442,"date":"2018-11-19T15:31:52","date_gmt":"2018-11-19T14:31:52","guid":{"rendered":"https:\/\/www.kz-gedenkstaette-dachau.de\/site-historique\/visite-virtuelle-des-environs\/weg-des-erinnerns\/"},"modified":"2020-04-05T14:35:40","modified_gmt":"2020-04-05T12:35:40","slug":"le-chemin-de-la-memoire","status":"publish","type":"page","link":"https:\/\/www.kz-gedenkstaette-dachau.de\/fr\/site-historique\/visite-virtuelle-des-environs\/le-chemin-de-la-memoire\/","title":{"rendered":"Le chemin de la m\u00e9moire"},"content":{"rendered":"<p>Inaugur\u00e9 en 2007, le \u00abchemin de la m\u00e9moire\u00bb se compose de douze stations avec panneaux d\u2019information. L\u2019itin\u00e9raire m\u00e8ne de la gare de Dachau au centre d\u2019accueil du m\u00e9morial du camp de concentration. Pour parcourir cet itin\u00e9raire de trois kilom\u00e8tres, compter environ 45 minutes de marche.<\/p>\n<p>Les panneaux d\u2019information jalonnent le chemin suivi par la majorit\u00e9 des d\u00e9tenus jusqu\u2019au camp de concentration, \u00e0 pied, en train ou en camion. Les multiples interd\u00e9pendances entre la ville de Dachau et le camp de concentration sont th\u00e9matis\u00e9es, de m\u00eame que les liens des habitants avec celui-ci. La gare servait de \u00abpoint de transbordement\u00bb pour les convois de prisonniers. Les habitants de Dachau pouvaient assister au d\u00e9barquement des d\u00e9port\u00e9s, certains d\u00e9j\u00e0 morts, qui \u00e9taient ensuite forc\u00e9s de marcher jusqu&rsquo;au camp par les SS, en pleine rue. De plus, \u00e0 partir de 1941, la population locale voyait les d\u00e9port\u00e9s d\u00e9charn\u00e9s qui venaient en ville sous la garde des SS, afin d&rsquo;effectuer du travail forc\u00e9 dans les entreprises de Dachau. Le parcours \u00e0 pied permet \u00e9galement de retrouver des traces historiques et des t\u00e9moignages architecturaux. Le \u00abchemin de la m\u00e9moire\u00bb s\u2019ach\u00e8ve sur les anciennes terres agricoles exp\u00e9rimentales des SS, surnomm\u00e9es \u00able jardin m\u00e9dicinal\u00bb.<\/p>\n<img loading=\"lazy\" decoding=\"async\" width=\"1140\" height=\"800\" class=\"size-full wp-image-30052 aligncenter\" src=\"https:\/\/www.kz-gedenkstaette-dachau.de\/wp-content\/uploads\/2019\/01\/weg_der_erinnerung.png\" alt=\"\" srcset=\"https:\/\/www.kz-gedenkstaette-dachau.de\/wp-content\/uploads\/2019\/01\/weg_der_erinnerung.png 1140w, https:\/\/www.kz-gedenkstaette-dachau.de\/wp-content\/uploads\/2019\/01\/weg_der_erinnerung-250x175.png 250w, https:\/\/www.kz-gedenkstaette-dachau.de\/wp-content\/uploads\/2019\/01\/weg_der_erinnerung-768x539.png 768w, https:\/\/www.kz-gedenkstaette-dachau.de\/wp-content\/uploads\/2019\/01\/weg_der_erinnerung-700x491.png 700w, https:\/\/www.kz-gedenkstaette-dachau.de\/wp-content\/uploads\/2019\/01\/weg_der_erinnerung-120x84.png 120w\" sizes=\"auto, (max-width: 1140px) 100vw, 1140px\" \/>\n","protected":false},"excerpt":{"rendered":"<p>Inaugur\u00e9 en 2007, le \u00abchemin de la m\u00e9moire\u00bb se compose de douze stations avec panneaux d\u2019information. L\u2019itin\u00e9raire m\u00e8ne de la gare de Dachau au centre d\u2019accueil du m\u00e9morial du camp de concentration. Pour parcourir cet itin\u00e9raire de trois kilom\u00e8tres, compter environ 45 minutes de marche. Les panneaux d\u2019information jalonnent le chemin suivi par la majorit\u00e9&#8230; <a class=\"view-article\" href=\"https:\/\/www.kz-gedenkstaette-dachau.de\/fr\/site-historique\/visite-virtuelle-des-environs\/le-chemin-de-la-memoire\/\">Voir l&rsquo;article<\/a><\/p>\n","protected":false},"author":1,"featured_media":0,"parent":64412,"menu_order":300,"comment_status":"closed","ping_status":"closed","template":"page-virtueller_rundgang_unterseite.php","meta":{"_acf_changed":false,"footnotes":""},"class_list":["post-64442","page","type-page","status-publish","hentry"],"acf":[],"yoast_head":"<!-- This site is optimized with the Yoast SEO plugin v27.3 - https:\/\/yoast.com\/product\/yoast-seo-wordpress\/ -->\n<title>Le chemin de la m\u00e9moire - KZ Gedenkst\u00e4tte Dachau<\/title>\n<meta name=\"robots\" content=\"index, follow, max-snippet:-1, max-image-preview:large, max-video-preview:-1\" \/>\n<link rel=\"canonical\" href=\"https:\/\/www.kz-gedenkstaette-dachau.de\/fr\/site-historique\/visite-virtuelle-des-environs\/le-chemin-de-la-memoire\/\" \/>\n<meta property=\"og:locale\" content=\"fr_FR\" \/>\n<meta property=\"og:type\" content=\"article\" \/>\n<meta property=\"og:title\" content=\"Le chemin de la m\u00e9moire - KZ Gedenkst\u00e4tte Dachau\" \/>\n<meta property=\"og:description\" content=\"Inaugur\u00e9 en 2007, le \u00abchemin de la m\u00e9moire\u00bb se compose de douze stations avec panneaux d\u2019information. L\u2019itin\u00e9raire m\u00e8ne de la gare de Dachau au centre d\u2019accueil du m\u00e9morial du camp de concentration. Pour parcourir cet itin\u00e9raire de trois kilom\u00e8tres, compter environ 45 minutes de marche. Les panneaux d\u2019information jalonnent le chemin suivi par la majorit\u00e9... Voir l&#039;article\" \/>\n<meta property=\"og:url\" content=\"https:\/\/www.kz-gedenkstaette-dachau.de\/fr\/site-historique\/visite-virtuelle-des-environs\/le-chemin-de-la-memoire\/\" \/>\n<meta property=\"og:site_name\" content=\"KZ Gedenkst\u00e4tte Dachau\" \/>\n<meta property=\"article:modified_time\" content=\"2020-04-05T12:35:40+00:00\" \/>\n<meta property=\"og:image\" content=\"https:\/\/www.kz-gedenkstaette-dachau.de\/wp-content\/uploads\/2019\/01\/weg_der_erinnerung.png\" \/>\n<meta name=\"twitter:card\" content=\"summary_large_image\" \/>\n<meta name=\"twitter:label1\" content=\"Dur\u00e9e de lecture estim\u00e9e\" \/>\n\t<meta name=\"twitter:data1\" content=\"1 minute\" \/>\n<script type=\"application\/ld+json\" class=\"yoast-schema-graph\">{\"@context\":\"https:\\\/\\\/schema.org\",\"@graph\":[{\"@type\":\"WebPage\",\"@id\":\"https:\\\/\\\/www.kz-gedenkstaette-dachau.de\\\/fr\\\/site-historique\\\/visite-virtuelle-des-environs\\\/le-chemin-de-la-memoire\\\/\",\"url\":\"https:\\\/\\\/www.kz-gedenkstaette-dachau.de\\\/fr\\\/site-historique\\\/visite-virtuelle-des-environs\\\/le-chemin-de-la-memoire\\\/\",\"name\":\"Le chemin de la m\u00e9moire - KZ Gedenkst\u00e4tte Dachau\",\"isPartOf\":{\"@id\":\"https:\\\/\\\/www.kz-gedenkstaette-dachau.de\\\/#website\"},\"primaryImageOfPage\":{\"@id\":\"https:\\\/\\\/www.kz-gedenkstaette-dachau.de\\\/fr\\\/site-historique\\\/visite-virtuelle-des-environs\\\/le-chemin-de-la-memoire\\\/#primaryimage\"},\"image\":{\"@id\":\"https:\\\/\\\/www.kz-gedenkstaette-dachau.de\\\/fr\\\/site-historique\\\/visite-virtuelle-des-environs\\\/le-chemin-de-la-memoire\\\/#primaryimage\"},\"thumbnailUrl\":\"https:\\\/\\\/www.kz-gedenkstaette-dachau.de\\\/wp-content\\\/uploads\\\/2019\\\/01\\\/weg_der_erinnerung.png\",\"datePublished\":\"2018-11-19T14:31:52+00:00\",\"dateModified\":\"2020-04-05T12:35:40+00:00\",\"breadcrumb\":{\"@id\":\"https:\\\/\\\/www.kz-gedenkstaette-dachau.de\\\/fr\\\/site-historique\\\/visite-virtuelle-des-environs\\\/le-chemin-de-la-memoire\\\/#breadcrumb\"},\"inLanguage\":\"fr-FR\",\"potentialAction\":[{\"@type\":\"ReadAction\",\"target\":[\"https:\\\/\\\/www.kz-gedenkstaette-dachau.de\\\/fr\\\/site-historique\\\/visite-virtuelle-des-environs\\\/le-chemin-de-la-memoire\\\/\"]}]},{\"@type\":\"ImageObject\",\"inLanguage\":\"fr-FR\",\"@id\":\"https:\\\/\\\/www.kz-gedenkstaette-dachau.de\\\/fr\\\/site-historique\\\/visite-virtuelle-des-environs\\\/le-chemin-de-la-memoire\\\/#primaryimage\",\"url\":\"https:\\\/\\\/www.kz-gedenkstaette-dachau.de\\\/wp-content\\\/uploads\\\/2019\\\/01\\\/weg_der_erinnerung.png\",\"contentUrl\":\"https:\\\/\\\/www.kz-gedenkstaette-dachau.de\\\/wp-content\\\/uploads\\\/2019\\\/01\\\/weg_der_erinnerung.png\"},{\"@type\":\"BreadcrumbList\",\"@id\":\"https:\\\/\\\/www.kz-gedenkstaette-dachau.de\\\/fr\\\/site-historique\\\/visite-virtuelle-des-environs\\\/le-chemin-de-la-memoire\\\/#breadcrumb\",\"itemListElement\":[{\"@type\":\"ListItem\",\"position\":1,\"name\":\"Page d'accueil\",\"item\":\"https:\\\/\\\/www.kz-gedenkstaette-dachau.de\\\/fr\\\/\"},{\"@type\":\"ListItem\",\"position\":2,\"name\":\"Site historique\",\"item\":\"https:\\\/\\\/www.kz-gedenkstaette-dachau.de\\\/fr\\\/site-historique\\\/\"},{\"@type\":\"ListItem\",\"position\":3,\"name\":\"Visite virtuelle des environs\",\"item\":\"https:\\\/\\\/www.kz-gedenkstaette-dachau.de\\\/fr\\\/site-historique\\\/visite-virtuelle-des-environs\\\/\"},{\"@type\":\"ListItem\",\"position\":4,\"name\":\"Le chemin de la m\u00e9moire\"}]},{\"@type\":\"WebSite\",\"@id\":\"https:\\\/\\\/www.kz-gedenkstaette-dachau.de\\\/#website\",\"url\":\"https:\\\/\\\/www.kz-gedenkstaette-dachau.de\\\/\",\"name\":\"KZ Gedenkst\u00e4tte Dachau\",\"description\":\"\",\"potentialAction\":[{\"@type\":\"SearchAction\",\"target\":{\"@type\":\"EntryPoint\",\"urlTemplate\":\"https:\\\/\\\/www.kz-gedenkstaette-dachau.de\\\/?s={search_term_string}\"},\"query-input\":{\"@type\":\"PropertyValueSpecification\",\"valueRequired\":true,\"valueName\":\"search_term_string\"}}],\"inLanguage\":\"fr-FR\"}]}<\/script>\n<!-- \/ Yoast SEO plugin. -->","yoast_head_json":{"title":"Le chemin de la m\u00e9moire - KZ Gedenkst\u00e4tte Dachau","robots":{"index":"index","follow":"follow","max-snippet":"max-snippet:-1","max-image-preview":"max-image-preview:large","max-video-preview":"max-video-preview:-1"},"canonical":"https:\/\/www.kz-gedenkstaette-dachau.de\/fr\/site-historique\/visite-virtuelle-des-environs\/le-chemin-de-la-memoire\/","og_locale":"fr_FR","og_type":"article","og_title":"Le chemin de la m\u00e9moire - KZ Gedenkst\u00e4tte Dachau","og_description":"Inaugur\u00e9 en 2007, le \u00abchemin de la m\u00e9moire\u00bb se compose de douze stations avec panneaux d\u2019information. L\u2019itin\u00e9raire m\u00e8ne de la gare de Dachau au centre d\u2019accueil du m\u00e9morial du camp de concentration. Pour parcourir cet itin\u00e9raire de trois kilom\u00e8tres, compter environ 45 minutes de marche. Les panneaux d\u2019information jalonnent le chemin suivi par la majorit\u00e9... Voir l'article","og_url":"https:\/\/www.kz-gedenkstaette-dachau.de\/fr\/site-historique\/visite-virtuelle-des-environs\/le-chemin-de-la-memoire\/","og_site_name":"KZ Gedenkst\u00e4tte Dachau","article_modified_time":"2020-04-05T12:35:40+00:00","og_image":[{"url":"https:\/\/www.kz-gedenkstaette-dachau.de\/wp-content\/uploads\/2019\/01\/weg_der_erinnerung.png","type":"","width":"","height":""}],"twitter_card":"summary_large_image","twitter_misc":{"Dur\u00e9e de lecture estim\u00e9e":"1 minute"},"schema":{"@context":"https:\/\/schema.org","@graph":[{"@type":"WebPage","@id":"https:\/\/www.kz-gedenkstaette-dachau.de\/fr\/site-historique\/visite-virtuelle-des-environs\/le-chemin-de-la-memoire\/","url":"https:\/\/www.kz-gedenkstaette-dachau.de\/fr\/site-historique\/visite-virtuelle-des-environs\/le-chemin-de-la-memoire\/","name":"Le chemin de la m\u00e9moire - KZ Gedenkst\u00e4tte Dachau","isPartOf":{"@id":"https:\/\/www.kz-gedenkstaette-dachau.de\/#website"},"primaryImageOfPage":{"@id":"https:\/\/www.kz-gedenkstaette-dachau.de\/fr\/site-historique\/visite-virtuelle-des-environs\/le-chemin-de-la-memoire\/#primaryimage"},"image":{"@id":"https:\/\/www.kz-gedenkstaette-dachau.de\/fr\/site-historique\/visite-virtuelle-des-environs\/le-chemin-de-la-memoire\/#primaryimage"},"thumbnailUrl":"https:\/\/www.kz-gedenkstaette-dachau.de\/wp-content\/uploads\/2019\/01\/weg_der_erinnerung.png","datePublished":"2018-11-19T14:31:52+00:00","dateModified":"2020-04-05T12:35:40+00:00","breadcrumb":{"@id":"https:\/\/www.kz-gedenkstaette-dachau.de\/fr\/site-historique\/visite-virtuelle-des-environs\/le-chemin-de-la-memoire\/#breadcrumb"},"inLanguage":"fr-FR","potentialAction":[{"@type":"ReadAction","target":["https:\/\/www.kz-gedenkstaette-dachau.de\/fr\/site-historique\/visite-virtuelle-des-environs\/le-chemin-de-la-memoire\/"]}]},{"@type":"ImageObject","inLanguage":"fr-FR","@id":"https:\/\/www.kz-gedenkstaette-dachau.de\/fr\/site-historique\/visite-virtuelle-des-environs\/le-chemin-de-la-memoire\/#primaryimage","url":"https:\/\/www.kz-gedenkstaette-dachau.de\/wp-content\/uploads\/2019\/01\/weg_der_erinnerung.png","contentUrl":"https:\/\/www.kz-gedenkstaette-dachau.de\/wp-content\/uploads\/2019\/01\/weg_der_erinnerung.png"},{"@type":"BreadcrumbList","@id":"https:\/\/www.kz-gedenkstaette-dachau.de\/fr\/site-historique\/visite-virtuelle-des-environs\/le-chemin-de-la-memoire\/#breadcrumb","itemListElement":[{"@type":"ListItem","position":1,"name":"Page d'accueil","item":"https:\/\/www.kz-gedenkstaette-dachau.de\/fr\/"},{"@type":"ListItem","position":2,"name":"Site historique","item":"https:\/\/www.kz-gedenkstaette-dachau.de\/fr\/site-historique\/"},{"@type":"ListItem","position":3,"name":"Visite virtuelle des environs","item":"https:\/\/www.kz-gedenkstaette-dachau.de\/fr\/site-historique\/visite-virtuelle-des-environs\/"},{"@type":"ListItem","position":4,"name":"Le chemin de la m\u00e9moire"}]},{"@type":"WebSite","@id":"https:\/\/www.kz-gedenkstaette-dachau.de\/#website","url":"https:\/\/www.kz-gedenkstaette-dachau.de\/","name":"KZ Gedenkst\u00e4tte Dachau","description":"","potentialAction":[{"@type":"SearchAction","target":{"@type":"EntryPoint","urlTemplate":"https:\/\/www.kz-gedenkstaette-dachau.de\/?s={search_term_string}"},"query-input":{"@type":"PropertyValueSpecification","valueRequired":true,"valueName":"search_term_string"}}],"inLanguage":"fr-FR"}]}},"_links":{"self":[{"href":"https:\/\/www.kz-gedenkstaette-dachau.de\/fr\/wp-json\/wp\/v2\/pages\/64442","targetHints":{"allow":["GET"]}}],"collection":[{"href":"https:\/\/www.kz-gedenkstaette-dachau.de\/fr\/wp-json\/wp\/v2\/pages"}],"about":[{"href":"https:\/\/www.kz-gedenkstaette-dachau.de\/fr\/wp-json\/wp\/v2\/types\/page"}],"author":[{"embeddable":true,"href":"https:\/\/www.kz-gedenkstaette-dachau.de\/fr\/wp-json\/wp\/v2\/users\/1"}],"replies":[{"embeddable":true,"href":"https:\/\/www.kz-gedenkstaette-dachau.de\/fr\/wp-json\/wp\/v2\/comments?post=64442"}],"version-history":[{"count":0,"href":"https:\/\/www.kz-gedenkstaette-dachau.de\/fr\/wp-json\/wp\/v2\/pages\/64442\/revisions"}],"up":[{"embeddable":true,"href":"https:\/\/www.kz-gedenkstaette-dachau.de\/fr\/wp-json\/wp\/v2\/pages\/64412"}],"wp:attachment":[{"href":"https:\/\/www.kz-gedenkstaette-dachau.de\/fr\/wp-json\/wp\/v2\/media?parent=64442"}],"curies":[{"name":"wp","href":"https:\/\/api.w.org\/{rel}","templated":true}]}}