{"id":64445,"date":"2018-11-19T15:33:52","date_gmt":"2018-11-19T14:33:52","guid":{"rendered":"https:\/\/www.kz-gedenkstaette-dachau.de\/site-historique\/visite-virtuelle-des-environs\/gleisstueck-zum-ss-lager\/"},"modified":"2020-02-21T10:43:00","modified_gmt":"2020-02-21T09:43:00","slug":"troncon-de-la-voie-ferree-menant-au-camp-ss","status":"publish","type":"page","link":"https:\/\/www.kz-gedenkstaette-dachau.de\/fr\/site-historique\/visite-virtuelle-des-environs\/troncon-de-la-voie-ferree-menant-au-camp-ss\/","title":{"rendered":"Tron\u00e7on de la voie ferr\u00e9e menant au camp SS"},"content":{"rendered":"<p>De la gare de Dachau, une voie ferr\u00e9e secondaire menait au camp SS. Les SS transportaient une partie des prisonniers dans des wagons de marchandises jusqu\u2019\u00e0 leur lieu d\u2019incarc\u00e9ration. Les d\u00e9tenus ainsi convoy\u00e9s passaient par l\u2019entr\u00e9e ouest du camp SS et parvenaient au secteur des casernes SS. La voie secondaire a \u00e9t\u00e9 d\u00e9mantel\u00e9e en 1984. Pr\u00e8s de l\u2019ancienne entr\u00e9e du secteur SS, o\u00f9 se trouve aujourd\u2019hui l\u2019Isar-Amperwerke-Stra\u00dfe, un petit tron\u00e7on des rails a \u00e9t\u00e9 conserv\u00e9. Le panneau n<sup>o<\/sup>\u00a04 du \u00ab\u00a0chemin de la m\u00e9moire\u00a0\u00bb marque cet endroit.<\/p>\n<p>Deux jours avant la lib\u00e9ration du camp de Dachau, le 29 avril 1945, un convoi de d\u00e9tenus arriva en provenance du camp de concentration de Buchenwald. Transportant 4\u00a0480 prisonniers, le train \u00e9tait en route depuis 21 jours. Les SS avaient entass\u00e9 les d\u00e9port\u00e9s dans des wagons de marchandises sans quasiment leur fournir de nourriture ou d\u2019eau. Au cours du voyage, des milliers de prisonniers moururent de faim et d\u2019\u00e9puisement, ou furent abattus par les SS. C\u2019est un train rempli de morts et de mourants qui arriva \u00e0 Dachau. Seules 816 personnes avaient surv\u00e9cu au transport. Les SS refus\u00e8rent de laisser entrer le convoi dans leur camp, et le train resta donc arr\u00eat\u00e9 sur les voies qui se trouvaient devant. Lorsque les troupes am\u00e9ricaines arriv\u00e8rent au camp de Dachau, elles trouv\u00e8rent les cadavres amoncel\u00e9s dans les wagons, une impression qui traumatisa de nombreux soldats.<\/p>\n","protected":false},"excerpt":{"rendered":"<p>De la gare de Dachau, une voie ferr\u00e9e secondaire menait au camp SS. Les SS transportaient une partie des prisonniers dans des wagons de marchandises jusqu\u2019\u00e0 leur lieu d\u2019incarc\u00e9ration. Les d\u00e9tenus ainsi convoy\u00e9s passaient par l\u2019entr\u00e9e ouest du camp SS et parvenaient au secteur des casernes SS. La voie secondaire a \u00e9t\u00e9 d\u00e9mantel\u00e9e en 1984&#8230;. <a class=\"view-article\" href=\"https:\/\/www.kz-gedenkstaette-dachau.de\/fr\/site-historique\/visite-virtuelle-des-environs\/troncon-de-la-voie-ferree-menant-au-camp-ss\/\">Voir l&rsquo;article<\/a><\/p>\n","protected":false},"author":1,"featured_media":0,"parent":64412,"menu_order":310,"comment_status":"closed","ping_status":"closed","template":"page-virtueller_rundgang_unterseite.php","meta":{"_acf_changed":false,"footnotes":""},"class_list":["post-64445","page","type-page","status-publish","hentry"],"acf":[],"yoast_head":"<!-- This site is optimized with the Yoast SEO plugin v27.3 - https:\/\/yoast.com\/product\/yoast-seo-wordpress\/ -->\n<title>Tron\u00e7on de la voie ferr\u00e9e menant au camp SS - KZ Gedenkst\u00e4tte Dachau<\/title>\n<meta name=\"robots\" content=\"index, follow, max-snippet:-1, max-image-preview:large, max-video-preview:-1\" \/>\n<link rel=\"canonical\" href=\"https:\/\/www.kz-gedenkstaette-dachau.de\/fr\/site-historique\/visite-virtuelle-des-environs\/troncon-de-la-voie-ferree-menant-au-camp-ss\/\" \/>\n<meta property=\"og:locale\" content=\"fr_FR\" \/>\n<meta property=\"og:type\" content=\"article\" \/>\n<meta property=\"og:title\" content=\"Tron\u00e7on de la voie ferr\u00e9e menant au camp SS - KZ Gedenkst\u00e4tte Dachau\" \/>\n<meta property=\"og:description\" content=\"De la gare de Dachau, une voie ferr\u00e9e secondaire menait au camp SS. Les SS transportaient une partie des prisonniers dans des wagons de marchandises jusqu\u2019\u00e0 leur lieu d\u2019incarc\u00e9ration. Les d\u00e9tenus ainsi convoy\u00e9s passaient par l\u2019entr\u00e9e ouest du camp SS et parvenaient au secteur des casernes SS. La voie secondaire a \u00e9t\u00e9 d\u00e9mantel\u00e9e en 1984.... Voir l&#039;article\" \/>\n<meta property=\"og:url\" content=\"https:\/\/www.kz-gedenkstaette-dachau.de\/fr\/site-historique\/visite-virtuelle-des-environs\/troncon-de-la-voie-ferree-menant-au-camp-ss\/\" \/>\n<meta property=\"og:site_name\" content=\"KZ Gedenkst\u00e4tte Dachau\" \/>\n<meta property=\"article:modified_time\" content=\"2020-02-21T09:43:00+00:00\" \/>\n<meta name=\"twitter:card\" content=\"summary_large_image\" \/>\n<meta name=\"twitter:label1\" content=\"Dur\u00e9e de lecture estim\u00e9e\" \/>\n\t<meta name=\"twitter:data1\" content=\"1 minute\" \/>\n<script type=\"application\/ld+json\" class=\"yoast-schema-graph\">{\"@context\":\"https:\\\/\\\/schema.org\",\"@graph\":[{\"@type\":\"WebPage\",\"@id\":\"https:\\\/\\\/www.kz-gedenkstaette-dachau.de\\\/fr\\\/site-historique\\\/visite-virtuelle-des-environs\\\/troncon-de-la-voie-ferree-menant-au-camp-ss\\\/\",\"url\":\"https:\\\/\\\/www.kz-gedenkstaette-dachau.de\\\/fr\\\/site-historique\\\/visite-virtuelle-des-environs\\\/troncon-de-la-voie-ferree-menant-au-camp-ss\\\/\",\"name\":\"Tron\u00e7on de la voie ferr\u00e9e menant au camp SS - KZ Gedenkst\u00e4tte Dachau\",\"isPartOf\":{\"@id\":\"https:\\\/\\\/www.kz-gedenkstaette-dachau.de\\\/#website\"},\"datePublished\":\"2018-11-19T14:33:52+00:00\",\"dateModified\":\"2020-02-21T09:43:00+00:00\",\"breadcrumb\":{\"@id\":\"https:\\\/\\\/www.kz-gedenkstaette-dachau.de\\\/fr\\\/site-historique\\\/visite-virtuelle-des-environs\\\/troncon-de-la-voie-ferree-menant-au-camp-ss\\\/#breadcrumb\"},\"inLanguage\":\"fr-FR\",\"potentialAction\":[{\"@type\":\"ReadAction\",\"target\":[\"https:\\\/\\\/www.kz-gedenkstaette-dachau.de\\\/fr\\\/site-historique\\\/visite-virtuelle-des-environs\\\/troncon-de-la-voie-ferree-menant-au-camp-ss\\\/\"]}]},{\"@type\":\"BreadcrumbList\",\"@id\":\"https:\\\/\\\/www.kz-gedenkstaette-dachau.de\\\/fr\\\/site-historique\\\/visite-virtuelle-des-environs\\\/troncon-de-la-voie-ferree-menant-au-camp-ss\\\/#breadcrumb\",\"itemListElement\":[{\"@type\":\"ListItem\",\"position\":1,\"name\":\"Page d'accueil\",\"item\":\"https:\\\/\\\/www.kz-gedenkstaette-dachau.de\\\/fr\\\/\"},{\"@type\":\"ListItem\",\"position\":2,\"name\":\"Site historique\",\"item\":\"https:\\\/\\\/www.kz-gedenkstaette-dachau.de\\\/fr\\\/site-historique\\\/\"},{\"@type\":\"ListItem\",\"position\":3,\"name\":\"Visite virtuelle des environs\",\"item\":\"https:\\\/\\\/www.kz-gedenkstaette-dachau.de\\\/fr\\\/site-historique\\\/visite-virtuelle-des-environs\\\/\"},{\"@type\":\"ListItem\",\"position\":4,\"name\":\"Tron\u00e7on de la voie ferr\u00e9e menant au camp SS\"}]},{\"@type\":\"WebSite\",\"@id\":\"https:\\\/\\\/www.kz-gedenkstaette-dachau.de\\\/#website\",\"url\":\"https:\\\/\\\/www.kz-gedenkstaette-dachau.de\\\/\",\"name\":\"KZ Gedenkst\u00e4tte Dachau\",\"description\":\"\",\"potentialAction\":[{\"@type\":\"SearchAction\",\"target\":{\"@type\":\"EntryPoint\",\"urlTemplate\":\"https:\\\/\\\/www.kz-gedenkstaette-dachau.de\\\/?s={search_term_string}\"},\"query-input\":{\"@type\":\"PropertyValueSpecification\",\"valueRequired\":true,\"valueName\":\"search_term_string\"}}],\"inLanguage\":\"fr-FR\"}]}<\/script>\n<!-- \/ Yoast SEO plugin. -->","yoast_head_json":{"title":"Tron\u00e7on de la voie ferr\u00e9e menant au camp SS - KZ Gedenkst\u00e4tte Dachau","robots":{"index":"index","follow":"follow","max-snippet":"max-snippet:-1","max-image-preview":"max-image-preview:large","max-video-preview":"max-video-preview:-1"},"canonical":"https:\/\/www.kz-gedenkstaette-dachau.de\/fr\/site-historique\/visite-virtuelle-des-environs\/troncon-de-la-voie-ferree-menant-au-camp-ss\/","og_locale":"fr_FR","og_type":"article","og_title":"Tron\u00e7on de la voie ferr\u00e9e menant au camp SS - KZ Gedenkst\u00e4tte Dachau","og_description":"De la gare de Dachau, une voie ferr\u00e9e secondaire menait au camp SS. Les SS transportaient une partie des prisonniers dans des wagons de marchandises jusqu\u2019\u00e0 leur lieu d\u2019incarc\u00e9ration. Les d\u00e9tenus ainsi convoy\u00e9s passaient par l\u2019entr\u00e9e ouest du camp SS et parvenaient au secteur des casernes SS. La voie secondaire a \u00e9t\u00e9 d\u00e9mantel\u00e9e en 1984.... Voir l'article","og_url":"https:\/\/www.kz-gedenkstaette-dachau.de\/fr\/site-historique\/visite-virtuelle-des-environs\/troncon-de-la-voie-ferree-menant-au-camp-ss\/","og_site_name":"KZ Gedenkst\u00e4tte Dachau","article_modified_time":"2020-02-21T09:43:00+00:00","twitter_card":"summary_large_image","twitter_misc":{"Dur\u00e9e de lecture estim\u00e9e":"1 minute"},"schema":{"@context":"https:\/\/schema.org","@graph":[{"@type":"WebPage","@id":"https:\/\/www.kz-gedenkstaette-dachau.de\/fr\/site-historique\/visite-virtuelle-des-environs\/troncon-de-la-voie-ferree-menant-au-camp-ss\/","url":"https:\/\/www.kz-gedenkstaette-dachau.de\/fr\/site-historique\/visite-virtuelle-des-environs\/troncon-de-la-voie-ferree-menant-au-camp-ss\/","name":"Tron\u00e7on de la voie ferr\u00e9e menant au camp SS - KZ Gedenkst\u00e4tte Dachau","isPartOf":{"@id":"https:\/\/www.kz-gedenkstaette-dachau.de\/#website"},"datePublished":"2018-11-19T14:33:52+00:00","dateModified":"2020-02-21T09:43:00+00:00","breadcrumb":{"@id":"https:\/\/www.kz-gedenkstaette-dachau.de\/fr\/site-historique\/visite-virtuelle-des-environs\/troncon-de-la-voie-ferree-menant-au-camp-ss\/#breadcrumb"},"inLanguage":"fr-FR","potentialAction":[{"@type":"ReadAction","target":["https:\/\/www.kz-gedenkstaette-dachau.de\/fr\/site-historique\/visite-virtuelle-des-environs\/troncon-de-la-voie-ferree-menant-au-camp-ss\/"]}]},{"@type":"BreadcrumbList","@id":"https:\/\/www.kz-gedenkstaette-dachau.de\/fr\/site-historique\/visite-virtuelle-des-environs\/troncon-de-la-voie-ferree-menant-au-camp-ss\/#breadcrumb","itemListElement":[{"@type":"ListItem","position":1,"name":"Page d'accueil","item":"https:\/\/www.kz-gedenkstaette-dachau.de\/fr\/"},{"@type":"ListItem","position":2,"name":"Site historique","item":"https:\/\/www.kz-gedenkstaette-dachau.de\/fr\/site-historique\/"},{"@type":"ListItem","position":3,"name":"Visite virtuelle des environs","item":"https:\/\/www.kz-gedenkstaette-dachau.de\/fr\/site-historique\/visite-virtuelle-des-environs\/"},{"@type":"ListItem","position":4,"name":"Tron\u00e7on de la voie ferr\u00e9e menant au camp SS"}]},{"@type":"WebSite","@id":"https:\/\/www.kz-gedenkstaette-dachau.de\/#website","url":"https:\/\/www.kz-gedenkstaette-dachau.de\/","name":"KZ Gedenkst\u00e4tte Dachau","description":"","potentialAction":[{"@type":"SearchAction","target":{"@type":"EntryPoint","urlTemplate":"https:\/\/www.kz-gedenkstaette-dachau.de\/?s={search_term_string}"},"query-input":{"@type":"PropertyValueSpecification","valueRequired":true,"valueName":"search_term_string"}}],"inLanguage":"fr-FR"}]}},"_links":{"self":[{"href":"https:\/\/www.kz-gedenkstaette-dachau.de\/fr\/wp-json\/wp\/v2\/pages\/64445","targetHints":{"allow":["GET"]}}],"collection":[{"href":"https:\/\/www.kz-gedenkstaette-dachau.de\/fr\/wp-json\/wp\/v2\/pages"}],"about":[{"href":"https:\/\/www.kz-gedenkstaette-dachau.de\/fr\/wp-json\/wp\/v2\/types\/page"}],"author":[{"embeddable":true,"href":"https:\/\/www.kz-gedenkstaette-dachau.de\/fr\/wp-json\/wp\/v2\/users\/1"}],"replies":[{"embeddable":true,"href":"https:\/\/www.kz-gedenkstaette-dachau.de\/fr\/wp-json\/wp\/v2\/comments?post=64445"}],"version-history":[{"count":0,"href":"https:\/\/www.kz-gedenkstaette-dachau.de\/fr\/wp-json\/wp\/v2\/pages\/64445\/revisions"}],"up":[{"embeddable":true,"href":"https:\/\/www.kz-gedenkstaette-dachau.de\/fr\/wp-json\/wp\/v2\/pages\/64412"}],"wp:attachment":[{"href":"https:\/\/www.kz-gedenkstaette-dachau.de\/fr\/wp-json\/wp\/v2\/media?parent=64445"}],"curies":[{"name":"wp","href":"https:\/\/api.w.org\/{rel}","templated":true}]}}