{"id":64449,"date":"2018-11-19T15:36:41","date_gmt":"2018-11-19T14:36:41","guid":{"rendered":"https:\/\/www.kz-gedenkstaette-dachau.de\/site-historique\/visite-virtuelle-des-environs\/ss-siedlung\/"},"modified":"2020-02-29T18:57:39","modified_gmt":"2020-02-29T17:57:39","slug":"quartier-residentiel-des-ss","status":"publish","type":"page","link":"https:\/\/www.kz-gedenkstaette-dachau.de\/fr\/site-historique\/visite-virtuelle-des-environs\/quartier-residentiel-des-ss\/","title":{"rendered":"Quartier r\u00e9sidentiel des SS"},"content":{"rendered":"<p>Au sud du camp SS se trouvaient les maisons et les villas des SS originaires de Dachau. Ils vivaient avec leur famille dans ce quartier, accessible au public.<\/p>\n<p>Dans l\u2019ancienne \u00ab\u00a0Stra\u00dfe der SS\u00a0\u00bb (\u00ab\u00a0rue des SS\u00a0\u00bb), aujourd\u2019hui \u00ab\u00a0Stra\u00dfe der KZ-Opfer\u00a0\u00bb (\u00ab\u00a0rue des Victimes des camps de concentration\u00a0\u00bb), se trouvaient un certain nombre de villas des SS. Les b\u00e2timents, datant de la Premi\u00e8re Guerre mondiale, \u00e9taient ceux de l\u2019ancienne usine de poudre et de munitions. Les maisons existant encore aujourd\u2019hui furent utilis\u00e9es par l\u2019arm\u00e9e am\u00e9ricaine apr\u00e8s la lib\u00e9ration. Elles abritent actuellement les bureaux de la police anti-\u00e9meute bavaroise. Le panneau n<sup>o<\/sup>\u00a07 du \u00ab\u00a0chemin de la m\u00e9moire\u00a0\u00bb \u00e9voque l\u2019histoire des b\u00e2timents.<\/p>\n<p>La \u00ab Theodor-Eicke-Platz \u00bb, du nom du deuxi\u00e8me commandant du camp, s\u2019\u00e9tendait le long de l\u2019actuelle \u00ab Pater-Roth-Stra\u00dfe \u00bb. Construit par des d\u00e9port\u00e9s, l\u2019ensemble comprenait des b\u00e2timents r\u00e9sidentiels, mais aussi une boulangerie, un magasin, une auberge, un bureau de poste et un \u00ab centre communautaire \u00bb avec salles de r\u00e9union. Cette zone est aujourd\u2019hui un quartier r\u00e9sidentiel.<\/p>\n","protected":false},"excerpt":{"rendered":"<p>Au sud du camp SS se trouvaient les maisons et les villas des SS originaires de Dachau. Ils vivaient avec leur famille dans ce quartier, accessible au public. Dans l\u2019ancienne \u00ab\u00a0Stra\u00dfe der SS\u00a0\u00bb (\u00ab\u00a0rue des SS\u00a0\u00bb), aujourd\u2019hui \u00ab\u00a0Stra\u00dfe der KZ-Opfer\u00a0\u00bb (\u00ab\u00a0rue des Victimes des camps de concentration\u00a0\u00bb), se trouvaient un certain nombre de villas des&#8230; <a class=\"view-article\" href=\"https:\/\/www.kz-gedenkstaette-dachau.de\/fr\/site-historique\/visite-virtuelle-des-environs\/quartier-residentiel-des-ss\/\">Voir l&rsquo;article<\/a><\/p>\n","protected":false},"author":1,"featured_media":0,"parent":64412,"menu_order":320,"comment_status":"closed","ping_status":"closed","template":"page-virtueller_rundgang_unterseite.php","meta":{"_acf_changed":false,"footnotes":""},"class_list":["post-64449","page","type-page","status-publish","hentry"],"acf":[],"yoast_head":"<!-- This site is optimized with the Yoast SEO plugin v27.3 - https:\/\/yoast.com\/product\/yoast-seo-wordpress\/ -->\n<title>Quartier r\u00e9sidentiel des SS - KZ Gedenkst\u00e4tte Dachau<\/title>\n<meta name=\"robots\" content=\"index, follow, max-snippet:-1, max-image-preview:large, max-video-preview:-1\" \/>\n<link rel=\"canonical\" href=\"https:\/\/www.kz-gedenkstaette-dachau.de\/fr\/site-historique\/visite-virtuelle-des-environs\/quartier-residentiel-des-ss\/\" \/>\n<meta property=\"og:locale\" content=\"fr_FR\" \/>\n<meta property=\"og:type\" content=\"article\" \/>\n<meta property=\"og:title\" content=\"Quartier r\u00e9sidentiel des SS - KZ Gedenkst\u00e4tte Dachau\" \/>\n<meta property=\"og:description\" content=\"Au sud du camp SS se trouvaient les maisons et les villas des SS originaires de Dachau. Ils vivaient avec leur famille dans ce quartier, accessible au public. Dans l\u2019ancienne \u00ab\u00a0Stra\u00dfe der SS\u00a0\u00bb (\u00ab\u00a0rue des SS\u00a0\u00bb), aujourd\u2019hui \u00ab\u00a0Stra\u00dfe der KZ-Opfer\u00a0\u00bb (\u00ab\u00a0rue des Victimes des camps de concentration\u00a0\u00bb), se trouvaient un certain nombre de villas des... Voir l&#039;article\" \/>\n<meta property=\"og:url\" content=\"https:\/\/www.kz-gedenkstaette-dachau.de\/fr\/site-historique\/visite-virtuelle-des-environs\/quartier-residentiel-des-ss\/\" \/>\n<meta property=\"og:site_name\" content=\"KZ Gedenkst\u00e4tte Dachau\" \/>\n<meta property=\"article:modified_time\" content=\"2020-02-29T17:57:39+00:00\" \/>\n<meta name=\"twitter:card\" content=\"summary_large_image\" \/>\n<meta name=\"twitter:label1\" content=\"Dur\u00e9e de lecture estim\u00e9e\" \/>\n\t<meta name=\"twitter:data1\" content=\"1 minute\" \/>\n<script type=\"application\/ld+json\" class=\"yoast-schema-graph\">{\"@context\":\"https:\\\/\\\/schema.org\",\"@graph\":[{\"@type\":\"WebPage\",\"@id\":\"https:\\\/\\\/www.kz-gedenkstaette-dachau.de\\\/fr\\\/site-historique\\\/visite-virtuelle-des-environs\\\/quartier-residentiel-des-ss\\\/\",\"url\":\"https:\\\/\\\/www.kz-gedenkstaette-dachau.de\\\/fr\\\/site-historique\\\/visite-virtuelle-des-environs\\\/quartier-residentiel-des-ss\\\/\",\"name\":\"Quartier r\u00e9sidentiel des SS - KZ Gedenkst\u00e4tte Dachau\",\"isPartOf\":{\"@id\":\"https:\\\/\\\/www.kz-gedenkstaette-dachau.de\\\/#website\"},\"datePublished\":\"2018-11-19T14:36:41+00:00\",\"dateModified\":\"2020-02-29T17:57:39+00:00\",\"breadcrumb\":{\"@id\":\"https:\\\/\\\/www.kz-gedenkstaette-dachau.de\\\/fr\\\/site-historique\\\/visite-virtuelle-des-environs\\\/quartier-residentiel-des-ss\\\/#breadcrumb\"},\"inLanguage\":\"fr-FR\",\"potentialAction\":[{\"@type\":\"ReadAction\",\"target\":[\"https:\\\/\\\/www.kz-gedenkstaette-dachau.de\\\/fr\\\/site-historique\\\/visite-virtuelle-des-environs\\\/quartier-residentiel-des-ss\\\/\"]}]},{\"@type\":\"BreadcrumbList\",\"@id\":\"https:\\\/\\\/www.kz-gedenkstaette-dachau.de\\\/fr\\\/site-historique\\\/visite-virtuelle-des-environs\\\/quartier-residentiel-des-ss\\\/#breadcrumb\",\"itemListElement\":[{\"@type\":\"ListItem\",\"position\":1,\"name\":\"Page d'accueil\",\"item\":\"https:\\\/\\\/www.kz-gedenkstaette-dachau.de\\\/fr\\\/\"},{\"@type\":\"ListItem\",\"position\":2,\"name\":\"Site historique\",\"item\":\"https:\\\/\\\/www.kz-gedenkstaette-dachau.de\\\/fr\\\/site-historique\\\/\"},{\"@type\":\"ListItem\",\"position\":3,\"name\":\"Visite virtuelle des environs\",\"item\":\"https:\\\/\\\/www.kz-gedenkstaette-dachau.de\\\/fr\\\/site-historique\\\/visite-virtuelle-des-environs\\\/\"},{\"@type\":\"ListItem\",\"position\":4,\"name\":\"Quartier r\u00e9sidentiel des SS\"}]},{\"@type\":\"WebSite\",\"@id\":\"https:\\\/\\\/www.kz-gedenkstaette-dachau.de\\\/#website\",\"url\":\"https:\\\/\\\/www.kz-gedenkstaette-dachau.de\\\/\",\"name\":\"KZ Gedenkst\u00e4tte Dachau\",\"description\":\"\",\"potentialAction\":[{\"@type\":\"SearchAction\",\"target\":{\"@type\":\"EntryPoint\",\"urlTemplate\":\"https:\\\/\\\/www.kz-gedenkstaette-dachau.de\\\/?s={search_term_string}\"},\"query-input\":{\"@type\":\"PropertyValueSpecification\",\"valueRequired\":true,\"valueName\":\"search_term_string\"}}],\"inLanguage\":\"fr-FR\"}]}<\/script>\n<!-- \/ Yoast SEO plugin. -->","yoast_head_json":{"title":"Quartier r\u00e9sidentiel des SS - KZ Gedenkst\u00e4tte Dachau","robots":{"index":"index","follow":"follow","max-snippet":"max-snippet:-1","max-image-preview":"max-image-preview:large","max-video-preview":"max-video-preview:-1"},"canonical":"https:\/\/www.kz-gedenkstaette-dachau.de\/fr\/site-historique\/visite-virtuelle-des-environs\/quartier-residentiel-des-ss\/","og_locale":"fr_FR","og_type":"article","og_title":"Quartier r\u00e9sidentiel des SS - KZ Gedenkst\u00e4tte Dachau","og_description":"Au sud du camp SS se trouvaient les maisons et les villas des SS originaires de Dachau. Ils vivaient avec leur famille dans ce quartier, accessible au public. Dans l\u2019ancienne \u00ab\u00a0Stra\u00dfe der SS\u00a0\u00bb (\u00ab\u00a0rue des SS\u00a0\u00bb), aujourd\u2019hui \u00ab\u00a0Stra\u00dfe der KZ-Opfer\u00a0\u00bb (\u00ab\u00a0rue des Victimes des camps de concentration\u00a0\u00bb), se trouvaient un certain nombre de villas des... Voir l'article","og_url":"https:\/\/www.kz-gedenkstaette-dachau.de\/fr\/site-historique\/visite-virtuelle-des-environs\/quartier-residentiel-des-ss\/","og_site_name":"KZ Gedenkst\u00e4tte Dachau","article_modified_time":"2020-02-29T17:57:39+00:00","twitter_card":"summary_large_image","twitter_misc":{"Dur\u00e9e de lecture estim\u00e9e":"1 minute"},"schema":{"@context":"https:\/\/schema.org","@graph":[{"@type":"WebPage","@id":"https:\/\/www.kz-gedenkstaette-dachau.de\/fr\/site-historique\/visite-virtuelle-des-environs\/quartier-residentiel-des-ss\/","url":"https:\/\/www.kz-gedenkstaette-dachau.de\/fr\/site-historique\/visite-virtuelle-des-environs\/quartier-residentiel-des-ss\/","name":"Quartier r\u00e9sidentiel des SS - KZ Gedenkst\u00e4tte Dachau","isPartOf":{"@id":"https:\/\/www.kz-gedenkstaette-dachau.de\/#website"},"datePublished":"2018-11-19T14:36:41+00:00","dateModified":"2020-02-29T17:57:39+00:00","breadcrumb":{"@id":"https:\/\/www.kz-gedenkstaette-dachau.de\/fr\/site-historique\/visite-virtuelle-des-environs\/quartier-residentiel-des-ss\/#breadcrumb"},"inLanguage":"fr-FR","potentialAction":[{"@type":"ReadAction","target":["https:\/\/www.kz-gedenkstaette-dachau.de\/fr\/site-historique\/visite-virtuelle-des-environs\/quartier-residentiel-des-ss\/"]}]},{"@type":"BreadcrumbList","@id":"https:\/\/www.kz-gedenkstaette-dachau.de\/fr\/site-historique\/visite-virtuelle-des-environs\/quartier-residentiel-des-ss\/#breadcrumb","itemListElement":[{"@type":"ListItem","position":1,"name":"Page d'accueil","item":"https:\/\/www.kz-gedenkstaette-dachau.de\/fr\/"},{"@type":"ListItem","position":2,"name":"Site historique","item":"https:\/\/www.kz-gedenkstaette-dachau.de\/fr\/site-historique\/"},{"@type":"ListItem","position":3,"name":"Visite virtuelle des environs","item":"https:\/\/www.kz-gedenkstaette-dachau.de\/fr\/site-historique\/visite-virtuelle-des-environs\/"},{"@type":"ListItem","position":4,"name":"Quartier r\u00e9sidentiel des SS"}]},{"@type":"WebSite","@id":"https:\/\/www.kz-gedenkstaette-dachau.de\/#website","url":"https:\/\/www.kz-gedenkstaette-dachau.de\/","name":"KZ Gedenkst\u00e4tte Dachau","description":"","potentialAction":[{"@type":"SearchAction","target":{"@type":"EntryPoint","urlTemplate":"https:\/\/www.kz-gedenkstaette-dachau.de\/?s={search_term_string}"},"query-input":{"@type":"PropertyValueSpecification","valueRequired":true,"valueName":"search_term_string"}}],"inLanguage":"fr-FR"}]}},"_links":{"self":[{"href":"https:\/\/www.kz-gedenkstaette-dachau.de\/fr\/wp-json\/wp\/v2\/pages\/64449","targetHints":{"allow":["GET"]}}],"collection":[{"href":"https:\/\/www.kz-gedenkstaette-dachau.de\/fr\/wp-json\/wp\/v2\/pages"}],"about":[{"href":"https:\/\/www.kz-gedenkstaette-dachau.de\/fr\/wp-json\/wp\/v2\/types\/page"}],"author":[{"embeddable":true,"href":"https:\/\/www.kz-gedenkstaette-dachau.de\/fr\/wp-json\/wp\/v2\/users\/1"}],"replies":[{"embeddable":true,"href":"https:\/\/www.kz-gedenkstaette-dachau.de\/fr\/wp-json\/wp\/v2\/comments?post=64449"}],"version-history":[{"count":0,"href":"https:\/\/www.kz-gedenkstaette-dachau.de\/fr\/wp-json\/wp\/v2\/pages\/64449\/revisions"}],"up":[{"embeddable":true,"href":"https:\/\/www.kz-gedenkstaette-dachau.de\/fr\/wp-json\/wp\/v2\/pages\/64412"}],"wp:attachment":[{"href":"https:\/\/www.kz-gedenkstaette-dachau.de\/fr\/wp-json\/wp\/v2\/media?parent=64449"}],"curies":[{"name":"wp","href":"https:\/\/api.w.org\/{rel}","templated":true}]}}