{"id":64461,"date":"2018-11-19T15:41:37","date_gmt":"2018-11-19T14:41:37","guid":{"rendered":"https:\/\/www.kz-gedenkstaette-dachau.de\/site-historique\/visite-virtuelle-des-environs\/todesmarsch-mahnmal\/"},"modified":"2020-02-21T10:54:11","modified_gmt":"2020-02-21T09:54:11","slug":"le-monument-commemoratif-des-marches-de-la-mort","status":"publish","type":"page","link":"https:\/\/www.kz-gedenkstaette-dachau.de\/fr\/site-historique\/visite-virtuelle-des-environs\/le-monument-commemoratif-des-marches-de-la-mort\/","title":{"rendered":"Le monument comm\u00e9moratif des marches de la mort"},"content":{"rendered":"<p>Face \u00e0 l\u2019avance des troupes alli\u00e9es, les SS \u00e9vacu\u00e8rent progressivement les camps de concentration \u00e0 partir de l\u2019\u00e9t\u00e9 1944. Marches forc\u00e9es et convois ferroviaires transportaient les prisonniers vers des camps plus \u00e9loign\u00e9s du front. En raison de son emplacement au c\u0153ur du Reich, le camp de concentration de Dachau devint dans un premier temps le point de rencontre des prisonniers venant des camps de concentration d\u2019Auschwitz, Natzweiler-Struthof, Flossenb\u00fcrg et Buchenwald. De nombreux prisonniers n\u2019ont pas surv\u00e9cu aux convois ferroviaires et aux marches.<\/p>\n<p>L\u2019ordre d\u2019\u00e9vacuer le camp de concentration de Dachau et ses annexes ne fut donn\u00e9 que quelques jours avant l\u2019arriv\u00e9e des troupes am\u00e9ricaines. Le 23 avril 1945 d\u00e9buta la liquidation des camps annexes du complexe de Kaufering. Trois jours plus tard, les premi\u00e8res colonnes quittaient le camp principal de Dachau \u00e0 pied en direction du sud. Au moins 25\u00a0000 prisonniers du syst\u00e8me concentrationnaire de Dachau furent d\u00e9port\u00e9s par les SS ou contraints d\u2019entreprendre des marches forc\u00e9es.<\/p>\n<p>Lors de ces marches, \u00e9galement appel\u00e9es \u00ab\u00a0marches de la mort\u00a0\u00bb, un millier de prisonniers au moins perdirent la vie, morts de maladie, de malnutrition et de faiblesse. Quiconque s\u2019effondrait ou s\u2019arr\u00eatait, \u00e0 bout de forces, \u00e9tait assomm\u00e9 ou abattu par les gardes SS. L\u2019itin\u00e9raire traversa de nombreux villages et petites villes. De nombreux habitants furent ainsi t\u00e9moins de la brutalit\u00e9 de ces marches.<\/p>\n<p>Depuis 1989, les communes situ\u00e9es sur le trajet des \u00ab\u00a0marches de la mort\u00a0\u00bb ont \u00e9rig\u00e9 22 \u00ab\u00a0monuments comm\u00e9moratifs des marches de la mort\u00a0\u00bb, tous identiques, \u0153uvres du sculpteur Hubertus von Pilgrim. \u00c0 Dachau, au carrefour de la Theodor-Heuss-Stra\u00dfe et de la Sudetenlandstra\u00dfe, un \u00ab\u00a0monument des marches de la mort\u00a0\u00bb comm\u00e9more depuis 2001 le calvaire des d\u00e9port\u00e9s.<\/p>\n","protected":false},"excerpt":{"rendered":"<p>Face \u00e0 l\u2019avance des troupes alli\u00e9es, les SS \u00e9vacu\u00e8rent progressivement les camps de concentration \u00e0 partir de l\u2019\u00e9t\u00e9 1944. Marches forc\u00e9es et convois ferroviaires transportaient les prisonniers vers des camps plus \u00e9loign\u00e9s du front. En raison de son emplacement au c\u0153ur du Reich, le camp de concentration de Dachau devint dans un premier temps le&#8230; <a class=\"view-article\" href=\"https:\/\/www.kz-gedenkstaette-dachau.de\/fr\/site-historique\/visite-virtuelle-des-environs\/le-monument-commemoratif-des-marches-de-la-mort\/\">Voir l&rsquo;article<\/a><\/p>\n","protected":false},"author":1,"featured_media":0,"parent":64412,"menu_order":600,"comment_status":"closed","ping_status":"closed","template":"page-virtueller_rundgang_unterseite.php","meta":{"_acf_changed":false,"footnotes":""},"class_list":["post-64461","page","type-page","status-publish","hentry"],"acf":[],"yoast_head":"<!-- This site is optimized with the Yoast SEO plugin v27.3 - https:\/\/yoast.com\/product\/yoast-seo-wordpress\/ -->\n<title>Le monument comm\u00e9moratif des marches de la mort - KZ Gedenkst\u00e4tte Dachau<\/title>\n<meta name=\"robots\" content=\"index, follow, max-snippet:-1, max-image-preview:large, max-video-preview:-1\" \/>\n<link rel=\"canonical\" href=\"https:\/\/www.kz-gedenkstaette-dachau.de\/fr\/site-historique\/visite-virtuelle-des-environs\/le-monument-commemoratif-des-marches-de-la-mort\/\" \/>\n<meta property=\"og:locale\" content=\"fr_FR\" \/>\n<meta property=\"og:type\" content=\"article\" \/>\n<meta property=\"og:title\" content=\"Le monument comm\u00e9moratif des marches de la mort - KZ Gedenkst\u00e4tte Dachau\" \/>\n<meta property=\"og:description\" content=\"Face \u00e0 l\u2019avance des troupes alli\u00e9es, les SS \u00e9vacu\u00e8rent progressivement les camps de concentration \u00e0 partir de l\u2019\u00e9t\u00e9 1944. Marches forc\u00e9es et convois ferroviaires transportaient les prisonniers vers des camps plus \u00e9loign\u00e9s du front. En raison de son emplacement au c\u0153ur du Reich, le camp de concentration de Dachau devint dans un premier temps le... Voir l&#039;article\" \/>\n<meta property=\"og:url\" content=\"https:\/\/www.kz-gedenkstaette-dachau.de\/fr\/site-historique\/visite-virtuelle-des-environs\/le-monument-commemoratif-des-marches-de-la-mort\/\" \/>\n<meta property=\"og:site_name\" content=\"KZ Gedenkst\u00e4tte Dachau\" \/>\n<meta property=\"article:modified_time\" content=\"2020-02-21T09:54:11+00:00\" \/>\n<meta name=\"twitter:card\" content=\"summary_large_image\" \/>\n<meta name=\"twitter:label1\" content=\"Dur\u00e9e de lecture estim\u00e9e\" \/>\n\t<meta name=\"twitter:data1\" content=\"2 minutes\" \/>\n<script type=\"application\/ld+json\" class=\"yoast-schema-graph\">{\"@context\":\"https:\\\/\\\/schema.org\",\"@graph\":[{\"@type\":\"WebPage\",\"@id\":\"https:\\\/\\\/www.kz-gedenkstaette-dachau.de\\\/fr\\\/site-historique\\\/visite-virtuelle-des-environs\\\/le-monument-commemoratif-des-marches-de-la-mort\\\/\",\"url\":\"https:\\\/\\\/www.kz-gedenkstaette-dachau.de\\\/fr\\\/site-historique\\\/visite-virtuelle-des-environs\\\/le-monument-commemoratif-des-marches-de-la-mort\\\/\",\"name\":\"Le monument comm\u00e9moratif des marches de la mort - KZ Gedenkst\u00e4tte Dachau\",\"isPartOf\":{\"@id\":\"https:\\\/\\\/www.kz-gedenkstaette-dachau.de\\\/#website\"},\"datePublished\":\"2018-11-19T14:41:37+00:00\",\"dateModified\":\"2020-02-21T09:54:11+00:00\",\"breadcrumb\":{\"@id\":\"https:\\\/\\\/www.kz-gedenkstaette-dachau.de\\\/fr\\\/site-historique\\\/visite-virtuelle-des-environs\\\/le-monument-commemoratif-des-marches-de-la-mort\\\/#breadcrumb\"},\"inLanguage\":\"fr-FR\",\"potentialAction\":[{\"@type\":\"ReadAction\",\"target\":[\"https:\\\/\\\/www.kz-gedenkstaette-dachau.de\\\/fr\\\/site-historique\\\/visite-virtuelle-des-environs\\\/le-monument-commemoratif-des-marches-de-la-mort\\\/\"]}]},{\"@type\":\"BreadcrumbList\",\"@id\":\"https:\\\/\\\/www.kz-gedenkstaette-dachau.de\\\/fr\\\/site-historique\\\/visite-virtuelle-des-environs\\\/le-monument-commemoratif-des-marches-de-la-mort\\\/#breadcrumb\",\"itemListElement\":[{\"@type\":\"ListItem\",\"position\":1,\"name\":\"Page d'accueil\",\"item\":\"https:\\\/\\\/www.kz-gedenkstaette-dachau.de\\\/fr\\\/\"},{\"@type\":\"ListItem\",\"position\":2,\"name\":\"Site historique\",\"item\":\"https:\\\/\\\/www.kz-gedenkstaette-dachau.de\\\/fr\\\/site-historique\\\/\"},{\"@type\":\"ListItem\",\"position\":3,\"name\":\"Visite virtuelle des environs\",\"item\":\"https:\\\/\\\/www.kz-gedenkstaette-dachau.de\\\/fr\\\/site-historique\\\/visite-virtuelle-des-environs\\\/\"},{\"@type\":\"ListItem\",\"position\":4,\"name\":\"Le monument comm\u00e9moratif des marches de la mort\"}]},{\"@type\":\"WebSite\",\"@id\":\"https:\\\/\\\/www.kz-gedenkstaette-dachau.de\\\/#website\",\"url\":\"https:\\\/\\\/www.kz-gedenkstaette-dachau.de\\\/\",\"name\":\"KZ Gedenkst\u00e4tte Dachau\",\"description\":\"\",\"potentialAction\":[{\"@type\":\"SearchAction\",\"target\":{\"@type\":\"EntryPoint\",\"urlTemplate\":\"https:\\\/\\\/www.kz-gedenkstaette-dachau.de\\\/?s={search_term_string}\"},\"query-input\":{\"@type\":\"PropertyValueSpecification\",\"valueRequired\":true,\"valueName\":\"search_term_string\"}}],\"inLanguage\":\"fr-FR\"}]}<\/script>\n<!-- \/ Yoast SEO plugin. -->","yoast_head_json":{"title":"Le monument comm\u00e9moratif des marches de la mort - KZ Gedenkst\u00e4tte Dachau","robots":{"index":"index","follow":"follow","max-snippet":"max-snippet:-1","max-image-preview":"max-image-preview:large","max-video-preview":"max-video-preview:-1"},"canonical":"https:\/\/www.kz-gedenkstaette-dachau.de\/fr\/site-historique\/visite-virtuelle-des-environs\/le-monument-commemoratif-des-marches-de-la-mort\/","og_locale":"fr_FR","og_type":"article","og_title":"Le monument comm\u00e9moratif des marches de la mort - KZ Gedenkst\u00e4tte Dachau","og_description":"Face \u00e0 l\u2019avance des troupes alli\u00e9es, les SS \u00e9vacu\u00e8rent progressivement les camps de concentration \u00e0 partir de l\u2019\u00e9t\u00e9 1944. Marches forc\u00e9es et convois ferroviaires transportaient les prisonniers vers des camps plus \u00e9loign\u00e9s du front. En raison de son emplacement au c\u0153ur du Reich, le camp de concentration de Dachau devint dans un premier temps le... Voir l'article","og_url":"https:\/\/www.kz-gedenkstaette-dachau.de\/fr\/site-historique\/visite-virtuelle-des-environs\/le-monument-commemoratif-des-marches-de-la-mort\/","og_site_name":"KZ Gedenkst\u00e4tte Dachau","article_modified_time":"2020-02-21T09:54:11+00:00","twitter_card":"summary_large_image","twitter_misc":{"Dur\u00e9e de lecture estim\u00e9e":"2 minutes"},"schema":{"@context":"https:\/\/schema.org","@graph":[{"@type":"WebPage","@id":"https:\/\/www.kz-gedenkstaette-dachau.de\/fr\/site-historique\/visite-virtuelle-des-environs\/le-monument-commemoratif-des-marches-de-la-mort\/","url":"https:\/\/www.kz-gedenkstaette-dachau.de\/fr\/site-historique\/visite-virtuelle-des-environs\/le-monument-commemoratif-des-marches-de-la-mort\/","name":"Le monument comm\u00e9moratif des marches de la mort - KZ Gedenkst\u00e4tte Dachau","isPartOf":{"@id":"https:\/\/www.kz-gedenkstaette-dachau.de\/#website"},"datePublished":"2018-11-19T14:41:37+00:00","dateModified":"2020-02-21T09:54:11+00:00","breadcrumb":{"@id":"https:\/\/www.kz-gedenkstaette-dachau.de\/fr\/site-historique\/visite-virtuelle-des-environs\/le-monument-commemoratif-des-marches-de-la-mort\/#breadcrumb"},"inLanguage":"fr-FR","potentialAction":[{"@type":"ReadAction","target":["https:\/\/www.kz-gedenkstaette-dachau.de\/fr\/site-historique\/visite-virtuelle-des-environs\/le-monument-commemoratif-des-marches-de-la-mort\/"]}]},{"@type":"BreadcrumbList","@id":"https:\/\/www.kz-gedenkstaette-dachau.de\/fr\/site-historique\/visite-virtuelle-des-environs\/le-monument-commemoratif-des-marches-de-la-mort\/#breadcrumb","itemListElement":[{"@type":"ListItem","position":1,"name":"Page d'accueil","item":"https:\/\/www.kz-gedenkstaette-dachau.de\/fr\/"},{"@type":"ListItem","position":2,"name":"Site historique","item":"https:\/\/www.kz-gedenkstaette-dachau.de\/fr\/site-historique\/"},{"@type":"ListItem","position":3,"name":"Visite virtuelle des environs","item":"https:\/\/www.kz-gedenkstaette-dachau.de\/fr\/site-historique\/visite-virtuelle-des-environs\/"},{"@type":"ListItem","position":4,"name":"Le monument comm\u00e9moratif des marches de la mort"}]},{"@type":"WebSite","@id":"https:\/\/www.kz-gedenkstaette-dachau.de\/#website","url":"https:\/\/www.kz-gedenkstaette-dachau.de\/","name":"KZ Gedenkst\u00e4tte Dachau","description":"","potentialAction":[{"@type":"SearchAction","target":{"@type":"EntryPoint","urlTemplate":"https:\/\/www.kz-gedenkstaette-dachau.de\/?s={search_term_string}"},"query-input":{"@type":"PropertyValueSpecification","valueRequired":true,"valueName":"search_term_string"}}],"inLanguage":"fr-FR"}]}},"_links":{"self":[{"href":"https:\/\/www.kz-gedenkstaette-dachau.de\/fr\/wp-json\/wp\/v2\/pages\/64461","targetHints":{"allow":["GET"]}}],"collection":[{"href":"https:\/\/www.kz-gedenkstaette-dachau.de\/fr\/wp-json\/wp\/v2\/pages"}],"about":[{"href":"https:\/\/www.kz-gedenkstaette-dachau.de\/fr\/wp-json\/wp\/v2\/types\/page"}],"author":[{"embeddable":true,"href":"https:\/\/www.kz-gedenkstaette-dachau.de\/fr\/wp-json\/wp\/v2\/users\/1"}],"replies":[{"embeddable":true,"href":"https:\/\/www.kz-gedenkstaette-dachau.de\/fr\/wp-json\/wp\/v2\/comments?post=64461"}],"version-history":[{"count":0,"href":"https:\/\/www.kz-gedenkstaette-dachau.de\/fr\/wp-json\/wp\/v2\/pages\/64461\/revisions"}],"up":[{"embeddable":true,"href":"https:\/\/www.kz-gedenkstaette-dachau.de\/fr\/wp-json\/wp\/v2\/pages\/64412"}],"wp:attachment":[{"href":"https:\/\/www.kz-gedenkstaette-dachau.de\/fr\/wp-json\/wp\/v2\/media?parent=64461"}],"curies":[{"name":"wp","href":"https:\/\/api.w.org\/{rel}","templated":true}]}}