{"id":65703,"date":"2018-09-04T12:38:10","date_gmt":"2018-09-04T10:38:10","guid":{"rendered":"https:\/\/www.kz-gedenkstaette-dachau.de\/site-historique\/visite-virtuelle\/wirtschaftsgebaeude\/"},"modified":"2020-03-20T13:32:09","modified_gmt":"2020-03-20T12:32:09","slug":"wirtschaftsgebaeude","status":"publish","type":"page","link":"https:\/\/www.kz-gedenkstaette-dachau.de\/fr\/site-historique\/visite-virtuelle\/wirtschaftsgebaeude\/","title":{"rendered":"L\u2019intendance"},"content":{"rendered":"<p>Dans l\u2019ancienne intendance se trouve aujourd\u2019hui l\u2019exposition principale du m\u00e9morial du camp de concentration de Dachau. L\u2019exposition retrace l\u2019histoire du camp de Dachau et le sort r\u00e9serv\u00e9 aux prisonniers. Le b\u00e2timent abrite \u00e9galement la salle du souvenir, la salle des expositions temporaires, l\u2019administration, ainsi que les archives et la biblioth\u00e8que.<\/p>\n<p>Les SS firent construire ce b\u00e2timent lors de travaux d\u2019agrandissement du camp de d\u00e9tention en 1937\/1938. Divers ateliers, entrep\u00f4ts et salles de services y furent am\u00e9nag\u00e9s. Les SS y faisaient travailler des d\u00e9tenus comme m\u00e9caniciens, \u00e9lectriciens, peintres ou plombiers. Des prisonniers \u00e9taient affect\u00e9s \u00e0 la buanderie et \u00e0 la cuisine des d\u00e9tenus. Malgr\u00e9 l\u2019\u00e9quipement moderne de la cuisine, les d\u00e9tenus souffraient de l\u2019indigence des soins et de la faim.<\/p>\n<p>C\u2019est \u00e9galement dans le b\u00e2timent d\u2019intendance que les SS poursuivaient l\u2019humiliante proc\u00e9dure d\u2019admission des prisonniers nouvellement arriv\u00e9s. Ceux-ci \u00e9taient enregistr\u00e9s dans la salle du greffe, ou \u00ab\u00a0Schubraum\u00a0\u00bb, o\u00f9 ils devaient se s\u00e9parer de leurs v\u00eatements et de leurs effets personnels. Apr\u00e8s un rasage int\u00e9gral, les prisonniers \u00e9taient d\u00e9sinfect\u00e9s et pass\u00e9s \u00e0 la douche. On leur donnait des uniformes de d\u00e9tenus qui \u00e9taient rarement \u00e0 leur taille. Les biens et effets des d\u00e9tenus \u00e9taient conserv\u00e9s par l\u2019administration SS dans un d\u00e9p\u00f4t appel\u00e9 \u00ab\u00a0Effektenkammer\u00a0\u00bb, sous les combles du b\u00e2timent.<\/p>\n<p>\u00c0 partir de 1939 figurait en gros caract\u00e8res blancs sur le toit de l\u2019intendance, face \u00e0 la place d\u2019appel et aux baraquements, une citation d\u2019Heinrich Himmler\u00a0: \u00ab\u00a0Il existe un chemin vers la libert\u00e9. Il est jalonn\u00e9 par\u00a0: l\u2019ob\u00e9issance, l\u2019honn\u00eatet\u00e9, la propret\u00e9, la sobri\u00e9t\u00e9, le z\u00e8le, l\u2019ordre, le sens du sacrifice, la sinc\u00e9rit\u00e9, l\u2019amour de la patrie.\u00a0\u00bb Cette maxime sarcastique soulignait la situation d\u00e9sesp\u00e9r\u00e9e des prisonniers. Apr\u00e8s le d\u00e9but de la guerre, la remise en libert\u00e9 de d\u00e9tenus des camps de concentration devint extr\u00eamement rare.<\/p>\n","protected":false},"excerpt":{"rendered":"<p>Dans l\u2019ancienne intendance se trouve aujourd\u2019hui l\u2019exposition principale du m\u00e9morial du camp de concentration de Dachau. L\u2019exposition retrace l\u2019histoire du camp de Dachau et le sort r\u00e9serv\u00e9 aux prisonniers. Le b\u00e2timent abrite \u00e9galement la salle du souvenir, la salle des expositions temporaires, l\u2019administration, ainsi que les archives et la biblioth\u00e8que. Les SS firent construire ce&#8230; <a class=\"view-article\" href=\"https:\/\/www.kz-gedenkstaette-dachau.de\/fr\/site-historique\/visite-virtuelle\/wirtschaftsgebaeude\/\">Voir l&rsquo;article<\/a><\/p>\n","protected":false},"author":1,"featured_media":0,"parent":62582,"menu_order":700,"comment_status":"closed","ping_status":"closed","template":"page-virtueller_rundgang_unterseite.php","meta":{"_acf_changed":false,"footnotes":""},"class_list":["post-65703","page","type-page","status-publish","hentry"],"acf":[],"yoast_head":"<!-- This site is optimized with the Yoast SEO plugin v27.3 - https:\/\/yoast.com\/product\/yoast-seo-wordpress\/ -->\n<title>L\u2019intendance - KZ Gedenkst\u00e4tte Dachau<\/title>\n<meta name=\"robots\" content=\"index, follow, max-snippet:-1, max-image-preview:large, max-video-preview:-1\" \/>\n<link rel=\"canonical\" href=\"https:\/\/www.kz-gedenkstaette-dachau.de\/fr\/site-historique\/visite-virtuelle\/wirtschaftsgebaeude\/\" \/>\n<meta property=\"og:locale\" content=\"fr_FR\" \/>\n<meta property=\"og:type\" content=\"article\" \/>\n<meta property=\"og:title\" content=\"L\u2019intendance - KZ Gedenkst\u00e4tte Dachau\" \/>\n<meta property=\"og:description\" content=\"Dans l\u2019ancienne intendance se trouve aujourd\u2019hui l\u2019exposition principale du m\u00e9morial du camp de concentration de Dachau. L\u2019exposition retrace l\u2019histoire du camp de Dachau et le sort r\u00e9serv\u00e9 aux prisonniers. Le b\u00e2timent abrite \u00e9galement la salle du souvenir, la salle des expositions temporaires, l\u2019administration, ainsi que les archives et la biblioth\u00e8que. Les SS firent construire ce... Voir l&#039;article\" \/>\n<meta property=\"og:url\" content=\"https:\/\/www.kz-gedenkstaette-dachau.de\/fr\/site-historique\/visite-virtuelle\/wirtschaftsgebaeude\/\" \/>\n<meta property=\"og:site_name\" content=\"KZ Gedenkst\u00e4tte Dachau\" \/>\n<meta property=\"article:modified_time\" content=\"2020-03-20T12:32:09+00:00\" \/>\n<meta name=\"twitter:card\" content=\"summary_large_image\" \/>\n<meta name=\"twitter:label1\" content=\"Dur\u00e9e de lecture estim\u00e9e\" \/>\n\t<meta name=\"twitter:data1\" content=\"2 minutes\" \/>\n<script type=\"application\/ld+json\" class=\"yoast-schema-graph\">{\"@context\":\"https:\\\/\\\/schema.org\",\"@graph\":[{\"@type\":\"WebPage\",\"@id\":\"https:\\\/\\\/www.kz-gedenkstaette-dachau.de\\\/fr\\\/site-historique\\\/visite-virtuelle\\\/wirtschaftsgebaeude\\\/\",\"url\":\"https:\\\/\\\/www.kz-gedenkstaette-dachau.de\\\/fr\\\/site-historique\\\/visite-virtuelle\\\/wirtschaftsgebaeude\\\/\",\"name\":\"L\u2019intendance - KZ Gedenkst\u00e4tte Dachau\",\"isPartOf\":{\"@id\":\"https:\\\/\\\/www.kz-gedenkstaette-dachau.de\\\/#website\"},\"datePublished\":\"2018-09-04T10:38:10+00:00\",\"dateModified\":\"2020-03-20T12:32:09+00:00\",\"breadcrumb\":{\"@id\":\"https:\\\/\\\/www.kz-gedenkstaette-dachau.de\\\/fr\\\/site-historique\\\/visite-virtuelle\\\/wirtschaftsgebaeude\\\/#breadcrumb\"},\"inLanguage\":\"fr-FR\",\"potentialAction\":[{\"@type\":\"ReadAction\",\"target\":[\"https:\\\/\\\/www.kz-gedenkstaette-dachau.de\\\/fr\\\/site-historique\\\/visite-virtuelle\\\/wirtschaftsgebaeude\\\/\"]}]},{\"@type\":\"BreadcrumbList\",\"@id\":\"https:\\\/\\\/www.kz-gedenkstaette-dachau.de\\\/fr\\\/site-historique\\\/visite-virtuelle\\\/wirtschaftsgebaeude\\\/#breadcrumb\",\"itemListElement\":[{\"@type\":\"ListItem\",\"position\":1,\"name\":\"Page d'accueil\",\"item\":\"https:\\\/\\\/www.kz-gedenkstaette-dachau.de\\\/fr\\\/\"},{\"@type\":\"ListItem\",\"position\":2,\"name\":\"Site historique\",\"item\":\"https:\\\/\\\/www.kz-gedenkstaette-dachau.de\\\/fr\\\/site-historique\\\/\"},{\"@type\":\"ListItem\",\"position\":3,\"name\":\"Visite virtuelle\",\"item\":\"https:\\\/\\\/www.kz-gedenkstaette-dachau.de\\\/fr\\\/site-historique\\\/visite-virtuelle\\\/\"},{\"@type\":\"ListItem\",\"position\":4,\"name\":\"L\u2019intendance\"}]},{\"@type\":\"WebSite\",\"@id\":\"https:\\\/\\\/www.kz-gedenkstaette-dachau.de\\\/#website\",\"url\":\"https:\\\/\\\/www.kz-gedenkstaette-dachau.de\\\/\",\"name\":\"KZ Gedenkst\u00e4tte Dachau\",\"description\":\"\",\"potentialAction\":[{\"@type\":\"SearchAction\",\"target\":{\"@type\":\"EntryPoint\",\"urlTemplate\":\"https:\\\/\\\/www.kz-gedenkstaette-dachau.de\\\/?s={search_term_string}\"},\"query-input\":{\"@type\":\"PropertyValueSpecification\",\"valueRequired\":true,\"valueName\":\"search_term_string\"}}],\"inLanguage\":\"fr-FR\"}]}<\/script>\n<!-- \/ Yoast SEO plugin. -->","yoast_head_json":{"title":"L\u2019intendance - KZ Gedenkst\u00e4tte Dachau","robots":{"index":"index","follow":"follow","max-snippet":"max-snippet:-1","max-image-preview":"max-image-preview:large","max-video-preview":"max-video-preview:-1"},"canonical":"https:\/\/www.kz-gedenkstaette-dachau.de\/fr\/site-historique\/visite-virtuelle\/wirtschaftsgebaeude\/","og_locale":"fr_FR","og_type":"article","og_title":"L\u2019intendance - KZ Gedenkst\u00e4tte Dachau","og_description":"Dans l\u2019ancienne intendance se trouve aujourd\u2019hui l\u2019exposition principale du m\u00e9morial du camp de concentration de Dachau. L\u2019exposition retrace l\u2019histoire du camp de Dachau et le sort r\u00e9serv\u00e9 aux prisonniers. Le b\u00e2timent abrite \u00e9galement la salle du souvenir, la salle des expositions temporaires, l\u2019administration, ainsi que les archives et la biblioth\u00e8que. Les SS firent construire ce... Voir l'article","og_url":"https:\/\/www.kz-gedenkstaette-dachau.de\/fr\/site-historique\/visite-virtuelle\/wirtschaftsgebaeude\/","og_site_name":"KZ Gedenkst\u00e4tte Dachau","article_modified_time":"2020-03-20T12:32:09+00:00","twitter_card":"summary_large_image","twitter_misc":{"Dur\u00e9e de lecture estim\u00e9e":"2 minutes"},"schema":{"@context":"https:\/\/schema.org","@graph":[{"@type":"WebPage","@id":"https:\/\/www.kz-gedenkstaette-dachau.de\/fr\/site-historique\/visite-virtuelle\/wirtschaftsgebaeude\/","url":"https:\/\/www.kz-gedenkstaette-dachau.de\/fr\/site-historique\/visite-virtuelle\/wirtschaftsgebaeude\/","name":"L\u2019intendance - KZ Gedenkst\u00e4tte Dachau","isPartOf":{"@id":"https:\/\/www.kz-gedenkstaette-dachau.de\/#website"},"datePublished":"2018-09-04T10:38:10+00:00","dateModified":"2020-03-20T12:32:09+00:00","breadcrumb":{"@id":"https:\/\/www.kz-gedenkstaette-dachau.de\/fr\/site-historique\/visite-virtuelle\/wirtschaftsgebaeude\/#breadcrumb"},"inLanguage":"fr-FR","potentialAction":[{"@type":"ReadAction","target":["https:\/\/www.kz-gedenkstaette-dachau.de\/fr\/site-historique\/visite-virtuelle\/wirtschaftsgebaeude\/"]}]},{"@type":"BreadcrumbList","@id":"https:\/\/www.kz-gedenkstaette-dachau.de\/fr\/site-historique\/visite-virtuelle\/wirtschaftsgebaeude\/#breadcrumb","itemListElement":[{"@type":"ListItem","position":1,"name":"Page d'accueil","item":"https:\/\/www.kz-gedenkstaette-dachau.de\/fr\/"},{"@type":"ListItem","position":2,"name":"Site historique","item":"https:\/\/www.kz-gedenkstaette-dachau.de\/fr\/site-historique\/"},{"@type":"ListItem","position":3,"name":"Visite virtuelle","item":"https:\/\/www.kz-gedenkstaette-dachau.de\/fr\/site-historique\/visite-virtuelle\/"},{"@type":"ListItem","position":4,"name":"L\u2019intendance"}]},{"@type":"WebSite","@id":"https:\/\/www.kz-gedenkstaette-dachau.de\/#website","url":"https:\/\/www.kz-gedenkstaette-dachau.de\/","name":"KZ Gedenkst\u00e4tte Dachau","description":"","potentialAction":[{"@type":"SearchAction","target":{"@type":"EntryPoint","urlTemplate":"https:\/\/www.kz-gedenkstaette-dachau.de\/?s={search_term_string}"},"query-input":{"@type":"PropertyValueSpecification","valueRequired":true,"valueName":"search_term_string"}}],"inLanguage":"fr-FR"}]}},"_links":{"self":[{"href":"https:\/\/www.kz-gedenkstaette-dachau.de\/fr\/wp-json\/wp\/v2\/pages\/65703","targetHints":{"allow":["GET"]}}],"collection":[{"href":"https:\/\/www.kz-gedenkstaette-dachau.de\/fr\/wp-json\/wp\/v2\/pages"}],"about":[{"href":"https:\/\/www.kz-gedenkstaette-dachau.de\/fr\/wp-json\/wp\/v2\/types\/page"}],"author":[{"embeddable":true,"href":"https:\/\/www.kz-gedenkstaette-dachau.de\/fr\/wp-json\/wp\/v2\/users\/1"}],"replies":[{"embeddable":true,"href":"https:\/\/www.kz-gedenkstaette-dachau.de\/fr\/wp-json\/wp\/v2\/comments?post=65703"}],"version-history":[{"count":0,"href":"https:\/\/www.kz-gedenkstaette-dachau.de\/fr\/wp-json\/wp\/v2\/pages\/65703\/revisions"}],"up":[{"embeddable":true,"href":"https:\/\/www.kz-gedenkstaette-dachau.de\/fr\/wp-json\/wp\/v2\/pages\/62582"}],"wp:attachment":[{"href":"https:\/\/www.kz-gedenkstaette-dachau.de\/fr\/wp-json\/wp\/v2\/media?parent=65703"}],"curies":[{"name":"wp","href":"https:\/\/api.w.org\/{rel}","templated":true}]}}