{"id":65713,"date":"2018-09-04T12:39:10","date_gmt":"2018-09-04T10:39:10","guid":{"rendered":"https:\/\/www.kz-gedenkstaette-dachau.de\/site-historique\/visite-virtuelle\/schubraum\/"},"modified":"2020-03-20T11:46:26","modified_gmt":"2020-03-20T10:46:26","slug":"schubraum","status":"publish","type":"page","link":"https:\/\/www.kz-gedenkstaette-dachau.de\/fr\/site-historique\/visite-virtuelle\/schubraum\/","title":{"rendered":"La salle du greffe ou \u00ab\u00a0Schubraum\u00a0\u00bb"},"content":{"rendered":"<p>A leur arriv\u00e9e au camp, les prisonniers \u00e9taient d\u2019abord emmen\u00e9s au greffe par les SS. Il se trouvait dans le b\u00e2timent de l&rsquo;intendance, dans une pi\u00e8ce appel\u00e9e \u00ab Schubraum \u00bb. Le terme \u00ab Schub \u00bb vient du syst\u00e8me p\u00e9nal o\u00f9 il signifiait \u00ab\u00a0convoi ou cohorte de prisonniers\u00a0\u00bb. Dans cette salle, les nouveaux arrivants subissaient une proc\u00e9dure d\u2019admission d\u00e9gradante. Cette \u00e9preuve marquait la perte brutale de leurs droits et libert\u00e9s personnels.<\/p>\n<p>Entre les colonnes de la salle du greffe \u00e9tait install\u00e9e une rang\u00e9e de tables divisant l\u2019espace en son milieu. Derri\u00e8re ces tables se tenaient des d\u00e9tenus affect\u00e9s par les SS au service appel\u00e9 \u00ab\u00a0Administration des biens des prisonniers\u00a0\u00bb. Les SS ordonnaient aux d\u00e9tenus fra\u00eechement d\u00e9barqu\u00e9s de se d\u00e9shabiller enti\u00e8rement et de remettre leurs v\u00eatements et tous leurs effets personnels. Les prisonniers qui se trouvaient derri\u00e8re les bureaux r\u00e9ceptionnaient leurs biens, qu\u2019ils inscrivaient dans un registre. Compl\u00e8tement nus, les nouveaux arrivants devaient ensuite se rendre dans une pi\u00e8ce voisine, les douches des d\u00e9tenus.<\/p>\n<p>La conception actuelle de la salle d\u2019exposition reprend l\u2019agencement spatial du \u00ab\u00a0Schubraum\u00a0\u00bb historique. Les bureaux sont aujourd\u2019hui remplac\u00e9s par des vitrines pr\u00e9sentant, entre autres, les effets personnels originaux d\u2019anciens prisonniers. L\u2019inscription \u00ab\u00a0Rauchen verboten\u00a0\u00bb (\u00ab\u00a0Interdiction de fumer\u00a0\u00bb) sur le mur de l\u2019ancien greffe a \u00e9t\u00e9 mise au jour en 2000.<\/p>\n","protected":false},"excerpt":{"rendered":"<p>A leur arriv\u00e9e au camp, les prisonniers \u00e9taient d\u2019abord emmen\u00e9s au greffe par les SS. Il se trouvait dans le b\u00e2timent de l&rsquo;intendance, dans une pi\u00e8ce appel\u00e9e \u00ab Schubraum \u00bb. Le terme \u00ab Schub \u00bb vient du syst\u00e8me p\u00e9nal o\u00f9 il signifiait \u00ab\u00a0convoi ou cohorte de prisonniers\u00a0\u00bb. Dans cette salle, les nouveaux arrivants subissaient une&#8230; <a class=\"view-article\" href=\"https:\/\/www.kz-gedenkstaette-dachau.de\/fr\/site-historique\/visite-virtuelle\/schubraum\/\">Voir l&rsquo;article<\/a><\/p>\n","protected":false},"author":1,"featured_media":0,"parent":62582,"menu_order":710,"comment_status":"closed","ping_status":"closed","template":"page-virtueller_rundgang_unterseite.php","meta":{"_acf_changed":false,"footnotes":""},"class_list":["post-65713","page","type-page","status-publish","hentry"],"acf":[],"yoast_head":"<!-- This site is optimized with the Yoast SEO plugin v27.4 - https:\/\/yoast.com\/product\/yoast-seo-wordpress\/ -->\n<title>La salle du greffe ou \u00ab\u00a0Schubraum\u00a0\u00bb - KZ Gedenkst\u00e4tte Dachau<\/title>\n<meta name=\"robots\" content=\"index, follow, max-snippet:-1, max-image-preview:large, max-video-preview:-1\" \/>\n<link rel=\"canonical\" href=\"https:\/\/www.kz-gedenkstaette-dachau.de\/fr\/site-historique\/visite-virtuelle\/schubraum\/\" \/>\n<meta property=\"og:locale\" content=\"fr_FR\" \/>\n<meta property=\"og:type\" content=\"article\" \/>\n<meta property=\"og:title\" content=\"La salle du greffe ou \u00ab\u00a0Schubraum\u00a0\u00bb - KZ Gedenkst\u00e4tte Dachau\" \/>\n<meta property=\"og:description\" content=\"A leur arriv\u00e9e au camp, les prisonniers \u00e9taient d\u2019abord emmen\u00e9s au greffe par les SS. Il se trouvait dans le b\u00e2timent de l&rsquo;intendance, dans une pi\u00e8ce appel\u00e9e \u00ab Schubraum \u00bb. Le terme \u00ab Schub \u00bb vient du syst\u00e8me p\u00e9nal o\u00f9 il signifiait \u00ab\u00a0convoi ou cohorte de prisonniers\u00a0\u00bb. Dans cette salle, les nouveaux arrivants subissaient une... Voir l&#039;article\" \/>\n<meta property=\"og:url\" content=\"https:\/\/www.kz-gedenkstaette-dachau.de\/fr\/site-historique\/visite-virtuelle\/schubraum\/\" \/>\n<meta property=\"og:site_name\" content=\"KZ Gedenkst\u00e4tte Dachau\" \/>\n<meta property=\"article:modified_time\" content=\"2020-03-20T10:46:26+00:00\" \/>\n<meta name=\"twitter:card\" content=\"summary_large_image\" \/>\n<meta name=\"twitter:label1\" content=\"Dur\u00e9e de lecture estim\u00e9e\" \/>\n\t<meta name=\"twitter:data1\" content=\"1 minute\" \/>\n<script type=\"application\/ld+json\" class=\"yoast-schema-graph\">{\"@context\":\"https:\\\/\\\/schema.org\",\"@graph\":[{\"@type\":\"WebPage\",\"@id\":\"https:\\\/\\\/www.kz-gedenkstaette-dachau.de\\\/fr\\\/site-historique\\\/visite-virtuelle\\\/schubraum\\\/\",\"url\":\"https:\\\/\\\/www.kz-gedenkstaette-dachau.de\\\/fr\\\/site-historique\\\/visite-virtuelle\\\/schubraum\\\/\",\"name\":\"La salle du greffe ou \u00ab\u00a0Schubraum\u00a0\u00bb - KZ Gedenkst\u00e4tte Dachau\",\"isPartOf\":{\"@id\":\"https:\\\/\\\/www.kz-gedenkstaette-dachau.de\\\/#website\"},\"datePublished\":\"2018-09-04T10:39:10+00:00\",\"dateModified\":\"2020-03-20T10:46:26+00:00\",\"breadcrumb\":{\"@id\":\"https:\\\/\\\/www.kz-gedenkstaette-dachau.de\\\/fr\\\/site-historique\\\/visite-virtuelle\\\/schubraum\\\/#breadcrumb\"},\"inLanguage\":\"fr-FR\",\"potentialAction\":[{\"@type\":\"ReadAction\",\"target\":[\"https:\\\/\\\/www.kz-gedenkstaette-dachau.de\\\/fr\\\/site-historique\\\/visite-virtuelle\\\/schubraum\\\/\"]}]},{\"@type\":\"BreadcrumbList\",\"@id\":\"https:\\\/\\\/www.kz-gedenkstaette-dachau.de\\\/fr\\\/site-historique\\\/visite-virtuelle\\\/schubraum\\\/#breadcrumb\",\"itemListElement\":[{\"@type\":\"ListItem\",\"position\":1,\"name\":\"Page d'accueil\",\"item\":\"https:\\\/\\\/www.kz-gedenkstaette-dachau.de\\\/fr\\\/\"},{\"@type\":\"ListItem\",\"position\":2,\"name\":\"Site historique\",\"item\":\"https:\\\/\\\/www.kz-gedenkstaette-dachau.de\\\/fr\\\/site-historique\\\/\"},{\"@type\":\"ListItem\",\"position\":3,\"name\":\"Visite virtuelle\",\"item\":\"https:\\\/\\\/www.kz-gedenkstaette-dachau.de\\\/fr\\\/site-historique\\\/visite-virtuelle\\\/\"},{\"@type\":\"ListItem\",\"position\":4,\"name\":\"La salle du greffe ou \u00ab\u00a0Schubraum\u00a0\u00bb\"}]},{\"@type\":\"WebSite\",\"@id\":\"https:\\\/\\\/www.kz-gedenkstaette-dachau.de\\\/#website\",\"url\":\"https:\\\/\\\/www.kz-gedenkstaette-dachau.de\\\/\",\"name\":\"KZ Gedenkst\u00e4tte Dachau\",\"description\":\"\",\"potentialAction\":[{\"@type\":\"SearchAction\",\"target\":{\"@type\":\"EntryPoint\",\"urlTemplate\":\"https:\\\/\\\/www.kz-gedenkstaette-dachau.de\\\/?s={search_term_string}\"},\"query-input\":{\"@type\":\"PropertyValueSpecification\",\"valueRequired\":true,\"valueName\":\"search_term_string\"}}],\"inLanguage\":\"fr-FR\"}]}<\/script>\n<!-- \/ Yoast SEO plugin. -->","yoast_head_json":{"title":"La salle du greffe ou \u00ab\u00a0Schubraum\u00a0\u00bb - KZ Gedenkst\u00e4tte Dachau","robots":{"index":"index","follow":"follow","max-snippet":"max-snippet:-1","max-image-preview":"max-image-preview:large","max-video-preview":"max-video-preview:-1"},"canonical":"https:\/\/www.kz-gedenkstaette-dachau.de\/fr\/site-historique\/visite-virtuelle\/schubraum\/","og_locale":"fr_FR","og_type":"article","og_title":"La salle du greffe ou \u00ab\u00a0Schubraum\u00a0\u00bb - KZ Gedenkst\u00e4tte Dachau","og_description":"A leur arriv\u00e9e au camp, les prisonniers \u00e9taient d\u2019abord emmen\u00e9s au greffe par les SS. Il se trouvait dans le b\u00e2timent de l&rsquo;intendance, dans une pi\u00e8ce appel\u00e9e \u00ab Schubraum \u00bb. Le terme \u00ab Schub \u00bb vient du syst\u00e8me p\u00e9nal o\u00f9 il signifiait \u00ab\u00a0convoi ou cohorte de prisonniers\u00a0\u00bb. Dans cette salle, les nouveaux arrivants subissaient une... Voir l'article","og_url":"https:\/\/www.kz-gedenkstaette-dachau.de\/fr\/site-historique\/visite-virtuelle\/schubraum\/","og_site_name":"KZ Gedenkst\u00e4tte Dachau","article_modified_time":"2020-03-20T10:46:26+00:00","twitter_card":"summary_large_image","twitter_misc":{"Dur\u00e9e de lecture estim\u00e9e":"1 minute"},"schema":{"@context":"https:\/\/schema.org","@graph":[{"@type":"WebPage","@id":"https:\/\/www.kz-gedenkstaette-dachau.de\/fr\/site-historique\/visite-virtuelle\/schubraum\/","url":"https:\/\/www.kz-gedenkstaette-dachau.de\/fr\/site-historique\/visite-virtuelle\/schubraum\/","name":"La salle du greffe ou \u00ab\u00a0Schubraum\u00a0\u00bb - KZ Gedenkst\u00e4tte Dachau","isPartOf":{"@id":"https:\/\/www.kz-gedenkstaette-dachau.de\/#website"},"datePublished":"2018-09-04T10:39:10+00:00","dateModified":"2020-03-20T10:46:26+00:00","breadcrumb":{"@id":"https:\/\/www.kz-gedenkstaette-dachau.de\/fr\/site-historique\/visite-virtuelle\/schubraum\/#breadcrumb"},"inLanguage":"fr-FR","potentialAction":[{"@type":"ReadAction","target":["https:\/\/www.kz-gedenkstaette-dachau.de\/fr\/site-historique\/visite-virtuelle\/schubraum\/"]}]},{"@type":"BreadcrumbList","@id":"https:\/\/www.kz-gedenkstaette-dachau.de\/fr\/site-historique\/visite-virtuelle\/schubraum\/#breadcrumb","itemListElement":[{"@type":"ListItem","position":1,"name":"Page d'accueil","item":"https:\/\/www.kz-gedenkstaette-dachau.de\/fr\/"},{"@type":"ListItem","position":2,"name":"Site historique","item":"https:\/\/www.kz-gedenkstaette-dachau.de\/fr\/site-historique\/"},{"@type":"ListItem","position":3,"name":"Visite virtuelle","item":"https:\/\/www.kz-gedenkstaette-dachau.de\/fr\/site-historique\/visite-virtuelle\/"},{"@type":"ListItem","position":4,"name":"La salle du greffe ou \u00ab\u00a0Schubraum\u00a0\u00bb"}]},{"@type":"WebSite","@id":"https:\/\/www.kz-gedenkstaette-dachau.de\/#website","url":"https:\/\/www.kz-gedenkstaette-dachau.de\/","name":"KZ Gedenkst\u00e4tte Dachau","description":"","potentialAction":[{"@type":"SearchAction","target":{"@type":"EntryPoint","urlTemplate":"https:\/\/www.kz-gedenkstaette-dachau.de\/?s={search_term_string}"},"query-input":{"@type":"PropertyValueSpecification","valueRequired":true,"valueName":"search_term_string"}}],"inLanguage":"fr-FR"}]}},"_links":{"self":[{"href":"https:\/\/www.kz-gedenkstaette-dachau.de\/fr\/wp-json\/wp\/v2\/pages\/65713","targetHints":{"allow":["GET"]}}],"collection":[{"href":"https:\/\/www.kz-gedenkstaette-dachau.de\/fr\/wp-json\/wp\/v2\/pages"}],"about":[{"href":"https:\/\/www.kz-gedenkstaette-dachau.de\/fr\/wp-json\/wp\/v2\/types\/page"}],"author":[{"embeddable":true,"href":"https:\/\/www.kz-gedenkstaette-dachau.de\/fr\/wp-json\/wp\/v2\/users\/1"}],"replies":[{"embeddable":true,"href":"https:\/\/www.kz-gedenkstaette-dachau.de\/fr\/wp-json\/wp\/v2\/comments?post=65713"}],"version-history":[{"count":0,"href":"https:\/\/www.kz-gedenkstaette-dachau.de\/fr\/wp-json\/wp\/v2\/pages\/65713\/revisions"}],"up":[{"embeddable":true,"href":"https:\/\/www.kz-gedenkstaette-dachau.de\/fr\/wp-json\/wp\/v2\/pages\/62582"}],"wp:attachment":[{"href":"https:\/\/www.kz-gedenkstaette-dachau.de\/fr\/wp-json\/wp\/v2\/media?parent=65713"}],"curies":[{"name":"wp","href":"https:\/\/api.w.org\/{rel}","templated":true}]}}