{"id":68302,"date":"2020-04-30T10:00:13","date_gmt":"2020-04-30T08:00:13","guid":{"rendered":"https:\/\/www.kz-gedenkstaette-dachau.de\/?page_id=68302"},"modified":"2020-05-02T17:54:30","modified_gmt":"2020-05-02T15:54:30","slug":"commemorations-digitales","status":"publish","type":"page","link":"https:\/\/www.kz-gedenkstaette-dachau.de\/fr\/histoire-en-ligne\/commemorations-digitales\/","title":{"rendered":"Comm\u00e9morations digitales pour le 75\u00e8me anniversaire de la Lib\u00e9ration"},"content":{"rendered":"","protected":false},"excerpt":{"rendered":"","protected":false},"author":45,"featured_media":0,"parent":66097,"menu_order":0,"comment_status":"closed","ping_status":"closed","template":"page-archiv.php","meta":{"_acf_changed":false,"footnotes":""},"class_list":["post-68302","page","type-page","status-publish","hentry"],"acf":[],"yoast_head":"<!-- This site is optimized with the Yoast SEO plugin v27.3 - https:\/\/yoast.com\/product\/yoast-seo-wordpress\/ -->\n<title>Comm\u00e9morations digitales pour le 75\u00e8me anniversaire de la Lib\u00e9ration - KZ Gedenkst\u00e4tte Dachau<\/title>\n<meta name=\"robots\" content=\"index, follow, max-snippet:-1, max-image-preview:large, max-video-preview:-1\" \/>\n<link rel=\"canonical\" href=\"https:\/\/www.kz-gedenkstaette-dachau.de\/fr\/histoire-en-ligne\/commemorations-digitales\/\" \/>\n<meta property=\"og:locale\" content=\"fr_FR\" \/>\n<meta property=\"og:type\" content=\"article\" \/>\n<meta property=\"og:title\" content=\"Comm\u00e9morations digitales pour le 75\u00e8me anniversaire de la Lib\u00e9ration - KZ Gedenkst\u00e4tte Dachau\" \/>\n<meta property=\"og:url\" content=\"https:\/\/www.kz-gedenkstaette-dachau.de\/fr\/histoire-en-ligne\/commemorations-digitales\/\" \/>\n<meta property=\"og:site_name\" content=\"KZ Gedenkst\u00e4tte Dachau\" \/>\n<meta property=\"article:modified_time\" content=\"2020-05-02T15:54:30+00:00\" \/>\n<meta name=\"twitter:card\" content=\"summary_large_image\" \/>\n<script type=\"application\/ld+json\" class=\"yoast-schema-graph\">{\"@context\":\"https:\\\/\\\/schema.org\",\"@graph\":[{\"@type\":\"WebPage\",\"@id\":\"https:\\\/\\\/www.kz-gedenkstaette-dachau.de\\\/fr\\\/histoire-en-ligne\\\/commemorations-digitales\\\/\",\"url\":\"https:\\\/\\\/www.kz-gedenkstaette-dachau.de\\\/fr\\\/histoire-en-ligne\\\/commemorations-digitales\\\/\",\"name\":\"Comm\u00e9morations digitales pour le 75\u00e8me anniversaire de la Lib\u00e9ration - KZ Gedenkst\u00e4tte Dachau\",\"isPartOf\":{\"@id\":\"https:\\\/\\\/www.kz-gedenkstaette-dachau.de\\\/#website\"},\"datePublished\":\"2020-04-30T08:00:13+00:00\",\"dateModified\":\"2020-05-02T15:54:30+00:00\",\"breadcrumb\":{\"@id\":\"https:\\\/\\\/www.kz-gedenkstaette-dachau.de\\\/fr\\\/histoire-en-ligne\\\/commemorations-digitales\\\/#breadcrumb\"},\"inLanguage\":\"fr-FR\",\"potentialAction\":[{\"@type\":\"ReadAction\",\"target\":[\"https:\\\/\\\/www.kz-gedenkstaette-dachau.de\\\/fr\\\/histoire-en-ligne\\\/commemorations-digitales\\\/\"]}]},{\"@type\":\"BreadcrumbList\",\"@id\":\"https:\\\/\\\/www.kz-gedenkstaette-dachau.de\\\/fr\\\/histoire-en-ligne\\\/commemorations-digitales\\\/#breadcrumb\",\"itemListElement\":[{\"@type\":\"ListItem\",\"position\":1,\"name\":\"Page d'accueil\",\"item\":\"https:\\\/\\\/www.kz-gedenkstaette-dachau.de\\\/fr\\\/\"},{\"@type\":\"ListItem\",\"position\":2,\"name\":\"Histoire en ligne\",\"item\":\"https:\\\/\\\/www.kz-gedenkstaette-dachau.de\\\/fr\\\/histoire-en-ligne\\\/\"},{\"@type\":\"ListItem\",\"position\":3,\"name\":\"Comm\u00e9morations digitales pour le 75\u00e8me anniversaire de la Lib\u00e9ration\"}]},{\"@type\":\"WebSite\",\"@id\":\"https:\\\/\\\/www.kz-gedenkstaette-dachau.de\\\/#website\",\"url\":\"https:\\\/\\\/www.kz-gedenkstaette-dachau.de\\\/\",\"name\":\"KZ Gedenkst\u00e4tte Dachau\",\"description\":\"\",\"potentialAction\":[{\"@type\":\"SearchAction\",\"target\":{\"@type\":\"EntryPoint\",\"urlTemplate\":\"https:\\\/\\\/www.kz-gedenkstaette-dachau.de\\\/?s={search_term_string}\"},\"query-input\":{\"@type\":\"PropertyValueSpecification\",\"valueRequired\":true,\"valueName\":\"search_term_string\"}}],\"inLanguage\":\"fr-FR\"}]}<\/script>\n<!-- \/ Yoast SEO plugin. -->","yoast_head_json":{"title":"Comm\u00e9morations digitales pour le 75\u00e8me anniversaire de la Lib\u00e9ration - KZ Gedenkst\u00e4tte Dachau","robots":{"index":"index","follow":"follow","max-snippet":"max-snippet:-1","max-image-preview":"max-image-preview:large","max-video-preview":"max-video-preview:-1"},"canonical":"https:\/\/www.kz-gedenkstaette-dachau.de\/fr\/histoire-en-ligne\/commemorations-digitales\/","og_locale":"fr_FR","og_type":"article","og_title":"Comm\u00e9morations digitales pour le 75\u00e8me anniversaire de la Lib\u00e9ration - KZ Gedenkst\u00e4tte Dachau","og_url":"https:\/\/www.kz-gedenkstaette-dachau.de\/fr\/histoire-en-ligne\/commemorations-digitales\/","og_site_name":"KZ Gedenkst\u00e4tte Dachau","article_modified_time":"2020-05-02T15:54:30+00:00","twitter_card":"summary_large_image","schema":{"@context":"https:\/\/schema.org","@graph":[{"@type":"WebPage","@id":"https:\/\/www.kz-gedenkstaette-dachau.de\/fr\/histoire-en-ligne\/commemorations-digitales\/","url":"https:\/\/www.kz-gedenkstaette-dachau.de\/fr\/histoire-en-ligne\/commemorations-digitales\/","name":"Comm\u00e9morations digitales pour le 75\u00e8me anniversaire de la Lib\u00e9ration - KZ Gedenkst\u00e4tte Dachau","isPartOf":{"@id":"https:\/\/www.kz-gedenkstaette-dachau.de\/#website"},"datePublished":"2020-04-30T08:00:13+00:00","dateModified":"2020-05-02T15:54:30+00:00","breadcrumb":{"@id":"https:\/\/www.kz-gedenkstaette-dachau.de\/fr\/histoire-en-ligne\/commemorations-digitales\/#breadcrumb"},"inLanguage":"fr-FR","potentialAction":[{"@type":"ReadAction","target":["https:\/\/www.kz-gedenkstaette-dachau.de\/fr\/histoire-en-ligne\/commemorations-digitales\/"]}]},{"@type":"BreadcrumbList","@id":"https:\/\/www.kz-gedenkstaette-dachau.de\/fr\/histoire-en-ligne\/commemorations-digitales\/#breadcrumb","itemListElement":[{"@type":"ListItem","position":1,"name":"Page d'accueil","item":"https:\/\/www.kz-gedenkstaette-dachau.de\/fr\/"},{"@type":"ListItem","position":2,"name":"Histoire en ligne","item":"https:\/\/www.kz-gedenkstaette-dachau.de\/fr\/histoire-en-ligne\/"},{"@type":"ListItem","position":3,"name":"Comm\u00e9morations digitales pour le 75\u00e8me anniversaire de la Lib\u00e9ration"}]},{"@type":"WebSite","@id":"https:\/\/www.kz-gedenkstaette-dachau.de\/#website","url":"https:\/\/www.kz-gedenkstaette-dachau.de\/","name":"KZ Gedenkst\u00e4tte Dachau","description":"","potentialAction":[{"@type":"SearchAction","target":{"@type":"EntryPoint","urlTemplate":"https:\/\/www.kz-gedenkstaette-dachau.de\/?s={search_term_string}"},"query-input":{"@type":"PropertyValueSpecification","valueRequired":true,"valueName":"search_term_string"}}],"inLanguage":"fr-FR"}]}},"_links":{"self":[{"href":"https:\/\/www.kz-gedenkstaette-dachau.de\/fr\/wp-json\/wp\/v2\/pages\/68302","targetHints":{"allow":["GET"]}}],"collection":[{"href":"https:\/\/www.kz-gedenkstaette-dachau.de\/fr\/wp-json\/wp\/v2\/pages"}],"about":[{"href":"https:\/\/www.kz-gedenkstaette-dachau.de\/fr\/wp-json\/wp\/v2\/types\/page"}],"author":[{"embeddable":true,"href":"https:\/\/www.kz-gedenkstaette-dachau.de\/fr\/wp-json\/wp\/v2\/users\/45"}],"replies":[{"embeddable":true,"href":"https:\/\/www.kz-gedenkstaette-dachau.de\/fr\/wp-json\/wp\/v2\/comments?post=68302"}],"version-history":[{"count":6,"href":"https:\/\/www.kz-gedenkstaette-dachau.de\/fr\/wp-json\/wp\/v2\/pages\/68302\/revisions"}],"predecessor-version":[{"id":69690,"href":"https:\/\/www.kz-gedenkstaette-dachau.de\/fr\/wp-json\/wp\/v2\/pages\/68302\/revisions\/69690"}],"up":[{"embeddable":true,"href":"https:\/\/www.kz-gedenkstaette-dachau.de\/fr\/wp-json\/wp\/v2\/pages\/66097"}],"wp:attachment":[{"href":"https:\/\/www.kz-gedenkstaette-dachau.de\/fr\/wp-json\/wp\/v2\/media?parent=68302"}],"curies":[{"name":"wp","href":"https:\/\/api.w.org\/{rel}","templated":true}]}}