{"id":60222,"date":"2018-09-04T12:31:56","date_gmt":"2018-09-04T10:31:56","guid":{"rendered":"https:\/\/www.kz-gedenkstaette-dachau.de\/luogo-storico\/guida-virtuale\/ueberreste-des-ersten-lagers-1933-1937\/"},"modified":"2020-02-12T11:37:25","modified_gmt":"2020-02-12T10:37:25","slug":"rimanenze-primo-lager-1933-1937","status":"publish","type":"page","link":"https:\/\/www.kz-gedenkstaette-dachau.de\/it\/luogo-storico\/guida-virtuale\/rimanenze-primo-lager-1933-1937\/","title":{"rendered":"Rimanenze del primo lager (1933 \u2013 1937)"},"content":{"rendered":"<p>Davanti all\u2019ingresso dell&#8217;ex campo dei detenuti, lo Jourhaus, si trova il sentiero che portava al campo delle SS; a destra e a sinistra si pu\u00f2 vedere una collina, oggi in parte divelta, costituita dalle macerie di edifici demoliti. Nei primi anni, le SS usarono i vecchi edifici della fabbrica di munizione e polvere da sparo, come cucina per i detenuti, mensa e sala di registrazione (a sinistra) e come officine di falegnami, fabbri e sarti (a destra). Pi\u00f9 avanti le SS collocarono alcune proprie imprese, come ad esempio la fabbrica di abbigliamento SS e alcuni reparti dell&#8217;industria bellica (Deutsche Ausr\u00fcstungswerke).<\/p>\n<p>Questi edifici furono demoliti negli anni &#8217;80 e con le loro macerie fu realizzata la collina che per anni ha separato la zona destinata alla polizia bavarese da quella del Memoriale. Quando nel 2004 si \u00e8 deciso di dare un nuovo assetto al Memoriale, parte della collina \u00e8 stata divelta facendo cos\u00ec tornare alla luce il sentiero che collegava il campo dei detenuti a quello delle SS.<\/p>\n<p>Durante i lavori \u00e8 tornato alla luce anche un tratto di binario. Quando il campo era attivo, questo binario veniva usato per rifornire le imprese delle SS, dove i detenuti stessi erano costretti a lavorare, ma non per il trasporto dei prigionieri. Tra gli stabilimenti industriali si trovava anche il panificio del campo, ancora oggi visibile e, fino al 1935, anche la mensa e la cucina delle SS.<\/p>\n","protected":false},"excerpt":{"rendered":"<p>Davanti all\u2019ingresso dell&#8217;ex campo dei detenuti, lo Jourhaus, si trova il sentiero che portava al campo delle SS; a destra e a sinistra si pu\u00f2 vedere una collina, oggi in parte divelta, costituita dalle macerie di edifici demoliti. Nei primi anni, le SS usarono i vecchi edifici della fabbrica di munizione e polvere da sparo,&#8230; <a class=\"view-article\" href=\"https:\/\/www.kz-gedenkstaette-dachau.de\/it\/luogo-storico\/guida-virtuale\/rimanenze-primo-lager-1933-1937\/\">Vedi l&#8217;articolo<\/a><\/p>\n","protected":false},"author":1,"featured_media":0,"parent":60213,"menu_order":300,"comment_status":"closed","ping_status":"closed","template":"page-virtueller_rundgang_unterseite.php","meta":{"_acf_changed":false,"footnotes":""},"class_list":["post-60222","page","type-page","status-publish","hentry"],"acf":[],"yoast_head":"<!-- This site is optimized with the Yoast SEO plugin v27.4 - https:\/\/yoast.com\/product\/yoast-seo-wordpress\/ -->\n<title>Rimanenze del primo lager (1933 \u2013 1937) - KZ Gedenkst\u00e4tte Dachau<\/title>\n<meta name=\"robots\" content=\"index, follow, max-snippet:-1, max-image-preview:large, max-video-preview:-1\" \/>\n<link rel=\"canonical\" href=\"https:\/\/www.kz-gedenkstaette-dachau.de\/it\/luogo-storico\/guida-virtuale\/rimanenze-primo-lager-1933-1937\/\" \/>\n<meta property=\"og:locale\" content=\"it_IT\" \/>\n<meta property=\"og:type\" content=\"article\" \/>\n<meta property=\"og:title\" content=\"Rimanenze del primo lager (1933 \u2013 1937) - KZ Gedenkst\u00e4tte Dachau\" \/>\n<meta property=\"og:description\" content=\"Davanti all\u2019ingresso dell&#8217;ex campo dei detenuti, lo Jourhaus, si trova il sentiero che portava al campo delle SS; a destra e a sinistra si pu\u00f2 vedere una collina, oggi in parte divelta, costituita dalle macerie di edifici demoliti. Nei primi anni, le SS usarono i vecchi edifici della fabbrica di munizione e polvere da sparo,... Vedi l&#039;articolo\" \/>\n<meta property=\"og:url\" content=\"https:\/\/www.kz-gedenkstaette-dachau.de\/it\/luogo-storico\/guida-virtuale\/rimanenze-primo-lager-1933-1937\/\" \/>\n<meta property=\"og:site_name\" content=\"KZ Gedenkst\u00e4tte Dachau\" \/>\n<meta property=\"article:modified_time\" content=\"2020-02-12T10:37:25+00:00\" \/>\n<meta name=\"twitter:card\" content=\"summary_large_image\" \/>\n<meta name=\"twitter:label1\" content=\"Tempo di lettura stimato\" \/>\n\t<meta name=\"twitter:data1\" content=\"1 minuto\" \/>\n<script type=\"application\/ld+json\" class=\"yoast-schema-graph\">{\"@context\":\"https:\\\/\\\/schema.org\",\"@graph\":[{\"@type\":\"WebPage\",\"@id\":\"https:\\\/\\\/www.kz-gedenkstaette-dachau.de\\\/it\\\/luogo-storico\\\/guida-virtuale\\\/rimanenze-primo-lager-1933-1937\\\/\",\"url\":\"https:\\\/\\\/www.kz-gedenkstaette-dachau.de\\\/it\\\/luogo-storico\\\/guida-virtuale\\\/rimanenze-primo-lager-1933-1937\\\/\",\"name\":\"Rimanenze del primo lager (1933 \u2013 1937) - KZ Gedenkst\u00e4tte Dachau\",\"isPartOf\":{\"@id\":\"https:\\\/\\\/www.kz-gedenkstaette-dachau.de\\\/#website\"},\"datePublished\":\"2018-09-04T10:31:56+00:00\",\"dateModified\":\"2020-02-12T10:37:25+00:00\",\"breadcrumb\":{\"@id\":\"https:\\\/\\\/www.kz-gedenkstaette-dachau.de\\\/it\\\/luogo-storico\\\/guida-virtuale\\\/rimanenze-primo-lager-1933-1937\\\/#breadcrumb\"},\"inLanguage\":\"it-IT\",\"potentialAction\":[{\"@type\":\"ReadAction\",\"target\":[\"https:\\\/\\\/www.kz-gedenkstaette-dachau.de\\\/it\\\/luogo-storico\\\/guida-virtuale\\\/rimanenze-primo-lager-1933-1937\\\/\"]}]},{\"@type\":\"BreadcrumbList\",\"@id\":\"https:\\\/\\\/www.kz-gedenkstaette-dachau.de\\\/it\\\/luogo-storico\\\/guida-virtuale\\\/rimanenze-primo-lager-1933-1937\\\/#breadcrumb\",\"itemListElement\":[{\"@type\":\"ListItem\",\"position\":1,\"name\":\"Pagina principale\",\"item\":\"https:\\\/\\\/www.kz-gedenkstaette-dachau.de\\\/it\\\/\"},{\"@type\":\"ListItem\",\"position\":2,\"name\":\"Luogo storico\",\"item\":\"https:\\\/\\\/www.kz-gedenkstaette-dachau.de\\\/it\\\/luogo-storico\\\/\"},{\"@type\":\"ListItem\",\"position\":3,\"name\":\"Guida virtuale\",\"item\":\"https:\\\/\\\/www.kz-gedenkstaette-dachau.de\\\/it\\\/luogo-storico\\\/guida-virtuale\\\/\"},{\"@type\":\"ListItem\",\"position\":4,\"name\":\"Rimanenze del primo lager (1933 \u2013 1937)\"}]},{\"@type\":\"WebSite\",\"@id\":\"https:\\\/\\\/www.kz-gedenkstaette-dachau.de\\\/#website\",\"url\":\"https:\\\/\\\/www.kz-gedenkstaette-dachau.de\\\/\",\"name\":\"KZ Gedenkst\u00e4tte Dachau\",\"description\":\"\",\"potentialAction\":[{\"@type\":\"SearchAction\",\"target\":{\"@type\":\"EntryPoint\",\"urlTemplate\":\"https:\\\/\\\/www.kz-gedenkstaette-dachau.de\\\/?s={search_term_string}\"},\"query-input\":{\"@type\":\"PropertyValueSpecification\",\"valueRequired\":true,\"valueName\":\"search_term_string\"}}],\"inLanguage\":\"it-IT\"}]}<\/script>\n<!-- \/ Yoast SEO plugin. -->","yoast_head_json":{"title":"Rimanenze del primo lager (1933 \u2013 1937) - KZ Gedenkst\u00e4tte Dachau","robots":{"index":"index","follow":"follow","max-snippet":"max-snippet:-1","max-image-preview":"max-image-preview:large","max-video-preview":"max-video-preview:-1"},"canonical":"https:\/\/www.kz-gedenkstaette-dachau.de\/it\/luogo-storico\/guida-virtuale\/rimanenze-primo-lager-1933-1937\/","og_locale":"it_IT","og_type":"article","og_title":"Rimanenze del primo lager (1933 \u2013 1937) - KZ Gedenkst\u00e4tte Dachau","og_description":"Davanti all\u2019ingresso dell&#8217;ex campo dei detenuti, lo Jourhaus, si trova il sentiero che portava al campo delle SS; a destra e a sinistra si pu\u00f2 vedere una collina, oggi in parte divelta, costituita dalle macerie di edifici demoliti. Nei primi anni, le SS usarono i vecchi edifici della fabbrica di munizione e polvere da sparo,... Vedi l'articolo","og_url":"https:\/\/www.kz-gedenkstaette-dachau.de\/it\/luogo-storico\/guida-virtuale\/rimanenze-primo-lager-1933-1937\/","og_site_name":"KZ Gedenkst\u00e4tte Dachau","article_modified_time":"2020-02-12T10:37:25+00:00","twitter_card":"summary_large_image","twitter_misc":{"Tempo di lettura stimato":"1 minuto"},"schema":{"@context":"https:\/\/schema.org","@graph":[{"@type":"WebPage","@id":"https:\/\/www.kz-gedenkstaette-dachau.de\/it\/luogo-storico\/guida-virtuale\/rimanenze-primo-lager-1933-1937\/","url":"https:\/\/www.kz-gedenkstaette-dachau.de\/it\/luogo-storico\/guida-virtuale\/rimanenze-primo-lager-1933-1937\/","name":"Rimanenze del primo lager (1933 \u2013 1937) - KZ Gedenkst\u00e4tte Dachau","isPartOf":{"@id":"https:\/\/www.kz-gedenkstaette-dachau.de\/#website"},"datePublished":"2018-09-04T10:31:56+00:00","dateModified":"2020-02-12T10:37:25+00:00","breadcrumb":{"@id":"https:\/\/www.kz-gedenkstaette-dachau.de\/it\/luogo-storico\/guida-virtuale\/rimanenze-primo-lager-1933-1937\/#breadcrumb"},"inLanguage":"it-IT","potentialAction":[{"@type":"ReadAction","target":["https:\/\/www.kz-gedenkstaette-dachau.de\/it\/luogo-storico\/guida-virtuale\/rimanenze-primo-lager-1933-1937\/"]}]},{"@type":"BreadcrumbList","@id":"https:\/\/www.kz-gedenkstaette-dachau.de\/it\/luogo-storico\/guida-virtuale\/rimanenze-primo-lager-1933-1937\/#breadcrumb","itemListElement":[{"@type":"ListItem","position":1,"name":"Pagina principale","item":"https:\/\/www.kz-gedenkstaette-dachau.de\/it\/"},{"@type":"ListItem","position":2,"name":"Luogo storico","item":"https:\/\/www.kz-gedenkstaette-dachau.de\/it\/luogo-storico\/"},{"@type":"ListItem","position":3,"name":"Guida virtuale","item":"https:\/\/www.kz-gedenkstaette-dachau.de\/it\/luogo-storico\/guida-virtuale\/"},{"@type":"ListItem","position":4,"name":"Rimanenze del primo lager (1933 \u2013 1937)"}]},{"@type":"WebSite","@id":"https:\/\/www.kz-gedenkstaette-dachau.de\/#website","url":"https:\/\/www.kz-gedenkstaette-dachau.de\/","name":"KZ Gedenkst\u00e4tte Dachau","description":"","potentialAction":[{"@type":"SearchAction","target":{"@type":"EntryPoint","urlTemplate":"https:\/\/www.kz-gedenkstaette-dachau.de\/?s={search_term_string}"},"query-input":{"@type":"PropertyValueSpecification","valueRequired":true,"valueName":"search_term_string"}}],"inLanguage":"it-IT"}]}},"_links":{"self":[{"href":"https:\/\/www.kz-gedenkstaette-dachau.de\/it\/wp-json\/wp\/v2\/pages\/60222","targetHints":{"allow":["GET"]}}],"collection":[{"href":"https:\/\/www.kz-gedenkstaette-dachau.de\/it\/wp-json\/wp\/v2\/pages"}],"about":[{"href":"https:\/\/www.kz-gedenkstaette-dachau.de\/it\/wp-json\/wp\/v2\/types\/page"}],"author":[{"embeddable":true,"href":"https:\/\/www.kz-gedenkstaette-dachau.de\/it\/wp-json\/wp\/v2\/users\/1"}],"replies":[{"embeddable":true,"href":"https:\/\/www.kz-gedenkstaette-dachau.de\/it\/wp-json\/wp\/v2\/comments?post=60222"}],"version-history":[{"count":0,"href":"https:\/\/www.kz-gedenkstaette-dachau.de\/it\/wp-json\/wp\/v2\/pages\/60222\/revisions"}],"up":[{"embeddable":true,"href":"https:\/\/www.kz-gedenkstaette-dachau.de\/it\/wp-json\/wp\/v2\/pages\/60213"}],"wp:attachment":[{"href":"https:\/\/www.kz-gedenkstaette-dachau.de\/it\/wp-json\/wp\/v2\/media?parent=60222"}],"curies":[{"name":"wp","href":"https:\/\/api.w.org\/{rel}","templated":true}]}}