{"id":60235,"date":"2018-09-04T12:38:10","date_gmt":"2018-09-04T10:38:10","guid":{"rendered":"https:\/\/www.kz-gedenkstaette-dachau.de\/luogo-storico\/guida-virtuale\/wirtschaftsgebaeude\/"},"modified":"2020-02-10T15:41:21","modified_gmt":"2020-02-10T14:41:21","slug":"edificio-economato","status":"publish","type":"page","link":"https:\/\/www.kz-gedenkstaette-dachau.de\/it\/luogo-storico\/guida-virtuale\/edificio-economato\/","title":{"rendered":"Edificio dell\u2019economato (mostra principale)"},"content":{"rendered":"<p>Oggi, nell\u2019ex edificio dell\u2019economato, \u00e8 stata allestita la mostra principale dell\u2019ex campo di concentramento di Dachau. La mostra illustra la storia del campo e il destino dei detenuti. Sempre all&#8217;interno dello stesso edificio, si trova una sala commemorativa, una sala per le esposizioni individuali, l\u2019amministrazione, l\u2019archivio e la biblioteca.<\/p>\n<p>Le SS fecero costruire l\u2019edificio tra il 1937 e il &#8217;38 quando decisero di ampliare il campo. In questo palazzo si trovavano diverse officine, magazzini e sale di smistamento in cui i detenuti lavoravano come fabbri, elettricisti, imbianchini e idraulici; c&#8217;erano inoltre la lavanderia e la cucina per i prigionieri, quest&#8217;ultima rifornita con tutti gli attrezzi moderni per l&#8217;epoca, eppure i detenuti soffrivano della fame cronica a causa del sempre insufficiente cibo.<\/p>\n<p>Nell\u2019edificio dell\u2019economato si svolgeva anche l&#8217;umiliante procedura di registrazione dei nuovi arrivati che iniziava nella cosiddetta \u201eSchubraum\u201c, dove, i detenuti, dovevano lasciare indumenti e oggetti personali. Si seguitava con la rasatura dalla testa ai piedi, poi con la disinfestazione e infine con la doccia. La procedura terminava con la consegna delle divise, che raramente erano della taglia giusta. Tutti gli oggetti personali dei detenuti venivano custoditi dall&#8217;amministrazione delle SS nel sottotetto dell&#8217;edificio o nei magazzini.<\/p>\n<p>Il tetto dell\u2019edificio dell\u2019economato rivolto verso il piazzale dell\u2019appello e verso le baracche riportava, a partire dal 1939, una citazione di Heinrich Himmler scritta a grandi lettere bianche e che tradotta in italiano recitava come di seguito: \u201eEsiste una via verso la libert\u00e0 e le sue pietre miliari sono ubbidienza, onest\u00e0, pulizia, sobriet\u00e0, impegno, ordine, spirito di sacrificio, sincerit\u00e0, amore per la patria\u201c. Tale scritta aveva lo scopo di prendersi gioco dei detenuti che si trovavano in una situazione disperata. Inoltre, dal momento in cui scoppia la guerra, i detenuti vennero rilasciati raramente.<\/p>\n","protected":false},"excerpt":{"rendered":"<p>Oggi, nell\u2019ex edificio dell\u2019economato, \u00e8 stata allestita la mostra principale dell\u2019ex campo di concentramento di Dachau. La mostra illustra la storia del campo e il destino dei detenuti. Sempre all&#8217;interno dello stesso edificio, si trova una sala commemorativa, una sala per le esposizioni individuali, l\u2019amministrazione, l\u2019archivio e la biblioteca. Le SS fecero costruire l\u2019edificio tra&#8230; <a class=\"view-article\" href=\"https:\/\/www.kz-gedenkstaette-dachau.de\/it\/luogo-storico\/guida-virtuale\/edificio-economato\/\">Vedi l&#8217;articolo<\/a><\/p>\n","protected":false},"author":1,"featured_media":0,"parent":60213,"menu_order":700,"comment_status":"closed","ping_status":"closed","template":"page-virtueller_rundgang_unterseite.php","meta":{"_acf_changed":false,"footnotes":""},"class_list":["post-60235","page","type-page","status-publish","hentry"],"acf":[],"yoast_head":"<!-- This site is optimized with the Yoast SEO plugin v27.4 - https:\/\/yoast.com\/product\/yoast-seo-wordpress\/ -->\n<title>Edificio dell\u2019economato (mostra principale) - KZ Gedenkst\u00e4tte Dachau<\/title>\n<meta name=\"robots\" content=\"index, follow, max-snippet:-1, max-image-preview:large, max-video-preview:-1\" \/>\n<link rel=\"canonical\" href=\"https:\/\/www.kz-gedenkstaette-dachau.de\/it\/luogo-storico\/guida-virtuale\/edificio-economato\/\" \/>\n<meta property=\"og:locale\" content=\"it_IT\" \/>\n<meta property=\"og:type\" content=\"article\" \/>\n<meta property=\"og:title\" content=\"Edificio dell\u2019economato (mostra principale) - KZ Gedenkst\u00e4tte Dachau\" \/>\n<meta property=\"og:description\" content=\"Oggi, nell\u2019ex edificio dell\u2019economato, \u00e8 stata allestita la mostra principale dell\u2019ex campo di concentramento di Dachau. La mostra illustra la storia del campo e il destino dei detenuti. Sempre all&#8217;interno dello stesso edificio, si trova una sala commemorativa, una sala per le esposizioni individuali, l\u2019amministrazione, l\u2019archivio e la biblioteca. Le SS fecero costruire l\u2019edificio tra... Vedi l&#039;articolo\" \/>\n<meta property=\"og:url\" content=\"https:\/\/www.kz-gedenkstaette-dachau.de\/it\/luogo-storico\/guida-virtuale\/edificio-economato\/\" \/>\n<meta property=\"og:site_name\" content=\"KZ Gedenkst\u00e4tte Dachau\" \/>\n<meta property=\"article:modified_time\" content=\"2020-02-10T14:41:21+00:00\" \/>\n<meta name=\"twitter:card\" content=\"summary_large_image\" \/>\n<meta name=\"twitter:label1\" content=\"Tempo di lettura stimato\" \/>\n\t<meta name=\"twitter:data1\" content=\"1 minuto\" \/>\n<script type=\"application\/ld+json\" class=\"yoast-schema-graph\">{\"@context\":\"https:\\\/\\\/schema.org\",\"@graph\":[{\"@type\":\"WebPage\",\"@id\":\"https:\\\/\\\/www.kz-gedenkstaette-dachau.de\\\/it\\\/luogo-storico\\\/guida-virtuale\\\/edificio-economato\\\/\",\"url\":\"https:\\\/\\\/www.kz-gedenkstaette-dachau.de\\\/it\\\/luogo-storico\\\/guida-virtuale\\\/edificio-economato\\\/\",\"name\":\"Edificio dell\u2019economato (mostra principale) - KZ Gedenkst\u00e4tte Dachau\",\"isPartOf\":{\"@id\":\"https:\\\/\\\/www.kz-gedenkstaette-dachau.de\\\/#website\"},\"datePublished\":\"2018-09-04T10:38:10+00:00\",\"dateModified\":\"2020-02-10T14:41:21+00:00\",\"breadcrumb\":{\"@id\":\"https:\\\/\\\/www.kz-gedenkstaette-dachau.de\\\/it\\\/luogo-storico\\\/guida-virtuale\\\/edificio-economato\\\/#breadcrumb\"},\"inLanguage\":\"it-IT\",\"potentialAction\":[{\"@type\":\"ReadAction\",\"target\":[\"https:\\\/\\\/www.kz-gedenkstaette-dachau.de\\\/it\\\/luogo-storico\\\/guida-virtuale\\\/edificio-economato\\\/\"]}]},{\"@type\":\"BreadcrumbList\",\"@id\":\"https:\\\/\\\/www.kz-gedenkstaette-dachau.de\\\/it\\\/luogo-storico\\\/guida-virtuale\\\/edificio-economato\\\/#breadcrumb\",\"itemListElement\":[{\"@type\":\"ListItem\",\"position\":1,\"name\":\"Pagina principale\",\"item\":\"https:\\\/\\\/www.kz-gedenkstaette-dachau.de\\\/it\\\/\"},{\"@type\":\"ListItem\",\"position\":2,\"name\":\"Luogo storico\",\"item\":\"https:\\\/\\\/www.kz-gedenkstaette-dachau.de\\\/it\\\/luogo-storico\\\/\"},{\"@type\":\"ListItem\",\"position\":3,\"name\":\"Guida virtuale\",\"item\":\"https:\\\/\\\/www.kz-gedenkstaette-dachau.de\\\/it\\\/luogo-storico\\\/guida-virtuale\\\/\"},{\"@type\":\"ListItem\",\"position\":4,\"name\":\"Edificio dell\u2019economato (mostra principale)\"}]},{\"@type\":\"WebSite\",\"@id\":\"https:\\\/\\\/www.kz-gedenkstaette-dachau.de\\\/#website\",\"url\":\"https:\\\/\\\/www.kz-gedenkstaette-dachau.de\\\/\",\"name\":\"KZ Gedenkst\u00e4tte Dachau\",\"description\":\"\",\"potentialAction\":[{\"@type\":\"SearchAction\",\"target\":{\"@type\":\"EntryPoint\",\"urlTemplate\":\"https:\\\/\\\/www.kz-gedenkstaette-dachau.de\\\/?s={search_term_string}\"},\"query-input\":{\"@type\":\"PropertyValueSpecification\",\"valueRequired\":true,\"valueName\":\"search_term_string\"}}],\"inLanguage\":\"it-IT\"}]}<\/script>\n<!-- \/ Yoast SEO plugin. -->","yoast_head_json":{"title":"Edificio dell\u2019economato (mostra principale) - KZ Gedenkst\u00e4tte Dachau","robots":{"index":"index","follow":"follow","max-snippet":"max-snippet:-1","max-image-preview":"max-image-preview:large","max-video-preview":"max-video-preview:-1"},"canonical":"https:\/\/www.kz-gedenkstaette-dachau.de\/it\/luogo-storico\/guida-virtuale\/edificio-economato\/","og_locale":"it_IT","og_type":"article","og_title":"Edificio dell\u2019economato (mostra principale) - KZ Gedenkst\u00e4tte Dachau","og_description":"Oggi, nell\u2019ex edificio dell\u2019economato, \u00e8 stata allestita la mostra principale dell\u2019ex campo di concentramento di Dachau. La mostra illustra la storia del campo e il destino dei detenuti. Sempre all&#8217;interno dello stesso edificio, si trova una sala commemorativa, una sala per le esposizioni individuali, l\u2019amministrazione, l\u2019archivio e la biblioteca. Le SS fecero costruire l\u2019edificio tra... Vedi l'articolo","og_url":"https:\/\/www.kz-gedenkstaette-dachau.de\/it\/luogo-storico\/guida-virtuale\/edificio-economato\/","og_site_name":"KZ Gedenkst\u00e4tte Dachau","article_modified_time":"2020-02-10T14:41:21+00:00","twitter_card":"summary_large_image","twitter_misc":{"Tempo di lettura stimato":"1 minuto"},"schema":{"@context":"https:\/\/schema.org","@graph":[{"@type":"WebPage","@id":"https:\/\/www.kz-gedenkstaette-dachau.de\/it\/luogo-storico\/guida-virtuale\/edificio-economato\/","url":"https:\/\/www.kz-gedenkstaette-dachau.de\/it\/luogo-storico\/guida-virtuale\/edificio-economato\/","name":"Edificio dell\u2019economato (mostra principale) - KZ Gedenkst\u00e4tte Dachau","isPartOf":{"@id":"https:\/\/www.kz-gedenkstaette-dachau.de\/#website"},"datePublished":"2018-09-04T10:38:10+00:00","dateModified":"2020-02-10T14:41:21+00:00","breadcrumb":{"@id":"https:\/\/www.kz-gedenkstaette-dachau.de\/it\/luogo-storico\/guida-virtuale\/edificio-economato\/#breadcrumb"},"inLanguage":"it-IT","potentialAction":[{"@type":"ReadAction","target":["https:\/\/www.kz-gedenkstaette-dachau.de\/it\/luogo-storico\/guida-virtuale\/edificio-economato\/"]}]},{"@type":"BreadcrumbList","@id":"https:\/\/www.kz-gedenkstaette-dachau.de\/it\/luogo-storico\/guida-virtuale\/edificio-economato\/#breadcrumb","itemListElement":[{"@type":"ListItem","position":1,"name":"Pagina principale","item":"https:\/\/www.kz-gedenkstaette-dachau.de\/it\/"},{"@type":"ListItem","position":2,"name":"Luogo storico","item":"https:\/\/www.kz-gedenkstaette-dachau.de\/it\/luogo-storico\/"},{"@type":"ListItem","position":3,"name":"Guida virtuale","item":"https:\/\/www.kz-gedenkstaette-dachau.de\/it\/luogo-storico\/guida-virtuale\/"},{"@type":"ListItem","position":4,"name":"Edificio dell\u2019economato (mostra principale)"}]},{"@type":"WebSite","@id":"https:\/\/www.kz-gedenkstaette-dachau.de\/#website","url":"https:\/\/www.kz-gedenkstaette-dachau.de\/","name":"KZ Gedenkst\u00e4tte Dachau","description":"","potentialAction":[{"@type":"SearchAction","target":{"@type":"EntryPoint","urlTemplate":"https:\/\/www.kz-gedenkstaette-dachau.de\/?s={search_term_string}"},"query-input":{"@type":"PropertyValueSpecification","valueRequired":true,"valueName":"search_term_string"}}],"inLanguage":"it-IT"}]}},"_links":{"self":[{"href":"https:\/\/www.kz-gedenkstaette-dachau.de\/it\/wp-json\/wp\/v2\/pages\/60235","targetHints":{"allow":["GET"]}}],"collection":[{"href":"https:\/\/www.kz-gedenkstaette-dachau.de\/it\/wp-json\/wp\/v2\/pages"}],"about":[{"href":"https:\/\/www.kz-gedenkstaette-dachau.de\/it\/wp-json\/wp\/v2\/types\/page"}],"author":[{"embeddable":true,"href":"https:\/\/www.kz-gedenkstaette-dachau.de\/it\/wp-json\/wp\/v2\/users\/1"}],"replies":[{"embeddable":true,"href":"https:\/\/www.kz-gedenkstaette-dachau.de\/it\/wp-json\/wp\/v2\/comments?post=60235"}],"version-history":[{"count":0,"href":"https:\/\/www.kz-gedenkstaette-dachau.de\/it\/wp-json\/wp\/v2\/pages\/60235\/revisions"}],"up":[{"embeddable":true,"href":"https:\/\/www.kz-gedenkstaette-dachau.de\/it\/wp-json\/wp\/v2\/pages\/60213"}],"wp:attachment":[{"href":"https:\/\/www.kz-gedenkstaette-dachau.de\/it\/wp-json\/wp\/v2\/media?parent=60235"}],"curies":[{"name":"wp","href":"https:\/\/api.w.org\/{rel}","templated":true}]}}