{"id":60246,"date":"2018-09-04T12:41:07","date_gmt":"2018-09-04T10:41:07","guid":{"rendered":"https:\/\/www.kz-gedenkstaette-dachau.de\/luogo-storico\/guida-virtuale\/lagergefaengnis\/"},"modified":"2020-02-12T11:42:21","modified_gmt":"2020-02-12T10:42:21","slug":"carcere-del-campo-esposizione","status":"publish","type":"page","link":"https:\/\/www.kz-gedenkstaette-dachau.de\/it\/luogo-storico\/guida-virtuale\/carcere-del-campo-esposizione\/","title":{"rendered":"Carcere del campo (esposizione)"},"content":{"rendered":"<p>All&#8217;interno del Bunker troviamo oggi una mostra che illustra la storia dell\u2019edificio, usato dalle SS come prigione per misure di punizioni aggravate e, pertanto, considerato un luogo centrale del terrore nazista. L&#8217;odierno edificio \u00e8 stato realizzato tra il 1937 e il &#8217;38 ed era chiamato dalle SS \u201carresto di comando\u201d (Kommandanturarrest), mentre i detenuti lo definivano semplicemente \u201cbunker\u201d.<\/p>\n<p>Nella parte centrale a base quadrata si trovavano gli uffici del personale di guardia, un locale di ispezione e un locale per la registrazione. Il locale per gli interrogatori, usato anche per la registrazione dei dati personali, era isolato in modo da non far sentire le grida. Le ali laterali disponevano di celle singole nelle quali i detenuti venivano rinchiusi, per settimane o mesi, continuamente vigilati e con razioni di cibo ridottissime. In queste celle sono morti tanti detenuti poich\u00e9 venivano maltrattati e torturati dalle SS per estorcere loro delle confessioni. Nel 1944 le SS costruirono nel bunker quattro \u201cStehzellen\u201d (celle in cui si poteva stare solo in piedi) che misuravano 80 cm per 80 cm, in cui i detenuti venivano rinchiusi per diversi giorni soffrendo la mancanza d\u2019ossigeno e la fame.<\/p>\n<p>Dal 1941 anche i cosiddetti \u201edetenuti speciali\u201d furono trasferiti nelle celle del Bunker; si trattava di eminenti personalit\u00e0 che le SS tenevano in ostaggio da usare per eventuali tattiche di guerra. Negli anni tra il 1941 e il &#8217;42 il bunker fu ampliato aggiungendo un tratto destinato al personale SS, ai funzionari di polizia e al personale della protezione antiaerea. Oggi questa parte non \u00e8 pi\u00f9 visitabile perch\u00e9 andata distrutta.<\/p>\n<p>Il cortile tra l&#8217;edificio dell&#8217;economato e il Bunker era usato per maltrattare e uccidere i detenuti; successivamente, in una parte di esso, le SS costruirono un poligono per le fucilazioni, diviso da un muro con pali e paracolpi. Alla fine dell&#8217;agosto 1941 le SS iniziarono ad usare questa zona per fucilare i prigionieri di guerra sovietici.\u00a0 Ben presto per\u00f2, per non destare sospetti, queste esecuzioni di massa, furono spostate nel vicino \u201cPoligono di tiro SS ad Hebertshausen\u201d.<\/p>\n","protected":false},"excerpt":{"rendered":"<p>All&#8217;interno del Bunker troviamo oggi una mostra che illustra la storia dell\u2019edificio, usato dalle SS come prigione per misure di punizioni aggravate e, pertanto, considerato un luogo centrale del terrore nazista. L&#8217;odierno edificio \u00e8 stato realizzato tra il 1937 e il &#8217;38 ed era chiamato dalle SS \u201carresto di comando\u201d (Kommandanturarrest), mentre i detenuti lo&#8230; <a class=\"view-article\" href=\"https:\/\/www.kz-gedenkstaette-dachau.de\/it\/luogo-storico\/guida-virtuale\/carcere-del-campo-esposizione\/\">Vedi l&#8217;articolo<\/a><\/p>\n","protected":false},"author":1,"featured_media":0,"parent":60213,"menu_order":800,"comment_status":"closed","ping_status":"closed","template":"page-virtueller_rundgang_unterseite.php","meta":{"_acf_changed":false,"footnotes":""},"class_list":["post-60246","page","type-page","status-publish","hentry"],"acf":[],"yoast_head":"<!-- This site is optimized with the Yoast SEO plugin v27.4 - https:\/\/yoast.com\/product\/yoast-seo-wordpress\/ -->\n<title>Carcere del campo (esposizione) - KZ Gedenkst\u00e4tte Dachau<\/title>\n<meta name=\"robots\" content=\"index, follow, max-snippet:-1, max-image-preview:large, max-video-preview:-1\" \/>\n<link rel=\"canonical\" href=\"https:\/\/www.kz-gedenkstaette-dachau.de\/it\/luogo-storico\/guida-virtuale\/carcere-del-campo-esposizione\/\" \/>\n<meta property=\"og:locale\" content=\"it_IT\" \/>\n<meta property=\"og:type\" content=\"article\" \/>\n<meta property=\"og:title\" content=\"Carcere del campo (esposizione) - KZ Gedenkst\u00e4tte Dachau\" \/>\n<meta property=\"og:description\" content=\"All&#8217;interno del Bunker troviamo oggi una mostra che illustra la storia dell\u2019edificio, usato dalle SS come prigione per misure di punizioni aggravate e, pertanto, considerato un luogo centrale del terrore nazista. L&#8217;odierno edificio \u00e8 stato realizzato tra il 1937 e il &#8217;38 ed era chiamato dalle SS \u201carresto di comando\u201d (Kommandanturarrest), mentre i detenuti lo... Vedi l&#039;articolo\" \/>\n<meta property=\"og:url\" content=\"https:\/\/www.kz-gedenkstaette-dachau.de\/it\/luogo-storico\/guida-virtuale\/carcere-del-campo-esposizione\/\" \/>\n<meta property=\"og:site_name\" content=\"KZ Gedenkst\u00e4tte Dachau\" \/>\n<meta property=\"article:modified_time\" content=\"2020-02-12T10:42:21+00:00\" \/>\n<meta name=\"twitter:card\" content=\"summary_large_image\" \/>\n<meta name=\"twitter:label1\" content=\"Tempo di lettura stimato\" \/>\n\t<meta name=\"twitter:data1\" content=\"2 minuti\" \/>\n<script type=\"application\/ld+json\" class=\"yoast-schema-graph\">{\"@context\":\"https:\\\/\\\/schema.org\",\"@graph\":[{\"@type\":\"WebPage\",\"@id\":\"https:\\\/\\\/www.kz-gedenkstaette-dachau.de\\\/it\\\/luogo-storico\\\/guida-virtuale\\\/carcere-del-campo-esposizione\\\/\",\"url\":\"https:\\\/\\\/www.kz-gedenkstaette-dachau.de\\\/it\\\/luogo-storico\\\/guida-virtuale\\\/carcere-del-campo-esposizione\\\/\",\"name\":\"Carcere del campo (esposizione) - KZ Gedenkst\u00e4tte Dachau\",\"isPartOf\":{\"@id\":\"https:\\\/\\\/www.kz-gedenkstaette-dachau.de\\\/#website\"},\"datePublished\":\"2018-09-04T10:41:07+00:00\",\"dateModified\":\"2020-02-12T10:42:21+00:00\",\"breadcrumb\":{\"@id\":\"https:\\\/\\\/www.kz-gedenkstaette-dachau.de\\\/it\\\/luogo-storico\\\/guida-virtuale\\\/carcere-del-campo-esposizione\\\/#breadcrumb\"},\"inLanguage\":\"it-IT\",\"potentialAction\":[{\"@type\":\"ReadAction\",\"target\":[\"https:\\\/\\\/www.kz-gedenkstaette-dachau.de\\\/it\\\/luogo-storico\\\/guida-virtuale\\\/carcere-del-campo-esposizione\\\/\"]}]},{\"@type\":\"BreadcrumbList\",\"@id\":\"https:\\\/\\\/www.kz-gedenkstaette-dachau.de\\\/it\\\/luogo-storico\\\/guida-virtuale\\\/carcere-del-campo-esposizione\\\/#breadcrumb\",\"itemListElement\":[{\"@type\":\"ListItem\",\"position\":1,\"name\":\"Pagina principale\",\"item\":\"https:\\\/\\\/www.kz-gedenkstaette-dachau.de\\\/it\\\/\"},{\"@type\":\"ListItem\",\"position\":2,\"name\":\"Luogo storico\",\"item\":\"https:\\\/\\\/www.kz-gedenkstaette-dachau.de\\\/it\\\/luogo-storico\\\/\"},{\"@type\":\"ListItem\",\"position\":3,\"name\":\"Guida virtuale\",\"item\":\"https:\\\/\\\/www.kz-gedenkstaette-dachau.de\\\/it\\\/luogo-storico\\\/guida-virtuale\\\/\"},{\"@type\":\"ListItem\",\"position\":4,\"name\":\"Carcere del campo (esposizione)\"}]},{\"@type\":\"WebSite\",\"@id\":\"https:\\\/\\\/www.kz-gedenkstaette-dachau.de\\\/#website\",\"url\":\"https:\\\/\\\/www.kz-gedenkstaette-dachau.de\\\/\",\"name\":\"KZ Gedenkst\u00e4tte Dachau\",\"description\":\"\",\"potentialAction\":[{\"@type\":\"SearchAction\",\"target\":{\"@type\":\"EntryPoint\",\"urlTemplate\":\"https:\\\/\\\/www.kz-gedenkstaette-dachau.de\\\/?s={search_term_string}\"},\"query-input\":{\"@type\":\"PropertyValueSpecification\",\"valueRequired\":true,\"valueName\":\"search_term_string\"}}],\"inLanguage\":\"it-IT\"}]}<\/script>\n<!-- \/ Yoast SEO plugin. -->","yoast_head_json":{"title":"Carcere del campo (esposizione) - KZ Gedenkst\u00e4tte Dachau","robots":{"index":"index","follow":"follow","max-snippet":"max-snippet:-1","max-image-preview":"max-image-preview:large","max-video-preview":"max-video-preview:-1"},"canonical":"https:\/\/www.kz-gedenkstaette-dachau.de\/it\/luogo-storico\/guida-virtuale\/carcere-del-campo-esposizione\/","og_locale":"it_IT","og_type":"article","og_title":"Carcere del campo (esposizione) - KZ Gedenkst\u00e4tte Dachau","og_description":"All&#8217;interno del Bunker troviamo oggi una mostra che illustra la storia dell\u2019edificio, usato dalle SS come prigione per misure di punizioni aggravate e, pertanto, considerato un luogo centrale del terrore nazista. L&#8217;odierno edificio \u00e8 stato realizzato tra il 1937 e il &#8217;38 ed era chiamato dalle SS \u201carresto di comando\u201d (Kommandanturarrest), mentre i detenuti lo... Vedi l'articolo","og_url":"https:\/\/www.kz-gedenkstaette-dachau.de\/it\/luogo-storico\/guida-virtuale\/carcere-del-campo-esposizione\/","og_site_name":"KZ Gedenkst\u00e4tte Dachau","article_modified_time":"2020-02-12T10:42:21+00:00","twitter_card":"summary_large_image","twitter_misc":{"Tempo di lettura stimato":"2 minuti"},"schema":{"@context":"https:\/\/schema.org","@graph":[{"@type":"WebPage","@id":"https:\/\/www.kz-gedenkstaette-dachau.de\/it\/luogo-storico\/guida-virtuale\/carcere-del-campo-esposizione\/","url":"https:\/\/www.kz-gedenkstaette-dachau.de\/it\/luogo-storico\/guida-virtuale\/carcere-del-campo-esposizione\/","name":"Carcere del campo (esposizione) - KZ Gedenkst\u00e4tte Dachau","isPartOf":{"@id":"https:\/\/www.kz-gedenkstaette-dachau.de\/#website"},"datePublished":"2018-09-04T10:41:07+00:00","dateModified":"2020-02-12T10:42:21+00:00","breadcrumb":{"@id":"https:\/\/www.kz-gedenkstaette-dachau.de\/it\/luogo-storico\/guida-virtuale\/carcere-del-campo-esposizione\/#breadcrumb"},"inLanguage":"it-IT","potentialAction":[{"@type":"ReadAction","target":["https:\/\/www.kz-gedenkstaette-dachau.de\/it\/luogo-storico\/guida-virtuale\/carcere-del-campo-esposizione\/"]}]},{"@type":"BreadcrumbList","@id":"https:\/\/www.kz-gedenkstaette-dachau.de\/it\/luogo-storico\/guida-virtuale\/carcere-del-campo-esposizione\/#breadcrumb","itemListElement":[{"@type":"ListItem","position":1,"name":"Pagina principale","item":"https:\/\/www.kz-gedenkstaette-dachau.de\/it\/"},{"@type":"ListItem","position":2,"name":"Luogo storico","item":"https:\/\/www.kz-gedenkstaette-dachau.de\/it\/luogo-storico\/"},{"@type":"ListItem","position":3,"name":"Guida virtuale","item":"https:\/\/www.kz-gedenkstaette-dachau.de\/it\/luogo-storico\/guida-virtuale\/"},{"@type":"ListItem","position":4,"name":"Carcere del campo (esposizione)"}]},{"@type":"WebSite","@id":"https:\/\/www.kz-gedenkstaette-dachau.de\/#website","url":"https:\/\/www.kz-gedenkstaette-dachau.de\/","name":"KZ Gedenkst\u00e4tte Dachau","description":"","potentialAction":[{"@type":"SearchAction","target":{"@type":"EntryPoint","urlTemplate":"https:\/\/www.kz-gedenkstaette-dachau.de\/?s={search_term_string}"},"query-input":{"@type":"PropertyValueSpecification","valueRequired":true,"valueName":"search_term_string"}}],"inLanguage":"it-IT"}]}},"_links":{"self":[{"href":"https:\/\/www.kz-gedenkstaette-dachau.de\/it\/wp-json\/wp\/v2\/pages\/60246","targetHints":{"allow":["GET"]}}],"collection":[{"href":"https:\/\/www.kz-gedenkstaette-dachau.de\/it\/wp-json\/wp\/v2\/pages"}],"about":[{"href":"https:\/\/www.kz-gedenkstaette-dachau.de\/it\/wp-json\/wp\/v2\/types\/page"}],"author":[{"embeddable":true,"href":"https:\/\/www.kz-gedenkstaette-dachau.de\/it\/wp-json\/wp\/v2\/users\/1"}],"replies":[{"embeddable":true,"href":"https:\/\/www.kz-gedenkstaette-dachau.de\/it\/wp-json\/wp\/v2\/comments?post=60246"}],"version-history":[{"count":0,"href":"https:\/\/www.kz-gedenkstaette-dachau.de\/it\/wp-json\/wp\/v2\/pages\/60246\/revisions"}],"up":[{"embeddable":true,"href":"https:\/\/www.kz-gedenkstaette-dachau.de\/it\/wp-json\/wp\/v2\/pages\/60213"}],"wp:attachment":[{"href":"https:\/\/www.kz-gedenkstaette-dachau.de\/it\/wp-json\/wp\/v2\/media?parent=60246"}],"curies":[{"name":"wp","href":"https:\/\/api.w.org\/{rel}","templated":true}]}}