{"id":60257,"date":"2018-09-04T12:42:23","date_gmt":"2018-09-04T10:42:23","guid":{"rendered":"https:\/\/www.kz-gedenkstaette-dachau.de\/luogo-storico\/guida-virtuale\/funktionsgebaeude\/"},"modified":"2020-04-21T22:11:21","modified_gmt":"2020-04-21T20:11:21","slug":"edifici-funzionali","status":"publish","type":"page","link":"https:\/\/www.kz-gedenkstaette-dachau.de\/it\/luogo-storico\/guida-virtuale\/edifici-funzionali\/","title":{"rendered":"Edifici funzionali"},"content":{"rendered":"<p>In fondo alle baracche si trovava, separata da uno steccato, un\u2019area con edifici funzionali e unit\u00e0 produttive nelle quali i detenuti erano costretti a lavorare. Oggigiorno questi edifici non esistono pi\u00f9 perch\u00e9 distrutti tra gli anni &#8217;50 e &#8217;60 e al loro posto troviamo i monumenti commemorativi religiosi.<\/p>\n<p>Dietro la fila di baracche nel lato occidentale (evidenziato in rosso) si trovavano le serre in cui venivano coltivate piantine che successivamente venivano spedite nelle fattorie sperimentali SS\/ \u201cKr\u00e4utergarten\u201d.<\/p>\n<p>Mentre, dietro le baracche nel lato orientale (evidenziato in lilla), a partire dal 1940, furono costruite le gabbie per l&#8217;allevamento dei conigli d\u2019angora, in continuo ingrandimento, fino a raggiungere pi\u00f9 di 4.000 animali nel 1944. Il pelo dei conigli serviva a foderare le uniformi della Luftwaffe.<\/p>\n<p>Nel 1941 fu aggiunta una baracca (evidenziata in arancione) adibita alla disinfestazione degli abiti e delle coperte dei prigionieri. In questa baracca le SS evitavano di entrare a causa del pericolo di contagio, pertanto i detenuti la usavano per gli incontri clandestini e per nascondere una radio con la quale intercettavano trasmissioni estere.<\/p>\n<p>Nella primavera del 1944 le SS aprirono un bordello (evidenziato in verde) solo per i detenuti del lager. Le donne, costrette a prostituirsi in questa baracca chiamata \u201ebaracca speciale\u201c, erano detenute provenienti dal lager di Ravensbr\u00fcck. I detenuti potevano richiedere il premesso di andare al bordello con un buono premi che ricevevano per il loro lavoro. In questo modo si cercava di incentivare i prigionieri al lavoro stesso.\u00a0 Gli unici detenuti a cui era vietato entrare in questo luogo erano gli ebrei, ma comunque, anche la maggior parte degli altri detenuti inizi\u00f2 a boicottare il bordello, tanto che alla fine del 1944 le SS furono costrette a chiuderlo.<\/p>\n","protected":false},"excerpt":{"rendered":"<p>In fondo alle baracche si trovava, separata da uno steccato, un\u2019area con edifici funzionali e unit\u00e0 produttive nelle quali i detenuti erano costretti a lavorare. Oggigiorno questi edifici non esistono pi\u00f9 perch\u00e9 distrutti tra gli anni &#8217;50 e &#8217;60 e al loro posto troviamo i monumenti commemorativi religiosi. Dietro la fila di baracche nel lato&#8230; <a class=\"view-article\" href=\"https:\/\/www.kz-gedenkstaette-dachau.de\/it\/luogo-storico\/guida-virtuale\/edifici-funzionali\/\">Vedi l&#8217;articolo<\/a><\/p>\n","protected":false},"author":1,"featured_media":0,"parent":60213,"menu_order":1100,"comment_status":"closed","ping_status":"closed","template":"page-virtueller_rundgang_unterseite.php","meta":{"_acf_changed":false,"footnotes":""},"class_list":["post-60257","page","type-page","status-publish","hentry"],"acf":[],"yoast_head":"<!-- This site is optimized with the Yoast SEO plugin v27.3 - https:\/\/yoast.com\/product\/yoast-seo-wordpress\/ -->\n<title>Edifici funzionali - KZ Gedenkst\u00e4tte Dachau<\/title>\n<meta name=\"robots\" content=\"index, follow, max-snippet:-1, max-image-preview:large, max-video-preview:-1\" \/>\n<link rel=\"canonical\" href=\"https:\/\/www.kz-gedenkstaette-dachau.de\/it\/luogo-storico\/guida-virtuale\/edifici-funzionali\/\" \/>\n<meta property=\"og:locale\" content=\"it_IT\" \/>\n<meta property=\"og:type\" content=\"article\" \/>\n<meta property=\"og:title\" content=\"Edifici funzionali - KZ Gedenkst\u00e4tte Dachau\" \/>\n<meta property=\"og:description\" content=\"In fondo alle baracche si trovava, separata da uno steccato, un\u2019area con edifici funzionali e unit\u00e0 produttive nelle quali i detenuti erano costretti a lavorare. Oggigiorno questi edifici non esistono pi\u00f9 perch\u00e9 distrutti tra gli anni &#8217;50 e &#8217;60 e al loro posto troviamo i monumenti commemorativi religiosi. Dietro la fila di baracche nel lato... Vedi l&#039;articolo\" \/>\n<meta property=\"og:url\" content=\"https:\/\/www.kz-gedenkstaette-dachau.de\/it\/luogo-storico\/guida-virtuale\/edifici-funzionali\/\" \/>\n<meta property=\"og:site_name\" content=\"KZ Gedenkst\u00e4tte Dachau\" \/>\n<meta property=\"article:modified_time\" content=\"2020-04-21T20:11:21+00:00\" \/>\n<meta name=\"twitter:card\" content=\"summary_large_image\" \/>\n<meta name=\"twitter:label1\" content=\"Tempo di lettura stimato\" \/>\n\t<meta name=\"twitter:data1\" content=\"1 minuto\" \/>\n<script type=\"application\/ld+json\" class=\"yoast-schema-graph\">{\"@context\":\"https:\\\/\\\/schema.org\",\"@graph\":[{\"@type\":\"WebPage\",\"@id\":\"https:\\\/\\\/www.kz-gedenkstaette-dachau.de\\\/it\\\/luogo-storico\\\/guida-virtuale\\\/edifici-funzionali\\\/\",\"url\":\"https:\\\/\\\/www.kz-gedenkstaette-dachau.de\\\/it\\\/luogo-storico\\\/guida-virtuale\\\/edifici-funzionali\\\/\",\"name\":\"Edifici funzionali - KZ Gedenkst\u00e4tte Dachau\",\"isPartOf\":{\"@id\":\"https:\\\/\\\/www.kz-gedenkstaette-dachau.de\\\/#website\"},\"datePublished\":\"2018-09-04T10:42:23+00:00\",\"dateModified\":\"2020-04-21T20:11:21+00:00\",\"breadcrumb\":{\"@id\":\"https:\\\/\\\/www.kz-gedenkstaette-dachau.de\\\/it\\\/luogo-storico\\\/guida-virtuale\\\/edifici-funzionali\\\/#breadcrumb\"},\"inLanguage\":\"it-IT\",\"potentialAction\":[{\"@type\":\"ReadAction\",\"target\":[\"https:\\\/\\\/www.kz-gedenkstaette-dachau.de\\\/it\\\/luogo-storico\\\/guida-virtuale\\\/edifici-funzionali\\\/\"]}]},{\"@type\":\"BreadcrumbList\",\"@id\":\"https:\\\/\\\/www.kz-gedenkstaette-dachau.de\\\/it\\\/luogo-storico\\\/guida-virtuale\\\/edifici-funzionali\\\/#breadcrumb\",\"itemListElement\":[{\"@type\":\"ListItem\",\"position\":1,\"name\":\"Pagina principale\",\"item\":\"https:\\\/\\\/www.kz-gedenkstaette-dachau.de\\\/it\\\/\"},{\"@type\":\"ListItem\",\"position\":2,\"name\":\"Luogo storico\",\"item\":\"https:\\\/\\\/www.kz-gedenkstaette-dachau.de\\\/it\\\/luogo-storico\\\/\"},{\"@type\":\"ListItem\",\"position\":3,\"name\":\"Guida virtuale\",\"item\":\"https:\\\/\\\/www.kz-gedenkstaette-dachau.de\\\/it\\\/luogo-storico\\\/guida-virtuale\\\/\"},{\"@type\":\"ListItem\",\"position\":4,\"name\":\"Edifici funzionali\"}]},{\"@type\":\"WebSite\",\"@id\":\"https:\\\/\\\/www.kz-gedenkstaette-dachau.de\\\/#website\",\"url\":\"https:\\\/\\\/www.kz-gedenkstaette-dachau.de\\\/\",\"name\":\"KZ Gedenkst\u00e4tte Dachau\",\"description\":\"\",\"potentialAction\":[{\"@type\":\"SearchAction\",\"target\":{\"@type\":\"EntryPoint\",\"urlTemplate\":\"https:\\\/\\\/www.kz-gedenkstaette-dachau.de\\\/?s={search_term_string}\"},\"query-input\":{\"@type\":\"PropertyValueSpecification\",\"valueRequired\":true,\"valueName\":\"search_term_string\"}}],\"inLanguage\":\"it-IT\"}]}<\/script>\n<!-- \/ Yoast SEO plugin. -->","yoast_head_json":{"title":"Edifici funzionali - KZ Gedenkst\u00e4tte Dachau","robots":{"index":"index","follow":"follow","max-snippet":"max-snippet:-1","max-image-preview":"max-image-preview:large","max-video-preview":"max-video-preview:-1"},"canonical":"https:\/\/www.kz-gedenkstaette-dachau.de\/it\/luogo-storico\/guida-virtuale\/edifici-funzionali\/","og_locale":"it_IT","og_type":"article","og_title":"Edifici funzionali - KZ Gedenkst\u00e4tte Dachau","og_description":"In fondo alle baracche si trovava, separata da uno steccato, un\u2019area con edifici funzionali e unit\u00e0 produttive nelle quali i detenuti erano costretti a lavorare. Oggigiorno questi edifici non esistono pi\u00f9 perch\u00e9 distrutti tra gli anni &#8217;50 e &#8217;60 e al loro posto troviamo i monumenti commemorativi religiosi. Dietro la fila di baracche nel lato... Vedi l'articolo","og_url":"https:\/\/www.kz-gedenkstaette-dachau.de\/it\/luogo-storico\/guida-virtuale\/edifici-funzionali\/","og_site_name":"KZ Gedenkst\u00e4tte Dachau","article_modified_time":"2020-04-21T20:11:21+00:00","twitter_card":"summary_large_image","twitter_misc":{"Tempo di lettura stimato":"1 minuto"},"schema":{"@context":"https:\/\/schema.org","@graph":[{"@type":"WebPage","@id":"https:\/\/www.kz-gedenkstaette-dachau.de\/it\/luogo-storico\/guida-virtuale\/edifici-funzionali\/","url":"https:\/\/www.kz-gedenkstaette-dachau.de\/it\/luogo-storico\/guida-virtuale\/edifici-funzionali\/","name":"Edifici funzionali - KZ Gedenkst\u00e4tte Dachau","isPartOf":{"@id":"https:\/\/www.kz-gedenkstaette-dachau.de\/#website"},"datePublished":"2018-09-04T10:42:23+00:00","dateModified":"2020-04-21T20:11:21+00:00","breadcrumb":{"@id":"https:\/\/www.kz-gedenkstaette-dachau.de\/it\/luogo-storico\/guida-virtuale\/edifici-funzionali\/#breadcrumb"},"inLanguage":"it-IT","potentialAction":[{"@type":"ReadAction","target":["https:\/\/www.kz-gedenkstaette-dachau.de\/it\/luogo-storico\/guida-virtuale\/edifici-funzionali\/"]}]},{"@type":"BreadcrumbList","@id":"https:\/\/www.kz-gedenkstaette-dachau.de\/it\/luogo-storico\/guida-virtuale\/edifici-funzionali\/#breadcrumb","itemListElement":[{"@type":"ListItem","position":1,"name":"Pagina principale","item":"https:\/\/www.kz-gedenkstaette-dachau.de\/it\/"},{"@type":"ListItem","position":2,"name":"Luogo storico","item":"https:\/\/www.kz-gedenkstaette-dachau.de\/it\/luogo-storico\/"},{"@type":"ListItem","position":3,"name":"Guida virtuale","item":"https:\/\/www.kz-gedenkstaette-dachau.de\/it\/luogo-storico\/guida-virtuale\/"},{"@type":"ListItem","position":4,"name":"Edifici funzionali"}]},{"@type":"WebSite","@id":"https:\/\/www.kz-gedenkstaette-dachau.de\/#website","url":"https:\/\/www.kz-gedenkstaette-dachau.de\/","name":"KZ Gedenkst\u00e4tte Dachau","description":"","potentialAction":[{"@type":"SearchAction","target":{"@type":"EntryPoint","urlTemplate":"https:\/\/www.kz-gedenkstaette-dachau.de\/?s={search_term_string}"},"query-input":{"@type":"PropertyValueSpecification","valueRequired":true,"valueName":"search_term_string"}}],"inLanguage":"it-IT"}]}},"_links":{"self":[{"href":"https:\/\/www.kz-gedenkstaette-dachau.de\/it\/wp-json\/wp\/v2\/pages\/60257","targetHints":{"allow":["GET"]}}],"collection":[{"href":"https:\/\/www.kz-gedenkstaette-dachau.de\/it\/wp-json\/wp\/v2\/pages"}],"about":[{"href":"https:\/\/www.kz-gedenkstaette-dachau.de\/it\/wp-json\/wp\/v2\/types\/page"}],"author":[{"embeddable":true,"href":"https:\/\/www.kz-gedenkstaette-dachau.de\/it\/wp-json\/wp\/v2\/users\/1"}],"replies":[{"embeddable":true,"href":"https:\/\/www.kz-gedenkstaette-dachau.de\/it\/wp-json\/wp\/v2\/comments?post=60257"}],"version-history":[{"count":0,"href":"https:\/\/www.kz-gedenkstaette-dachau.de\/it\/wp-json\/wp\/v2\/pages\/60257\/revisions"}],"up":[{"embeddable":true,"href":"https:\/\/www.kz-gedenkstaette-dachau.de\/it\/wp-json\/wp\/v2\/pages\/60213"}],"wp:attachment":[{"href":"https:\/\/www.kz-gedenkstaette-dachau.de\/it\/wp-json\/wp\/v2\/media?parent=60257"}],"curies":[{"name":"wp","href":"https:\/\/api.w.org\/{rel}","templated":true}]}}