{"id":60281,"date":"2018-09-04T12:46:25","date_gmt":"2018-09-04T10:46:25","guid":{"rendered":"https:\/\/www.kz-gedenkstaette-dachau.de\/luogo-storico\/guida-virtuale\/juedische-gedenkstaette\/"},"modified":"2020-02-10T16:22:34","modified_gmt":"2020-02-10T15:22:34","slug":"monumento-commemorativo-ebraico","status":"publish","type":"page","link":"https:\/\/www.kz-gedenkstaette-dachau.de\/it\/luogo-storico\/guida-virtuale\/monumento-commemorativo-ebraico\/","title":{"rendered":"Monumento commemorativo ebraico"},"content":{"rendered":"<p>In data 7 maggio 1967 l\u2019unione delle comunit\u00e0 ebraiche in Baviera inaugur\u00f2 il monumento commemorativo. L\u2019edificio progettato da Zvi Guttmann ha una struttura che tende verso il basso, (profondit\u00e0 di 1,80 metri) a cui si accede tramite una rampa per simboleggiare lo sterminio degli ebrei. L&#8217;unica fonte di luce proviene da una sola apertura.<\/p>\n<p>Sulla sommit\u00e0 esterna \u00e8 posto il candelabro a sette braccia, la Menorah, realizzato a Peki, citt\u00e0 israeliana, simbolo della continuit\u00e0 dell&#8217;ebraismo.<\/p>\n","protected":false},"excerpt":{"rendered":"<p>In data 7 maggio 1967 l\u2019unione delle comunit\u00e0 ebraiche in Baviera inaugur\u00f2 il monumento commemorativo. L\u2019edificio progettato da Zvi Guttmann ha una struttura che tende verso il basso, (profondit\u00e0 di 1,80 metri) a cui si accede tramite una rampa per simboleggiare lo sterminio degli ebrei. L&#8217;unica fonte di luce proviene da una sola apertura. Sulla&#8230; <a class=\"view-article\" href=\"https:\/\/www.kz-gedenkstaette-dachau.de\/it\/luogo-storico\/guida-virtuale\/monumento-commemorativo-ebraico\/\">Vedi l&#8217;articolo<\/a><\/p>\n","protected":false},"author":1,"featured_media":0,"parent":60213,"menu_order":1900,"comment_status":"closed","ping_status":"closed","template":"page-virtueller_rundgang_unterseite.php","meta":{"_acf_changed":false,"footnotes":""},"class_list":["post-60281","page","type-page","status-publish","hentry"],"acf":[],"yoast_head":"<!-- This site is optimized with the Yoast SEO plugin v27.4 - https:\/\/yoast.com\/product\/yoast-seo-wordpress\/ -->\n<title>Monumento commemorativo ebraico - KZ Gedenkst\u00e4tte Dachau<\/title>\n<meta name=\"robots\" content=\"index, follow, max-snippet:-1, max-image-preview:large, max-video-preview:-1\" \/>\n<link rel=\"canonical\" href=\"https:\/\/www.kz-gedenkstaette-dachau.de\/it\/luogo-storico\/guida-virtuale\/monumento-commemorativo-ebraico\/\" \/>\n<meta property=\"og:locale\" content=\"it_IT\" \/>\n<meta property=\"og:type\" content=\"article\" \/>\n<meta property=\"og:title\" content=\"Monumento commemorativo ebraico - KZ Gedenkst\u00e4tte Dachau\" \/>\n<meta property=\"og:description\" content=\"In data 7 maggio 1967 l\u2019unione delle comunit\u00e0 ebraiche in Baviera inaugur\u00f2 il monumento commemorativo. L\u2019edificio progettato da Zvi Guttmann ha una struttura che tende verso il basso, (profondit\u00e0 di 1,80 metri) a cui si accede tramite una rampa per simboleggiare lo sterminio degli ebrei. L&#8217;unica fonte di luce proviene da una sola apertura. Sulla... Vedi l&#039;articolo\" \/>\n<meta property=\"og:url\" content=\"https:\/\/www.kz-gedenkstaette-dachau.de\/it\/luogo-storico\/guida-virtuale\/monumento-commemorativo-ebraico\/\" \/>\n<meta property=\"og:site_name\" content=\"KZ Gedenkst\u00e4tte Dachau\" \/>\n<meta property=\"article:modified_time\" content=\"2020-02-10T15:22:34+00:00\" \/>\n<meta name=\"twitter:card\" content=\"summary_large_image\" \/>\n<script type=\"application\/ld+json\" class=\"yoast-schema-graph\">{\"@context\":\"https:\\\/\\\/schema.org\",\"@graph\":[{\"@type\":\"WebPage\",\"@id\":\"https:\\\/\\\/www.kz-gedenkstaette-dachau.de\\\/it\\\/luogo-storico\\\/guida-virtuale\\\/monumento-commemorativo-ebraico\\\/\",\"url\":\"https:\\\/\\\/www.kz-gedenkstaette-dachau.de\\\/it\\\/luogo-storico\\\/guida-virtuale\\\/monumento-commemorativo-ebraico\\\/\",\"name\":\"Monumento commemorativo ebraico - KZ Gedenkst\u00e4tte Dachau\",\"isPartOf\":{\"@id\":\"https:\\\/\\\/www.kz-gedenkstaette-dachau.de\\\/#website\"},\"datePublished\":\"2018-09-04T10:46:25+00:00\",\"dateModified\":\"2020-02-10T15:22:34+00:00\",\"breadcrumb\":{\"@id\":\"https:\\\/\\\/www.kz-gedenkstaette-dachau.de\\\/it\\\/luogo-storico\\\/guida-virtuale\\\/monumento-commemorativo-ebraico\\\/#breadcrumb\"},\"inLanguage\":\"it-IT\",\"potentialAction\":[{\"@type\":\"ReadAction\",\"target\":[\"https:\\\/\\\/www.kz-gedenkstaette-dachau.de\\\/it\\\/luogo-storico\\\/guida-virtuale\\\/monumento-commemorativo-ebraico\\\/\"]}]},{\"@type\":\"BreadcrumbList\",\"@id\":\"https:\\\/\\\/www.kz-gedenkstaette-dachau.de\\\/it\\\/luogo-storico\\\/guida-virtuale\\\/monumento-commemorativo-ebraico\\\/#breadcrumb\",\"itemListElement\":[{\"@type\":\"ListItem\",\"position\":1,\"name\":\"Pagina principale\",\"item\":\"https:\\\/\\\/www.kz-gedenkstaette-dachau.de\\\/it\\\/\"},{\"@type\":\"ListItem\",\"position\":2,\"name\":\"Luogo storico\",\"item\":\"https:\\\/\\\/www.kz-gedenkstaette-dachau.de\\\/it\\\/luogo-storico\\\/\"},{\"@type\":\"ListItem\",\"position\":3,\"name\":\"Guida virtuale\",\"item\":\"https:\\\/\\\/www.kz-gedenkstaette-dachau.de\\\/it\\\/luogo-storico\\\/guida-virtuale\\\/\"},{\"@type\":\"ListItem\",\"position\":4,\"name\":\"Monumento commemorativo ebraico\"}]},{\"@type\":\"WebSite\",\"@id\":\"https:\\\/\\\/www.kz-gedenkstaette-dachau.de\\\/#website\",\"url\":\"https:\\\/\\\/www.kz-gedenkstaette-dachau.de\\\/\",\"name\":\"KZ Gedenkst\u00e4tte Dachau\",\"description\":\"\",\"potentialAction\":[{\"@type\":\"SearchAction\",\"target\":{\"@type\":\"EntryPoint\",\"urlTemplate\":\"https:\\\/\\\/www.kz-gedenkstaette-dachau.de\\\/?s={search_term_string}\"},\"query-input\":{\"@type\":\"PropertyValueSpecification\",\"valueRequired\":true,\"valueName\":\"search_term_string\"}}],\"inLanguage\":\"it-IT\"}]}<\/script>\n<!-- \/ Yoast SEO plugin. -->","yoast_head_json":{"title":"Monumento commemorativo ebraico - KZ Gedenkst\u00e4tte Dachau","robots":{"index":"index","follow":"follow","max-snippet":"max-snippet:-1","max-image-preview":"max-image-preview:large","max-video-preview":"max-video-preview:-1"},"canonical":"https:\/\/www.kz-gedenkstaette-dachau.de\/it\/luogo-storico\/guida-virtuale\/monumento-commemorativo-ebraico\/","og_locale":"it_IT","og_type":"article","og_title":"Monumento commemorativo ebraico - KZ Gedenkst\u00e4tte Dachau","og_description":"In data 7 maggio 1967 l\u2019unione delle comunit\u00e0 ebraiche in Baviera inaugur\u00f2 il monumento commemorativo. L\u2019edificio progettato da Zvi Guttmann ha una struttura che tende verso il basso, (profondit\u00e0 di 1,80 metri) a cui si accede tramite una rampa per simboleggiare lo sterminio degli ebrei. L&#8217;unica fonte di luce proviene da una sola apertura. Sulla... Vedi l'articolo","og_url":"https:\/\/www.kz-gedenkstaette-dachau.de\/it\/luogo-storico\/guida-virtuale\/monumento-commemorativo-ebraico\/","og_site_name":"KZ Gedenkst\u00e4tte Dachau","article_modified_time":"2020-02-10T15:22:34+00:00","twitter_card":"summary_large_image","schema":{"@context":"https:\/\/schema.org","@graph":[{"@type":"WebPage","@id":"https:\/\/www.kz-gedenkstaette-dachau.de\/it\/luogo-storico\/guida-virtuale\/monumento-commemorativo-ebraico\/","url":"https:\/\/www.kz-gedenkstaette-dachau.de\/it\/luogo-storico\/guida-virtuale\/monumento-commemorativo-ebraico\/","name":"Monumento commemorativo ebraico - KZ Gedenkst\u00e4tte Dachau","isPartOf":{"@id":"https:\/\/www.kz-gedenkstaette-dachau.de\/#website"},"datePublished":"2018-09-04T10:46:25+00:00","dateModified":"2020-02-10T15:22:34+00:00","breadcrumb":{"@id":"https:\/\/www.kz-gedenkstaette-dachau.de\/it\/luogo-storico\/guida-virtuale\/monumento-commemorativo-ebraico\/#breadcrumb"},"inLanguage":"it-IT","potentialAction":[{"@type":"ReadAction","target":["https:\/\/www.kz-gedenkstaette-dachau.de\/it\/luogo-storico\/guida-virtuale\/monumento-commemorativo-ebraico\/"]}]},{"@type":"BreadcrumbList","@id":"https:\/\/www.kz-gedenkstaette-dachau.de\/it\/luogo-storico\/guida-virtuale\/monumento-commemorativo-ebraico\/#breadcrumb","itemListElement":[{"@type":"ListItem","position":1,"name":"Pagina principale","item":"https:\/\/www.kz-gedenkstaette-dachau.de\/it\/"},{"@type":"ListItem","position":2,"name":"Luogo storico","item":"https:\/\/www.kz-gedenkstaette-dachau.de\/it\/luogo-storico\/"},{"@type":"ListItem","position":3,"name":"Guida virtuale","item":"https:\/\/www.kz-gedenkstaette-dachau.de\/it\/luogo-storico\/guida-virtuale\/"},{"@type":"ListItem","position":4,"name":"Monumento commemorativo ebraico"}]},{"@type":"WebSite","@id":"https:\/\/www.kz-gedenkstaette-dachau.de\/#website","url":"https:\/\/www.kz-gedenkstaette-dachau.de\/","name":"KZ Gedenkst\u00e4tte Dachau","description":"","potentialAction":[{"@type":"SearchAction","target":{"@type":"EntryPoint","urlTemplate":"https:\/\/www.kz-gedenkstaette-dachau.de\/?s={search_term_string}"},"query-input":{"@type":"PropertyValueSpecification","valueRequired":true,"valueName":"search_term_string"}}],"inLanguage":"it-IT"}]}},"_links":{"self":[{"href":"https:\/\/www.kz-gedenkstaette-dachau.de\/it\/wp-json\/wp\/v2\/pages\/60281","targetHints":{"allow":["GET"]}}],"collection":[{"href":"https:\/\/www.kz-gedenkstaette-dachau.de\/it\/wp-json\/wp\/v2\/pages"}],"about":[{"href":"https:\/\/www.kz-gedenkstaette-dachau.de\/it\/wp-json\/wp\/v2\/types\/page"}],"author":[{"embeddable":true,"href":"https:\/\/www.kz-gedenkstaette-dachau.de\/it\/wp-json\/wp\/v2\/users\/1"}],"replies":[{"embeddable":true,"href":"https:\/\/www.kz-gedenkstaette-dachau.de\/it\/wp-json\/wp\/v2\/comments?post=60281"}],"version-history":[{"count":0,"href":"https:\/\/www.kz-gedenkstaette-dachau.de\/it\/wp-json\/wp\/v2\/pages\/60281\/revisions"}],"up":[{"embeddable":true,"href":"https:\/\/www.kz-gedenkstaette-dachau.de\/it\/wp-json\/wp\/v2\/pages\/60213"}],"wp:attachment":[{"href":"https:\/\/www.kz-gedenkstaette-dachau.de\/it\/wp-json\/wp\/v2\/media?parent=60281"}],"curies":[{"name":"wp","href":"https:\/\/api.w.org\/{rel}","templated":true}]}}