{"id":60299,"date":"2018-11-19T15:33:52","date_gmt":"2018-11-19T14:33:52","guid":{"rendered":"https:\/\/www.kz-gedenkstaette-dachau.de\/luogo-storico\/guida-virtuale-nei-dintorni\/gleisstueck-zum-ss-lager\/"},"modified":"2020-02-10T16:33:04","modified_gmt":"2020-02-10T15:33:04","slug":"rimanenza-binario-ex-campo-ss","status":"publish","type":"page","link":"https:\/\/www.kz-gedenkstaette-dachau.de\/it\/luogo-storico\/guida-virtuale-nei-dintorni\/rimanenza-binario-ex-campo-ss\/","title":{"rendered":"Rimanenza di binario nell\u2019ex campo delle SS"},"content":{"rendered":"<p>Un binario secondario portava dalla stazione di Dachau direttamente al campo delle SS. Una parte dei detenuti veniva trasportata in vagoni merce fino al luogo di detenzione. Una parte, invece, attraversava il campo delle SS fino ad arrivare nella zona delle caserme, sempre nell&#8217;area delle SS. Il binario secondario \u00e8 stato distrutto nel 1984; ne \u00e8 rimasta solo una piccola parte vicino a quello che era l&#8217;ingresso del campo delle SS, oggi la Isar-Amperwerke-Stra\u00dfe. Il panello informativo n. 4 identifica questo punto.<\/p>\n<p>Due giorni prima della liberazione del lager di Dachau, il 29 aprile 1945, arriv\u00f2 un trasporto di detenuti proveniente dal campo di concentramento di Buchenwald. Il treno con 4.480 detenuti, stipati in vagoni merce, con poco cibo e poca acqua, aveva viaggiato per 21 giorni. In questo tragitto morirono migliaia di prigionieri a causa della fame, dello sfinimento o perch\u00e9 uccisi dalle SS, ma comunque il treno a Dachau arriv\u00f2 e arriv\u00f2 in condizioni tali che le SS stesse rifiutarono \u201cil carico\u201d che fu cos\u00ec costretto a rimanere sui binari davanti all\u2019entrata. Quando le truppe statunitensi arrivarono a liberare il lager, scoprirono i morti nei vagoni. Un&#8217;immagine che lasci\u00f2 il segno. Di questo trasporto solo 816 persone riuscirono a sopravvivere.<\/p>\n","protected":false},"excerpt":{"rendered":"<p>Un binario secondario portava dalla stazione di Dachau direttamente al campo delle SS. Una parte dei detenuti veniva trasportata in vagoni merce fino al luogo di detenzione. Una parte, invece, attraversava il campo delle SS fino ad arrivare nella zona delle caserme, sempre nell&#8217;area delle SS. Il binario secondario \u00e8 stato distrutto nel 1984; ne&#8230; <a class=\"view-article\" href=\"https:\/\/www.kz-gedenkstaette-dachau.de\/it\/luogo-storico\/guida-virtuale-nei-dintorni\/rimanenza-binario-ex-campo-ss\/\">Vedi l&#8217;articolo<\/a><\/p>\n","protected":false},"author":1,"featured_media":0,"parent":60287,"menu_order":310,"comment_status":"closed","ping_status":"closed","template":"page-virtueller_rundgang_unterseite.php","meta":{"_acf_changed":false,"footnotes":""},"class_list":["post-60299","page","type-page","status-publish","hentry"],"acf":[],"yoast_head":"<!-- This site is optimized with the Yoast SEO plugin v27.3 - https:\/\/yoast.com\/product\/yoast-seo-wordpress\/ -->\n<title>Rimanenza di binario nell\u2019ex campo delle SS - KZ Gedenkst\u00e4tte Dachau<\/title>\n<meta name=\"robots\" content=\"index, follow, max-snippet:-1, max-image-preview:large, max-video-preview:-1\" \/>\n<link rel=\"canonical\" href=\"https:\/\/www.kz-gedenkstaette-dachau.de\/it\/luogo-storico\/guida-virtuale-nei-dintorni\/rimanenza-binario-ex-campo-ss\/\" \/>\n<meta property=\"og:locale\" content=\"it_IT\" \/>\n<meta property=\"og:type\" content=\"article\" \/>\n<meta property=\"og:title\" content=\"Rimanenza di binario nell\u2019ex campo delle SS - KZ Gedenkst\u00e4tte Dachau\" \/>\n<meta property=\"og:description\" content=\"Un binario secondario portava dalla stazione di Dachau direttamente al campo delle SS. Una parte dei detenuti veniva trasportata in vagoni merce fino al luogo di detenzione. Una parte, invece, attraversava il campo delle SS fino ad arrivare nella zona delle caserme, sempre nell&#8217;area delle SS. Il binario secondario \u00e8 stato distrutto nel 1984; ne... Vedi l&#039;articolo\" \/>\n<meta property=\"og:url\" content=\"https:\/\/www.kz-gedenkstaette-dachau.de\/it\/luogo-storico\/guida-virtuale-nei-dintorni\/rimanenza-binario-ex-campo-ss\/\" \/>\n<meta property=\"og:site_name\" content=\"KZ Gedenkst\u00e4tte Dachau\" \/>\n<meta property=\"article:modified_time\" content=\"2020-02-10T15:33:04+00:00\" \/>\n<meta name=\"twitter:card\" content=\"summary_large_image\" \/>\n<meta name=\"twitter:label1\" content=\"Tempo di lettura stimato\" \/>\n\t<meta name=\"twitter:data1\" content=\"1 minuto\" \/>\n<script type=\"application\/ld+json\" class=\"yoast-schema-graph\">{\"@context\":\"https:\\\/\\\/schema.org\",\"@graph\":[{\"@type\":\"WebPage\",\"@id\":\"https:\\\/\\\/www.kz-gedenkstaette-dachau.de\\\/it\\\/luogo-storico\\\/guida-virtuale-nei-dintorni\\\/rimanenza-binario-ex-campo-ss\\\/\",\"url\":\"https:\\\/\\\/www.kz-gedenkstaette-dachau.de\\\/it\\\/luogo-storico\\\/guida-virtuale-nei-dintorni\\\/rimanenza-binario-ex-campo-ss\\\/\",\"name\":\"Rimanenza di binario nell\u2019ex campo delle SS - KZ Gedenkst\u00e4tte Dachau\",\"isPartOf\":{\"@id\":\"https:\\\/\\\/www.kz-gedenkstaette-dachau.de\\\/#website\"},\"datePublished\":\"2018-11-19T14:33:52+00:00\",\"dateModified\":\"2020-02-10T15:33:04+00:00\",\"breadcrumb\":{\"@id\":\"https:\\\/\\\/www.kz-gedenkstaette-dachau.de\\\/it\\\/luogo-storico\\\/guida-virtuale-nei-dintorni\\\/rimanenza-binario-ex-campo-ss\\\/#breadcrumb\"},\"inLanguage\":\"it-IT\",\"potentialAction\":[{\"@type\":\"ReadAction\",\"target\":[\"https:\\\/\\\/www.kz-gedenkstaette-dachau.de\\\/it\\\/luogo-storico\\\/guida-virtuale-nei-dintorni\\\/rimanenza-binario-ex-campo-ss\\\/\"]}]},{\"@type\":\"BreadcrumbList\",\"@id\":\"https:\\\/\\\/www.kz-gedenkstaette-dachau.de\\\/it\\\/luogo-storico\\\/guida-virtuale-nei-dintorni\\\/rimanenza-binario-ex-campo-ss\\\/#breadcrumb\",\"itemListElement\":[{\"@type\":\"ListItem\",\"position\":1,\"name\":\"Pagina principale\",\"item\":\"https:\\\/\\\/www.kz-gedenkstaette-dachau.de\\\/it\\\/\"},{\"@type\":\"ListItem\",\"position\":2,\"name\":\"Luogo storico\",\"item\":\"https:\\\/\\\/www.kz-gedenkstaette-dachau.de\\\/it\\\/luogo-storico\\\/\"},{\"@type\":\"ListItem\",\"position\":3,\"name\":\"Guida virtuale nei dintorni\",\"item\":\"https:\\\/\\\/www.kz-gedenkstaette-dachau.de\\\/it\\\/luogo-storico\\\/guida-virtuale-nei-dintorni\\\/\"},{\"@type\":\"ListItem\",\"position\":4,\"name\":\"Rimanenza di binario nell\u2019ex campo delle SS\"}]},{\"@type\":\"WebSite\",\"@id\":\"https:\\\/\\\/www.kz-gedenkstaette-dachau.de\\\/#website\",\"url\":\"https:\\\/\\\/www.kz-gedenkstaette-dachau.de\\\/\",\"name\":\"KZ Gedenkst\u00e4tte Dachau\",\"description\":\"\",\"potentialAction\":[{\"@type\":\"SearchAction\",\"target\":{\"@type\":\"EntryPoint\",\"urlTemplate\":\"https:\\\/\\\/www.kz-gedenkstaette-dachau.de\\\/?s={search_term_string}\"},\"query-input\":{\"@type\":\"PropertyValueSpecification\",\"valueRequired\":true,\"valueName\":\"search_term_string\"}}],\"inLanguage\":\"it-IT\"}]}<\/script>\n<!-- \/ Yoast SEO plugin. -->","yoast_head_json":{"title":"Rimanenza di binario nell\u2019ex campo delle SS - KZ Gedenkst\u00e4tte Dachau","robots":{"index":"index","follow":"follow","max-snippet":"max-snippet:-1","max-image-preview":"max-image-preview:large","max-video-preview":"max-video-preview:-1"},"canonical":"https:\/\/www.kz-gedenkstaette-dachau.de\/it\/luogo-storico\/guida-virtuale-nei-dintorni\/rimanenza-binario-ex-campo-ss\/","og_locale":"it_IT","og_type":"article","og_title":"Rimanenza di binario nell\u2019ex campo delle SS - KZ Gedenkst\u00e4tte Dachau","og_description":"Un binario secondario portava dalla stazione di Dachau direttamente al campo delle SS. Una parte dei detenuti veniva trasportata in vagoni merce fino al luogo di detenzione. Una parte, invece, attraversava il campo delle SS fino ad arrivare nella zona delle caserme, sempre nell&#8217;area delle SS. Il binario secondario \u00e8 stato distrutto nel 1984; ne... Vedi l'articolo","og_url":"https:\/\/www.kz-gedenkstaette-dachau.de\/it\/luogo-storico\/guida-virtuale-nei-dintorni\/rimanenza-binario-ex-campo-ss\/","og_site_name":"KZ Gedenkst\u00e4tte Dachau","article_modified_time":"2020-02-10T15:33:04+00:00","twitter_card":"summary_large_image","twitter_misc":{"Tempo di lettura stimato":"1 minuto"},"schema":{"@context":"https:\/\/schema.org","@graph":[{"@type":"WebPage","@id":"https:\/\/www.kz-gedenkstaette-dachau.de\/it\/luogo-storico\/guida-virtuale-nei-dintorni\/rimanenza-binario-ex-campo-ss\/","url":"https:\/\/www.kz-gedenkstaette-dachau.de\/it\/luogo-storico\/guida-virtuale-nei-dintorni\/rimanenza-binario-ex-campo-ss\/","name":"Rimanenza di binario nell\u2019ex campo delle SS - KZ Gedenkst\u00e4tte Dachau","isPartOf":{"@id":"https:\/\/www.kz-gedenkstaette-dachau.de\/#website"},"datePublished":"2018-11-19T14:33:52+00:00","dateModified":"2020-02-10T15:33:04+00:00","breadcrumb":{"@id":"https:\/\/www.kz-gedenkstaette-dachau.de\/it\/luogo-storico\/guida-virtuale-nei-dintorni\/rimanenza-binario-ex-campo-ss\/#breadcrumb"},"inLanguage":"it-IT","potentialAction":[{"@type":"ReadAction","target":["https:\/\/www.kz-gedenkstaette-dachau.de\/it\/luogo-storico\/guida-virtuale-nei-dintorni\/rimanenza-binario-ex-campo-ss\/"]}]},{"@type":"BreadcrumbList","@id":"https:\/\/www.kz-gedenkstaette-dachau.de\/it\/luogo-storico\/guida-virtuale-nei-dintorni\/rimanenza-binario-ex-campo-ss\/#breadcrumb","itemListElement":[{"@type":"ListItem","position":1,"name":"Pagina principale","item":"https:\/\/www.kz-gedenkstaette-dachau.de\/it\/"},{"@type":"ListItem","position":2,"name":"Luogo storico","item":"https:\/\/www.kz-gedenkstaette-dachau.de\/it\/luogo-storico\/"},{"@type":"ListItem","position":3,"name":"Guida virtuale nei dintorni","item":"https:\/\/www.kz-gedenkstaette-dachau.de\/it\/luogo-storico\/guida-virtuale-nei-dintorni\/"},{"@type":"ListItem","position":4,"name":"Rimanenza di binario nell\u2019ex campo delle SS"}]},{"@type":"WebSite","@id":"https:\/\/www.kz-gedenkstaette-dachau.de\/#website","url":"https:\/\/www.kz-gedenkstaette-dachau.de\/","name":"KZ Gedenkst\u00e4tte Dachau","description":"","potentialAction":[{"@type":"SearchAction","target":{"@type":"EntryPoint","urlTemplate":"https:\/\/www.kz-gedenkstaette-dachau.de\/?s={search_term_string}"},"query-input":{"@type":"PropertyValueSpecification","valueRequired":true,"valueName":"search_term_string"}}],"inLanguage":"it-IT"}]}},"_links":{"self":[{"href":"https:\/\/www.kz-gedenkstaette-dachau.de\/it\/wp-json\/wp\/v2\/pages\/60299","targetHints":{"allow":["GET"]}}],"collection":[{"href":"https:\/\/www.kz-gedenkstaette-dachau.de\/it\/wp-json\/wp\/v2\/pages"}],"about":[{"href":"https:\/\/www.kz-gedenkstaette-dachau.de\/it\/wp-json\/wp\/v2\/types\/page"}],"author":[{"embeddable":true,"href":"https:\/\/www.kz-gedenkstaette-dachau.de\/it\/wp-json\/wp\/v2\/users\/1"}],"replies":[{"embeddable":true,"href":"https:\/\/www.kz-gedenkstaette-dachau.de\/it\/wp-json\/wp\/v2\/comments?post=60299"}],"version-history":[{"count":0,"href":"https:\/\/www.kz-gedenkstaette-dachau.de\/it\/wp-json\/wp\/v2\/pages\/60299\/revisions"}],"up":[{"embeddable":true,"href":"https:\/\/www.kz-gedenkstaette-dachau.de\/it\/wp-json\/wp\/v2\/pages\/60287"}],"wp:attachment":[{"href":"https:\/\/www.kz-gedenkstaette-dachau.de\/it\/wp-json\/wp\/v2\/media?parent=60299"}],"curies":[{"name":"wp","href":"https:\/\/api.w.org\/{rel}","templated":true}]}}