{"id":60309,"date":"2018-11-19T15:40:07","date_gmt":"2018-11-19T14:40:07","guid":{"rendered":"https:\/\/www.kz-gedenkstaette-dachau.de\/luogo-storico\/guida-virtuale-nei-dintorni\/kz-graeberfeld-auf-dem-waldfriedhof\/"},"modified":"2020-02-10T16:46:28","modified_gmt":"2020-02-10T15:46:28","slug":"tombe-cimitero-pubblico-waldfriedhof","status":"publish","type":"page","link":"https:\/\/www.kz-gedenkstaette-dachau.de\/it\/luogo-storico\/guida-virtuale-nei-dintorni\/tombe-cimitero-pubblico-waldfriedhof\/","title":{"rendered":"Tombe delle vittime del campo di concentramento nel cimitero pubblico \u201eWaldfriedhof\u201c"},"content":{"rendered":"<p>Nella parte settentrionale del cimitero comunale di Dachau, il \u201eWaldfriedhof\u201c, si trovano le tombe\u00a0 di 1.312 vittime del campo di concentramento. Si tratta di ex prigionieri morti nei mesi successivi alla liberazione, avvenuta il 29 aprile 1945, a causa delle conseguenze della prigionia.<\/p>\n<p>I servizi di ricerca di persone scomparse italiane, francesi, belghe ed olandesi fecero esumare e rimpatriare alcune delle vittime sepolte nel Waldfriedhof tra il 1955 e il 1958. Nelle tombe rimaste vuote furono tumulati i corpi di coloro che persero la vita durante le marce della morte e sepolti inizialmente nei cimiteri lungo il tratto del cammino.<\/p>\n<p>Nella parte superiore del cimitero furono collocate le tombe dei cittadini polacchi che lavorarono come guardie per il governo militare nel campo di internamento dopo la liberazione.<\/p>\n<p>Inoltre, furono posti monumenti alla memoria delle vittime del nazismo, come ad es. ebrei, polacchi e austriaci, e una lapide commemorativa per i caduti della rivolta di Dachau. Questo episodio avvenne il 28 aprile 1945 quando un gruppo della resistenza armata, formato da detenuti del lager fuggiti e cittadini, tentarono di occupare il municipio per liberare la citt\u00e0 prima dell&#8217;arrivo delle forze alleate. La rivolta fu soppressa da unit\u00e0 delle SS che uccisero sei membri della resistenza. A ricordo di questo episodio e delle sue vittime, \u00e8 stata posta sul palazzo, di fronte al municipio, una targa commemorativa.<\/p>\n","protected":false},"excerpt":{"rendered":"<p>Nella parte settentrionale del cimitero comunale di Dachau, il \u201eWaldfriedhof\u201c, si trovano le tombe\u00a0 di 1.312 vittime del campo di concentramento. Si tratta di ex prigionieri morti nei mesi successivi alla liberazione, avvenuta il 29 aprile 1945, a causa delle conseguenze della prigionia. I servizi di ricerca di persone scomparse italiane, francesi, belghe ed olandesi&#8230; <a class=\"view-article\" href=\"https:\/\/www.kz-gedenkstaette-dachau.de\/it\/luogo-storico\/guida-virtuale-nei-dintorni\/tombe-cimitero-pubblico-waldfriedhof\/\">Vedi l&#8217;articolo<\/a><\/p>\n","protected":false},"author":1,"featured_media":0,"parent":60287,"menu_order":500,"comment_status":"closed","ping_status":"closed","template":"page-virtueller_rundgang_unterseite.php","meta":{"_acf_changed":false,"footnotes":""},"class_list":["post-60309","page","type-page","status-publish","hentry"],"acf":[],"yoast_head":"<!-- This site is optimized with the Yoast SEO plugin v27.4 - https:\/\/yoast.com\/product\/yoast-seo-wordpress\/ -->\n<title>Tombe delle vittime del campo di concentramento nel cimitero pubblico \u201eWaldfriedhof\u201c - KZ Gedenkst\u00e4tte Dachau<\/title>\n<meta name=\"robots\" content=\"index, follow, max-snippet:-1, max-image-preview:large, max-video-preview:-1\" \/>\n<link rel=\"canonical\" href=\"https:\/\/www.kz-gedenkstaette-dachau.de\/it\/luogo-storico\/guida-virtuale-nei-dintorni\/tombe-cimitero-pubblico-waldfriedhof\/\" \/>\n<meta property=\"og:locale\" content=\"it_IT\" \/>\n<meta property=\"og:type\" content=\"article\" \/>\n<meta property=\"og:title\" content=\"Tombe delle vittime del campo di concentramento nel cimitero pubblico \u201eWaldfriedhof\u201c - KZ Gedenkst\u00e4tte Dachau\" \/>\n<meta property=\"og:description\" content=\"Nella parte settentrionale del cimitero comunale di Dachau, il \u201eWaldfriedhof\u201c, si trovano le tombe\u00a0 di 1.312 vittime del campo di concentramento. Si tratta di ex prigionieri morti nei mesi successivi alla liberazione, avvenuta il 29 aprile 1945, a causa delle conseguenze della prigionia. I servizi di ricerca di persone scomparse italiane, francesi, belghe ed olandesi... Vedi l&#039;articolo\" \/>\n<meta property=\"og:url\" content=\"https:\/\/www.kz-gedenkstaette-dachau.de\/it\/luogo-storico\/guida-virtuale-nei-dintorni\/tombe-cimitero-pubblico-waldfriedhof\/\" \/>\n<meta property=\"og:site_name\" content=\"KZ Gedenkst\u00e4tte Dachau\" \/>\n<meta property=\"article:modified_time\" content=\"2020-02-10T15:46:28+00:00\" \/>\n<meta name=\"twitter:card\" content=\"summary_large_image\" \/>\n<meta name=\"twitter:label1\" content=\"Tempo di lettura stimato\" \/>\n\t<meta name=\"twitter:data1\" content=\"1 minuto\" \/>\n<script type=\"application\/ld+json\" class=\"yoast-schema-graph\">{\"@context\":\"https:\\\/\\\/schema.org\",\"@graph\":[{\"@type\":\"WebPage\",\"@id\":\"https:\\\/\\\/www.kz-gedenkstaette-dachau.de\\\/it\\\/luogo-storico\\\/guida-virtuale-nei-dintorni\\\/tombe-cimitero-pubblico-waldfriedhof\\\/\",\"url\":\"https:\\\/\\\/www.kz-gedenkstaette-dachau.de\\\/it\\\/luogo-storico\\\/guida-virtuale-nei-dintorni\\\/tombe-cimitero-pubblico-waldfriedhof\\\/\",\"name\":\"Tombe delle vittime del campo di concentramento nel cimitero pubblico \u201eWaldfriedhof\u201c - KZ Gedenkst\u00e4tte Dachau\",\"isPartOf\":{\"@id\":\"https:\\\/\\\/www.kz-gedenkstaette-dachau.de\\\/#website\"},\"datePublished\":\"2018-11-19T14:40:07+00:00\",\"dateModified\":\"2020-02-10T15:46:28+00:00\",\"breadcrumb\":{\"@id\":\"https:\\\/\\\/www.kz-gedenkstaette-dachau.de\\\/it\\\/luogo-storico\\\/guida-virtuale-nei-dintorni\\\/tombe-cimitero-pubblico-waldfriedhof\\\/#breadcrumb\"},\"inLanguage\":\"it-IT\",\"potentialAction\":[{\"@type\":\"ReadAction\",\"target\":[\"https:\\\/\\\/www.kz-gedenkstaette-dachau.de\\\/it\\\/luogo-storico\\\/guida-virtuale-nei-dintorni\\\/tombe-cimitero-pubblico-waldfriedhof\\\/\"]}]},{\"@type\":\"BreadcrumbList\",\"@id\":\"https:\\\/\\\/www.kz-gedenkstaette-dachau.de\\\/it\\\/luogo-storico\\\/guida-virtuale-nei-dintorni\\\/tombe-cimitero-pubblico-waldfriedhof\\\/#breadcrumb\",\"itemListElement\":[{\"@type\":\"ListItem\",\"position\":1,\"name\":\"Pagina principale\",\"item\":\"https:\\\/\\\/www.kz-gedenkstaette-dachau.de\\\/it\\\/\"},{\"@type\":\"ListItem\",\"position\":2,\"name\":\"Luogo storico\",\"item\":\"https:\\\/\\\/www.kz-gedenkstaette-dachau.de\\\/it\\\/luogo-storico\\\/\"},{\"@type\":\"ListItem\",\"position\":3,\"name\":\"Guida virtuale nei dintorni\",\"item\":\"https:\\\/\\\/www.kz-gedenkstaette-dachau.de\\\/it\\\/luogo-storico\\\/guida-virtuale-nei-dintorni\\\/\"},{\"@type\":\"ListItem\",\"position\":4,\"name\":\"Tombe delle vittime del campo di concentramento nel cimitero pubblico \u201eWaldfriedhof\u201c\"}]},{\"@type\":\"WebSite\",\"@id\":\"https:\\\/\\\/www.kz-gedenkstaette-dachau.de\\\/#website\",\"url\":\"https:\\\/\\\/www.kz-gedenkstaette-dachau.de\\\/\",\"name\":\"KZ Gedenkst\u00e4tte Dachau\",\"description\":\"\",\"potentialAction\":[{\"@type\":\"SearchAction\",\"target\":{\"@type\":\"EntryPoint\",\"urlTemplate\":\"https:\\\/\\\/www.kz-gedenkstaette-dachau.de\\\/?s={search_term_string}\"},\"query-input\":{\"@type\":\"PropertyValueSpecification\",\"valueRequired\":true,\"valueName\":\"search_term_string\"}}],\"inLanguage\":\"it-IT\"}]}<\/script>\n<!-- \/ Yoast SEO plugin. -->","yoast_head_json":{"title":"Tombe delle vittime del campo di concentramento nel cimitero pubblico \u201eWaldfriedhof\u201c - KZ Gedenkst\u00e4tte Dachau","robots":{"index":"index","follow":"follow","max-snippet":"max-snippet:-1","max-image-preview":"max-image-preview:large","max-video-preview":"max-video-preview:-1"},"canonical":"https:\/\/www.kz-gedenkstaette-dachau.de\/it\/luogo-storico\/guida-virtuale-nei-dintorni\/tombe-cimitero-pubblico-waldfriedhof\/","og_locale":"it_IT","og_type":"article","og_title":"Tombe delle vittime del campo di concentramento nel cimitero pubblico \u201eWaldfriedhof\u201c - KZ Gedenkst\u00e4tte Dachau","og_description":"Nella parte settentrionale del cimitero comunale di Dachau, il \u201eWaldfriedhof\u201c, si trovano le tombe\u00a0 di 1.312 vittime del campo di concentramento. Si tratta di ex prigionieri morti nei mesi successivi alla liberazione, avvenuta il 29 aprile 1945, a causa delle conseguenze della prigionia. I servizi di ricerca di persone scomparse italiane, francesi, belghe ed olandesi... Vedi l'articolo","og_url":"https:\/\/www.kz-gedenkstaette-dachau.de\/it\/luogo-storico\/guida-virtuale-nei-dintorni\/tombe-cimitero-pubblico-waldfriedhof\/","og_site_name":"KZ Gedenkst\u00e4tte Dachau","article_modified_time":"2020-02-10T15:46:28+00:00","twitter_card":"summary_large_image","twitter_misc":{"Tempo di lettura stimato":"1 minuto"},"schema":{"@context":"https:\/\/schema.org","@graph":[{"@type":"WebPage","@id":"https:\/\/www.kz-gedenkstaette-dachau.de\/it\/luogo-storico\/guida-virtuale-nei-dintorni\/tombe-cimitero-pubblico-waldfriedhof\/","url":"https:\/\/www.kz-gedenkstaette-dachau.de\/it\/luogo-storico\/guida-virtuale-nei-dintorni\/tombe-cimitero-pubblico-waldfriedhof\/","name":"Tombe delle vittime del campo di concentramento nel cimitero pubblico \u201eWaldfriedhof\u201c - KZ Gedenkst\u00e4tte Dachau","isPartOf":{"@id":"https:\/\/www.kz-gedenkstaette-dachau.de\/#website"},"datePublished":"2018-11-19T14:40:07+00:00","dateModified":"2020-02-10T15:46:28+00:00","breadcrumb":{"@id":"https:\/\/www.kz-gedenkstaette-dachau.de\/it\/luogo-storico\/guida-virtuale-nei-dintorni\/tombe-cimitero-pubblico-waldfriedhof\/#breadcrumb"},"inLanguage":"it-IT","potentialAction":[{"@type":"ReadAction","target":["https:\/\/www.kz-gedenkstaette-dachau.de\/it\/luogo-storico\/guida-virtuale-nei-dintorni\/tombe-cimitero-pubblico-waldfriedhof\/"]}]},{"@type":"BreadcrumbList","@id":"https:\/\/www.kz-gedenkstaette-dachau.de\/it\/luogo-storico\/guida-virtuale-nei-dintorni\/tombe-cimitero-pubblico-waldfriedhof\/#breadcrumb","itemListElement":[{"@type":"ListItem","position":1,"name":"Pagina principale","item":"https:\/\/www.kz-gedenkstaette-dachau.de\/it\/"},{"@type":"ListItem","position":2,"name":"Luogo storico","item":"https:\/\/www.kz-gedenkstaette-dachau.de\/it\/luogo-storico\/"},{"@type":"ListItem","position":3,"name":"Guida virtuale nei dintorni","item":"https:\/\/www.kz-gedenkstaette-dachau.de\/it\/luogo-storico\/guida-virtuale-nei-dintorni\/"},{"@type":"ListItem","position":4,"name":"Tombe delle vittime del campo di concentramento nel cimitero pubblico \u201eWaldfriedhof\u201c"}]},{"@type":"WebSite","@id":"https:\/\/www.kz-gedenkstaette-dachau.de\/#website","url":"https:\/\/www.kz-gedenkstaette-dachau.de\/","name":"KZ Gedenkst\u00e4tte Dachau","description":"","potentialAction":[{"@type":"SearchAction","target":{"@type":"EntryPoint","urlTemplate":"https:\/\/www.kz-gedenkstaette-dachau.de\/?s={search_term_string}"},"query-input":{"@type":"PropertyValueSpecification","valueRequired":true,"valueName":"search_term_string"}}],"inLanguage":"it-IT"}]}},"_links":{"self":[{"href":"https:\/\/www.kz-gedenkstaette-dachau.de\/it\/wp-json\/wp\/v2\/pages\/60309","targetHints":{"allow":["GET"]}}],"collection":[{"href":"https:\/\/www.kz-gedenkstaette-dachau.de\/it\/wp-json\/wp\/v2\/pages"}],"about":[{"href":"https:\/\/www.kz-gedenkstaette-dachau.de\/it\/wp-json\/wp\/v2\/types\/page"}],"author":[{"embeddable":true,"href":"https:\/\/www.kz-gedenkstaette-dachau.de\/it\/wp-json\/wp\/v2\/users\/1"}],"replies":[{"embeddable":true,"href":"https:\/\/www.kz-gedenkstaette-dachau.de\/it\/wp-json\/wp\/v2\/comments?post=60309"}],"version-history":[{"count":0,"href":"https:\/\/www.kz-gedenkstaette-dachau.de\/it\/wp-json\/wp\/v2\/pages\/60309\/revisions"}],"up":[{"embeddable":true,"href":"https:\/\/www.kz-gedenkstaette-dachau.de\/it\/wp-json\/wp\/v2\/pages\/60287"}],"wp:attachment":[{"href":"https:\/\/www.kz-gedenkstaette-dachau.de\/it\/wp-json\/wp\/v2\/media?parent=60309"}],"curies":[{"name":"wp","href":"https:\/\/api.w.org\/{rel}","templated":true}]}}