{"id":60313,"date":"2018-11-19T15:41:37","date_gmt":"2018-11-19T14:41:37","guid":{"rendered":"https:\/\/www.kz-gedenkstaette-dachau.de\/luogo-storico\/guida-virtuale-nei-dintorni\/todesmarsch-mahnmal\/"},"modified":"2020-02-10T16:48:31","modified_gmt":"2020-02-10T15:48:31","slug":"monumenti-ricordo-marce-della-morte","status":"publish","type":"page","link":"https:\/\/www.kz-gedenkstaette-dachau.de\/it\/luogo-storico\/guida-virtuale-nei-dintorni\/monumenti-ricordo-marce-della-morte\/","title":{"rendered":"Monumenti in ricordo delle marce della morte"},"content":{"rendered":"<p>A partire dall&#8217;estate del 1944, a mano a mano che le truppe alleate avanzavano, le SS iniziarono ad evacuare i campi di concentramento; i detenuti furono trasferiti a forza, con trasporti ferroviari o a piedi, in campi distanti dal fronte e, dato che Dachau era situata al centro del Reich Tedesco, divenne, in un primo momento, un punto di raccolta per prigionieri provenienti da Auschwitz, Natzweiler, Flossenb\u00fcrg e Buchenwald. Durante questi trasferimenti furono molti i detenuti che persero la vita.<\/p>\n<p>L\u2019ordine di sgombrare il lager di Dachau e i suoi campi esterni fu dato pochi giorni prima dell\u2019arrivo delle truppe americane; il 23 aprile 1945 inizi\u00f2 l&#8217;evacuazione del campo esterno di Kaufering, tre giorni pi\u00f9 tardi partirono, dal campo centrale di Dachau, le prime colonne di uomini diretti verso sud. Almeno 25.000 detenuti furono costretti dalle SS a questo estenuante cammino e almeno 1000 perirono in quelle che furono, pertanto, definite \u201c marce della morte\u201d. I prigionieri morirono a causa di malattie, denutrizione e debolezza; chi crollava dalla fatica e chi si fermava perch\u00e9 impossibilitato ad andare avanti, veniva ucciso dalle SS. Queste colonne di detenuti passavano anche attraverso citt\u00e0 e paesi e, pertanto, gli abitanti, vedendo, divennero testimoni di queste marce brutali.<\/p>\n<p>Dal 1989 sono stati inaugurati 22 monumenti, tutti uguali, in ricordo delle marce della morte; sono stati realizzati dallo scultore Hubertus von Pilgrim e poste nei comuni lungo gli itinerari delle marce. Dal 2001 anche la citt\u00e0 di Dachau ha collocato un monumento commemorativo all&#8217;incrocio tra la Theodor-Heuss-Stra\u00dfe e la Sudetenlandstra\u00dfe.<\/p>\n","protected":false},"excerpt":{"rendered":"<p>A partire dall&#8217;estate del 1944, a mano a mano che le truppe alleate avanzavano, le SS iniziarono ad evacuare i campi di concentramento; i detenuti furono trasferiti a forza, con trasporti ferroviari o a piedi, in campi distanti dal fronte e, dato che Dachau era situata al centro del Reich Tedesco, divenne, in un primo&#8230; <a class=\"view-article\" href=\"https:\/\/www.kz-gedenkstaette-dachau.de\/it\/luogo-storico\/guida-virtuale-nei-dintorni\/monumenti-ricordo-marce-della-morte\/\">Vedi l&#8217;articolo<\/a><\/p>\n","protected":false},"author":1,"featured_media":0,"parent":60287,"menu_order":600,"comment_status":"closed","ping_status":"closed","template":"page-virtueller_rundgang_unterseite.php","meta":{"_acf_changed":false,"footnotes":""},"class_list":["post-60313","page","type-page","status-publish","hentry"],"acf":[],"yoast_head":"<!-- This site is optimized with the Yoast SEO plugin v27.4 - https:\/\/yoast.com\/product\/yoast-seo-wordpress\/ -->\n<title>Monumenti in ricordo delle marce della morte - KZ Gedenkst\u00e4tte Dachau<\/title>\n<meta name=\"robots\" content=\"index, follow, max-snippet:-1, max-image-preview:large, max-video-preview:-1\" \/>\n<link rel=\"canonical\" href=\"https:\/\/www.kz-gedenkstaette-dachau.de\/it\/luogo-storico\/guida-virtuale-nei-dintorni\/monumenti-ricordo-marce-della-morte\/\" \/>\n<meta property=\"og:locale\" content=\"it_IT\" \/>\n<meta property=\"og:type\" content=\"article\" \/>\n<meta property=\"og:title\" content=\"Monumenti in ricordo delle marce della morte - KZ Gedenkst\u00e4tte Dachau\" \/>\n<meta property=\"og:description\" content=\"A partire dall&#8217;estate del 1944, a mano a mano che le truppe alleate avanzavano, le SS iniziarono ad evacuare i campi di concentramento; i detenuti furono trasferiti a forza, con trasporti ferroviari o a piedi, in campi distanti dal fronte e, dato che Dachau era situata al centro del Reich Tedesco, divenne, in un primo... Vedi l&#039;articolo\" \/>\n<meta property=\"og:url\" content=\"https:\/\/www.kz-gedenkstaette-dachau.de\/it\/luogo-storico\/guida-virtuale-nei-dintorni\/monumenti-ricordo-marce-della-morte\/\" \/>\n<meta property=\"og:site_name\" content=\"KZ Gedenkst\u00e4tte Dachau\" \/>\n<meta property=\"article:modified_time\" content=\"2020-02-10T15:48:31+00:00\" \/>\n<meta name=\"twitter:card\" content=\"summary_large_image\" \/>\n<meta name=\"twitter:label1\" content=\"Tempo di lettura stimato\" \/>\n\t<meta name=\"twitter:data1\" content=\"1 minuto\" \/>\n<script type=\"application\/ld+json\" class=\"yoast-schema-graph\">{\"@context\":\"https:\\\/\\\/schema.org\",\"@graph\":[{\"@type\":\"WebPage\",\"@id\":\"https:\\\/\\\/www.kz-gedenkstaette-dachau.de\\\/it\\\/luogo-storico\\\/guida-virtuale-nei-dintorni\\\/monumenti-ricordo-marce-della-morte\\\/\",\"url\":\"https:\\\/\\\/www.kz-gedenkstaette-dachau.de\\\/it\\\/luogo-storico\\\/guida-virtuale-nei-dintorni\\\/monumenti-ricordo-marce-della-morte\\\/\",\"name\":\"Monumenti in ricordo delle marce della morte - KZ Gedenkst\u00e4tte Dachau\",\"isPartOf\":{\"@id\":\"https:\\\/\\\/www.kz-gedenkstaette-dachau.de\\\/#website\"},\"datePublished\":\"2018-11-19T14:41:37+00:00\",\"dateModified\":\"2020-02-10T15:48:31+00:00\",\"breadcrumb\":{\"@id\":\"https:\\\/\\\/www.kz-gedenkstaette-dachau.de\\\/it\\\/luogo-storico\\\/guida-virtuale-nei-dintorni\\\/monumenti-ricordo-marce-della-morte\\\/#breadcrumb\"},\"inLanguage\":\"it-IT\",\"potentialAction\":[{\"@type\":\"ReadAction\",\"target\":[\"https:\\\/\\\/www.kz-gedenkstaette-dachau.de\\\/it\\\/luogo-storico\\\/guida-virtuale-nei-dintorni\\\/monumenti-ricordo-marce-della-morte\\\/\"]}]},{\"@type\":\"BreadcrumbList\",\"@id\":\"https:\\\/\\\/www.kz-gedenkstaette-dachau.de\\\/it\\\/luogo-storico\\\/guida-virtuale-nei-dintorni\\\/monumenti-ricordo-marce-della-morte\\\/#breadcrumb\",\"itemListElement\":[{\"@type\":\"ListItem\",\"position\":1,\"name\":\"Pagina principale\",\"item\":\"https:\\\/\\\/www.kz-gedenkstaette-dachau.de\\\/it\\\/\"},{\"@type\":\"ListItem\",\"position\":2,\"name\":\"Luogo storico\",\"item\":\"https:\\\/\\\/www.kz-gedenkstaette-dachau.de\\\/it\\\/luogo-storico\\\/\"},{\"@type\":\"ListItem\",\"position\":3,\"name\":\"Guida virtuale nei dintorni\",\"item\":\"https:\\\/\\\/www.kz-gedenkstaette-dachau.de\\\/it\\\/luogo-storico\\\/guida-virtuale-nei-dintorni\\\/\"},{\"@type\":\"ListItem\",\"position\":4,\"name\":\"Monumenti in ricordo delle marce della morte\"}]},{\"@type\":\"WebSite\",\"@id\":\"https:\\\/\\\/www.kz-gedenkstaette-dachau.de\\\/#website\",\"url\":\"https:\\\/\\\/www.kz-gedenkstaette-dachau.de\\\/\",\"name\":\"KZ Gedenkst\u00e4tte Dachau\",\"description\":\"\",\"potentialAction\":[{\"@type\":\"SearchAction\",\"target\":{\"@type\":\"EntryPoint\",\"urlTemplate\":\"https:\\\/\\\/www.kz-gedenkstaette-dachau.de\\\/?s={search_term_string}\"},\"query-input\":{\"@type\":\"PropertyValueSpecification\",\"valueRequired\":true,\"valueName\":\"search_term_string\"}}],\"inLanguage\":\"it-IT\"}]}<\/script>\n<!-- \/ Yoast SEO plugin. -->","yoast_head_json":{"title":"Monumenti in ricordo delle marce della morte - KZ Gedenkst\u00e4tte Dachau","robots":{"index":"index","follow":"follow","max-snippet":"max-snippet:-1","max-image-preview":"max-image-preview:large","max-video-preview":"max-video-preview:-1"},"canonical":"https:\/\/www.kz-gedenkstaette-dachau.de\/it\/luogo-storico\/guida-virtuale-nei-dintorni\/monumenti-ricordo-marce-della-morte\/","og_locale":"it_IT","og_type":"article","og_title":"Monumenti in ricordo delle marce della morte - KZ Gedenkst\u00e4tte Dachau","og_description":"A partire dall&#8217;estate del 1944, a mano a mano che le truppe alleate avanzavano, le SS iniziarono ad evacuare i campi di concentramento; i detenuti furono trasferiti a forza, con trasporti ferroviari o a piedi, in campi distanti dal fronte e, dato che Dachau era situata al centro del Reich Tedesco, divenne, in un primo... Vedi l'articolo","og_url":"https:\/\/www.kz-gedenkstaette-dachau.de\/it\/luogo-storico\/guida-virtuale-nei-dintorni\/monumenti-ricordo-marce-della-morte\/","og_site_name":"KZ Gedenkst\u00e4tte Dachau","article_modified_time":"2020-02-10T15:48:31+00:00","twitter_card":"summary_large_image","twitter_misc":{"Tempo di lettura stimato":"1 minuto"},"schema":{"@context":"https:\/\/schema.org","@graph":[{"@type":"WebPage","@id":"https:\/\/www.kz-gedenkstaette-dachau.de\/it\/luogo-storico\/guida-virtuale-nei-dintorni\/monumenti-ricordo-marce-della-morte\/","url":"https:\/\/www.kz-gedenkstaette-dachau.de\/it\/luogo-storico\/guida-virtuale-nei-dintorni\/monumenti-ricordo-marce-della-morte\/","name":"Monumenti in ricordo delle marce della morte - KZ Gedenkst\u00e4tte Dachau","isPartOf":{"@id":"https:\/\/www.kz-gedenkstaette-dachau.de\/#website"},"datePublished":"2018-11-19T14:41:37+00:00","dateModified":"2020-02-10T15:48:31+00:00","breadcrumb":{"@id":"https:\/\/www.kz-gedenkstaette-dachau.de\/it\/luogo-storico\/guida-virtuale-nei-dintorni\/monumenti-ricordo-marce-della-morte\/#breadcrumb"},"inLanguage":"it-IT","potentialAction":[{"@type":"ReadAction","target":["https:\/\/www.kz-gedenkstaette-dachau.de\/it\/luogo-storico\/guida-virtuale-nei-dintorni\/monumenti-ricordo-marce-della-morte\/"]}]},{"@type":"BreadcrumbList","@id":"https:\/\/www.kz-gedenkstaette-dachau.de\/it\/luogo-storico\/guida-virtuale-nei-dintorni\/monumenti-ricordo-marce-della-morte\/#breadcrumb","itemListElement":[{"@type":"ListItem","position":1,"name":"Pagina principale","item":"https:\/\/www.kz-gedenkstaette-dachau.de\/it\/"},{"@type":"ListItem","position":2,"name":"Luogo storico","item":"https:\/\/www.kz-gedenkstaette-dachau.de\/it\/luogo-storico\/"},{"@type":"ListItem","position":3,"name":"Guida virtuale nei dintorni","item":"https:\/\/www.kz-gedenkstaette-dachau.de\/it\/luogo-storico\/guida-virtuale-nei-dintorni\/"},{"@type":"ListItem","position":4,"name":"Monumenti in ricordo delle marce della morte"}]},{"@type":"WebSite","@id":"https:\/\/www.kz-gedenkstaette-dachau.de\/#website","url":"https:\/\/www.kz-gedenkstaette-dachau.de\/","name":"KZ Gedenkst\u00e4tte Dachau","description":"","potentialAction":[{"@type":"SearchAction","target":{"@type":"EntryPoint","urlTemplate":"https:\/\/www.kz-gedenkstaette-dachau.de\/?s={search_term_string}"},"query-input":{"@type":"PropertyValueSpecification","valueRequired":true,"valueName":"search_term_string"}}],"inLanguage":"it-IT"}]}},"_links":{"self":[{"href":"https:\/\/www.kz-gedenkstaette-dachau.de\/it\/wp-json\/wp\/v2\/pages\/60313","targetHints":{"allow":["GET"]}}],"collection":[{"href":"https:\/\/www.kz-gedenkstaette-dachau.de\/it\/wp-json\/wp\/v2\/pages"}],"about":[{"href":"https:\/\/www.kz-gedenkstaette-dachau.de\/it\/wp-json\/wp\/v2\/types\/page"}],"author":[{"embeddable":true,"href":"https:\/\/www.kz-gedenkstaette-dachau.de\/it\/wp-json\/wp\/v2\/users\/1"}],"replies":[{"embeddable":true,"href":"https:\/\/www.kz-gedenkstaette-dachau.de\/it\/wp-json\/wp\/v2\/comments?post=60313"}],"version-history":[{"count":0,"href":"https:\/\/www.kz-gedenkstaette-dachau.de\/it\/wp-json\/wp\/v2\/pages\/60313\/revisions"}],"up":[{"embeddable":true,"href":"https:\/\/www.kz-gedenkstaette-dachau.de\/it\/wp-json\/wp\/v2\/pages\/60287"}],"wp:attachment":[{"href":"https:\/\/www.kz-gedenkstaette-dachau.de\/it\/wp-json\/wp\/v2\/media?parent=60313"}],"curies":[{"name":"wp","href":"https:\/\/api.w.org\/{rel}","templated":true}]}}