{"id":71057,"date":"2020-05-04T14:15:35","date_gmt":"2020-05-04T12:15:35","guid":{"rendered":"https:\/\/www.kz-gedenkstaette-dachau.de\/nostra-offerta\/digitale-angebote\/"},"modified":"2021-06-08T17:10:19","modified_gmt":"2021-06-08T15:10:19","slug":"offerte-digitali","status":"publish","type":"page","link":"https:\/\/www.kz-gedenkstaette-dachau.de\/it\/educazione\/offerte-digitali\/","title":{"rendered":"Offerte digitali"},"content":{"rendered":"","protected":false},"excerpt":{"rendered":"","protected":false},"author":45,"featured_media":0,"parent":57468,"menu_order":0,"comment_status":"closed","ping_status":"closed","template":"page-archiv.php","meta":{"_acf_changed":false,"footnotes":""},"class_list":["post-71057","page","type-page","status-publish","hentry"],"acf":[],"yoast_head":"<!-- This site is optimized with the Yoast SEO plugin v27.4 - https:\/\/yoast.com\/product\/yoast-seo-wordpress\/ -->\n<title>Offerte digitali - KZ Gedenkst\u00e4tte Dachau<\/title>\n<meta name=\"description\" content=\"Per poter offrire la possibilit\u00e0 a chi \u00e8 interessato di farsi un\u2019idea della storia, mettiamo a disposizione alcune offerte digitali.\" \/>\n<meta name=\"robots\" content=\"index, follow, max-snippet:-1, max-image-preview:large, max-video-preview:-1\" \/>\n<link rel=\"canonical\" href=\"https:\/\/www.kz-gedenkstaette-dachau.de\/it\/educazione\/offerte-digitali\/\" \/>\n<meta property=\"og:locale\" content=\"it_IT\" \/>\n<meta property=\"og:type\" content=\"article\" \/>\n<meta property=\"og:title\" content=\"Offerte digitali - KZ Gedenkst\u00e4tte Dachau\" \/>\n<meta property=\"og:description\" content=\"Per poter offrire la possibilit\u00e0 a chi \u00e8 interessato di farsi un\u2019idea della storia, mettiamo a disposizione alcune offerte digitali.\" \/>\n<meta property=\"og:url\" content=\"https:\/\/www.kz-gedenkstaette-dachau.de\/it\/educazione\/offerte-digitali\/\" \/>\n<meta property=\"og:site_name\" content=\"KZ Gedenkst\u00e4tte Dachau\" \/>\n<meta property=\"article:modified_time\" content=\"2021-06-08T15:10:19+00:00\" \/>\n<meta name=\"twitter:card\" content=\"summary_large_image\" \/>\n<script type=\"application\/ld+json\" class=\"yoast-schema-graph\">{\"@context\":\"https:\\\/\\\/schema.org\",\"@graph\":[{\"@type\":\"WebPage\",\"@id\":\"https:\\\/\\\/www.kz-gedenkstaette-dachau.de\\\/it\\\/educazione\\\/offerte-digitali\\\/\",\"url\":\"https:\\\/\\\/www.kz-gedenkstaette-dachau.de\\\/it\\\/educazione\\\/offerte-digitali\\\/\",\"name\":\"Offerte digitali - KZ Gedenkst\u00e4tte Dachau\",\"isPartOf\":{\"@id\":\"https:\\\/\\\/www.kz-gedenkstaette-dachau.de\\\/#website\"},\"datePublished\":\"2020-05-04T12:15:35+00:00\",\"dateModified\":\"2021-06-08T15:10:19+00:00\",\"description\":\"Per poter offrire la possibilit\u00e0 a chi \u00e8 interessato di farsi un\u2019idea della storia, mettiamo a disposizione alcune offerte digitali.\",\"breadcrumb\":{\"@id\":\"https:\\\/\\\/www.kz-gedenkstaette-dachau.de\\\/it\\\/educazione\\\/offerte-digitali\\\/#breadcrumb\"},\"inLanguage\":\"it-IT\",\"potentialAction\":[{\"@type\":\"ReadAction\",\"target\":[\"https:\\\/\\\/www.kz-gedenkstaette-dachau.de\\\/it\\\/educazione\\\/offerte-digitali\\\/\"]}]},{\"@type\":\"BreadcrumbList\",\"@id\":\"https:\\\/\\\/www.kz-gedenkstaette-dachau.de\\\/it\\\/educazione\\\/offerte-digitali\\\/#breadcrumb\",\"itemListElement\":[{\"@type\":\"ListItem\",\"position\":1,\"name\":\"Pagina principale\",\"item\":\"https:\\\/\\\/www.kz-gedenkstaette-dachau.de\\\/it\\\/\"},{\"@type\":\"ListItem\",\"position\":2,\"name\":\"Educazione\",\"item\":\"https:\\\/\\\/www.kz-gedenkstaette-dachau.de\\\/it\\\/educazione\\\/\"},{\"@type\":\"ListItem\",\"position\":3,\"name\":\"Offerte digitali\"}]},{\"@type\":\"WebSite\",\"@id\":\"https:\\\/\\\/www.kz-gedenkstaette-dachau.de\\\/#website\",\"url\":\"https:\\\/\\\/www.kz-gedenkstaette-dachau.de\\\/\",\"name\":\"KZ Gedenkst\u00e4tte Dachau\",\"description\":\"\",\"potentialAction\":[{\"@type\":\"SearchAction\",\"target\":{\"@type\":\"EntryPoint\",\"urlTemplate\":\"https:\\\/\\\/www.kz-gedenkstaette-dachau.de\\\/?s={search_term_string}\"},\"query-input\":{\"@type\":\"PropertyValueSpecification\",\"valueRequired\":true,\"valueName\":\"search_term_string\"}}],\"inLanguage\":\"it-IT\"}]}<\/script>\n<!-- \/ Yoast SEO plugin. -->","yoast_head_json":{"title":"Offerte digitali - KZ Gedenkst\u00e4tte Dachau","description":"Per poter offrire la possibilit\u00e0 a chi \u00e8 interessato di farsi un\u2019idea della storia, mettiamo a disposizione alcune offerte digitali.","robots":{"index":"index","follow":"follow","max-snippet":"max-snippet:-1","max-image-preview":"max-image-preview:large","max-video-preview":"max-video-preview:-1"},"canonical":"https:\/\/www.kz-gedenkstaette-dachau.de\/it\/educazione\/offerte-digitali\/","og_locale":"it_IT","og_type":"article","og_title":"Offerte digitali - KZ Gedenkst\u00e4tte Dachau","og_description":"Per poter offrire la possibilit\u00e0 a chi \u00e8 interessato di farsi un\u2019idea della storia, mettiamo a disposizione alcune offerte digitali.","og_url":"https:\/\/www.kz-gedenkstaette-dachau.de\/it\/educazione\/offerte-digitali\/","og_site_name":"KZ Gedenkst\u00e4tte Dachau","article_modified_time":"2021-06-08T15:10:19+00:00","twitter_card":"summary_large_image","schema":{"@context":"https:\/\/schema.org","@graph":[{"@type":"WebPage","@id":"https:\/\/www.kz-gedenkstaette-dachau.de\/it\/educazione\/offerte-digitali\/","url":"https:\/\/www.kz-gedenkstaette-dachau.de\/it\/educazione\/offerte-digitali\/","name":"Offerte digitali - KZ Gedenkst\u00e4tte Dachau","isPartOf":{"@id":"https:\/\/www.kz-gedenkstaette-dachau.de\/#website"},"datePublished":"2020-05-04T12:15:35+00:00","dateModified":"2021-06-08T15:10:19+00:00","description":"Per poter offrire la possibilit\u00e0 a chi \u00e8 interessato di farsi un\u2019idea della storia, mettiamo a disposizione alcune offerte digitali.","breadcrumb":{"@id":"https:\/\/www.kz-gedenkstaette-dachau.de\/it\/educazione\/offerte-digitali\/#breadcrumb"},"inLanguage":"it-IT","potentialAction":[{"@type":"ReadAction","target":["https:\/\/www.kz-gedenkstaette-dachau.de\/it\/educazione\/offerte-digitali\/"]}]},{"@type":"BreadcrumbList","@id":"https:\/\/www.kz-gedenkstaette-dachau.de\/it\/educazione\/offerte-digitali\/#breadcrumb","itemListElement":[{"@type":"ListItem","position":1,"name":"Pagina principale","item":"https:\/\/www.kz-gedenkstaette-dachau.de\/it\/"},{"@type":"ListItem","position":2,"name":"Educazione","item":"https:\/\/www.kz-gedenkstaette-dachau.de\/it\/educazione\/"},{"@type":"ListItem","position":3,"name":"Offerte digitali"}]},{"@type":"WebSite","@id":"https:\/\/www.kz-gedenkstaette-dachau.de\/#website","url":"https:\/\/www.kz-gedenkstaette-dachau.de\/","name":"KZ Gedenkst\u00e4tte Dachau","description":"","potentialAction":[{"@type":"SearchAction","target":{"@type":"EntryPoint","urlTemplate":"https:\/\/www.kz-gedenkstaette-dachau.de\/?s={search_term_string}"},"query-input":{"@type":"PropertyValueSpecification","valueRequired":true,"valueName":"search_term_string"}}],"inLanguage":"it-IT"}]}},"_links":{"self":[{"href":"https:\/\/www.kz-gedenkstaette-dachau.de\/it\/wp-json\/wp\/v2\/pages\/71057","targetHints":{"allow":["GET"]}}],"collection":[{"href":"https:\/\/www.kz-gedenkstaette-dachau.de\/it\/wp-json\/wp\/v2\/pages"}],"about":[{"href":"https:\/\/www.kz-gedenkstaette-dachau.de\/it\/wp-json\/wp\/v2\/types\/page"}],"author":[{"embeddable":true,"href":"https:\/\/www.kz-gedenkstaette-dachau.de\/it\/wp-json\/wp\/v2\/users\/45"}],"replies":[{"embeddable":true,"href":"https:\/\/www.kz-gedenkstaette-dachau.de\/it\/wp-json\/wp\/v2\/comments?post=71057"}],"version-history":[{"count":4,"href":"https:\/\/www.kz-gedenkstaette-dachau.de\/it\/wp-json\/wp\/v2\/pages\/71057\/revisions"}],"predecessor-version":[{"id":75581,"href":"https:\/\/www.kz-gedenkstaette-dachau.de\/it\/wp-json\/wp\/v2\/pages\/71057\/revisions\/75581"}],"up":[{"embeddable":true,"href":"https:\/\/www.kz-gedenkstaette-dachau.de\/it\/wp-json\/wp\/v2\/pages\/57468"}],"wp:attachment":[{"href":"https:\/\/www.kz-gedenkstaette-dachau.de\/it\/wp-json\/wp\/v2\/media?parent=71057"}],"curies":[{"name":"wp","href":"https:\/\/api.w.org\/{rel}","templated":true}]}}