{"id":56950,"date":"2018-08-30T14:49:03","date_gmt":"2018-08-30T12:49:03","guid":{"rendered":"https:\/\/www.kz-gedenkstaette-dachau.de\/historischer-ort\/"},"modified":"2020-01-27T15:31:52","modified_gmt":"2020-01-27T14:31:52","slug":"miejsce-historyczne","status":"publish","type":"page","link":"https:\/\/www.kz-gedenkstaette-dachau.de\/pl\/miejsce-historyczne\/","title":{"rendered":"Miejsce historyczne"},"content":{"rendered":"<h1>Miejsce historyczne i miejsce pami\u0119ci<\/h1>\n<p>22 marca 1933 r. na terenie zamkni\u0119tej fabryki prochu i amunicji nazi\u015bci otworzyli ob\u00f3z koncentracyjny, kt\u00f3ry funkcjonowa\u0142 tu przez dwana\u015bcie lat. W obozie g\u0142\u00f3wnym i jego podobozach przetrzymywano przesz\u0142o 200.000 wi\u0119\u017ani\u00f3w ponad 40 narodowo\u015bci, co najmniej 41.500 os\u00f3b zmar\u0142o na skutek g\u0142odu, chor\u00f3b, tortur, morderstw oraz nast\u0119pstw przebywania w obozie koncentracyjnym.<\/p>\n<p>Po uwolnieniu wi\u0119\u017ani\u00f3w 29 kwietnia 1945 r. przez jednostki ameryka\u0144skiej armii, ameryka\u0144skie w\u0142adze wojskowe utworzy\u0142y w by\u0142ym obozie koncentracyjnym ob\u00f3z dla os\u00f3b przemieszczonych\u00a0 (Displaced Persons Camp). Od lipca 1945 r. teren ten s\u0142u\u017cy\u0142 jako ob\u00f3z dla internowanych zbrodniarzy nazistowskich. W 1948 r. rz\u0105d bawarski urz\u0105dzi\u0142 tam ob\u00f3z dla uchod\u017ac\u00f3w. Dzi\u0119ki inicjatywie by\u0142ych wi\u0119\u017ani\u00f3w, kt\u00f3rzy w 1955 r. zawi\u0105zali Comit\u00e9 International de Dachau (CID), niegdysiejszy ob\u00f3z koncentracyjny zosta\u0142 przekszta\u0142cony w Muzeum \u2013 Miejsce Pami\u0119ci Dachau. Miejsce Pami\u0119ci otwarto w maju 1965 r. pierwsz\u0105 wystaw\u0105 dokumentaln\u0105.<\/p>\n<p>W 1997 r. rozpocz\u0119\u0142a si\u0119 reorganizacja Muzeum \u2013 Miejsca Pami\u0119ci Dachau. W 2003 r. otwarto Wystaw\u0119 G\u0142\u00f3wn\u0105. Motyw przewodni wystawy, kt\u00f3r\u0105 mo\u017cna ogl\u0105da\u0107 do dzisiaj, pod\u0105\u017ca \u015bladem \u201eDrogi Wi\u0119\u017ani\u00f3w\u201c. Los ofiar jest udokumentowany od ich przybycia, poprzez \u017cycie, cierpienie i \u015bmier\u0107 w obozie, a\u017c do wyzwolenia.<\/p>\n<p>Rz\u0105d Bawarii przekaza\u0142 w 2003 r. finansowanie Muzeum \u2013 Miejsca Pami\u0119ci Dachau oraz Muzeum \u2013 Miejsca Pami\u0119ci Flossenb\u00fcrg nowoutworzonej fundacji Stiftung Bayerische Gedenkst\u00e4tten. Zadaniem Fundacji jest zachowanie i kszta\u0142towanie tych miejsc dla przysz\u0142ych pokole\u0144 jako mi\u0119dzynarodowych centr\u00f3w edukacji i pami\u0119ci.<\/p>\n<p>Celem Muzeum \u2013 Miejsca Pami\u0119ci Dachau pozostaje do dzi\u015b przypominanie o cierpieniu i umieraniu wi\u0119\u017ani\u00f3w oraz wspieranie debaty na temat zbrodni nazistowskich. Na kolejnych stronach przedstawiamy chronologiczny zarys najwa\u017cniejszych wydarze\u0144 z historii obozu koncentracyjnego Dachau oraz wykorzystania tego terenu po roku 1945.<\/p>\n","protected":false},"excerpt":{"rendered":"<p>Miejsce historyczne i miejsce pami\u0119ci 22 marca 1933 r. na terenie zamkni\u0119tej fabryki prochu i amunicji nazi\u015bci otworzyli ob\u00f3z koncentracyjny, kt\u00f3ry funkcjonowa\u0142 tu przez dwana\u015bcie lat. W obozie g\u0142\u00f3wnym i jego podobozach przetrzymywano przesz\u0142o 200.000 wi\u0119\u017ani\u00f3w ponad 40 narodowo\u015bci, co najmniej 41.500 os\u00f3b zmar\u0142o na skutek g\u0142odu, chor\u00f3b, tortur, morderstw oraz nast\u0119pstw przebywania w obozie&#8230; <a class=\"view-article\" href=\"https:\/\/www.kz-gedenkstaette-dachau.de\/pl\/miejsce-historyczne\/\">Zobacz artyku\u0142<\/a><\/p>\n","protected":false},"author":1,"featured_media":0,"parent":0,"menu_order":300,"comment_status":"closed","ping_status":"closed","template":"","meta":{"_acf_changed":false,"footnotes":""},"class_list":["post-56950","page","type-page","status-publish","hentry"],"acf":[],"yoast_head":"<!-- This site is optimized with the Yoast SEO plugin v27.3 - https:\/\/yoast.com\/product\/yoast-seo-wordpress\/ -->\n<title>Miejsce historyczne - KZ Gedenkst\u00e4tte Dachau<\/title>\n<meta name=\"robots\" content=\"index, follow, max-snippet:-1, max-image-preview:large, max-video-preview:-1\" \/>\n<link rel=\"canonical\" href=\"https:\/\/www.kz-gedenkstaette-dachau.de\/pl\/miejsce-historyczne\/\" \/>\n<meta property=\"og:locale\" content=\"pl_PL\" \/>\n<meta property=\"og:type\" content=\"article\" \/>\n<meta property=\"og:title\" content=\"Miejsce historyczne - KZ Gedenkst\u00e4tte Dachau\" \/>\n<meta property=\"og:description\" content=\"Miejsce historyczne i miejsce pami\u0119ci 22 marca 1933 r. na terenie zamkni\u0119tej fabryki prochu i amunicji nazi\u015bci otworzyli ob\u00f3z koncentracyjny, kt\u00f3ry funkcjonowa\u0142 tu przez dwana\u015bcie lat. W obozie g\u0142\u00f3wnym i jego podobozach przetrzymywano przesz\u0142o 200.000 wi\u0119\u017ani\u00f3w ponad 40 narodowo\u015bci, co najmniej 41.500 os\u00f3b zmar\u0142o na skutek g\u0142odu, chor\u00f3b, tortur, morderstw oraz nast\u0119pstw przebywania w obozie... Zobacz artyku\u0142\" \/>\n<meta property=\"og:url\" content=\"https:\/\/www.kz-gedenkstaette-dachau.de\/pl\/miejsce-historyczne\/\" \/>\n<meta property=\"og:site_name\" content=\"KZ Gedenkst\u00e4tte Dachau\" \/>\n<meta property=\"article:modified_time\" content=\"2020-01-27T14:31:52+00:00\" \/>\n<meta name=\"twitter:card\" content=\"summary_large_image\" \/>\n<meta name=\"twitter:label1\" content=\"Szacowany czas czytania\" \/>\n\t<meta name=\"twitter:data1\" content=\"2 minuty\" \/>\n<script type=\"application\/ld+json\" class=\"yoast-schema-graph\">{\"@context\":\"https:\\\/\\\/schema.org\",\"@graph\":[{\"@type\":\"WebPage\",\"@id\":\"https:\\\/\\\/www.kz-gedenkstaette-dachau.de\\\/pl\\\/miejsce-historyczne\\\/\",\"url\":\"https:\\\/\\\/www.kz-gedenkstaette-dachau.de\\\/pl\\\/miejsce-historyczne\\\/\",\"name\":\"Miejsce historyczne - KZ Gedenkst\u00e4tte Dachau\",\"isPartOf\":{\"@id\":\"https:\\\/\\\/www.kz-gedenkstaette-dachau.de\\\/#website\"},\"datePublished\":\"2018-08-30T12:49:03+00:00\",\"dateModified\":\"2020-01-27T14:31:52+00:00\",\"breadcrumb\":{\"@id\":\"https:\\\/\\\/www.kz-gedenkstaette-dachau.de\\\/pl\\\/miejsce-historyczne\\\/#breadcrumb\"},\"inLanguage\":\"pl-PL\",\"potentialAction\":[{\"@type\":\"ReadAction\",\"target\":[\"https:\\\/\\\/www.kz-gedenkstaette-dachau.de\\\/pl\\\/miejsce-historyczne\\\/\"]}]},{\"@type\":\"BreadcrumbList\",\"@id\":\"https:\\\/\\\/www.kz-gedenkstaette-dachau.de\\\/pl\\\/miejsce-historyczne\\\/#breadcrumb\",\"itemListElement\":[{\"@type\":\"ListItem\",\"position\":1,\"name\":\"Strona gl\u00f3wna\",\"item\":\"https:\\\/\\\/www.kz-gedenkstaette-dachau.de\\\/pl\\\/\"},{\"@type\":\"ListItem\",\"position\":2,\"name\":\"Miejsce historyczne\"}]},{\"@type\":\"WebSite\",\"@id\":\"https:\\\/\\\/www.kz-gedenkstaette-dachau.de\\\/#website\",\"url\":\"https:\\\/\\\/www.kz-gedenkstaette-dachau.de\\\/\",\"name\":\"KZ Gedenkst\u00e4tte Dachau\",\"description\":\"\",\"potentialAction\":[{\"@type\":\"SearchAction\",\"target\":{\"@type\":\"EntryPoint\",\"urlTemplate\":\"https:\\\/\\\/www.kz-gedenkstaette-dachau.de\\\/?s={search_term_string}\"},\"query-input\":{\"@type\":\"PropertyValueSpecification\",\"valueRequired\":true,\"valueName\":\"search_term_string\"}}],\"inLanguage\":\"pl-PL\"}]}<\/script>\n<!-- \/ Yoast SEO plugin. -->","yoast_head_json":{"title":"Miejsce historyczne - KZ Gedenkst\u00e4tte Dachau","robots":{"index":"index","follow":"follow","max-snippet":"max-snippet:-1","max-image-preview":"max-image-preview:large","max-video-preview":"max-video-preview:-1"},"canonical":"https:\/\/www.kz-gedenkstaette-dachau.de\/pl\/miejsce-historyczne\/","og_locale":"pl_PL","og_type":"article","og_title":"Miejsce historyczne - KZ Gedenkst\u00e4tte Dachau","og_description":"Miejsce historyczne i miejsce pami\u0119ci 22 marca 1933 r. na terenie zamkni\u0119tej fabryki prochu i amunicji nazi\u015bci otworzyli ob\u00f3z koncentracyjny, kt\u00f3ry funkcjonowa\u0142 tu przez dwana\u015bcie lat. W obozie g\u0142\u00f3wnym i jego podobozach przetrzymywano przesz\u0142o 200.000 wi\u0119\u017ani\u00f3w ponad 40 narodowo\u015bci, co najmniej 41.500 os\u00f3b zmar\u0142o na skutek g\u0142odu, chor\u00f3b, tortur, morderstw oraz nast\u0119pstw przebywania w obozie... Zobacz artyku\u0142","og_url":"https:\/\/www.kz-gedenkstaette-dachau.de\/pl\/miejsce-historyczne\/","og_site_name":"KZ Gedenkst\u00e4tte Dachau","article_modified_time":"2020-01-27T14:31:52+00:00","twitter_card":"summary_large_image","twitter_misc":{"Szacowany czas czytania":"2 minuty"},"schema":{"@context":"https:\/\/schema.org","@graph":[{"@type":"WebPage","@id":"https:\/\/www.kz-gedenkstaette-dachau.de\/pl\/miejsce-historyczne\/","url":"https:\/\/www.kz-gedenkstaette-dachau.de\/pl\/miejsce-historyczne\/","name":"Miejsce historyczne - KZ Gedenkst\u00e4tte Dachau","isPartOf":{"@id":"https:\/\/www.kz-gedenkstaette-dachau.de\/#website"},"datePublished":"2018-08-30T12:49:03+00:00","dateModified":"2020-01-27T14:31:52+00:00","breadcrumb":{"@id":"https:\/\/www.kz-gedenkstaette-dachau.de\/pl\/miejsce-historyczne\/#breadcrumb"},"inLanguage":"pl-PL","potentialAction":[{"@type":"ReadAction","target":["https:\/\/www.kz-gedenkstaette-dachau.de\/pl\/miejsce-historyczne\/"]}]},{"@type":"BreadcrumbList","@id":"https:\/\/www.kz-gedenkstaette-dachau.de\/pl\/miejsce-historyczne\/#breadcrumb","itemListElement":[{"@type":"ListItem","position":1,"name":"Strona gl\u00f3wna","item":"https:\/\/www.kz-gedenkstaette-dachau.de\/pl\/"},{"@type":"ListItem","position":2,"name":"Miejsce historyczne"}]},{"@type":"WebSite","@id":"https:\/\/www.kz-gedenkstaette-dachau.de\/#website","url":"https:\/\/www.kz-gedenkstaette-dachau.de\/","name":"KZ Gedenkst\u00e4tte Dachau","description":"","potentialAction":[{"@type":"SearchAction","target":{"@type":"EntryPoint","urlTemplate":"https:\/\/www.kz-gedenkstaette-dachau.de\/?s={search_term_string}"},"query-input":{"@type":"PropertyValueSpecification","valueRequired":true,"valueName":"search_term_string"}}],"inLanguage":"pl-PL"}]}},"_links":{"self":[{"href":"https:\/\/www.kz-gedenkstaette-dachau.de\/pl\/wp-json\/wp\/v2\/pages\/56950","targetHints":{"allow":["GET"]}}],"collection":[{"href":"https:\/\/www.kz-gedenkstaette-dachau.de\/pl\/wp-json\/wp\/v2\/pages"}],"about":[{"href":"https:\/\/www.kz-gedenkstaette-dachau.de\/pl\/wp-json\/wp\/v2\/types\/page"}],"author":[{"embeddable":true,"href":"https:\/\/www.kz-gedenkstaette-dachau.de\/pl\/wp-json\/wp\/v2\/users\/1"}],"replies":[{"embeddable":true,"href":"https:\/\/www.kz-gedenkstaette-dachau.de\/pl\/wp-json\/wp\/v2\/comments?post=56950"}],"version-history":[{"count":0,"href":"https:\/\/www.kz-gedenkstaette-dachau.de\/pl\/wp-json\/wp\/v2\/pages\/56950\/revisions"}],"wp:attachment":[{"href":"https:\/\/www.kz-gedenkstaette-dachau.de\/pl\/wp-json\/wp\/v2\/media?parent=56950"}],"curies":[{"name":"wp","href":"https:\/\/api.w.org\/{rel}","templated":true}]}}