{"id":56978,"date":"2018-09-04T09:29:33","date_gmt":"2018-09-04T07:29:33","guid":{"rendered":"https:\/\/www.kz-gedenkstaette-dachau.de\/miejsce-historyczne\/wirtualne-zwiedzanie\/ss-hauptwache\/"},"modified":"2020-01-30T14:19:20","modified_gmt":"2020-01-30T13:19:20","slug":"glowna-wartownia-ss","status":"publish","type":"page","link":"https:\/\/www.kz-gedenkstaette-dachau.de\/pl\/miejsce-historyczne\/wirtualne-zwiedzanie\/glowna-wartownia-ss\/","title":{"rendered":"G\u0142\u00f3wna Wartownia SS"},"content":{"rendered":"<p>Na zach\u00f3d od Centrum Informacyjnego dla Zwiedzaj\u0105cych znajduj\u0105 si\u0119 pozosta\u0142o\u015bci fundament\u00f3w G\u0142\u00f3wnej Wartowni SS. Budynek z bram\u0105 wej\u015bciow\u0105 stanowi\u0142 od 1936 r. g\u0142\u00f3wne wej\u015bcie na teren komendantury w obr\u0119bie zakwaterowania SS. Znajdowa\u0142 si\u0119 tam ob\u00f3z dla esesman\u00f3w, b\u0119d\u0105cych stra\u017cnikami w obozie wi\u0119\u017aniarskim.<\/p>\n<p>G\u0142\u00f3wna Wartownia SS by\u0142a ponadto miejscem, gdzie trafiaj\u0105cy do Dachau wi\u0119\u017aniowie mieli pierwszy kontakt z tutejszym obozem koncentracyjnym. Wi\u0119\u017ani\u00f3w dostarczano poci\u0105gami na dworzec w mie\u015bcie, sk\u0105d pod eskort\u0105 esesman\u00f3w musieli maszerowa\u0107 do obozu. Niekt\u00f3rych wi\u0119\u017ani\u00f3w dostarczano tam tak\u017ce autobusami lub ci\u0119\u017car\u00f3wkami. Transporty wi\u0119\u017ani\u00f3w przybywa\u0142y do obozu r\u00f3wnie\u017c bezpo\u015brednio bocznic\u0105 kolejow\u0105, \u0142\u0105cz\u0105c\u0105 dworzec w Dachau z obozem SS.<\/p>\n","protected":false},"excerpt":{"rendered":"<p>Na zach\u00f3d od Centrum Informacyjnego dla Zwiedzaj\u0105cych znajduj\u0105 si\u0119 pozosta\u0142o\u015bci fundament\u00f3w G\u0142\u00f3wnej Wartowni SS. Budynek z bram\u0105 wej\u015bciow\u0105 stanowi\u0142 od 1936 r. g\u0142\u00f3wne wej\u015bcie na teren komendantury w obr\u0119bie zakwaterowania SS. Znajdowa\u0142 si\u0119 tam ob\u00f3z dla esesman\u00f3w, b\u0119d\u0105cych stra\u017cnikami w obozie wi\u0119\u017aniarskim. G\u0142\u00f3wna Wartownia SS by\u0142a ponadto miejscem, gdzie trafiaj\u0105cy do Dachau wi\u0119\u017aniowie mieli pierwszy&#8230; <a class=\"view-article\" href=\"https:\/\/www.kz-gedenkstaette-dachau.de\/pl\/miejsce-historyczne\/wirtualne-zwiedzanie\/glowna-wartownia-ss\/\">Zobacz artyku\u0142<\/a><\/p>\n","protected":false},"author":1,"featured_media":0,"parent":56973,"menu_order":100,"comment_status":"closed","ping_status":"closed","template":"page-virtueller_rundgang_unterseite.php","meta":{"_acf_changed":false,"footnotes":""},"class_list":["post-56978","page","type-page","status-publish","hentry"],"acf":[],"yoast_head":"<!-- This site is optimized with the Yoast SEO plugin v27.3 - https:\/\/yoast.com\/product\/yoast-seo-wordpress\/ -->\n<title>G\u0142\u00f3wna Wartownia SS - KZ Gedenkst\u00e4tte Dachau<\/title>\n<meta name=\"robots\" content=\"index, follow, max-snippet:-1, max-image-preview:large, max-video-preview:-1\" \/>\n<link rel=\"canonical\" href=\"https:\/\/www.kz-gedenkstaette-dachau.de\/pl\/miejsce-historyczne\/wirtualne-zwiedzanie\/glowna-wartownia-ss\/\" \/>\n<meta property=\"og:locale\" content=\"pl_PL\" \/>\n<meta property=\"og:type\" content=\"article\" \/>\n<meta property=\"og:title\" content=\"G\u0142\u00f3wna Wartownia SS - KZ Gedenkst\u00e4tte Dachau\" \/>\n<meta property=\"og:description\" content=\"Na zach\u00f3d od Centrum Informacyjnego dla Zwiedzaj\u0105cych znajduj\u0105 si\u0119 pozosta\u0142o\u015bci fundament\u00f3w G\u0142\u00f3wnej Wartowni SS. Budynek z bram\u0105 wej\u015bciow\u0105 stanowi\u0142 od 1936 r. g\u0142\u00f3wne wej\u015bcie na teren komendantury w obr\u0119bie zakwaterowania SS. Znajdowa\u0142 si\u0119 tam ob\u00f3z dla esesman\u00f3w, b\u0119d\u0105cych stra\u017cnikami w obozie wi\u0119\u017aniarskim. G\u0142\u00f3wna Wartownia SS by\u0142a ponadto miejscem, gdzie trafiaj\u0105cy do Dachau wi\u0119\u017aniowie mieli pierwszy... Zobacz artyku\u0142\" \/>\n<meta property=\"og:url\" content=\"https:\/\/www.kz-gedenkstaette-dachau.de\/pl\/miejsce-historyczne\/wirtualne-zwiedzanie\/glowna-wartownia-ss\/\" \/>\n<meta property=\"og:site_name\" content=\"KZ Gedenkst\u00e4tte Dachau\" \/>\n<meta property=\"article:modified_time\" content=\"2020-01-30T13:19:20+00:00\" \/>\n<meta name=\"twitter:card\" content=\"summary_large_image\" \/>\n<meta name=\"twitter:label1\" content=\"Szacowany czas czytania\" \/>\n\t<meta name=\"twitter:data1\" content=\"1 minuta\" \/>\n<script type=\"application\/ld+json\" class=\"yoast-schema-graph\">{\"@context\":\"https:\\\/\\\/schema.org\",\"@graph\":[{\"@type\":\"WebPage\",\"@id\":\"https:\\\/\\\/www.kz-gedenkstaette-dachau.de\\\/pl\\\/miejsce-historyczne\\\/wirtualne-zwiedzanie\\\/glowna-wartownia-ss\\\/\",\"url\":\"https:\\\/\\\/www.kz-gedenkstaette-dachau.de\\\/pl\\\/miejsce-historyczne\\\/wirtualne-zwiedzanie\\\/glowna-wartownia-ss\\\/\",\"name\":\"G\u0142\u00f3wna Wartownia SS - KZ Gedenkst\u00e4tte Dachau\",\"isPartOf\":{\"@id\":\"https:\\\/\\\/www.kz-gedenkstaette-dachau.de\\\/#website\"},\"datePublished\":\"2018-09-04T07:29:33+00:00\",\"dateModified\":\"2020-01-30T13:19:20+00:00\",\"breadcrumb\":{\"@id\":\"https:\\\/\\\/www.kz-gedenkstaette-dachau.de\\\/pl\\\/miejsce-historyczne\\\/wirtualne-zwiedzanie\\\/glowna-wartownia-ss\\\/#breadcrumb\"},\"inLanguage\":\"pl-PL\",\"potentialAction\":[{\"@type\":\"ReadAction\",\"target\":[\"https:\\\/\\\/www.kz-gedenkstaette-dachau.de\\\/pl\\\/miejsce-historyczne\\\/wirtualne-zwiedzanie\\\/glowna-wartownia-ss\\\/\"]}]},{\"@type\":\"BreadcrumbList\",\"@id\":\"https:\\\/\\\/www.kz-gedenkstaette-dachau.de\\\/pl\\\/miejsce-historyczne\\\/wirtualne-zwiedzanie\\\/glowna-wartownia-ss\\\/#breadcrumb\",\"itemListElement\":[{\"@type\":\"ListItem\",\"position\":1,\"name\":\"Strona gl\u00f3wna\",\"item\":\"https:\\\/\\\/www.kz-gedenkstaette-dachau.de\\\/pl\\\/\"},{\"@type\":\"ListItem\",\"position\":2,\"name\":\"Miejsce historyczne\",\"item\":\"https:\\\/\\\/www.kz-gedenkstaette-dachau.de\\\/pl\\\/miejsce-historyczne\\\/\"},{\"@type\":\"ListItem\",\"position\":3,\"name\":\"Wirtualne zwiedzanie\",\"item\":\"https:\\\/\\\/www.kz-gedenkstaette-dachau.de\\\/pl\\\/miejsce-historyczne\\\/wirtualne-zwiedzanie\\\/\"},{\"@type\":\"ListItem\",\"position\":4,\"name\":\"G\u0142\u00f3wna Wartownia SS\"}]},{\"@type\":\"WebSite\",\"@id\":\"https:\\\/\\\/www.kz-gedenkstaette-dachau.de\\\/#website\",\"url\":\"https:\\\/\\\/www.kz-gedenkstaette-dachau.de\\\/\",\"name\":\"KZ Gedenkst\u00e4tte Dachau\",\"description\":\"\",\"potentialAction\":[{\"@type\":\"SearchAction\",\"target\":{\"@type\":\"EntryPoint\",\"urlTemplate\":\"https:\\\/\\\/www.kz-gedenkstaette-dachau.de\\\/?s={search_term_string}\"},\"query-input\":{\"@type\":\"PropertyValueSpecification\",\"valueRequired\":true,\"valueName\":\"search_term_string\"}}],\"inLanguage\":\"pl-PL\"}]}<\/script>\n<!-- \/ Yoast SEO plugin. -->","yoast_head_json":{"title":"G\u0142\u00f3wna Wartownia SS - KZ Gedenkst\u00e4tte Dachau","robots":{"index":"index","follow":"follow","max-snippet":"max-snippet:-1","max-image-preview":"max-image-preview:large","max-video-preview":"max-video-preview:-1"},"canonical":"https:\/\/www.kz-gedenkstaette-dachau.de\/pl\/miejsce-historyczne\/wirtualne-zwiedzanie\/glowna-wartownia-ss\/","og_locale":"pl_PL","og_type":"article","og_title":"G\u0142\u00f3wna Wartownia SS - KZ Gedenkst\u00e4tte Dachau","og_description":"Na zach\u00f3d od Centrum Informacyjnego dla Zwiedzaj\u0105cych znajduj\u0105 si\u0119 pozosta\u0142o\u015bci fundament\u00f3w G\u0142\u00f3wnej Wartowni SS. Budynek z bram\u0105 wej\u015bciow\u0105 stanowi\u0142 od 1936 r. g\u0142\u00f3wne wej\u015bcie na teren komendantury w obr\u0119bie zakwaterowania SS. Znajdowa\u0142 si\u0119 tam ob\u00f3z dla esesman\u00f3w, b\u0119d\u0105cych stra\u017cnikami w obozie wi\u0119\u017aniarskim. G\u0142\u00f3wna Wartownia SS by\u0142a ponadto miejscem, gdzie trafiaj\u0105cy do Dachau wi\u0119\u017aniowie mieli pierwszy... Zobacz artyku\u0142","og_url":"https:\/\/www.kz-gedenkstaette-dachau.de\/pl\/miejsce-historyczne\/wirtualne-zwiedzanie\/glowna-wartownia-ss\/","og_site_name":"KZ Gedenkst\u00e4tte Dachau","article_modified_time":"2020-01-30T13:19:20+00:00","twitter_card":"summary_large_image","twitter_misc":{"Szacowany czas czytania":"1 minuta"},"schema":{"@context":"https:\/\/schema.org","@graph":[{"@type":"WebPage","@id":"https:\/\/www.kz-gedenkstaette-dachau.de\/pl\/miejsce-historyczne\/wirtualne-zwiedzanie\/glowna-wartownia-ss\/","url":"https:\/\/www.kz-gedenkstaette-dachau.de\/pl\/miejsce-historyczne\/wirtualne-zwiedzanie\/glowna-wartownia-ss\/","name":"G\u0142\u00f3wna Wartownia SS - KZ Gedenkst\u00e4tte Dachau","isPartOf":{"@id":"https:\/\/www.kz-gedenkstaette-dachau.de\/#website"},"datePublished":"2018-09-04T07:29:33+00:00","dateModified":"2020-01-30T13:19:20+00:00","breadcrumb":{"@id":"https:\/\/www.kz-gedenkstaette-dachau.de\/pl\/miejsce-historyczne\/wirtualne-zwiedzanie\/glowna-wartownia-ss\/#breadcrumb"},"inLanguage":"pl-PL","potentialAction":[{"@type":"ReadAction","target":["https:\/\/www.kz-gedenkstaette-dachau.de\/pl\/miejsce-historyczne\/wirtualne-zwiedzanie\/glowna-wartownia-ss\/"]}]},{"@type":"BreadcrumbList","@id":"https:\/\/www.kz-gedenkstaette-dachau.de\/pl\/miejsce-historyczne\/wirtualne-zwiedzanie\/glowna-wartownia-ss\/#breadcrumb","itemListElement":[{"@type":"ListItem","position":1,"name":"Strona gl\u00f3wna","item":"https:\/\/www.kz-gedenkstaette-dachau.de\/pl\/"},{"@type":"ListItem","position":2,"name":"Miejsce historyczne","item":"https:\/\/www.kz-gedenkstaette-dachau.de\/pl\/miejsce-historyczne\/"},{"@type":"ListItem","position":3,"name":"Wirtualne zwiedzanie","item":"https:\/\/www.kz-gedenkstaette-dachau.de\/pl\/miejsce-historyczne\/wirtualne-zwiedzanie\/"},{"@type":"ListItem","position":4,"name":"G\u0142\u00f3wna Wartownia SS"}]},{"@type":"WebSite","@id":"https:\/\/www.kz-gedenkstaette-dachau.de\/#website","url":"https:\/\/www.kz-gedenkstaette-dachau.de\/","name":"KZ Gedenkst\u00e4tte Dachau","description":"","potentialAction":[{"@type":"SearchAction","target":{"@type":"EntryPoint","urlTemplate":"https:\/\/www.kz-gedenkstaette-dachau.de\/?s={search_term_string}"},"query-input":{"@type":"PropertyValueSpecification","valueRequired":true,"valueName":"search_term_string"}}],"inLanguage":"pl-PL"}]}},"_links":{"self":[{"href":"https:\/\/www.kz-gedenkstaette-dachau.de\/pl\/wp-json\/wp\/v2\/pages\/56978","targetHints":{"allow":["GET"]}}],"collection":[{"href":"https:\/\/www.kz-gedenkstaette-dachau.de\/pl\/wp-json\/wp\/v2\/pages"}],"about":[{"href":"https:\/\/www.kz-gedenkstaette-dachau.de\/pl\/wp-json\/wp\/v2\/types\/page"}],"author":[{"embeddable":true,"href":"https:\/\/www.kz-gedenkstaette-dachau.de\/pl\/wp-json\/wp\/v2\/users\/1"}],"replies":[{"embeddable":true,"href":"https:\/\/www.kz-gedenkstaette-dachau.de\/pl\/wp-json\/wp\/v2\/comments?post=56978"}],"version-history":[{"count":0,"href":"https:\/\/www.kz-gedenkstaette-dachau.de\/pl\/wp-json\/wp\/v2\/pages\/56978\/revisions"}],"up":[{"embeddable":true,"href":"https:\/\/www.kz-gedenkstaette-dachau.de\/pl\/wp-json\/wp\/v2\/pages\/56973"}],"wp:attachment":[{"href":"https:\/\/www.kz-gedenkstaette-dachau.de\/pl\/wp-json\/wp\/v2\/media?parent=56978"}],"curies":[{"name":"wp","href":"https:\/\/api.w.org\/{rel}","templated":true}]}}