{"id":56982,"date":"2018-09-04T09:29:59","date_gmt":"2018-09-04T07:29:59","guid":{"rendered":"https:\/\/www.kz-gedenkstaette-dachau.de\/miejsce-historyczne\/wirtualne-zwiedzanie\/politische-abteilung\/"},"modified":"2020-01-30T14:22:58","modified_gmt":"2020-01-30T13:22:58","slug":"wydzial-polityczny","status":"publish","type":"page","link":"https:\/\/www.kz-gedenkstaette-dachau.de\/pl\/miejsce-historyczne\/wirtualne-zwiedzanie\/wydzial-polityczny\/","title":{"rendered":"Wydzia\u0142 Polityczny"},"content":{"rendered":"<p>Na drodze z Centrum Informacyjnego dla Zwiedzaj\u0105cych do budynku z bram\u0105 wej\u015bciow\u0105 (Jourhaus) osiem metalowych tr\u00f3jk\u0105t\u00f3w oznacza miejsce, gdzie sta\u0142 wcze\u015bniej historyczny, d\u0142ugi budynek: siedziba Wydzia\u0142u Politycznego Tajnej Policji Pa\u0144stwowej (Gestapo).<\/p>\n<p>Z regu\u0142y traumatyczna procedura przyjmowania do obozu nowych wi\u0119\u017ani\u00f3w rozpoczyna\u0142a si\u0119 w pomieszczeniach tego budynku. Wydzia\u0142 Polityczny rejestrowa\u0142 dane osobiste przybywaj\u0105cych ludzi, sporz\u0105dza\u0142 ich policyjne zdj\u0119cia, zak\u0142ada\u0142 akta osobowe i rozdziela\u0142 numery obozowe. Przy ka\u017cdym wi\u0119\u017aniu rejestrowano jego przyj\u0119cie, relokacj\u0119 do innych oboz\u00f3w, zwolnienie lub \u015bmier\u0107. Poza tym Wydzia\u0142 Polityczny zajmowa\u0142 si\u0119 przes\u0142uchiwaniem wi\u0119\u017ani\u00f3w, cz\u0119sto przy u\u017cyciu tortur.<\/p>\n","protected":false},"excerpt":{"rendered":"<p>Na drodze z Centrum Informacyjnego dla Zwiedzaj\u0105cych do budynku z bram\u0105 wej\u015bciow\u0105 (Jourhaus) osiem metalowych tr\u00f3jk\u0105t\u00f3w oznacza miejsce, gdzie sta\u0142 wcze\u015bniej historyczny, d\u0142ugi budynek: siedziba Wydzia\u0142u Politycznego Tajnej Policji Pa\u0144stwowej (Gestapo). Z regu\u0142y traumatyczna procedura przyjmowania do obozu nowych wi\u0119\u017ani\u00f3w rozpoczyna\u0142a si\u0119 w pomieszczeniach tego budynku. Wydzia\u0142 Polityczny rejestrowa\u0142 dane osobiste przybywaj\u0105cych ludzi, sporz\u0105dza\u0142 ich&#8230; <a class=\"view-article\" href=\"https:\/\/www.kz-gedenkstaette-dachau.de\/pl\/miejsce-historyczne\/wirtualne-zwiedzanie\/wydzial-polityczny\/\">Zobacz artyku\u0142<\/a><\/p>\n","protected":false},"author":1,"featured_media":0,"parent":56973,"menu_order":200,"comment_status":"closed","ping_status":"closed","template":"page-virtueller_rundgang_unterseite.php","meta":{"_acf_changed":false,"footnotes":""},"class_list":["post-56982","page","type-page","status-publish","hentry"],"acf":[],"yoast_head":"<!-- This site is optimized with the Yoast SEO plugin v27.3 - https:\/\/yoast.com\/product\/yoast-seo-wordpress\/ -->\n<title>Wydzia\u0142 Polityczny - KZ Gedenkst\u00e4tte Dachau<\/title>\n<meta name=\"robots\" content=\"index, follow, max-snippet:-1, max-image-preview:large, max-video-preview:-1\" \/>\n<link rel=\"canonical\" href=\"https:\/\/www.kz-gedenkstaette-dachau.de\/pl\/miejsce-historyczne\/wirtualne-zwiedzanie\/wydzial-polityczny\/\" \/>\n<meta property=\"og:locale\" content=\"pl_PL\" \/>\n<meta property=\"og:type\" content=\"article\" \/>\n<meta property=\"og:title\" content=\"Wydzia\u0142 Polityczny - KZ Gedenkst\u00e4tte Dachau\" \/>\n<meta property=\"og:description\" content=\"Na drodze z Centrum Informacyjnego dla Zwiedzaj\u0105cych do budynku z bram\u0105 wej\u015bciow\u0105 (Jourhaus) osiem metalowych tr\u00f3jk\u0105t\u00f3w oznacza miejsce, gdzie sta\u0142 wcze\u015bniej historyczny, d\u0142ugi budynek: siedziba Wydzia\u0142u Politycznego Tajnej Policji Pa\u0144stwowej (Gestapo). Z regu\u0142y traumatyczna procedura przyjmowania do obozu nowych wi\u0119\u017ani\u00f3w rozpoczyna\u0142a si\u0119 w pomieszczeniach tego budynku. Wydzia\u0142 Polityczny rejestrowa\u0142 dane osobiste przybywaj\u0105cych ludzi, sporz\u0105dza\u0142 ich... Zobacz artyku\u0142\" \/>\n<meta property=\"og:url\" content=\"https:\/\/www.kz-gedenkstaette-dachau.de\/pl\/miejsce-historyczne\/wirtualne-zwiedzanie\/wydzial-polityczny\/\" \/>\n<meta property=\"og:site_name\" content=\"KZ Gedenkst\u00e4tte Dachau\" \/>\n<meta property=\"article:modified_time\" content=\"2020-01-30T13:22:58+00:00\" \/>\n<meta name=\"twitter:card\" content=\"summary_large_image\" \/>\n<meta name=\"twitter:label1\" content=\"Szacowany czas czytania\" \/>\n\t<meta name=\"twitter:data1\" content=\"1 minuta\" \/>\n<script type=\"application\/ld+json\" class=\"yoast-schema-graph\">{\"@context\":\"https:\\\/\\\/schema.org\",\"@graph\":[{\"@type\":\"WebPage\",\"@id\":\"https:\\\/\\\/www.kz-gedenkstaette-dachau.de\\\/pl\\\/miejsce-historyczne\\\/wirtualne-zwiedzanie\\\/wydzial-polityczny\\\/\",\"url\":\"https:\\\/\\\/www.kz-gedenkstaette-dachau.de\\\/pl\\\/miejsce-historyczne\\\/wirtualne-zwiedzanie\\\/wydzial-polityczny\\\/\",\"name\":\"Wydzia\u0142 Polityczny - KZ Gedenkst\u00e4tte Dachau\",\"isPartOf\":{\"@id\":\"https:\\\/\\\/www.kz-gedenkstaette-dachau.de\\\/#website\"},\"datePublished\":\"2018-09-04T07:29:59+00:00\",\"dateModified\":\"2020-01-30T13:22:58+00:00\",\"breadcrumb\":{\"@id\":\"https:\\\/\\\/www.kz-gedenkstaette-dachau.de\\\/pl\\\/miejsce-historyczne\\\/wirtualne-zwiedzanie\\\/wydzial-polityczny\\\/#breadcrumb\"},\"inLanguage\":\"pl-PL\",\"potentialAction\":[{\"@type\":\"ReadAction\",\"target\":[\"https:\\\/\\\/www.kz-gedenkstaette-dachau.de\\\/pl\\\/miejsce-historyczne\\\/wirtualne-zwiedzanie\\\/wydzial-polityczny\\\/\"]}]},{\"@type\":\"BreadcrumbList\",\"@id\":\"https:\\\/\\\/www.kz-gedenkstaette-dachau.de\\\/pl\\\/miejsce-historyczne\\\/wirtualne-zwiedzanie\\\/wydzial-polityczny\\\/#breadcrumb\",\"itemListElement\":[{\"@type\":\"ListItem\",\"position\":1,\"name\":\"Strona gl\u00f3wna\",\"item\":\"https:\\\/\\\/www.kz-gedenkstaette-dachau.de\\\/pl\\\/\"},{\"@type\":\"ListItem\",\"position\":2,\"name\":\"Miejsce historyczne\",\"item\":\"https:\\\/\\\/www.kz-gedenkstaette-dachau.de\\\/pl\\\/miejsce-historyczne\\\/\"},{\"@type\":\"ListItem\",\"position\":3,\"name\":\"Wirtualne zwiedzanie\",\"item\":\"https:\\\/\\\/www.kz-gedenkstaette-dachau.de\\\/pl\\\/miejsce-historyczne\\\/wirtualne-zwiedzanie\\\/\"},{\"@type\":\"ListItem\",\"position\":4,\"name\":\"Wydzia\u0142 Polityczny\"}]},{\"@type\":\"WebSite\",\"@id\":\"https:\\\/\\\/www.kz-gedenkstaette-dachau.de\\\/#website\",\"url\":\"https:\\\/\\\/www.kz-gedenkstaette-dachau.de\\\/\",\"name\":\"KZ Gedenkst\u00e4tte Dachau\",\"description\":\"\",\"potentialAction\":[{\"@type\":\"SearchAction\",\"target\":{\"@type\":\"EntryPoint\",\"urlTemplate\":\"https:\\\/\\\/www.kz-gedenkstaette-dachau.de\\\/?s={search_term_string}\"},\"query-input\":{\"@type\":\"PropertyValueSpecification\",\"valueRequired\":true,\"valueName\":\"search_term_string\"}}],\"inLanguage\":\"pl-PL\"}]}<\/script>\n<!-- \/ Yoast SEO plugin. -->","yoast_head_json":{"title":"Wydzia\u0142 Polityczny - KZ Gedenkst\u00e4tte Dachau","robots":{"index":"index","follow":"follow","max-snippet":"max-snippet:-1","max-image-preview":"max-image-preview:large","max-video-preview":"max-video-preview:-1"},"canonical":"https:\/\/www.kz-gedenkstaette-dachau.de\/pl\/miejsce-historyczne\/wirtualne-zwiedzanie\/wydzial-polityczny\/","og_locale":"pl_PL","og_type":"article","og_title":"Wydzia\u0142 Polityczny - KZ Gedenkst\u00e4tte Dachau","og_description":"Na drodze z Centrum Informacyjnego dla Zwiedzaj\u0105cych do budynku z bram\u0105 wej\u015bciow\u0105 (Jourhaus) osiem metalowych tr\u00f3jk\u0105t\u00f3w oznacza miejsce, gdzie sta\u0142 wcze\u015bniej historyczny, d\u0142ugi budynek: siedziba Wydzia\u0142u Politycznego Tajnej Policji Pa\u0144stwowej (Gestapo). Z regu\u0142y traumatyczna procedura przyjmowania do obozu nowych wi\u0119\u017ani\u00f3w rozpoczyna\u0142a si\u0119 w pomieszczeniach tego budynku. Wydzia\u0142 Polityczny rejestrowa\u0142 dane osobiste przybywaj\u0105cych ludzi, sporz\u0105dza\u0142 ich... Zobacz artyku\u0142","og_url":"https:\/\/www.kz-gedenkstaette-dachau.de\/pl\/miejsce-historyczne\/wirtualne-zwiedzanie\/wydzial-polityczny\/","og_site_name":"KZ Gedenkst\u00e4tte Dachau","article_modified_time":"2020-01-30T13:22:58+00:00","twitter_card":"summary_large_image","twitter_misc":{"Szacowany czas czytania":"1 minuta"},"schema":{"@context":"https:\/\/schema.org","@graph":[{"@type":"WebPage","@id":"https:\/\/www.kz-gedenkstaette-dachau.de\/pl\/miejsce-historyczne\/wirtualne-zwiedzanie\/wydzial-polityczny\/","url":"https:\/\/www.kz-gedenkstaette-dachau.de\/pl\/miejsce-historyczne\/wirtualne-zwiedzanie\/wydzial-polityczny\/","name":"Wydzia\u0142 Polityczny - KZ Gedenkst\u00e4tte Dachau","isPartOf":{"@id":"https:\/\/www.kz-gedenkstaette-dachau.de\/#website"},"datePublished":"2018-09-04T07:29:59+00:00","dateModified":"2020-01-30T13:22:58+00:00","breadcrumb":{"@id":"https:\/\/www.kz-gedenkstaette-dachau.de\/pl\/miejsce-historyczne\/wirtualne-zwiedzanie\/wydzial-polityczny\/#breadcrumb"},"inLanguage":"pl-PL","potentialAction":[{"@type":"ReadAction","target":["https:\/\/www.kz-gedenkstaette-dachau.de\/pl\/miejsce-historyczne\/wirtualne-zwiedzanie\/wydzial-polityczny\/"]}]},{"@type":"BreadcrumbList","@id":"https:\/\/www.kz-gedenkstaette-dachau.de\/pl\/miejsce-historyczne\/wirtualne-zwiedzanie\/wydzial-polityczny\/#breadcrumb","itemListElement":[{"@type":"ListItem","position":1,"name":"Strona gl\u00f3wna","item":"https:\/\/www.kz-gedenkstaette-dachau.de\/pl\/"},{"@type":"ListItem","position":2,"name":"Miejsce historyczne","item":"https:\/\/www.kz-gedenkstaette-dachau.de\/pl\/miejsce-historyczne\/"},{"@type":"ListItem","position":3,"name":"Wirtualne zwiedzanie","item":"https:\/\/www.kz-gedenkstaette-dachau.de\/pl\/miejsce-historyczne\/wirtualne-zwiedzanie\/"},{"@type":"ListItem","position":4,"name":"Wydzia\u0142 Polityczny"}]},{"@type":"WebSite","@id":"https:\/\/www.kz-gedenkstaette-dachau.de\/#website","url":"https:\/\/www.kz-gedenkstaette-dachau.de\/","name":"KZ Gedenkst\u00e4tte Dachau","description":"","potentialAction":[{"@type":"SearchAction","target":{"@type":"EntryPoint","urlTemplate":"https:\/\/www.kz-gedenkstaette-dachau.de\/?s={search_term_string}"},"query-input":{"@type":"PropertyValueSpecification","valueRequired":true,"valueName":"search_term_string"}}],"inLanguage":"pl-PL"}]}},"_links":{"self":[{"href":"https:\/\/www.kz-gedenkstaette-dachau.de\/pl\/wp-json\/wp\/v2\/pages\/56982","targetHints":{"allow":["GET"]}}],"collection":[{"href":"https:\/\/www.kz-gedenkstaette-dachau.de\/pl\/wp-json\/wp\/v2\/pages"}],"about":[{"href":"https:\/\/www.kz-gedenkstaette-dachau.de\/pl\/wp-json\/wp\/v2\/types\/page"}],"author":[{"embeddable":true,"href":"https:\/\/www.kz-gedenkstaette-dachau.de\/pl\/wp-json\/wp\/v2\/users\/1"}],"replies":[{"embeddable":true,"href":"https:\/\/www.kz-gedenkstaette-dachau.de\/pl\/wp-json\/wp\/v2\/comments?post=56982"}],"version-history":[{"count":0,"href":"https:\/\/www.kz-gedenkstaette-dachau.de\/pl\/wp-json\/wp\/v2\/pages\/56982\/revisions"}],"up":[{"embeddable":true,"href":"https:\/\/www.kz-gedenkstaette-dachau.de\/pl\/wp-json\/wp\/v2\/pages\/56973"}],"wp:attachment":[{"href":"https:\/\/www.kz-gedenkstaette-dachau.de\/pl\/wp-json\/wp\/v2\/media?parent=56982"}],"curies":[{"name":"wp","href":"https:\/\/api.w.org\/{rel}","templated":true}]}}