{"id":56985,"date":"2018-09-04T12:31:56","date_gmt":"2018-09-04T10:31:56","guid":{"rendered":"https:\/\/www.kz-gedenkstaette-dachau.de\/miejsce-historyczne\/wirtualne-zwiedzanie\/ueberreste-des-ersten-lagers-1933-1937\/"},"modified":"2020-01-30T14:26:37","modified_gmt":"2020-01-30T13:26:37","slug":"pozostalosci-pierwszego-obozu-1933-1937","status":"publish","type":"page","link":"https:\/\/www.kz-gedenkstaette-dachau.de\/pl\/miejsce-historyczne\/wirtualne-zwiedzanie\/pozostalosci-pierwszego-obozu-1933-1937\/","title":{"rendered":"Pozosta\u0142o\u015bci pierwszego obozu (1933 \u2013 1937)"},"content":{"rendered":"<p>Od wej\u015bcia do obozu dla wi\u0119\u017ani\u00f3w (Jourhaus) biegnie droga \u0142\u0105cz\u0105ca go z obozem SS. Z prawej i lewej strony wida\u0107 przerwany wa\u0142, usypany z gruzu po zburzonych budynkach. SS wykorzystywa\u0142o dawne budynki fabryki prochu i amunicji jako kuchni\u0119 dla wi\u0119\u017ani\u00f3w, sto\u0142\u00f3wk\u0119 i pomieszczenie rejestracyjne (wa\u0142 z lewej) oraz jako warsztaty stolarskie, \u015blusarskie i krawieckie (wa\u0142 z prawej). Na terenie p\u00f3\u017aniejszego, rozszerzonego obozu ulokowane zosta\u0142y w\u0142asne przedsi\u0119biorstwa SS jak np. Zak\u0142ady Odzie\u017cowe SS (SS-Bekleidungswerk) czy Niemieckie Zak\u0142ady Zbrojeniowe (Deutsche Ausr\u00fcstungswerke).<\/p>\n<p>Budynki zosta\u0142y w latach 80. XX w. wyburzone. Z pozosta\u0142ych po nich gruz\u00f3w usypano ci\u0105g\u0142y wa\u0142, kt\u00f3ry odgranicza\u0142 teren Muzeum od terenu jednostki Bawarskiej Policji Prewencyjnej. Przy modernizacji muzeum w 2004 r. wa\u0142 ten przerwano, ods\u0142aniaj\u0105c niegdysiejszy \u0142\u0105cznik drogowy.<\/p>\n<p>Przy tej okazji odkryto pozosta\u0142o\u015bci toru bocznicy kolejowej, kt\u00f3r\u0105 dostarczano materia\u0142y dla przedsi\u0119biorstw SS, wykorzystuj\u0105cych przymusow\u0105 prac\u0119 wi\u0119\u017ani\u00f3w. Ten fragment bocznicy nie by\u0142 wykorzystywany do transportu wi\u0119\u017ani\u00f3w.<\/p>\n<p>W zachowanych do dzisiaj halach fabrycznych znajdowa\u0142a si\u0119 piekarnia obozowa. Do 1935 r. esesmani mieli tu tak\u017ce swoj\u0105 wartowni\u0119, kantyn\u0119 oraz kuchni\u0119.<\/p>\n","protected":false},"excerpt":{"rendered":"<p>Od wej\u015bcia do obozu dla wi\u0119\u017ani\u00f3w (Jourhaus) biegnie droga \u0142\u0105cz\u0105ca go z obozem SS. Z prawej i lewej strony wida\u0107 przerwany wa\u0142, usypany z gruzu po zburzonych budynkach. SS wykorzystywa\u0142o dawne budynki fabryki prochu i amunicji jako kuchni\u0119 dla wi\u0119\u017ani\u00f3w, sto\u0142\u00f3wk\u0119 i pomieszczenie rejestracyjne (wa\u0142 z lewej) oraz jako warsztaty stolarskie, \u015blusarskie i krawieckie (wa\u0142&#8230; <a class=\"view-article\" href=\"https:\/\/www.kz-gedenkstaette-dachau.de\/pl\/miejsce-historyczne\/wirtualne-zwiedzanie\/pozostalosci-pierwszego-obozu-1933-1937\/\">Zobacz artyku\u0142<\/a><\/p>\n","protected":false},"author":1,"featured_media":0,"parent":56973,"menu_order":300,"comment_status":"closed","ping_status":"closed","template":"page-virtueller_rundgang_unterseite.php","meta":{"_acf_changed":false,"footnotes":""},"class_list":["post-56985","page","type-page","status-publish","hentry"],"acf":[],"yoast_head":"<!-- This site is optimized with the Yoast SEO plugin v27.3 - https:\/\/yoast.com\/product\/yoast-seo-wordpress\/ -->\n<title>Pozosta\u0142o\u015bci pierwszego obozu (1933 \u2013 1937) - KZ Gedenkst\u00e4tte Dachau<\/title>\n<meta name=\"robots\" content=\"index, follow, max-snippet:-1, max-image-preview:large, max-video-preview:-1\" \/>\n<link rel=\"canonical\" href=\"https:\/\/www.kz-gedenkstaette-dachau.de\/pl\/miejsce-historyczne\/wirtualne-zwiedzanie\/pozostalosci-pierwszego-obozu-1933-1937\/\" \/>\n<meta property=\"og:locale\" content=\"pl_PL\" \/>\n<meta property=\"og:type\" content=\"article\" \/>\n<meta property=\"og:title\" content=\"Pozosta\u0142o\u015bci pierwszego obozu (1933 \u2013 1937) - KZ Gedenkst\u00e4tte Dachau\" \/>\n<meta property=\"og:description\" content=\"Od wej\u015bcia do obozu dla wi\u0119\u017ani\u00f3w (Jourhaus) biegnie droga \u0142\u0105cz\u0105ca go z obozem SS. Z prawej i lewej strony wida\u0107 przerwany wa\u0142, usypany z gruzu po zburzonych budynkach. SS wykorzystywa\u0142o dawne budynki fabryki prochu i amunicji jako kuchni\u0119 dla wi\u0119\u017ani\u00f3w, sto\u0142\u00f3wk\u0119 i pomieszczenie rejestracyjne (wa\u0142 z lewej) oraz jako warsztaty stolarskie, \u015blusarskie i krawieckie (wa\u0142... Zobacz artyku\u0142\" \/>\n<meta property=\"og:url\" content=\"https:\/\/www.kz-gedenkstaette-dachau.de\/pl\/miejsce-historyczne\/wirtualne-zwiedzanie\/pozostalosci-pierwszego-obozu-1933-1937\/\" \/>\n<meta property=\"og:site_name\" content=\"KZ Gedenkst\u00e4tte Dachau\" \/>\n<meta property=\"article:modified_time\" content=\"2020-01-30T13:26:37+00:00\" \/>\n<meta name=\"twitter:card\" content=\"summary_large_image\" \/>\n<meta name=\"twitter:label1\" content=\"Szacowany czas czytania\" \/>\n\t<meta name=\"twitter:data1\" content=\"1 minuta\" \/>\n<script type=\"application\/ld+json\" class=\"yoast-schema-graph\">{\"@context\":\"https:\\\/\\\/schema.org\",\"@graph\":[{\"@type\":\"WebPage\",\"@id\":\"https:\\\/\\\/www.kz-gedenkstaette-dachau.de\\\/pl\\\/miejsce-historyczne\\\/wirtualne-zwiedzanie\\\/pozostalosci-pierwszego-obozu-1933-1937\\\/\",\"url\":\"https:\\\/\\\/www.kz-gedenkstaette-dachau.de\\\/pl\\\/miejsce-historyczne\\\/wirtualne-zwiedzanie\\\/pozostalosci-pierwszego-obozu-1933-1937\\\/\",\"name\":\"Pozosta\u0142o\u015bci pierwszego obozu (1933 \u2013 1937) - KZ Gedenkst\u00e4tte Dachau\",\"isPartOf\":{\"@id\":\"https:\\\/\\\/www.kz-gedenkstaette-dachau.de\\\/#website\"},\"datePublished\":\"2018-09-04T10:31:56+00:00\",\"dateModified\":\"2020-01-30T13:26:37+00:00\",\"breadcrumb\":{\"@id\":\"https:\\\/\\\/www.kz-gedenkstaette-dachau.de\\\/pl\\\/miejsce-historyczne\\\/wirtualne-zwiedzanie\\\/pozostalosci-pierwszego-obozu-1933-1937\\\/#breadcrumb\"},\"inLanguage\":\"pl-PL\",\"potentialAction\":[{\"@type\":\"ReadAction\",\"target\":[\"https:\\\/\\\/www.kz-gedenkstaette-dachau.de\\\/pl\\\/miejsce-historyczne\\\/wirtualne-zwiedzanie\\\/pozostalosci-pierwszego-obozu-1933-1937\\\/\"]}]},{\"@type\":\"BreadcrumbList\",\"@id\":\"https:\\\/\\\/www.kz-gedenkstaette-dachau.de\\\/pl\\\/miejsce-historyczne\\\/wirtualne-zwiedzanie\\\/pozostalosci-pierwszego-obozu-1933-1937\\\/#breadcrumb\",\"itemListElement\":[{\"@type\":\"ListItem\",\"position\":1,\"name\":\"Strona gl\u00f3wna\",\"item\":\"https:\\\/\\\/www.kz-gedenkstaette-dachau.de\\\/pl\\\/\"},{\"@type\":\"ListItem\",\"position\":2,\"name\":\"Miejsce historyczne\",\"item\":\"https:\\\/\\\/www.kz-gedenkstaette-dachau.de\\\/pl\\\/miejsce-historyczne\\\/\"},{\"@type\":\"ListItem\",\"position\":3,\"name\":\"Wirtualne zwiedzanie\",\"item\":\"https:\\\/\\\/www.kz-gedenkstaette-dachau.de\\\/pl\\\/miejsce-historyczne\\\/wirtualne-zwiedzanie\\\/\"},{\"@type\":\"ListItem\",\"position\":4,\"name\":\"Pozosta\u0142o\u015bci pierwszego obozu (1933 \u2013 1937)\"}]},{\"@type\":\"WebSite\",\"@id\":\"https:\\\/\\\/www.kz-gedenkstaette-dachau.de\\\/#website\",\"url\":\"https:\\\/\\\/www.kz-gedenkstaette-dachau.de\\\/\",\"name\":\"KZ Gedenkst\u00e4tte Dachau\",\"description\":\"\",\"potentialAction\":[{\"@type\":\"SearchAction\",\"target\":{\"@type\":\"EntryPoint\",\"urlTemplate\":\"https:\\\/\\\/www.kz-gedenkstaette-dachau.de\\\/?s={search_term_string}\"},\"query-input\":{\"@type\":\"PropertyValueSpecification\",\"valueRequired\":true,\"valueName\":\"search_term_string\"}}],\"inLanguage\":\"pl-PL\"}]}<\/script>\n<!-- \/ Yoast SEO plugin. -->","yoast_head_json":{"title":"Pozosta\u0142o\u015bci pierwszego obozu (1933 \u2013 1937) - KZ Gedenkst\u00e4tte Dachau","robots":{"index":"index","follow":"follow","max-snippet":"max-snippet:-1","max-image-preview":"max-image-preview:large","max-video-preview":"max-video-preview:-1"},"canonical":"https:\/\/www.kz-gedenkstaette-dachau.de\/pl\/miejsce-historyczne\/wirtualne-zwiedzanie\/pozostalosci-pierwszego-obozu-1933-1937\/","og_locale":"pl_PL","og_type":"article","og_title":"Pozosta\u0142o\u015bci pierwszego obozu (1933 \u2013 1937) - KZ Gedenkst\u00e4tte Dachau","og_description":"Od wej\u015bcia do obozu dla wi\u0119\u017ani\u00f3w (Jourhaus) biegnie droga \u0142\u0105cz\u0105ca go z obozem SS. Z prawej i lewej strony wida\u0107 przerwany wa\u0142, usypany z gruzu po zburzonych budynkach. SS wykorzystywa\u0142o dawne budynki fabryki prochu i amunicji jako kuchni\u0119 dla wi\u0119\u017ani\u00f3w, sto\u0142\u00f3wk\u0119 i pomieszczenie rejestracyjne (wa\u0142 z lewej) oraz jako warsztaty stolarskie, \u015blusarskie i krawieckie (wa\u0142... Zobacz artyku\u0142","og_url":"https:\/\/www.kz-gedenkstaette-dachau.de\/pl\/miejsce-historyczne\/wirtualne-zwiedzanie\/pozostalosci-pierwszego-obozu-1933-1937\/","og_site_name":"KZ Gedenkst\u00e4tte Dachau","article_modified_time":"2020-01-30T13:26:37+00:00","twitter_card":"summary_large_image","twitter_misc":{"Szacowany czas czytania":"1 minuta"},"schema":{"@context":"https:\/\/schema.org","@graph":[{"@type":"WebPage","@id":"https:\/\/www.kz-gedenkstaette-dachau.de\/pl\/miejsce-historyczne\/wirtualne-zwiedzanie\/pozostalosci-pierwszego-obozu-1933-1937\/","url":"https:\/\/www.kz-gedenkstaette-dachau.de\/pl\/miejsce-historyczne\/wirtualne-zwiedzanie\/pozostalosci-pierwszego-obozu-1933-1937\/","name":"Pozosta\u0142o\u015bci pierwszego obozu (1933 \u2013 1937) - KZ Gedenkst\u00e4tte Dachau","isPartOf":{"@id":"https:\/\/www.kz-gedenkstaette-dachau.de\/#website"},"datePublished":"2018-09-04T10:31:56+00:00","dateModified":"2020-01-30T13:26:37+00:00","breadcrumb":{"@id":"https:\/\/www.kz-gedenkstaette-dachau.de\/pl\/miejsce-historyczne\/wirtualne-zwiedzanie\/pozostalosci-pierwszego-obozu-1933-1937\/#breadcrumb"},"inLanguage":"pl-PL","potentialAction":[{"@type":"ReadAction","target":["https:\/\/www.kz-gedenkstaette-dachau.de\/pl\/miejsce-historyczne\/wirtualne-zwiedzanie\/pozostalosci-pierwszego-obozu-1933-1937\/"]}]},{"@type":"BreadcrumbList","@id":"https:\/\/www.kz-gedenkstaette-dachau.de\/pl\/miejsce-historyczne\/wirtualne-zwiedzanie\/pozostalosci-pierwszego-obozu-1933-1937\/#breadcrumb","itemListElement":[{"@type":"ListItem","position":1,"name":"Strona gl\u00f3wna","item":"https:\/\/www.kz-gedenkstaette-dachau.de\/pl\/"},{"@type":"ListItem","position":2,"name":"Miejsce historyczne","item":"https:\/\/www.kz-gedenkstaette-dachau.de\/pl\/miejsce-historyczne\/"},{"@type":"ListItem","position":3,"name":"Wirtualne zwiedzanie","item":"https:\/\/www.kz-gedenkstaette-dachau.de\/pl\/miejsce-historyczne\/wirtualne-zwiedzanie\/"},{"@type":"ListItem","position":4,"name":"Pozosta\u0142o\u015bci pierwszego obozu (1933 \u2013 1937)"}]},{"@type":"WebSite","@id":"https:\/\/www.kz-gedenkstaette-dachau.de\/#website","url":"https:\/\/www.kz-gedenkstaette-dachau.de\/","name":"KZ Gedenkst\u00e4tte Dachau","description":"","potentialAction":[{"@type":"SearchAction","target":{"@type":"EntryPoint","urlTemplate":"https:\/\/www.kz-gedenkstaette-dachau.de\/?s={search_term_string}"},"query-input":{"@type":"PropertyValueSpecification","valueRequired":true,"valueName":"search_term_string"}}],"inLanguage":"pl-PL"}]}},"_links":{"self":[{"href":"https:\/\/www.kz-gedenkstaette-dachau.de\/pl\/wp-json\/wp\/v2\/pages\/56985","targetHints":{"allow":["GET"]}}],"collection":[{"href":"https:\/\/www.kz-gedenkstaette-dachau.de\/pl\/wp-json\/wp\/v2\/pages"}],"about":[{"href":"https:\/\/www.kz-gedenkstaette-dachau.de\/pl\/wp-json\/wp\/v2\/types\/page"}],"author":[{"embeddable":true,"href":"https:\/\/www.kz-gedenkstaette-dachau.de\/pl\/wp-json\/wp\/v2\/users\/1"}],"replies":[{"embeddable":true,"href":"https:\/\/www.kz-gedenkstaette-dachau.de\/pl\/wp-json\/wp\/v2\/comments?post=56985"}],"version-history":[{"count":0,"href":"https:\/\/www.kz-gedenkstaette-dachau.de\/pl\/wp-json\/wp\/v2\/pages\/56985\/revisions"}],"up":[{"embeddable":true,"href":"https:\/\/www.kz-gedenkstaette-dachau.de\/pl\/wp-json\/wp\/v2\/pages\/56973"}],"wp:attachment":[{"href":"https:\/\/www.kz-gedenkstaette-dachau.de\/pl\/wp-json\/wp\/v2\/media?parent=56985"}],"curies":[{"name":"wp","href":"https:\/\/api.w.org\/{rel}","templated":true}]}}