{"id":56989,"date":"2018-09-04T12:34:47","date_gmt":"2018-09-04T10:34:47","guid":{"rendered":"https:\/\/www.kz-gedenkstaette-dachau.de\/miejsce-historyczne\/wirtualne-zwiedzanie\/ss-lager\/"},"modified":"2020-01-30T14:29:59","modified_gmt":"2020-01-30T13:29:59","slug":"oboz-ss","status":"publish","type":"page","link":"https:\/\/www.kz-gedenkstaette-dachau.de\/pl\/miejsce-historyczne\/wirtualne-zwiedzanie\/oboz-ss\/","title":{"rendered":"Ob\u00f3z SS"},"content":{"rendered":"<p>Wi\u0119kszo\u015b\u0107 powierzchni niegdysiejszego obozu koncentracyjnego Dachau, strefa SS, nie jest dost\u0119pna dla zwiedzaj\u0105cych. Teren ten jest wykorzystywany przez Bawarsk\u0105 Policj\u0119 Specjaln\u0105. Przerwa w wale umo\u017cliwia zwiedzaj\u0105cym zorientowanie si\u0119 w wa\u017cnych elementach topografii by\u0142ego obozu koncentracyjnego.<\/p>\n<p>Widoczna jest st\u0105d cz\u0119\u015b\u0107 rejonu komendantury, granicz\u0105cego bezpo\u015brednio z terenem obozu wi\u0119\u017aniarskiego. Do dzisiaj zachowa\u0142y si\u0119 by\u0142a piekarnia obozowa (z lewej strony) i siedziba komendantury (z prawej strony). Komendant dowodzi\u0142 st\u0105d s\u0142u\u017cb\u0105 wartownicz\u0105 i kierowa\u0142 tu centraln\u0105 jednostk\u0105 administracyjn\u0105 i organizacyjn\u0105 obozu, swoim sztabem. To przede wszystkim ten kierowniczy szczebel obozu by\u0142 odpowiedzialny za pope\u0142niane w nim zbrodnie. W komendanturze znajdowa\u0142y si\u0119 tak\u017ce kwatery dla uzbrojonych wartownik\u00f3w SS obsadzaj\u0105cych wie\u017ce wartownicze i eskortuj\u0105cych komanda robocze wi\u0119\u017ani\u00f3w oraz, od 1940, pilnuj\u0105cych terenu, na kt\u00f3rym znajdowa\u0142y si\u0119 krematoria.<\/p>\n<p>Ob\u00f3z szkoleniowy SS przylega\u0142 do tylnej cz\u0119\u015bci terenu komendantury. Stacjonowa\u0142y tam jednostki SS, kt\u00f3re przyje\u017cd\u017ca\u0142u do Dachau w celach kszta\u0142cenia lub dokszta\u0142cania ideologicznego. Nazistowski re\u017cim uczyni\u0142 z SS elitarn\u0105 organizacj\u0119 oraz siln\u0105 formacj\u0119 bojow\u0105. Na tym terenie znajdowa\u0142y si\u0119 r\u00f3\u017cne o\u015brodki szkoleniowe, kompleksy mieszkalne, budynki administracyjne oraz zak\u0142ady u\u017cyteczno\u015bci publicznej i produkcyjne. Na budowy oraz do zak\u0142ad\u00f3w SS wysy\u0142ano wi\u0119\u017ani\u00f3w w ramach pracy przymusowej.<\/p>\n","protected":false},"excerpt":{"rendered":"<p>Wi\u0119kszo\u015b\u0107 powierzchni niegdysiejszego obozu koncentracyjnego Dachau, strefa SS, nie jest dost\u0119pna dla zwiedzaj\u0105cych. Teren ten jest wykorzystywany przez Bawarsk\u0105 Policj\u0119 Specjaln\u0105. Przerwa w wale umo\u017cliwia zwiedzaj\u0105cym zorientowanie si\u0119 w wa\u017cnych elementach topografii by\u0142ego obozu koncentracyjnego. Widoczna jest st\u0105d cz\u0119\u015b\u0107 rejonu komendantury, granicz\u0105cego bezpo\u015brednio z terenem obozu wi\u0119\u017aniarskiego. Do dzisiaj zachowa\u0142y si\u0119 by\u0142a piekarnia obozowa (z&#8230; <a class=\"view-article\" href=\"https:\/\/www.kz-gedenkstaette-dachau.de\/pl\/miejsce-historyczne\/wirtualne-zwiedzanie\/oboz-ss\/\">Zobacz artyku\u0142<\/a><\/p>\n","protected":false},"author":1,"featured_media":0,"parent":56973,"menu_order":400,"comment_status":"closed","ping_status":"closed","template":"page-virtueller_rundgang_unterseite.php","meta":{"_acf_changed":false,"footnotes":""},"class_list":["post-56989","page","type-page","status-publish","hentry"],"acf":[],"yoast_head":"<!-- This site is optimized with the Yoast SEO plugin v27.4 - https:\/\/yoast.com\/product\/yoast-seo-wordpress\/ -->\n<title>Ob\u00f3z SS - KZ Gedenkst\u00e4tte Dachau<\/title>\n<meta name=\"robots\" content=\"index, follow, max-snippet:-1, max-image-preview:large, max-video-preview:-1\" \/>\n<link rel=\"canonical\" href=\"https:\/\/www.kz-gedenkstaette-dachau.de\/pl\/miejsce-historyczne\/wirtualne-zwiedzanie\/oboz-ss\/\" \/>\n<meta property=\"og:locale\" content=\"pl_PL\" \/>\n<meta property=\"og:type\" content=\"article\" \/>\n<meta property=\"og:title\" content=\"Ob\u00f3z SS - KZ Gedenkst\u00e4tte Dachau\" \/>\n<meta property=\"og:description\" content=\"Wi\u0119kszo\u015b\u0107 powierzchni niegdysiejszego obozu koncentracyjnego Dachau, strefa SS, nie jest dost\u0119pna dla zwiedzaj\u0105cych. Teren ten jest wykorzystywany przez Bawarsk\u0105 Policj\u0119 Specjaln\u0105. Przerwa w wale umo\u017cliwia zwiedzaj\u0105cym zorientowanie si\u0119 w wa\u017cnych elementach topografii by\u0142ego obozu koncentracyjnego. Widoczna jest st\u0105d cz\u0119\u015b\u0107 rejonu komendantury, granicz\u0105cego bezpo\u015brednio z terenem obozu wi\u0119\u017aniarskiego. Do dzisiaj zachowa\u0142y si\u0119 by\u0142a piekarnia obozowa (z... Zobacz artyku\u0142\" \/>\n<meta property=\"og:url\" content=\"https:\/\/www.kz-gedenkstaette-dachau.de\/pl\/miejsce-historyczne\/wirtualne-zwiedzanie\/oboz-ss\/\" \/>\n<meta property=\"og:site_name\" content=\"KZ Gedenkst\u00e4tte Dachau\" \/>\n<meta property=\"article:modified_time\" content=\"2020-01-30T13:29:59+00:00\" \/>\n<meta name=\"twitter:card\" content=\"summary_large_image\" \/>\n<meta name=\"twitter:label1\" content=\"Szacowany czas czytania\" \/>\n\t<meta name=\"twitter:data1\" content=\"1 minuta\" \/>\n<script type=\"application\/ld+json\" class=\"yoast-schema-graph\">{\"@context\":\"https:\\\/\\\/schema.org\",\"@graph\":[{\"@type\":\"WebPage\",\"@id\":\"https:\\\/\\\/www.kz-gedenkstaette-dachau.de\\\/pl\\\/miejsce-historyczne\\\/wirtualne-zwiedzanie\\\/oboz-ss\\\/\",\"url\":\"https:\\\/\\\/www.kz-gedenkstaette-dachau.de\\\/pl\\\/miejsce-historyczne\\\/wirtualne-zwiedzanie\\\/oboz-ss\\\/\",\"name\":\"Ob\u00f3z SS - KZ Gedenkst\u00e4tte Dachau\",\"isPartOf\":{\"@id\":\"https:\\\/\\\/www.kz-gedenkstaette-dachau.de\\\/#website\"},\"datePublished\":\"2018-09-04T10:34:47+00:00\",\"dateModified\":\"2020-01-30T13:29:59+00:00\",\"breadcrumb\":{\"@id\":\"https:\\\/\\\/www.kz-gedenkstaette-dachau.de\\\/pl\\\/miejsce-historyczne\\\/wirtualne-zwiedzanie\\\/oboz-ss\\\/#breadcrumb\"},\"inLanguage\":\"pl-PL\",\"potentialAction\":[{\"@type\":\"ReadAction\",\"target\":[\"https:\\\/\\\/www.kz-gedenkstaette-dachau.de\\\/pl\\\/miejsce-historyczne\\\/wirtualne-zwiedzanie\\\/oboz-ss\\\/\"]}]},{\"@type\":\"BreadcrumbList\",\"@id\":\"https:\\\/\\\/www.kz-gedenkstaette-dachau.de\\\/pl\\\/miejsce-historyczne\\\/wirtualne-zwiedzanie\\\/oboz-ss\\\/#breadcrumb\",\"itemListElement\":[{\"@type\":\"ListItem\",\"position\":1,\"name\":\"Strona gl\u00f3wna\",\"item\":\"https:\\\/\\\/www.kz-gedenkstaette-dachau.de\\\/pl\\\/\"},{\"@type\":\"ListItem\",\"position\":2,\"name\":\"Miejsce historyczne\",\"item\":\"https:\\\/\\\/www.kz-gedenkstaette-dachau.de\\\/pl\\\/miejsce-historyczne\\\/\"},{\"@type\":\"ListItem\",\"position\":3,\"name\":\"Wirtualne zwiedzanie\",\"item\":\"https:\\\/\\\/www.kz-gedenkstaette-dachau.de\\\/pl\\\/miejsce-historyczne\\\/wirtualne-zwiedzanie\\\/\"},{\"@type\":\"ListItem\",\"position\":4,\"name\":\"Ob\u00f3z SS\"}]},{\"@type\":\"WebSite\",\"@id\":\"https:\\\/\\\/www.kz-gedenkstaette-dachau.de\\\/#website\",\"url\":\"https:\\\/\\\/www.kz-gedenkstaette-dachau.de\\\/\",\"name\":\"KZ Gedenkst\u00e4tte Dachau\",\"description\":\"\",\"potentialAction\":[{\"@type\":\"SearchAction\",\"target\":{\"@type\":\"EntryPoint\",\"urlTemplate\":\"https:\\\/\\\/www.kz-gedenkstaette-dachau.de\\\/?s={search_term_string}\"},\"query-input\":{\"@type\":\"PropertyValueSpecification\",\"valueRequired\":true,\"valueName\":\"search_term_string\"}}],\"inLanguage\":\"pl-PL\"}]}<\/script>\n<!-- \/ Yoast SEO plugin. -->","yoast_head_json":{"title":"Ob\u00f3z SS - KZ Gedenkst\u00e4tte Dachau","robots":{"index":"index","follow":"follow","max-snippet":"max-snippet:-1","max-image-preview":"max-image-preview:large","max-video-preview":"max-video-preview:-1"},"canonical":"https:\/\/www.kz-gedenkstaette-dachau.de\/pl\/miejsce-historyczne\/wirtualne-zwiedzanie\/oboz-ss\/","og_locale":"pl_PL","og_type":"article","og_title":"Ob\u00f3z SS - KZ Gedenkst\u00e4tte Dachau","og_description":"Wi\u0119kszo\u015b\u0107 powierzchni niegdysiejszego obozu koncentracyjnego Dachau, strefa SS, nie jest dost\u0119pna dla zwiedzaj\u0105cych. Teren ten jest wykorzystywany przez Bawarsk\u0105 Policj\u0119 Specjaln\u0105. Przerwa w wale umo\u017cliwia zwiedzaj\u0105cym zorientowanie si\u0119 w wa\u017cnych elementach topografii by\u0142ego obozu koncentracyjnego. Widoczna jest st\u0105d cz\u0119\u015b\u0107 rejonu komendantury, granicz\u0105cego bezpo\u015brednio z terenem obozu wi\u0119\u017aniarskiego. Do dzisiaj zachowa\u0142y si\u0119 by\u0142a piekarnia obozowa (z... Zobacz artyku\u0142","og_url":"https:\/\/www.kz-gedenkstaette-dachau.de\/pl\/miejsce-historyczne\/wirtualne-zwiedzanie\/oboz-ss\/","og_site_name":"KZ Gedenkst\u00e4tte Dachau","article_modified_time":"2020-01-30T13:29:59+00:00","twitter_card":"summary_large_image","twitter_misc":{"Szacowany czas czytania":"1 minuta"},"schema":{"@context":"https:\/\/schema.org","@graph":[{"@type":"WebPage","@id":"https:\/\/www.kz-gedenkstaette-dachau.de\/pl\/miejsce-historyczne\/wirtualne-zwiedzanie\/oboz-ss\/","url":"https:\/\/www.kz-gedenkstaette-dachau.de\/pl\/miejsce-historyczne\/wirtualne-zwiedzanie\/oboz-ss\/","name":"Ob\u00f3z SS - KZ Gedenkst\u00e4tte Dachau","isPartOf":{"@id":"https:\/\/www.kz-gedenkstaette-dachau.de\/#website"},"datePublished":"2018-09-04T10:34:47+00:00","dateModified":"2020-01-30T13:29:59+00:00","breadcrumb":{"@id":"https:\/\/www.kz-gedenkstaette-dachau.de\/pl\/miejsce-historyczne\/wirtualne-zwiedzanie\/oboz-ss\/#breadcrumb"},"inLanguage":"pl-PL","potentialAction":[{"@type":"ReadAction","target":["https:\/\/www.kz-gedenkstaette-dachau.de\/pl\/miejsce-historyczne\/wirtualne-zwiedzanie\/oboz-ss\/"]}]},{"@type":"BreadcrumbList","@id":"https:\/\/www.kz-gedenkstaette-dachau.de\/pl\/miejsce-historyczne\/wirtualne-zwiedzanie\/oboz-ss\/#breadcrumb","itemListElement":[{"@type":"ListItem","position":1,"name":"Strona gl\u00f3wna","item":"https:\/\/www.kz-gedenkstaette-dachau.de\/pl\/"},{"@type":"ListItem","position":2,"name":"Miejsce historyczne","item":"https:\/\/www.kz-gedenkstaette-dachau.de\/pl\/miejsce-historyczne\/"},{"@type":"ListItem","position":3,"name":"Wirtualne zwiedzanie","item":"https:\/\/www.kz-gedenkstaette-dachau.de\/pl\/miejsce-historyczne\/wirtualne-zwiedzanie\/"},{"@type":"ListItem","position":4,"name":"Ob\u00f3z SS"}]},{"@type":"WebSite","@id":"https:\/\/www.kz-gedenkstaette-dachau.de\/#website","url":"https:\/\/www.kz-gedenkstaette-dachau.de\/","name":"KZ Gedenkst\u00e4tte Dachau","description":"","potentialAction":[{"@type":"SearchAction","target":{"@type":"EntryPoint","urlTemplate":"https:\/\/www.kz-gedenkstaette-dachau.de\/?s={search_term_string}"},"query-input":{"@type":"PropertyValueSpecification","valueRequired":true,"valueName":"search_term_string"}}],"inLanguage":"pl-PL"}]}},"_links":{"self":[{"href":"https:\/\/www.kz-gedenkstaette-dachau.de\/pl\/wp-json\/wp\/v2\/pages\/56989","targetHints":{"allow":["GET"]}}],"collection":[{"href":"https:\/\/www.kz-gedenkstaette-dachau.de\/pl\/wp-json\/wp\/v2\/pages"}],"about":[{"href":"https:\/\/www.kz-gedenkstaette-dachau.de\/pl\/wp-json\/wp\/v2\/types\/page"}],"author":[{"embeddable":true,"href":"https:\/\/www.kz-gedenkstaette-dachau.de\/pl\/wp-json\/wp\/v2\/users\/1"}],"replies":[{"embeddable":true,"href":"https:\/\/www.kz-gedenkstaette-dachau.de\/pl\/wp-json\/wp\/v2\/comments?post=56989"}],"version-history":[{"count":0,"href":"https:\/\/www.kz-gedenkstaette-dachau.de\/pl\/wp-json\/wp\/v2\/pages\/56989\/revisions"}],"up":[{"embeddable":true,"href":"https:\/\/www.kz-gedenkstaette-dachau.de\/pl\/wp-json\/wp\/v2\/pages\/56973"}],"wp:attachment":[{"href":"https:\/\/www.kz-gedenkstaette-dachau.de\/pl\/wp-json\/wp\/v2\/media?parent=56989"}],"curies":[{"name":"wp","href":"https:\/\/api.w.org\/{rel}","templated":true}]}}