{"id":56992,"date":"2018-09-04T12:36:58","date_gmt":"2018-09-04T10:36:58","guid":{"rendered":"https:\/\/www.kz-gedenkstaette-dachau.de\/miejsce-historyczne\/wirtualne-zwiedzanie\/jourhaus-mit-lagertor\/"},"modified":"2020-01-30T14:32:08","modified_gmt":"2020-01-30T13:32:08","slug":"jourhaus-z-brama-wejsciowa-do-obozu","status":"publish","type":"page","link":"https:\/\/www.kz-gedenkstaette-dachau.de\/pl\/miejsce-historyczne\/wirtualne-zwiedzanie\/jourhaus-z-brama-wejsciowa-do-obozu\/","title":{"rendered":"Jourhaus z bram\u0105 wej\u015bciow\u0105 do obozu"},"content":{"rendered":"<p>Wej\u015bcie i wyj\u015bcie z obozu wi\u0119\u017aniarskiego, nazywanego przez SS oficjalnie \u201eobozem dla prewencyjnie aresztowanych\u201d (Schutzhaftlager), stanowi\u0142 Jourhaus. Znajdowa\u0142y si\u0119 w nim pomieszczenia s\u0142u\u017cbowe obozowego SS i Wydzia\u0142u Politycznego. Budynek wybudowali w 1936 r. wi\u0119\u017aniowie w ramach reorganizacji obozu.<\/p>\n<p>S\u0142owo \u201eJourhaus\u201d pochodzi z wojskowej praktyki j\u0119zykowej. \u201eJour\u201d znaczy po francusku \u201edzie\u0144\u201d, zatem termin ten by\u0142 okre\u015bleniem na budynek, w kt\u00f3rym dzienna za\u0142oga dy\u017curna organizowa\u0142a prac\u0119 wi\u0119\u017ani\u00f3w, rozdziela\u0142a warty, wnioskowa\u0142a o kary i sk\u0105d wysy\u0142a\u0142a inspekcje kontrolne do barak\u00f3w. Z perspektywy wi\u0119\u017ani\u00f3w Jourhaus stanowi\u0142 centrum w\u0142adzy SS.<\/p>\n<p>Wybierani, kontrolowani i zale\u017cni od SS \u201ewi\u0119\u017aniowie funkcyjni\u201d przejmowali szereg zada\u0144 kontrolnych, nadzorczych i administracyjnych. Byli zmuszeni do wykonywania rozkaz\u00f3w SS, nawet je\u015bli zagra\u017ca\u0142y zdrowiu lub \u017cyciu wsp\u00f3\u0142wi\u0119\u017ani\u00f3w, w przeciwnym razie sami nara\u017cali si\u0119 na kary. Wielu z nich wykorzystywa\u0142o swoj\u0105 pozycj\u0119 do ochrony wsp\u00f3\u0142wi\u0119\u017ani\u00f3w. Anga\u017cowanie wi\u0119\u017ani\u00f3w funkcyjnych by\u0142o narz\u0119dziem w\u0142adzy SS.<\/p>\n<p>Wszyscy nowoprzybyli wi\u0119\u017aniowie przechodzili przez bram\u0119 Jourhausu z kutego \u017celaza, na kt\u00f3rej widnia\u0142 napis \u201eArbeit macht frei\u201d (praca czyni wolnym). Zdanie to by\u0142o odzwierciedleniem bagatelizuj\u0105cej propagandy SS, kt\u00f3ra zmierza\u0142a do przedstawiania oboz\u00f3w koncentracyjnych jako \u201eoboz\u00f3w pracy i wychowania\u201d. Ponadto przejawia\u0142a si\u0119 w nim pogardliwa postawa wobec wi\u0119\u017ani\u00f3w jako ludzi, gdy\u017c praca przymusowa by\u0142a narz\u0119dziem eksterminacji i terroru SS.<\/p>\n","protected":false},"excerpt":{"rendered":"<p>Wej\u015bcie i wyj\u015bcie z obozu wi\u0119\u017aniarskiego, nazywanego przez SS oficjalnie \u201eobozem dla prewencyjnie aresztowanych\u201d (Schutzhaftlager), stanowi\u0142 Jourhaus. Znajdowa\u0142y si\u0119 w nim pomieszczenia s\u0142u\u017cbowe obozowego SS i Wydzia\u0142u Politycznego. Budynek wybudowali w 1936 r. wi\u0119\u017aniowie w ramach reorganizacji obozu. S\u0142owo \u201eJourhaus\u201d pochodzi z wojskowej praktyki j\u0119zykowej. \u201eJour\u201d znaczy po francusku \u201edzie\u0144\u201d, zatem termin ten by\u0142 okre\u015bleniem&#8230; <a class=\"view-article\" href=\"https:\/\/www.kz-gedenkstaette-dachau.de\/pl\/miejsce-historyczne\/wirtualne-zwiedzanie\/jourhaus-z-brama-wejsciowa-do-obozu\/\">Zobacz artyku\u0142<\/a><\/p>\n","protected":false},"author":1,"featured_media":0,"parent":56973,"menu_order":500,"comment_status":"closed","ping_status":"closed","template":"page-virtueller_rundgang_unterseite.php","meta":{"_acf_changed":false,"footnotes":""},"class_list":["post-56992","page","type-page","status-publish","hentry"],"acf":[],"yoast_head":"<!-- This site is optimized with the Yoast SEO plugin v27.4 - https:\/\/yoast.com\/product\/yoast-seo-wordpress\/ -->\n<title>Jourhaus z bram\u0105 wej\u015bciow\u0105 do obozu - KZ Gedenkst\u00e4tte Dachau<\/title>\n<meta name=\"robots\" content=\"index, follow, max-snippet:-1, max-image-preview:large, max-video-preview:-1\" \/>\n<link rel=\"canonical\" href=\"https:\/\/www.kz-gedenkstaette-dachau.de\/pl\/miejsce-historyczne\/wirtualne-zwiedzanie\/jourhaus-z-brama-wejsciowa-do-obozu\/\" \/>\n<meta property=\"og:locale\" content=\"pl_PL\" \/>\n<meta property=\"og:type\" content=\"article\" \/>\n<meta property=\"og:title\" content=\"Jourhaus z bram\u0105 wej\u015bciow\u0105 do obozu - KZ Gedenkst\u00e4tte Dachau\" \/>\n<meta property=\"og:description\" content=\"Wej\u015bcie i wyj\u015bcie z obozu wi\u0119\u017aniarskiego, nazywanego przez SS oficjalnie \u201eobozem dla prewencyjnie aresztowanych\u201d (Schutzhaftlager), stanowi\u0142 Jourhaus. Znajdowa\u0142y si\u0119 w nim pomieszczenia s\u0142u\u017cbowe obozowego SS i Wydzia\u0142u Politycznego. Budynek wybudowali w 1936 r. wi\u0119\u017aniowie w ramach reorganizacji obozu. S\u0142owo \u201eJourhaus\u201d pochodzi z wojskowej praktyki j\u0119zykowej. \u201eJour\u201d znaczy po francusku \u201edzie\u0144\u201d, zatem termin ten by\u0142 okre\u015bleniem... Zobacz artyku\u0142\" \/>\n<meta property=\"og:url\" content=\"https:\/\/www.kz-gedenkstaette-dachau.de\/pl\/miejsce-historyczne\/wirtualne-zwiedzanie\/jourhaus-z-brama-wejsciowa-do-obozu\/\" \/>\n<meta property=\"og:site_name\" content=\"KZ Gedenkst\u00e4tte Dachau\" \/>\n<meta property=\"article:modified_time\" content=\"2020-01-30T13:32:08+00:00\" \/>\n<meta name=\"twitter:card\" content=\"summary_large_image\" \/>\n<meta name=\"twitter:label1\" content=\"Szacowany czas czytania\" \/>\n\t<meta name=\"twitter:data1\" content=\"1 minuta\" \/>\n<script type=\"application\/ld+json\" class=\"yoast-schema-graph\">{\"@context\":\"https:\\\/\\\/schema.org\",\"@graph\":[{\"@type\":\"WebPage\",\"@id\":\"https:\\\/\\\/www.kz-gedenkstaette-dachau.de\\\/pl\\\/miejsce-historyczne\\\/wirtualne-zwiedzanie\\\/jourhaus-z-brama-wejsciowa-do-obozu\\\/\",\"url\":\"https:\\\/\\\/www.kz-gedenkstaette-dachau.de\\\/pl\\\/miejsce-historyczne\\\/wirtualne-zwiedzanie\\\/jourhaus-z-brama-wejsciowa-do-obozu\\\/\",\"name\":\"Jourhaus z bram\u0105 wej\u015bciow\u0105 do obozu - KZ Gedenkst\u00e4tte Dachau\",\"isPartOf\":{\"@id\":\"https:\\\/\\\/www.kz-gedenkstaette-dachau.de\\\/#website\"},\"datePublished\":\"2018-09-04T10:36:58+00:00\",\"dateModified\":\"2020-01-30T13:32:08+00:00\",\"breadcrumb\":{\"@id\":\"https:\\\/\\\/www.kz-gedenkstaette-dachau.de\\\/pl\\\/miejsce-historyczne\\\/wirtualne-zwiedzanie\\\/jourhaus-z-brama-wejsciowa-do-obozu\\\/#breadcrumb\"},\"inLanguage\":\"pl-PL\",\"potentialAction\":[{\"@type\":\"ReadAction\",\"target\":[\"https:\\\/\\\/www.kz-gedenkstaette-dachau.de\\\/pl\\\/miejsce-historyczne\\\/wirtualne-zwiedzanie\\\/jourhaus-z-brama-wejsciowa-do-obozu\\\/\"]}]},{\"@type\":\"BreadcrumbList\",\"@id\":\"https:\\\/\\\/www.kz-gedenkstaette-dachau.de\\\/pl\\\/miejsce-historyczne\\\/wirtualne-zwiedzanie\\\/jourhaus-z-brama-wejsciowa-do-obozu\\\/#breadcrumb\",\"itemListElement\":[{\"@type\":\"ListItem\",\"position\":1,\"name\":\"Strona gl\u00f3wna\",\"item\":\"https:\\\/\\\/www.kz-gedenkstaette-dachau.de\\\/pl\\\/\"},{\"@type\":\"ListItem\",\"position\":2,\"name\":\"Miejsce historyczne\",\"item\":\"https:\\\/\\\/www.kz-gedenkstaette-dachau.de\\\/pl\\\/miejsce-historyczne\\\/\"},{\"@type\":\"ListItem\",\"position\":3,\"name\":\"Wirtualne zwiedzanie\",\"item\":\"https:\\\/\\\/www.kz-gedenkstaette-dachau.de\\\/pl\\\/miejsce-historyczne\\\/wirtualne-zwiedzanie\\\/\"},{\"@type\":\"ListItem\",\"position\":4,\"name\":\"Jourhaus z bram\u0105 wej\u015bciow\u0105 do obozu\"}]},{\"@type\":\"WebSite\",\"@id\":\"https:\\\/\\\/www.kz-gedenkstaette-dachau.de\\\/#website\",\"url\":\"https:\\\/\\\/www.kz-gedenkstaette-dachau.de\\\/\",\"name\":\"KZ Gedenkst\u00e4tte Dachau\",\"description\":\"\",\"potentialAction\":[{\"@type\":\"SearchAction\",\"target\":{\"@type\":\"EntryPoint\",\"urlTemplate\":\"https:\\\/\\\/www.kz-gedenkstaette-dachau.de\\\/?s={search_term_string}\"},\"query-input\":{\"@type\":\"PropertyValueSpecification\",\"valueRequired\":true,\"valueName\":\"search_term_string\"}}],\"inLanguage\":\"pl-PL\"}]}<\/script>\n<!-- \/ Yoast SEO plugin. -->","yoast_head_json":{"title":"Jourhaus z bram\u0105 wej\u015bciow\u0105 do obozu - KZ Gedenkst\u00e4tte Dachau","robots":{"index":"index","follow":"follow","max-snippet":"max-snippet:-1","max-image-preview":"max-image-preview:large","max-video-preview":"max-video-preview:-1"},"canonical":"https:\/\/www.kz-gedenkstaette-dachau.de\/pl\/miejsce-historyczne\/wirtualne-zwiedzanie\/jourhaus-z-brama-wejsciowa-do-obozu\/","og_locale":"pl_PL","og_type":"article","og_title":"Jourhaus z bram\u0105 wej\u015bciow\u0105 do obozu - KZ Gedenkst\u00e4tte Dachau","og_description":"Wej\u015bcie i wyj\u015bcie z obozu wi\u0119\u017aniarskiego, nazywanego przez SS oficjalnie \u201eobozem dla prewencyjnie aresztowanych\u201d (Schutzhaftlager), stanowi\u0142 Jourhaus. Znajdowa\u0142y si\u0119 w nim pomieszczenia s\u0142u\u017cbowe obozowego SS i Wydzia\u0142u Politycznego. Budynek wybudowali w 1936 r. wi\u0119\u017aniowie w ramach reorganizacji obozu. S\u0142owo \u201eJourhaus\u201d pochodzi z wojskowej praktyki j\u0119zykowej. \u201eJour\u201d znaczy po francusku \u201edzie\u0144\u201d, zatem termin ten by\u0142 okre\u015bleniem... Zobacz artyku\u0142","og_url":"https:\/\/www.kz-gedenkstaette-dachau.de\/pl\/miejsce-historyczne\/wirtualne-zwiedzanie\/jourhaus-z-brama-wejsciowa-do-obozu\/","og_site_name":"KZ Gedenkst\u00e4tte Dachau","article_modified_time":"2020-01-30T13:32:08+00:00","twitter_card":"summary_large_image","twitter_misc":{"Szacowany czas czytania":"1 minuta"},"schema":{"@context":"https:\/\/schema.org","@graph":[{"@type":"WebPage","@id":"https:\/\/www.kz-gedenkstaette-dachau.de\/pl\/miejsce-historyczne\/wirtualne-zwiedzanie\/jourhaus-z-brama-wejsciowa-do-obozu\/","url":"https:\/\/www.kz-gedenkstaette-dachau.de\/pl\/miejsce-historyczne\/wirtualne-zwiedzanie\/jourhaus-z-brama-wejsciowa-do-obozu\/","name":"Jourhaus z bram\u0105 wej\u015bciow\u0105 do obozu - KZ Gedenkst\u00e4tte Dachau","isPartOf":{"@id":"https:\/\/www.kz-gedenkstaette-dachau.de\/#website"},"datePublished":"2018-09-04T10:36:58+00:00","dateModified":"2020-01-30T13:32:08+00:00","breadcrumb":{"@id":"https:\/\/www.kz-gedenkstaette-dachau.de\/pl\/miejsce-historyczne\/wirtualne-zwiedzanie\/jourhaus-z-brama-wejsciowa-do-obozu\/#breadcrumb"},"inLanguage":"pl-PL","potentialAction":[{"@type":"ReadAction","target":["https:\/\/www.kz-gedenkstaette-dachau.de\/pl\/miejsce-historyczne\/wirtualne-zwiedzanie\/jourhaus-z-brama-wejsciowa-do-obozu\/"]}]},{"@type":"BreadcrumbList","@id":"https:\/\/www.kz-gedenkstaette-dachau.de\/pl\/miejsce-historyczne\/wirtualne-zwiedzanie\/jourhaus-z-brama-wejsciowa-do-obozu\/#breadcrumb","itemListElement":[{"@type":"ListItem","position":1,"name":"Strona gl\u00f3wna","item":"https:\/\/www.kz-gedenkstaette-dachau.de\/pl\/"},{"@type":"ListItem","position":2,"name":"Miejsce historyczne","item":"https:\/\/www.kz-gedenkstaette-dachau.de\/pl\/miejsce-historyczne\/"},{"@type":"ListItem","position":3,"name":"Wirtualne zwiedzanie","item":"https:\/\/www.kz-gedenkstaette-dachau.de\/pl\/miejsce-historyczne\/wirtualne-zwiedzanie\/"},{"@type":"ListItem","position":4,"name":"Jourhaus z bram\u0105 wej\u015bciow\u0105 do obozu"}]},{"@type":"WebSite","@id":"https:\/\/www.kz-gedenkstaette-dachau.de\/#website","url":"https:\/\/www.kz-gedenkstaette-dachau.de\/","name":"KZ Gedenkst\u00e4tte Dachau","description":"","potentialAction":[{"@type":"SearchAction","target":{"@type":"EntryPoint","urlTemplate":"https:\/\/www.kz-gedenkstaette-dachau.de\/?s={search_term_string}"},"query-input":{"@type":"PropertyValueSpecification","valueRequired":true,"valueName":"search_term_string"}}],"inLanguage":"pl-PL"}]}},"_links":{"self":[{"href":"https:\/\/www.kz-gedenkstaette-dachau.de\/pl\/wp-json\/wp\/v2\/pages\/56992","targetHints":{"allow":["GET"]}}],"collection":[{"href":"https:\/\/www.kz-gedenkstaette-dachau.de\/pl\/wp-json\/wp\/v2\/pages"}],"about":[{"href":"https:\/\/www.kz-gedenkstaette-dachau.de\/pl\/wp-json\/wp\/v2\/types\/page"}],"author":[{"embeddable":true,"href":"https:\/\/www.kz-gedenkstaette-dachau.de\/pl\/wp-json\/wp\/v2\/users\/1"}],"replies":[{"embeddable":true,"href":"https:\/\/www.kz-gedenkstaette-dachau.de\/pl\/wp-json\/wp\/v2\/comments?post=56992"}],"version-history":[{"count":0,"href":"https:\/\/www.kz-gedenkstaette-dachau.de\/pl\/wp-json\/wp\/v2\/pages\/56992\/revisions"}],"up":[{"embeddable":true,"href":"https:\/\/www.kz-gedenkstaette-dachau.de\/pl\/wp-json\/wp\/v2\/pages\/56973"}],"wp:attachment":[{"href":"https:\/\/www.kz-gedenkstaette-dachau.de\/pl\/wp-json\/wp\/v2\/media?parent=56992"}],"curies":[{"name":"wp","href":"https:\/\/api.w.org\/{rel}","templated":true}]}}