{"id":56996,"date":"2018-09-04T12:37:37","date_gmt":"2018-09-04T10:37:37","guid":{"rendered":"https:\/\/www.kz-gedenkstaette-dachau.de\/miejsce-historyczne\/wirtualne-zwiedzanie\/appellplatz\/"},"modified":"2020-01-30T14:34:24","modified_gmt":"2020-01-30T13:34:24","slug":"plac-apelowy","status":"publish","type":"page","link":"https:\/\/www.kz-gedenkstaette-dachau.de\/pl\/miejsce-historyczne\/wirtualne-zwiedzanie\/plac-apelowy\/","title":{"rendered":"Plac apelowy"},"content":{"rendered":"<p>Plac apelowy znajdowa\u0142 si\u0119 mi\u0119dzy budynkiem gospodarczym i kompleksem barak\u00f3w. Na tym rozleg\u0142ym dziedzi\u0144cu SS sprawdza\u0142o stan liczbowy wi\u0119\u017ani\u00f3w i przeprowadza\u0142o procedury karne. Wi\u0119\u017aniowie musieli z rana stawia\u0107 si\u0119 do apelu wst\u0119pnego przed barakami. St\u0105d maszerowali na plac apelowy, gdzie musieli ustawia\u0107 si\u0119 kolumnach po dziesi\u0119\u0107 os\u00f3b w szeregu. SS zmusza\u0142o wi\u0119\u017ani\u00f3w do stania bez ruchu w pozycji na baczno\u015b\u0107 bez wzgl\u0119du na warunki pogodowe. Po sprawdzeniu stanu liczbowego, co trwa\u0142o najcz\u0119\u015bciej godzin\u0119, ale cz\u0119sto o wiele d\u0142u\u017cej, wi\u0119\u017aniowie musieli sformowa\u0107 komanda robocze. Wieczorem, po pracy, procedura powtarza\u0142a si\u0119. Je\u017celi liczba os\u00f3b, kt\u00f3re stawi\u0142y si\u0119 na apelu, nie zgadza\u0142a si\u0119 ze stanem liczbowym wi\u0119\u017ani\u00f3w, wszyscy musieli za kar\u0119 sta\u0107 na placu apelowym tak d\u0142ugo, a\u017c znaleziono przyczyn\u0119 niezgodno\u015bci. Dopiero potem SS pozwala\u0142o wi\u0119\u017aniom rozej\u015b\u0107 si\u0119 do barak\u00f3w na spoczynek. Cz\u0119sto chorzy i os\u0142abieni wi\u0119\u017aniowie osuwali si\u0119 podczas apelu z wycie\u0144czenia na ziemi\u0119. \u017badnemu ze wsp\u00f3\u0142towarzyszy niedoli nie wolno by\u0142o s\u0142u\u017cy\u0107 im pomoc\u0105.<\/p>\n<p>Obok stania za kar\u0119 inn\u0105 kar\u0105 zbiorow\u0105 by\u0142o przeprowadzanie karnej musztry na placu apelowym. SS zmusza\u0142o wi\u0119\u017ani\u00f3w do wykonywania \u0107wicze\u0144 cielesnych pod\u0142ug wojskowego drylu a\u017c do wyczerpania. Dla upokorzenia i w celach odstraszaj\u0105cych wymierzano na placu apelowym publiczn\u0105 kar\u0119 ch\u0142osty.<\/p>\n<p>W ostatnich miesi\u0105cach wojny ob\u00f3z koncentracyjny Dachau by\u0142 kompletnie przepe\u0142niony. Wi\u0119\u017ani\u00f3w, przybywaj\u0105cych tu sukcesywnie z ewakuowanych gdzie indziej oboz\u00f3w koncentracyjnych, zbierano najpierw na placu apelowym. Wielu z nich, chorych i wyczerpanych zmar\u0142o tam.<\/p>\n","protected":false},"excerpt":{"rendered":"<p>Plac apelowy znajdowa\u0142 si\u0119 mi\u0119dzy budynkiem gospodarczym i kompleksem barak\u00f3w. Na tym rozleg\u0142ym dziedzi\u0144cu SS sprawdza\u0142o stan liczbowy wi\u0119\u017ani\u00f3w i przeprowadza\u0142o procedury karne. Wi\u0119\u017aniowie musieli z rana stawia\u0107 si\u0119 do apelu wst\u0119pnego przed barakami. St\u0105d maszerowali na plac apelowy, gdzie musieli ustawia\u0107 si\u0119 kolumnach po dziesi\u0119\u0107 os\u00f3b w szeregu. SS zmusza\u0142o wi\u0119\u017ani\u00f3w do stania bez&#8230; <a class=\"view-article\" href=\"https:\/\/www.kz-gedenkstaette-dachau.de\/pl\/miejsce-historyczne\/wirtualne-zwiedzanie\/plac-apelowy\/\">Zobacz artyku\u0142<\/a><\/p>\n","protected":false},"author":1,"featured_media":0,"parent":56973,"menu_order":600,"comment_status":"closed","ping_status":"closed","template":"page-virtueller_rundgang_unterseite.php","meta":{"_acf_changed":false,"footnotes":""},"class_list":["post-56996","page","type-page","status-publish","hentry"],"acf":[],"yoast_head":"<!-- This site is optimized with the Yoast SEO plugin v27.4 - https:\/\/yoast.com\/product\/yoast-seo-wordpress\/ -->\n<title>Plac apelowy - KZ Gedenkst\u00e4tte Dachau<\/title>\n<meta name=\"robots\" content=\"index, follow, max-snippet:-1, max-image-preview:large, max-video-preview:-1\" \/>\n<link rel=\"canonical\" href=\"https:\/\/www.kz-gedenkstaette-dachau.de\/pl\/miejsce-historyczne\/wirtualne-zwiedzanie\/plac-apelowy\/\" \/>\n<meta property=\"og:locale\" content=\"pl_PL\" \/>\n<meta property=\"og:type\" content=\"article\" \/>\n<meta property=\"og:title\" content=\"Plac apelowy - KZ Gedenkst\u00e4tte Dachau\" \/>\n<meta property=\"og:description\" content=\"Plac apelowy znajdowa\u0142 si\u0119 mi\u0119dzy budynkiem gospodarczym i kompleksem barak\u00f3w. Na tym rozleg\u0142ym dziedzi\u0144cu SS sprawdza\u0142o stan liczbowy wi\u0119\u017ani\u00f3w i przeprowadza\u0142o procedury karne. Wi\u0119\u017aniowie musieli z rana stawia\u0107 si\u0119 do apelu wst\u0119pnego przed barakami. St\u0105d maszerowali na plac apelowy, gdzie musieli ustawia\u0107 si\u0119 kolumnach po dziesi\u0119\u0107 os\u00f3b w szeregu. SS zmusza\u0142o wi\u0119\u017ani\u00f3w do stania bez... Zobacz artyku\u0142\" \/>\n<meta property=\"og:url\" content=\"https:\/\/www.kz-gedenkstaette-dachau.de\/pl\/miejsce-historyczne\/wirtualne-zwiedzanie\/plac-apelowy\/\" \/>\n<meta property=\"og:site_name\" content=\"KZ Gedenkst\u00e4tte Dachau\" \/>\n<meta property=\"article:modified_time\" content=\"2020-01-30T13:34:24+00:00\" \/>\n<meta name=\"twitter:card\" content=\"summary_large_image\" \/>\n<meta name=\"twitter:label1\" content=\"Szacowany czas czytania\" \/>\n\t<meta name=\"twitter:data1\" content=\"1 minuta\" \/>\n<script type=\"application\/ld+json\" class=\"yoast-schema-graph\">{\"@context\":\"https:\\\/\\\/schema.org\",\"@graph\":[{\"@type\":\"WebPage\",\"@id\":\"https:\\\/\\\/www.kz-gedenkstaette-dachau.de\\\/pl\\\/miejsce-historyczne\\\/wirtualne-zwiedzanie\\\/plac-apelowy\\\/\",\"url\":\"https:\\\/\\\/www.kz-gedenkstaette-dachau.de\\\/pl\\\/miejsce-historyczne\\\/wirtualne-zwiedzanie\\\/plac-apelowy\\\/\",\"name\":\"Plac apelowy - KZ Gedenkst\u00e4tte Dachau\",\"isPartOf\":{\"@id\":\"https:\\\/\\\/www.kz-gedenkstaette-dachau.de\\\/#website\"},\"datePublished\":\"2018-09-04T10:37:37+00:00\",\"dateModified\":\"2020-01-30T13:34:24+00:00\",\"breadcrumb\":{\"@id\":\"https:\\\/\\\/www.kz-gedenkstaette-dachau.de\\\/pl\\\/miejsce-historyczne\\\/wirtualne-zwiedzanie\\\/plac-apelowy\\\/#breadcrumb\"},\"inLanguage\":\"pl-PL\",\"potentialAction\":[{\"@type\":\"ReadAction\",\"target\":[\"https:\\\/\\\/www.kz-gedenkstaette-dachau.de\\\/pl\\\/miejsce-historyczne\\\/wirtualne-zwiedzanie\\\/plac-apelowy\\\/\"]}]},{\"@type\":\"BreadcrumbList\",\"@id\":\"https:\\\/\\\/www.kz-gedenkstaette-dachau.de\\\/pl\\\/miejsce-historyczne\\\/wirtualne-zwiedzanie\\\/plac-apelowy\\\/#breadcrumb\",\"itemListElement\":[{\"@type\":\"ListItem\",\"position\":1,\"name\":\"Strona gl\u00f3wna\",\"item\":\"https:\\\/\\\/www.kz-gedenkstaette-dachau.de\\\/pl\\\/\"},{\"@type\":\"ListItem\",\"position\":2,\"name\":\"Miejsce historyczne\",\"item\":\"https:\\\/\\\/www.kz-gedenkstaette-dachau.de\\\/pl\\\/miejsce-historyczne\\\/\"},{\"@type\":\"ListItem\",\"position\":3,\"name\":\"Wirtualne zwiedzanie\",\"item\":\"https:\\\/\\\/www.kz-gedenkstaette-dachau.de\\\/pl\\\/miejsce-historyczne\\\/wirtualne-zwiedzanie\\\/\"},{\"@type\":\"ListItem\",\"position\":4,\"name\":\"Plac apelowy\"}]},{\"@type\":\"WebSite\",\"@id\":\"https:\\\/\\\/www.kz-gedenkstaette-dachau.de\\\/#website\",\"url\":\"https:\\\/\\\/www.kz-gedenkstaette-dachau.de\\\/\",\"name\":\"KZ Gedenkst\u00e4tte Dachau\",\"description\":\"\",\"potentialAction\":[{\"@type\":\"SearchAction\",\"target\":{\"@type\":\"EntryPoint\",\"urlTemplate\":\"https:\\\/\\\/www.kz-gedenkstaette-dachau.de\\\/?s={search_term_string}\"},\"query-input\":{\"@type\":\"PropertyValueSpecification\",\"valueRequired\":true,\"valueName\":\"search_term_string\"}}],\"inLanguage\":\"pl-PL\"}]}<\/script>\n<!-- \/ Yoast SEO plugin. -->","yoast_head_json":{"title":"Plac apelowy - KZ Gedenkst\u00e4tte Dachau","robots":{"index":"index","follow":"follow","max-snippet":"max-snippet:-1","max-image-preview":"max-image-preview:large","max-video-preview":"max-video-preview:-1"},"canonical":"https:\/\/www.kz-gedenkstaette-dachau.de\/pl\/miejsce-historyczne\/wirtualne-zwiedzanie\/plac-apelowy\/","og_locale":"pl_PL","og_type":"article","og_title":"Plac apelowy - KZ Gedenkst\u00e4tte Dachau","og_description":"Plac apelowy znajdowa\u0142 si\u0119 mi\u0119dzy budynkiem gospodarczym i kompleksem barak\u00f3w. Na tym rozleg\u0142ym dziedzi\u0144cu SS sprawdza\u0142o stan liczbowy wi\u0119\u017ani\u00f3w i przeprowadza\u0142o procedury karne. Wi\u0119\u017aniowie musieli z rana stawia\u0107 si\u0119 do apelu wst\u0119pnego przed barakami. St\u0105d maszerowali na plac apelowy, gdzie musieli ustawia\u0107 si\u0119 kolumnach po dziesi\u0119\u0107 os\u00f3b w szeregu. SS zmusza\u0142o wi\u0119\u017ani\u00f3w do stania bez... Zobacz artyku\u0142","og_url":"https:\/\/www.kz-gedenkstaette-dachau.de\/pl\/miejsce-historyczne\/wirtualne-zwiedzanie\/plac-apelowy\/","og_site_name":"KZ Gedenkst\u00e4tte Dachau","article_modified_time":"2020-01-30T13:34:24+00:00","twitter_card":"summary_large_image","twitter_misc":{"Szacowany czas czytania":"1 minuta"},"schema":{"@context":"https:\/\/schema.org","@graph":[{"@type":"WebPage","@id":"https:\/\/www.kz-gedenkstaette-dachau.de\/pl\/miejsce-historyczne\/wirtualne-zwiedzanie\/plac-apelowy\/","url":"https:\/\/www.kz-gedenkstaette-dachau.de\/pl\/miejsce-historyczne\/wirtualne-zwiedzanie\/plac-apelowy\/","name":"Plac apelowy - KZ Gedenkst\u00e4tte Dachau","isPartOf":{"@id":"https:\/\/www.kz-gedenkstaette-dachau.de\/#website"},"datePublished":"2018-09-04T10:37:37+00:00","dateModified":"2020-01-30T13:34:24+00:00","breadcrumb":{"@id":"https:\/\/www.kz-gedenkstaette-dachau.de\/pl\/miejsce-historyczne\/wirtualne-zwiedzanie\/plac-apelowy\/#breadcrumb"},"inLanguage":"pl-PL","potentialAction":[{"@type":"ReadAction","target":["https:\/\/www.kz-gedenkstaette-dachau.de\/pl\/miejsce-historyczne\/wirtualne-zwiedzanie\/plac-apelowy\/"]}]},{"@type":"BreadcrumbList","@id":"https:\/\/www.kz-gedenkstaette-dachau.de\/pl\/miejsce-historyczne\/wirtualne-zwiedzanie\/plac-apelowy\/#breadcrumb","itemListElement":[{"@type":"ListItem","position":1,"name":"Strona gl\u00f3wna","item":"https:\/\/www.kz-gedenkstaette-dachau.de\/pl\/"},{"@type":"ListItem","position":2,"name":"Miejsce historyczne","item":"https:\/\/www.kz-gedenkstaette-dachau.de\/pl\/miejsce-historyczne\/"},{"@type":"ListItem","position":3,"name":"Wirtualne zwiedzanie","item":"https:\/\/www.kz-gedenkstaette-dachau.de\/pl\/miejsce-historyczne\/wirtualne-zwiedzanie\/"},{"@type":"ListItem","position":4,"name":"Plac apelowy"}]},{"@type":"WebSite","@id":"https:\/\/www.kz-gedenkstaette-dachau.de\/#website","url":"https:\/\/www.kz-gedenkstaette-dachau.de\/","name":"KZ Gedenkst\u00e4tte Dachau","description":"","potentialAction":[{"@type":"SearchAction","target":{"@type":"EntryPoint","urlTemplate":"https:\/\/www.kz-gedenkstaette-dachau.de\/?s={search_term_string}"},"query-input":{"@type":"PropertyValueSpecification","valueRequired":true,"valueName":"search_term_string"}}],"inLanguage":"pl-PL"}]}},"_links":{"self":[{"href":"https:\/\/www.kz-gedenkstaette-dachau.de\/pl\/wp-json\/wp\/v2\/pages\/56996","targetHints":{"allow":["GET"]}}],"collection":[{"href":"https:\/\/www.kz-gedenkstaette-dachau.de\/pl\/wp-json\/wp\/v2\/pages"}],"about":[{"href":"https:\/\/www.kz-gedenkstaette-dachau.de\/pl\/wp-json\/wp\/v2\/types\/page"}],"author":[{"embeddable":true,"href":"https:\/\/www.kz-gedenkstaette-dachau.de\/pl\/wp-json\/wp\/v2\/users\/1"}],"replies":[{"embeddable":true,"href":"https:\/\/www.kz-gedenkstaette-dachau.de\/pl\/wp-json\/wp\/v2\/comments?post=56996"}],"version-history":[{"count":0,"href":"https:\/\/www.kz-gedenkstaette-dachau.de\/pl\/wp-json\/wp\/v2\/pages\/56996\/revisions"}],"up":[{"embeddable":true,"href":"https:\/\/www.kz-gedenkstaette-dachau.de\/pl\/wp-json\/wp\/v2\/pages\/56973"}],"wp:attachment":[{"href":"https:\/\/www.kz-gedenkstaette-dachau.de\/pl\/wp-json\/wp\/v2\/media?parent=56996"}],"curies":[{"name":"wp","href":"https:\/\/api.w.org\/{rel}","templated":true}]}}