{"id":57000,"date":"2018-09-04T12:38:10","date_gmt":"2018-09-04T10:38:10","guid":{"rendered":"https:\/\/www.kz-gedenkstaette-dachau.de\/miejsce-historyczne\/wirtualne-zwiedzanie\/wirtschaftsgebaeude\/"},"modified":"2020-01-30T14:36:11","modified_gmt":"2020-01-30T13:36:11","slug":"wirtschaftsgebaeude","status":"publish","type":"page","link":"https:\/\/www.kz-gedenkstaette-dachau.de\/pl\/miejsce-historyczne\/wirtualne-zwiedzanie\/wirtschaftsgebaeude\/","title":{"rendered":"Budynek gospodarczy (Wystawa G\u0142\u00f3wna)"},"content":{"rendered":"<p>W by\u0142ym budynku gospodarczym obozu znajduje si\u0119 dzisiaj Wystawa G\u0142\u00f3wna Muzeum \u2013 MiejscaPami\u0119ci Dachau. Wystawa informuje o historii tego obozu i losach jego wi\u0119\u017ani\u00f3w. W budynku znajduj\u0105 si\u0119 ponadto Sala Pami\u0119ci, sala wystaw specjalnych, archiwum i biblioteka.<\/p>\n<p>SS kaza\u0142o wznie\u015b\u0107 budynek w ramach rozbudowy obozu dla wi\u0119\u017ani\u00f3w w latach 1937\/38. W budynku gospodarczym ulokowano rozmaite warsztaty, magazyny i pomieszczenia funkcyjne. SS zatrudnia\u0142o tam wi\u0119\u017ani\u00f3w jako \u015blusarzy, elektryk\u00f3w, malarzy i instalator\u00f3w. Wi\u0119\u017aniowie musieli pracowa\u0107 tak\u017ce w pralni i kuchni wi\u0119ziennej. A cho\u0107 kuchnia wyposa\u017cona by\u0142a w nowoczesny sprz\u0119t, to wi\u0119\u017aniowie chronicznie cierpieli g\u0142\u00f3d.<\/p>\n<p>W budynku gospodarczym SS kontynuowa\u0142o upokarzaj\u0105c\u0105 procedur\u0119 rejestracyjn\u0105 nowoprzyby\u0142ych wi\u0119\u017ani\u00f3w. Rejestrowano ich w pomieszczeniu zwanym \u201eodstawk\u0105\u201d (Schubraum), bo odstawiano ich st\u0105d do barak\u00f3w. Musieli si\u0119 tam rozsta\u0107 ze swoimi ubraniami i rzeczami osobistego u\u017cytku. Po wygoleniu wszystkich w\u0142os\u00f3w znajduj\u0105cych si\u0119 na ciele, poddawano wi\u0119\u017ani\u00f3w dezynfekcji i k\u0105pieli. Nast\u0119pnie dostawali ubiory wi\u0119zienne, rzadko w odpowiadaj\u0105cych posturze danej osoby rozmiarach. W\u0142asno\u015b\u0107 osobista wi\u0119\u017ani\u00f3w trafia\u0142a do przechowalni na poddaszu budynku.<\/p>\n<p>Na dachu budynku gospodarczego od strony placu apelowego i barak\u00f3w widnia\u0142y od 1939 r. wymalowane bia\u0142\u0105 farb\u0105 i wielkimi literami s\u0142owa Heinrich Himmlera: \u201eIstnieje droga do wolno\u015bci. Kamieniami milowymi s\u0105 na niej: pos\u0142usze\u0144stwo, uczciwo\u015b\u0107, czysto\u015b\u0107, trze\u017awo\u015b\u0107, pilno\u015b\u0107, porz\u0105dek, ofiarno\u015b\u0107, prawdom\u00f3wno\u015b\u0107, mi\u0142o\u015b\u0107 do Ojczyzny.\u201d Napis ten ur\u0105ga\u0142 wi\u0119\u017aniom w \u015bwietle ich beznadziejnego po\u0142o\u017cenia. Po wybuchu wojny zwolnienia z oboz\u00f3w koncentracyjnych by\u0142y bardzo rzadkie.<\/p>\n","protected":false},"excerpt":{"rendered":"<p>W by\u0142ym budynku gospodarczym obozu znajduje si\u0119 dzisiaj Wystawa G\u0142\u00f3wna Muzeum \u2013 MiejscaPami\u0119ci Dachau. Wystawa informuje o historii tego obozu i losach jego wi\u0119\u017ani\u00f3w. W budynku znajduj\u0105 si\u0119 ponadto Sala Pami\u0119ci, sala wystaw specjalnych, archiwum i biblioteka. SS kaza\u0142o wznie\u015b\u0107 budynek w ramach rozbudowy obozu dla wi\u0119\u017ani\u00f3w w latach 1937\/38. W budynku gospodarczym ulokowano rozmaite&#8230; <a class=\"view-article\" href=\"https:\/\/www.kz-gedenkstaette-dachau.de\/pl\/miejsce-historyczne\/wirtualne-zwiedzanie\/wirtschaftsgebaeude\/\">Zobacz artyku\u0142<\/a><\/p>\n","protected":false},"author":1,"featured_media":0,"parent":56973,"menu_order":700,"comment_status":"closed","ping_status":"closed","template":"page-virtueller_rundgang_unterseite.php","meta":{"_acf_changed":false,"footnotes":""},"class_list":["post-57000","page","type-page","status-publish","hentry"],"acf":[],"yoast_head":"<!-- This site is optimized with the Yoast SEO plugin v27.4 - https:\/\/yoast.com\/product\/yoast-seo-wordpress\/ -->\n<title>Budynek gospodarczy (Wystawa G\u0142\u00f3wna) - KZ Gedenkst\u00e4tte Dachau<\/title>\n<meta name=\"robots\" content=\"index, follow, max-snippet:-1, max-image-preview:large, max-video-preview:-1\" \/>\n<link rel=\"canonical\" href=\"https:\/\/www.kz-gedenkstaette-dachau.de\/pl\/miejsce-historyczne\/wirtualne-zwiedzanie\/wirtschaftsgebaeude\/\" \/>\n<meta property=\"og:locale\" content=\"pl_PL\" \/>\n<meta property=\"og:type\" content=\"article\" \/>\n<meta property=\"og:title\" content=\"Budynek gospodarczy (Wystawa G\u0142\u00f3wna) - KZ Gedenkst\u00e4tte Dachau\" \/>\n<meta property=\"og:description\" content=\"W by\u0142ym budynku gospodarczym obozu znajduje si\u0119 dzisiaj Wystawa G\u0142\u00f3wna Muzeum \u2013 MiejscaPami\u0119ci Dachau. Wystawa informuje o historii tego obozu i losach jego wi\u0119\u017ani\u00f3w. W budynku znajduj\u0105 si\u0119 ponadto Sala Pami\u0119ci, sala wystaw specjalnych, archiwum i biblioteka. SS kaza\u0142o wznie\u015b\u0107 budynek w ramach rozbudowy obozu dla wi\u0119\u017ani\u00f3w w latach 1937\/38. W budynku gospodarczym ulokowano rozmaite... Zobacz artyku\u0142\" \/>\n<meta property=\"og:url\" content=\"https:\/\/www.kz-gedenkstaette-dachau.de\/pl\/miejsce-historyczne\/wirtualne-zwiedzanie\/wirtschaftsgebaeude\/\" \/>\n<meta property=\"og:site_name\" content=\"KZ Gedenkst\u00e4tte Dachau\" \/>\n<meta property=\"article:modified_time\" content=\"2020-01-30T13:36:11+00:00\" \/>\n<meta name=\"twitter:card\" content=\"summary_large_image\" \/>\n<meta name=\"twitter:label1\" content=\"Szacowany czas czytania\" \/>\n\t<meta name=\"twitter:data1\" content=\"1 minuta\" \/>\n<script type=\"application\/ld+json\" class=\"yoast-schema-graph\">{\"@context\":\"https:\\\/\\\/schema.org\",\"@graph\":[{\"@type\":\"WebPage\",\"@id\":\"https:\\\/\\\/www.kz-gedenkstaette-dachau.de\\\/pl\\\/miejsce-historyczne\\\/wirtualne-zwiedzanie\\\/wirtschaftsgebaeude\\\/\",\"url\":\"https:\\\/\\\/www.kz-gedenkstaette-dachau.de\\\/pl\\\/miejsce-historyczne\\\/wirtualne-zwiedzanie\\\/wirtschaftsgebaeude\\\/\",\"name\":\"Budynek gospodarczy (Wystawa G\u0142\u00f3wna) - KZ Gedenkst\u00e4tte Dachau\",\"isPartOf\":{\"@id\":\"https:\\\/\\\/www.kz-gedenkstaette-dachau.de\\\/#website\"},\"datePublished\":\"2018-09-04T10:38:10+00:00\",\"dateModified\":\"2020-01-30T13:36:11+00:00\",\"breadcrumb\":{\"@id\":\"https:\\\/\\\/www.kz-gedenkstaette-dachau.de\\\/pl\\\/miejsce-historyczne\\\/wirtualne-zwiedzanie\\\/wirtschaftsgebaeude\\\/#breadcrumb\"},\"inLanguage\":\"pl-PL\",\"potentialAction\":[{\"@type\":\"ReadAction\",\"target\":[\"https:\\\/\\\/www.kz-gedenkstaette-dachau.de\\\/pl\\\/miejsce-historyczne\\\/wirtualne-zwiedzanie\\\/wirtschaftsgebaeude\\\/\"]}]},{\"@type\":\"BreadcrumbList\",\"@id\":\"https:\\\/\\\/www.kz-gedenkstaette-dachau.de\\\/pl\\\/miejsce-historyczne\\\/wirtualne-zwiedzanie\\\/wirtschaftsgebaeude\\\/#breadcrumb\",\"itemListElement\":[{\"@type\":\"ListItem\",\"position\":1,\"name\":\"Strona gl\u00f3wna\",\"item\":\"https:\\\/\\\/www.kz-gedenkstaette-dachau.de\\\/pl\\\/\"},{\"@type\":\"ListItem\",\"position\":2,\"name\":\"Miejsce historyczne\",\"item\":\"https:\\\/\\\/www.kz-gedenkstaette-dachau.de\\\/pl\\\/miejsce-historyczne\\\/\"},{\"@type\":\"ListItem\",\"position\":3,\"name\":\"Wirtualne zwiedzanie\",\"item\":\"https:\\\/\\\/www.kz-gedenkstaette-dachau.de\\\/pl\\\/miejsce-historyczne\\\/wirtualne-zwiedzanie\\\/\"},{\"@type\":\"ListItem\",\"position\":4,\"name\":\"Budynek gospodarczy (Wystawa G\u0142\u00f3wna)\"}]},{\"@type\":\"WebSite\",\"@id\":\"https:\\\/\\\/www.kz-gedenkstaette-dachau.de\\\/#website\",\"url\":\"https:\\\/\\\/www.kz-gedenkstaette-dachau.de\\\/\",\"name\":\"KZ Gedenkst\u00e4tte Dachau\",\"description\":\"\",\"potentialAction\":[{\"@type\":\"SearchAction\",\"target\":{\"@type\":\"EntryPoint\",\"urlTemplate\":\"https:\\\/\\\/www.kz-gedenkstaette-dachau.de\\\/?s={search_term_string}\"},\"query-input\":{\"@type\":\"PropertyValueSpecification\",\"valueRequired\":true,\"valueName\":\"search_term_string\"}}],\"inLanguage\":\"pl-PL\"}]}<\/script>\n<!-- \/ Yoast SEO plugin. -->","yoast_head_json":{"title":"Budynek gospodarczy (Wystawa G\u0142\u00f3wna) - KZ Gedenkst\u00e4tte Dachau","robots":{"index":"index","follow":"follow","max-snippet":"max-snippet:-1","max-image-preview":"max-image-preview:large","max-video-preview":"max-video-preview:-1"},"canonical":"https:\/\/www.kz-gedenkstaette-dachau.de\/pl\/miejsce-historyczne\/wirtualne-zwiedzanie\/wirtschaftsgebaeude\/","og_locale":"pl_PL","og_type":"article","og_title":"Budynek gospodarczy (Wystawa G\u0142\u00f3wna) - KZ Gedenkst\u00e4tte Dachau","og_description":"W by\u0142ym budynku gospodarczym obozu znajduje si\u0119 dzisiaj Wystawa G\u0142\u00f3wna Muzeum \u2013 MiejscaPami\u0119ci Dachau. Wystawa informuje o historii tego obozu i losach jego wi\u0119\u017ani\u00f3w. W budynku znajduj\u0105 si\u0119 ponadto Sala Pami\u0119ci, sala wystaw specjalnych, archiwum i biblioteka. SS kaza\u0142o wznie\u015b\u0107 budynek w ramach rozbudowy obozu dla wi\u0119\u017ani\u00f3w w latach 1937\/38. W budynku gospodarczym ulokowano rozmaite... Zobacz artyku\u0142","og_url":"https:\/\/www.kz-gedenkstaette-dachau.de\/pl\/miejsce-historyczne\/wirtualne-zwiedzanie\/wirtschaftsgebaeude\/","og_site_name":"KZ Gedenkst\u00e4tte Dachau","article_modified_time":"2020-01-30T13:36:11+00:00","twitter_card":"summary_large_image","twitter_misc":{"Szacowany czas czytania":"1 minuta"},"schema":{"@context":"https:\/\/schema.org","@graph":[{"@type":"WebPage","@id":"https:\/\/www.kz-gedenkstaette-dachau.de\/pl\/miejsce-historyczne\/wirtualne-zwiedzanie\/wirtschaftsgebaeude\/","url":"https:\/\/www.kz-gedenkstaette-dachau.de\/pl\/miejsce-historyczne\/wirtualne-zwiedzanie\/wirtschaftsgebaeude\/","name":"Budynek gospodarczy (Wystawa G\u0142\u00f3wna) - KZ Gedenkst\u00e4tte Dachau","isPartOf":{"@id":"https:\/\/www.kz-gedenkstaette-dachau.de\/#website"},"datePublished":"2018-09-04T10:38:10+00:00","dateModified":"2020-01-30T13:36:11+00:00","breadcrumb":{"@id":"https:\/\/www.kz-gedenkstaette-dachau.de\/pl\/miejsce-historyczne\/wirtualne-zwiedzanie\/wirtschaftsgebaeude\/#breadcrumb"},"inLanguage":"pl-PL","potentialAction":[{"@type":"ReadAction","target":["https:\/\/www.kz-gedenkstaette-dachau.de\/pl\/miejsce-historyczne\/wirtualne-zwiedzanie\/wirtschaftsgebaeude\/"]}]},{"@type":"BreadcrumbList","@id":"https:\/\/www.kz-gedenkstaette-dachau.de\/pl\/miejsce-historyczne\/wirtualne-zwiedzanie\/wirtschaftsgebaeude\/#breadcrumb","itemListElement":[{"@type":"ListItem","position":1,"name":"Strona gl\u00f3wna","item":"https:\/\/www.kz-gedenkstaette-dachau.de\/pl\/"},{"@type":"ListItem","position":2,"name":"Miejsce historyczne","item":"https:\/\/www.kz-gedenkstaette-dachau.de\/pl\/miejsce-historyczne\/"},{"@type":"ListItem","position":3,"name":"Wirtualne zwiedzanie","item":"https:\/\/www.kz-gedenkstaette-dachau.de\/pl\/miejsce-historyczne\/wirtualne-zwiedzanie\/"},{"@type":"ListItem","position":4,"name":"Budynek gospodarczy (Wystawa G\u0142\u00f3wna)"}]},{"@type":"WebSite","@id":"https:\/\/www.kz-gedenkstaette-dachau.de\/#website","url":"https:\/\/www.kz-gedenkstaette-dachau.de\/","name":"KZ Gedenkst\u00e4tte Dachau","description":"","potentialAction":[{"@type":"SearchAction","target":{"@type":"EntryPoint","urlTemplate":"https:\/\/www.kz-gedenkstaette-dachau.de\/?s={search_term_string}"},"query-input":{"@type":"PropertyValueSpecification","valueRequired":true,"valueName":"search_term_string"}}],"inLanguage":"pl-PL"}]}},"_links":{"self":[{"href":"https:\/\/www.kz-gedenkstaette-dachau.de\/pl\/wp-json\/wp\/v2\/pages\/57000","targetHints":{"allow":["GET"]}}],"collection":[{"href":"https:\/\/www.kz-gedenkstaette-dachau.de\/pl\/wp-json\/wp\/v2\/pages"}],"about":[{"href":"https:\/\/www.kz-gedenkstaette-dachau.de\/pl\/wp-json\/wp\/v2\/types\/page"}],"author":[{"embeddable":true,"href":"https:\/\/www.kz-gedenkstaette-dachau.de\/pl\/wp-json\/wp\/v2\/users\/1"}],"replies":[{"embeddable":true,"href":"https:\/\/www.kz-gedenkstaette-dachau.de\/pl\/wp-json\/wp\/v2\/comments?post=57000"}],"version-history":[{"count":0,"href":"https:\/\/www.kz-gedenkstaette-dachau.de\/pl\/wp-json\/wp\/v2\/pages\/57000\/revisions"}],"up":[{"embeddable":true,"href":"https:\/\/www.kz-gedenkstaette-dachau.de\/pl\/wp-json\/wp\/v2\/pages\/56973"}],"wp:attachment":[{"href":"https:\/\/www.kz-gedenkstaette-dachau.de\/pl\/wp-json\/wp\/v2\/media?parent=57000"}],"curies":[{"name":"wp","href":"https:\/\/api.w.org\/{rel}","templated":true}]}}