{"id":57003,"date":"2018-09-04T12:39:10","date_gmt":"2018-09-04T10:39:10","guid":{"rendered":"https:\/\/www.kz-gedenkstaette-dachau.de\/miejsce-historyczne\/wirtualne-zwiedzanie\/schubraum\/"},"modified":"2020-01-30T14:45:04","modified_gmt":"2020-01-30T13:45:04","slug":"schubraum","status":"publish","type":"page","link":"https:\/\/www.kz-gedenkstaette-dachau.de\/pl\/miejsce-historyczne\/wirtualne-zwiedzanie\/schubraum\/","title":{"rendered":"Schubraum"},"content":{"rendered":"<p>Po przybyciu do obozu wi\u0119\u017aniowie kierowani byli przez SS najpierw do tzw. \u201eodstawki\u201d (Schubraum) w budynku gospodarczym. Poj\u0119cie \u201eSchub\u201d pochodzi z zakresu wykonawstwa kary i znaczy \u201eodstawianie\u201d dok\u0105d\u015b wi\u0119\u017ani\u00f3w. W pomieszczeniu tym poddawano nowoprzyby\u0142ych wi\u0119\u017ani\u00f3w upokarzaj\u0105cej procedurze rejestracyjnej. Prze\u017cywali tu gwa\u0142town\u0105 utrat\u0119 swoich osobistych praw i swob\u00f3d.<\/p>\n<p>Pomi\u0119dzy filarami sta\u0142y w tym pomieszczeniu sto\u0142y, dziel\u0105c go na \u015brodku. Za sto\u0142ami stali wi\u0119\u017aniowie, wyznaczeni przez SS do pracy w tzw. Administracji W\u0142asno\u015bci Wi\u0119\u017aniarskiej. Nowoprzybyli wi\u0119\u017aniowie musieli si\u0119 przed sto\u0142ami rozbiera\u0107 do naga i wyk\u0142ada\u0107 na nie swoje ubrania oraz posiadane przedmioty prywatne. Funkcyjni wi\u0119\u017aniowie za sto\u0142ami wszystko to rejestrowali i zabierali. Na koniec nowi wi\u0119\u017aniowie musieli nago uda\u0107 si\u0119 do znajduj\u0105cej si\u0119 w pobli\u017cu \u0142a\u017ani.<\/p>\n<p>Dzisiejszy wygl\u0105d pomieszczenia wystawowego nawi\u0105zuje do przestrzennego uk\u0142adu historycznej \u201eodstawki\u201d. Na miejscu sto\u0142\u00f3w znajduj\u0105 si\u0119 teraz witryny, w kt\u00f3rych mo\u017cna mi\u0119dzy innymi zobaczy\u0107 oryginalne przedmioty z dobytku wi\u0119\u017ani\u00f3w. Historyczny napis \u201eZakaz palenia\u201d na \u015bcianie pomieszczenia ods\u0142oni\u0119to w 2000 r.<\/p>\n","protected":false},"excerpt":{"rendered":"<p>Po przybyciu do obozu wi\u0119\u017aniowie kierowani byli przez SS najpierw do tzw. \u201eodstawki\u201d (Schubraum) w budynku gospodarczym. Poj\u0119cie \u201eSchub\u201d pochodzi z zakresu wykonawstwa kary i znaczy \u201eodstawianie\u201d dok\u0105d\u015b wi\u0119\u017ani\u00f3w. W pomieszczeniu tym poddawano nowoprzyby\u0142ych wi\u0119\u017ani\u00f3w upokarzaj\u0105cej procedurze rejestracyjnej. Prze\u017cywali tu gwa\u0142town\u0105 utrat\u0119 swoich osobistych praw i swob\u00f3d. Pomi\u0119dzy filarami sta\u0142y w tym pomieszczeniu sto\u0142y, dziel\u0105c&#8230; <a class=\"view-article\" href=\"https:\/\/www.kz-gedenkstaette-dachau.de\/pl\/miejsce-historyczne\/wirtualne-zwiedzanie\/schubraum\/\">Zobacz artyku\u0142<\/a><\/p>\n","protected":false},"author":1,"featured_media":0,"parent":56973,"menu_order":710,"comment_status":"closed","ping_status":"closed","template":"page-virtueller_rundgang_unterseite.php","meta":{"_acf_changed":false,"footnotes":""},"class_list":["post-57003","page","type-page","status-publish","hentry"],"acf":[],"yoast_head":"<!-- This site is optimized with the Yoast SEO plugin v27.4 - https:\/\/yoast.com\/product\/yoast-seo-wordpress\/ -->\n<title>Schubraum - KZ Gedenkst\u00e4tte Dachau<\/title>\n<meta name=\"robots\" content=\"index, follow, max-snippet:-1, max-image-preview:large, max-video-preview:-1\" \/>\n<link rel=\"canonical\" href=\"https:\/\/www.kz-gedenkstaette-dachau.de\/pl\/miejsce-historyczne\/wirtualne-zwiedzanie\/schubraum\/\" \/>\n<meta property=\"og:locale\" content=\"pl_PL\" \/>\n<meta property=\"og:type\" content=\"article\" \/>\n<meta property=\"og:title\" content=\"Schubraum - KZ Gedenkst\u00e4tte Dachau\" \/>\n<meta property=\"og:description\" content=\"Po przybyciu do obozu wi\u0119\u017aniowie kierowani byli przez SS najpierw do tzw. \u201eodstawki\u201d (Schubraum) w budynku gospodarczym. Poj\u0119cie \u201eSchub\u201d pochodzi z zakresu wykonawstwa kary i znaczy \u201eodstawianie\u201d dok\u0105d\u015b wi\u0119\u017ani\u00f3w. W pomieszczeniu tym poddawano nowoprzyby\u0142ych wi\u0119\u017ani\u00f3w upokarzaj\u0105cej procedurze rejestracyjnej. Prze\u017cywali tu gwa\u0142town\u0105 utrat\u0119 swoich osobistych praw i swob\u00f3d. Pomi\u0119dzy filarami sta\u0142y w tym pomieszczeniu sto\u0142y, dziel\u0105c... Zobacz artyku\u0142\" \/>\n<meta property=\"og:url\" content=\"https:\/\/www.kz-gedenkstaette-dachau.de\/pl\/miejsce-historyczne\/wirtualne-zwiedzanie\/schubraum\/\" \/>\n<meta property=\"og:site_name\" content=\"KZ Gedenkst\u00e4tte Dachau\" \/>\n<meta property=\"article:modified_time\" content=\"2020-01-30T13:45:04+00:00\" \/>\n<meta name=\"twitter:card\" content=\"summary_large_image\" \/>\n<meta name=\"twitter:label1\" content=\"Szacowany czas czytania\" \/>\n\t<meta name=\"twitter:data1\" content=\"1 minuta\" \/>\n<script type=\"application\/ld+json\" class=\"yoast-schema-graph\">{\"@context\":\"https:\\\/\\\/schema.org\",\"@graph\":[{\"@type\":\"WebPage\",\"@id\":\"https:\\\/\\\/www.kz-gedenkstaette-dachau.de\\\/pl\\\/miejsce-historyczne\\\/wirtualne-zwiedzanie\\\/schubraum\\\/\",\"url\":\"https:\\\/\\\/www.kz-gedenkstaette-dachau.de\\\/pl\\\/miejsce-historyczne\\\/wirtualne-zwiedzanie\\\/schubraum\\\/\",\"name\":\"Schubraum - KZ Gedenkst\u00e4tte Dachau\",\"isPartOf\":{\"@id\":\"https:\\\/\\\/www.kz-gedenkstaette-dachau.de\\\/#website\"},\"datePublished\":\"2018-09-04T10:39:10+00:00\",\"dateModified\":\"2020-01-30T13:45:04+00:00\",\"breadcrumb\":{\"@id\":\"https:\\\/\\\/www.kz-gedenkstaette-dachau.de\\\/pl\\\/miejsce-historyczne\\\/wirtualne-zwiedzanie\\\/schubraum\\\/#breadcrumb\"},\"inLanguage\":\"pl-PL\",\"potentialAction\":[{\"@type\":\"ReadAction\",\"target\":[\"https:\\\/\\\/www.kz-gedenkstaette-dachau.de\\\/pl\\\/miejsce-historyczne\\\/wirtualne-zwiedzanie\\\/schubraum\\\/\"]}]},{\"@type\":\"BreadcrumbList\",\"@id\":\"https:\\\/\\\/www.kz-gedenkstaette-dachau.de\\\/pl\\\/miejsce-historyczne\\\/wirtualne-zwiedzanie\\\/schubraum\\\/#breadcrumb\",\"itemListElement\":[{\"@type\":\"ListItem\",\"position\":1,\"name\":\"Strona gl\u00f3wna\",\"item\":\"https:\\\/\\\/www.kz-gedenkstaette-dachau.de\\\/pl\\\/\"},{\"@type\":\"ListItem\",\"position\":2,\"name\":\"Miejsce historyczne\",\"item\":\"https:\\\/\\\/www.kz-gedenkstaette-dachau.de\\\/pl\\\/miejsce-historyczne\\\/\"},{\"@type\":\"ListItem\",\"position\":3,\"name\":\"Wirtualne zwiedzanie\",\"item\":\"https:\\\/\\\/www.kz-gedenkstaette-dachau.de\\\/pl\\\/miejsce-historyczne\\\/wirtualne-zwiedzanie\\\/\"},{\"@type\":\"ListItem\",\"position\":4,\"name\":\"Schubraum\"}]},{\"@type\":\"WebSite\",\"@id\":\"https:\\\/\\\/www.kz-gedenkstaette-dachau.de\\\/#website\",\"url\":\"https:\\\/\\\/www.kz-gedenkstaette-dachau.de\\\/\",\"name\":\"KZ Gedenkst\u00e4tte Dachau\",\"description\":\"\",\"potentialAction\":[{\"@type\":\"SearchAction\",\"target\":{\"@type\":\"EntryPoint\",\"urlTemplate\":\"https:\\\/\\\/www.kz-gedenkstaette-dachau.de\\\/?s={search_term_string}\"},\"query-input\":{\"@type\":\"PropertyValueSpecification\",\"valueRequired\":true,\"valueName\":\"search_term_string\"}}],\"inLanguage\":\"pl-PL\"}]}<\/script>\n<!-- \/ Yoast SEO plugin. -->","yoast_head_json":{"title":"Schubraum - KZ Gedenkst\u00e4tte Dachau","robots":{"index":"index","follow":"follow","max-snippet":"max-snippet:-1","max-image-preview":"max-image-preview:large","max-video-preview":"max-video-preview:-1"},"canonical":"https:\/\/www.kz-gedenkstaette-dachau.de\/pl\/miejsce-historyczne\/wirtualne-zwiedzanie\/schubraum\/","og_locale":"pl_PL","og_type":"article","og_title":"Schubraum - KZ Gedenkst\u00e4tte Dachau","og_description":"Po przybyciu do obozu wi\u0119\u017aniowie kierowani byli przez SS najpierw do tzw. \u201eodstawki\u201d (Schubraum) w budynku gospodarczym. Poj\u0119cie \u201eSchub\u201d pochodzi z zakresu wykonawstwa kary i znaczy \u201eodstawianie\u201d dok\u0105d\u015b wi\u0119\u017ani\u00f3w. W pomieszczeniu tym poddawano nowoprzyby\u0142ych wi\u0119\u017ani\u00f3w upokarzaj\u0105cej procedurze rejestracyjnej. Prze\u017cywali tu gwa\u0142town\u0105 utrat\u0119 swoich osobistych praw i swob\u00f3d. Pomi\u0119dzy filarami sta\u0142y w tym pomieszczeniu sto\u0142y, dziel\u0105c... Zobacz artyku\u0142","og_url":"https:\/\/www.kz-gedenkstaette-dachau.de\/pl\/miejsce-historyczne\/wirtualne-zwiedzanie\/schubraum\/","og_site_name":"KZ Gedenkst\u00e4tte Dachau","article_modified_time":"2020-01-30T13:45:04+00:00","twitter_card":"summary_large_image","twitter_misc":{"Szacowany czas czytania":"1 minuta"},"schema":{"@context":"https:\/\/schema.org","@graph":[{"@type":"WebPage","@id":"https:\/\/www.kz-gedenkstaette-dachau.de\/pl\/miejsce-historyczne\/wirtualne-zwiedzanie\/schubraum\/","url":"https:\/\/www.kz-gedenkstaette-dachau.de\/pl\/miejsce-historyczne\/wirtualne-zwiedzanie\/schubraum\/","name":"Schubraum - KZ Gedenkst\u00e4tte Dachau","isPartOf":{"@id":"https:\/\/www.kz-gedenkstaette-dachau.de\/#website"},"datePublished":"2018-09-04T10:39:10+00:00","dateModified":"2020-01-30T13:45:04+00:00","breadcrumb":{"@id":"https:\/\/www.kz-gedenkstaette-dachau.de\/pl\/miejsce-historyczne\/wirtualne-zwiedzanie\/schubraum\/#breadcrumb"},"inLanguage":"pl-PL","potentialAction":[{"@type":"ReadAction","target":["https:\/\/www.kz-gedenkstaette-dachau.de\/pl\/miejsce-historyczne\/wirtualne-zwiedzanie\/schubraum\/"]}]},{"@type":"BreadcrumbList","@id":"https:\/\/www.kz-gedenkstaette-dachau.de\/pl\/miejsce-historyczne\/wirtualne-zwiedzanie\/schubraum\/#breadcrumb","itemListElement":[{"@type":"ListItem","position":1,"name":"Strona gl\u00f3wna","item":"https:\/\/www.kz-gedenkstaette-dachau.de\/pl\/"},{"@type":"ListItem","position":2,"name":"Miejsce historyczne","item":"https:\/\/www.kz-gedenkstaette-dachau.de\/pl\/miejsce-historyczne\/"},{"@type":"ListItem","position":3,"name":"Wirtualne zwiedzanie","item":"https:\/\/www.kz-gedenkstaette-dachau.de\/pl\/miejsce-historyczne\/wirtualne-zwiedzanie\/"},{"@type":"ListItem","position":4,"name":"Schubraum"}]},{"@type":"WebSite","@id":"https:\/\/www.kz-gedenkstaette-dachau.de\/#website","url":"https:\/\/www.kz-gedenkstaette-dachau.de\/","name":"KZ Gedenkst\u00e4tte Dachau","description":"","potentialAction":[{"@type":"SearchAction","target":{"@type":"EntryPoint","urlTemplate":"https:\/\/www.kz-gedenkstaette-dachau.de\/?s={search_term_string}"},"query-input":{"@type":"PropertyValueSpecification","valueRequired":true,"valueName":"search_term_string"}}],"inLanguage":"pl-PL"}]}},"_links":{"self":[{"href":"https:\/\/www.kz-gedenkstaette-dachau.de\/pl\/wp-json\/wp\/v2\/pages\/57003","targetHints":{"allow":["GET"]}}],"collection":[{"href":"https:\/\/www.kz-gedenkstaette-dachau.de\/pl\/wp-json\/wp\/v2\/pages"}],"about":[{"href":"https:\/\/www.kz-gedenkstaette-dachau.de\/pl\/wp-json\/wp\/v2\/types\/page"}],"author":[{"embeddable":true,"href":"https:\/\/www.kz-gedenkstaette-dachau.de\/pl\/wp-json\/wp\/v2\/users\/1"}],"replies":[{"embeddable":true,"href":"https:\/\/www.kz-gedenkstaette-dachau.de\/pl\/wp-json\/wp\/v2\/comments?post=57003"}],"version-history":[{"count":0,"href":"https:\/\/www.kz-gedenkstaette-dachau.de\/pl\/wp-json\/wp\/v2\/pages\/57003\/revisions"}],"up":[{"embeddable":true,"href":"https:\/\/www.kz-gedenkstaette-dachau.de\/pl\/wp-json\/wp\/v2\/pages\/56973"}],"wp:attachment":[{"href":"https:\/\/www.kz-gedenkstaette-dachau.de\/pl\/wp-json\/wp\/v2\/media?parent=57003"}],"curies":[{"name":"wp","href":"https:\/\/api.w.org\/{rel}","templated":true}]}}