{"id":57009,"date":"2018-09-04T12:39:42","date_gmt":"2018-09-04T10:39:42","guid":{"rendered":"https:\/\/www.kz-gedenkstaette-dachau.de\/miejsce-historyczne\/wirtualne-zwiedzanie\/haeftlingsbad\/"},"modified":"2020-01-30T14:48:36","modified_gmt":"2020-01-30T13:48:36","slug":"laznia-obozowa","status":"publish","type":"page","link":"https:\/\/www.kz-gedenkstaette-dachau.de\/pl\/miejsce-historyczne\/wirtualne-zwiedzanie\/laznia-obozowa\/","title":{"rendered":"\u0141a\u017ania obozowa"},"content":{"rendered":"<p>W \u0142a\u017ani wi\u0119ziennej nowoprzybyli wi\u0119\u017aniowie byli goleni na ca\u0142ym ciele, dezynfekowani i k\u0105pani pod prysznicem. SS stosowa\u0142o t\u0119 procedur\u0119 nie tylko ze wzgl\u0119d\u00f3w higienicznych, lecz tak\u017ce w celu pozbawienia wi\u0119\u017ani\u00f3w intymno\u015bci i upokorzenia ich. Znajduj\u0105cych si\u0119 ju\u017c w obozie wi\u0119\u017ani\u00f3w prowadzono do k\u0105pieli najpierw raz na tydzie\u0144, p\u00f3\u017aniej rzadziej.<\/p>\n<p>Po k\u0105pieli nowi wi\u0119\u017aniowie, pop\u0119dzani przez SS, pobierali pasiaki obozowe, najcz\u0119\u015bciej niepasuj\u0105ce rozmiarowo. Taki obozowy ubi\u00f3r sk\u0142ada\u0142 si\u0119 od 1938 r. z kurtki, spodni i czapki z niebiesko-bia\u0142ego drelichu w paski. Za buty s\u0142u\u017cy\u0142y drewniaki, wykonane z dodatkiem p\u0142\u00f3tna. Wi\u0119\u017aniowie musieli naszywa\u0107 sobie na kurtki swoje numery i kolorowe tr\u00f3jk\u0105ty. Od 1938 r. SS porz\u0105dkowa\u0142o przy pomocy tych naszywek wi\u0119\u017ani\u00f3w na poszczeg\u00f3lne kategorie. Przydzia\u0142 do okre\u015blonej kategorii nast\u0119powa\u0142 na podstawie powodu zamkni\u0119cia w obozie, dostarczanego przez gestapo lub policj\u0119 kryminaln\u0105. Tr\u00f3jk\u0105tne naszywki by\u0142y w obozach koncentracyjnych symbolami terroru. SS stygmatyzowa\u0142o nimi wi\u0119\u017ani\u00f3w, szufladkuj\u0105c ich w hierarchii obozowej, w kt\u00f3rej szanse prze\u017cycia rozdzielone by\u0142y nier\u00f3wno. Esesmani wykorzystywali te kategorie celowo do siania wa\u015bni mi\u0119dzy grupami wi\u0119\u017ani\u00f3w.<\/p>\n<p>Wi\u0119\u017aniowie polityczni musieli nosi\u0107 tr\u00f3jk\u0105t czerwony. \u017bydzi dostawali tr\u00f3jk\u0105t kolorowy, pod\u0142o\u017cony \u017c\u00f3\u0142tym, co uk\u0142ada\u0142o si\u0119 w efekcie w gwiazd\u0119 Dawida. Notoryczni przest\u0119pcy nosili zielony tr\u00f3jk\u0105t. Niemieckim emigrantom, kt\u00f3rzy wr\u00f3cili do Niemiec, przydzielono tr\u00f3jk\u0105ty niebieskie; \u015bwiadkom Jehowy, tzw. \u201ebadaczom biblii\u201d \u2013 liliowe, homoseksualistom \u2013 r\u00f3\u017cowe. Tzw. \u201eelementy aspo\u0142eczne\u201d SS stygmatyzowa\u0142o tr\u00f3jk\u0105tami czarnymi.<\/p>\n<p>W \u0142a\u017ani obozowej SS do wymierza\u0142o wi\u0119\u017aniom kary za \u201ewykroczenia\u201d przeciwko regulaminowi obowi\u0105zuj\u0105cemu w obozie. Na ko\u017ale s\u0142u\u017c\u0105cym do wykonywania kary ch\u0142osty bito ofiary kijami. W latach 1941\/42 SS wprowadzi\u0142o kar\u0119 tzw. \u201ewiszenia na palu\u201d.<\/p>\n<p>By\u0142a \u0142a\u017ania obozowa zachowa\u0142a si\u0119 w swoim rzucie architektonicznym w niezmienionym stanie do dzisiaj. Przy realizacji nowej koncepcji wystawy ods\u0142oni\u0119to oryginaln\u0105 wann\u0119, ale drewniana kratownica na pod\u0142odze zosta\u0142a zrekonstruowana. Zakotwienia belek na filarach, s\u0142u\u017c\u0105cych do egzekwowania kary \u201ewiszenia na palu\u201d odkryto przy okazji bada\u0144 konserwatorskich. Centralnym obiektem wystawy jest kozio\u0142 do ch\u0142osty z 1945 r. Wykonano go wtedy w charakterze materia\u0142u pokazowo-dowodowego dla potrzeb proces\u00f3w w Dachau (Dachauer Prozesse).<\/p>\n","protected":false},"excerpt":{"rendered":"<p>W \u0142a\u017ani wi\u0119ziennej nowoprzybyli wi\u0119\u017aniowie byli goleni na ca\u0142ym ciele, dezynfekowani i k\u0105pani pod prysznicem. SS stosowa\u0142o t\u0119 procedur\u0119 nie tylko ze wzgl\u0119d\u00f3w higienicznych, lecz tak\u017ce w celu pozbawienia wi\u0119\u017ani\u00f3w intymno\u015bci i upokorzenia ich. Znajduj\u0105cych si\u0119 ju\u017c w obozie wi\u0119\u017ani\u00f3w prowadzono do k\u0105pieli najpierw raz na tydzie\u0144, p\u00f3\u017aniej rzadziej. Po k\u0105pieli nowi wi\u0119\u017aniowie, pop\u0119dzani przez&#8230; <a class=\"view-article\" href=\"https:\/\/www.kz-gedenkstaette-dachau.de\/pl\/miejsce-historyczne\/wirtualne-zwiedzanie\/laznia-obozowa\/\">Zobacz artyku\u0142<\/a><\/p>\n","protected":false},"author":1,"featured_media":0,"parent":56973,"menu_order":720,"comment_status":"closed","ping_status":"closed","template":"page-virtueller_rundgang_unterseite.php","meta":{"_acf_changed":false,"footnotes":""},"class_list":["post-57009","page","type-page","status-publish","hentry"],"acf":[],"yoast_head":"<!-- This site is optimized with the Yoast SEO plugin v27.3 - https:\/\/yoast.com\/product\/yoast-seo-wordpress\/ -->\n<title>\u0141a\u017ania obozowa - KZ Gedenkst\u00e4tte Dachau<\/title>\n<meta name=\"robots\" content=\"index, follow, max-snippet:-1, max-image-preview:large, max-video-preview:-1\" \/>\n<link rel=\"canonical\" href=\"https:\/\/www.kz-gedenkstaette-dachau.de\/pl\/miejsce-historyczne\/wirtualne-zwiedzanie\/laznia-obozowa\/\" \/>\n<meta property=\"og:locale\" content=\"pl_PL\" \/>\n<meta property=\"og:type\" content=\"article\" \/>\n<meta property=\"og:title\" content=\"\u0141a\u017ania obozowa - KZ Gedenkst\u00e4tte Dachau\" \/>\n<meta property=\"og:description\" content=\"W \u0142a\u017ani wi\u0119ziennej nowoprzybyli wi\u0119\u017aniowie byli goleni na ca\u0142ym ciele, dezynfekowani i k\u0105pani pod prysznicem. SS stosowa\u0142o t\u0119 procedur\u0119 nie tylko ze wzgl\u0119d\u00f3w higienicznych, lecz tak\u017ce w celu pozbawienia wi\u0119\u017ani\u00f3w intymno\u015bci i upokorzenia ich. Znajduj\u0105cych si\u0119 ju\u017c w obozie wi\u0119\u017ani\u00f3w prowadzono do k\u0105pieli najpierw raz na tydzie\u0144, p\u00f3\u017aniej rzadziej. Po k\u0105pieli nowi wi\u0119\u017aniowie, pop\u0119dzani przez... Zobacz artyku\u0142\" \/>\n<meta property=\"og:url\" content=\"https:\/\/www.kz-gedenkstaette-dachau.de\/pl\/miejsce-historyczne\/wirtualne-zwiedzanie\/laznia-obozowa\/\" \/>\n<meta property=\"og:site_name\" content=\"KZ Gedenkst\u00e4tte Dachau\" \/>\n<meta property=\"article:modified_time\" content=\"2020-01-30T13:48:36+00:00\" \/>\n<meta name=\"twitter:card\" content=\"summary_large_image\" \/>\n<meta name=\"twitter:label1\" content=\"Szacowany czas czytania\" \/>\n\t<meta name=\"twitter:data1\" content=\"2 minuty\" \/>\n<script type=\"application\/ld+json\" class=\"yoast-schema-graph\">{\"@context\":\"https:\\\/\\\/schema.org\",\"@graph\":[{\"@type\":\"WebPage\",\"@id\":\"https:\\\/\\\/www.kz-gedenkstaette-dachau.de\\\/pl\\\/miejsce-historyczne\\\/wirtualne-zwiedzanie\\\/laznia-obozowa\\\/\",\"url\":\"https:\\\/\\\/www.kz-gedenkstaette-dachau.de\\\/pl\\\/miejsce-historyczne\\\/wirtualne-zwiedzanie\\\/laznia-obozowa\\\/\",\"name\":\"\u0141a\u017ania obozowa - KZ Gedenkst\u00e4tte Dachau\",\"isPartOf\":{\"@id\":\"https:\\\/\\\/www.kz-gedenkstaette-dachau.de\\\/#website\"},\"datePublished\":\"2018-09-04T10:39:42+00:00\",\"dateModified\":\"2020-01-30T13:48:36+00:00\",\"breadcrumb\":{\"@id\":\"https:\\\/\\\/www.kz-gedenkstaette-dachau.de\\\/pl\\\/miejsce-historyczne\\\/wirtualne-zwiedzanie\\\/laznia-obozowa\\\/#breadcrumb\"},\"inLanguage\":\"pl-PL\",\"potentialAction\":[{\"@type\":\"ReadAction\",\"target\":[\"https:\\\/\\\/www.kz-gedenkstaette-dachau.de\\\/pl\\\/miejsce-historyczne\\\/wirtualne-zwiedzanie\\\/laznia-obozowa\\\/\"]}]},{\"@type\":\"BreadcrumbList\",\"@id\":\"https:\\\/\\\/www.kz-gedenkstaette-dachau.de\\\/pl\\\/miejsce-historyczne\\\/wirtualne-zwiedzanie\\\/laznia-obozowa\\\/#breadcrumb\",\"itemListElement\":[{\"@type\":\"ListItem\",\"position\":1,\"name\":\"Strona gl\u00f3wna\",\"item\":\"https:\\\/\\\/www.kz-gedenkstaette-dachau.de\\\/pl\\\/\"},{\"@type\":\"ListItem\",\"position\":2,\"name\":\"Miejsce historyczne\",\"item\":\"https:\\\/\\\/www.kz-gedenkstaette-dachau.de\\\/pl\\\/miejsce-historyczne\\\/\"},{\"@type\":\"ListItem\",\"position\":3,\"name\":\"Wirtualne zwiedzanie\",\"item\":\"https:\\\/\\\/www.kz-gedenkstaette-dachau.de\\\/pl\\\/miejsce-historyczne\\\/wirtualne-zwiedzanie\\\/\"},{\"@type\":\"ListItem\",\"position\":4,\"name\":\"\u0141a\u017ania obozowa\"}]},{\"@type\":\"WebSite\",\"@id\":\"https:\\\/\\\/www.kz-gedenkstaette-dachau.de\\\/#website\",\"url\":\"https:\\\/\\\/www.kz-gedenkstaette-dachau.de\\\/\",\"name\":\"KZ Gedenkst\u00e4tte Dachau\",\"description\":\"\",\"potentialAction\":[{\"@type\":\"SearchAction\",\"target\":{\"@type\":\"EntryPoint\",\"urlTemplate\":\"https:\\\/\\\/www.kz-gedenkstaette-dachau.de\\\/?s={search_term_string}\"},\"query-input\":{\"@type\":\"PropertyValueSpecification\",\"valueRequired\":true,\"valueName\":\"search_term_string\"}}],\"inLanguage\":\"pl-PL\"}]}<\/script>\n<!-- \/ Yoast SEO plugin. -->","yoast_head_json":{"title":"\u0141a\u017ania obozowa - KZ Gedenkst\u00e4tte Dachau","robots":{"index":"index","follow":"follow","max-snippet":"max-snippet:-1","max-image-preview":"max-image-preview:large","max-video-preview":"max-video-preview:-1"},"canonical":"https:\/\/www.kz-gedenkstaette-dachau.de\/pl\/miejsce-historyczne\/wirtualne-zwiedzanie\/laznia-obozowa\/","og_locale":"pl_PL","og_type":"article","og_title":"\u0141a\u017ania obozowa - KZ Gedenkst\u00e4tte Dachau","og_description":"W \u0142a\u017ani wi\u0119ziennej nowoprzybyli wi\u0119\u017aniowie byli goleni na ca\u0142ym ciele, dezynfekowani i k\u0105pani pod prysznicem. SS stosowa\u0142o t\u0119 procedur\u0119 nie tylko ze wzgl\u0119d\u00f3w higienicznych, lecz tak\u017ce w celu pozbawienia wi\u0119\u017ani\u00f3w intymno\u015bci i upokorzenia ich. Znajduj\u0105cych si\u0119 ju\u017c w obozie wi\u0119\u017ani\u00f3w prowadzono do k\u0105pieli najpierw raz na tydzie\u0144, p\u00f3\u017aniej rzadziej. Po k\u0105pieli nowi wi\u0119\u017aniowie, pop\u0119dzani przez... Zobacz artyku\u0142","og_url":"https:\/\/www.kz-gedenkstaette-dachau.de\/pl\/miejsce-historyczne\/wirtualne-zwiedzanie\/laznia-obozowa\/","og_site_name":"KZ Gedenkst\u00e4tte Dachau","article_modified_time":"2020-01-30T13:48:36+00:00","twitter_card":"summary_large_image","twitter_misc":{"Szacowany czas czytania":"2 minuty"},"schema":{"@context":"https:\/\/schema.org","@graph":[{"@type":"WebPage","@id":"https:\/\/www.kz-gedenkstaette-dachau.de\/pl\/miejsce-historyczne\/wirtualne-zwiedzanie\/laznia-obozowa\/","url":"https:\/\/www.kz-gedenkstaette-dachau.de\/pl\/miejsce-historyczne\/wirtualne-zwiedzanie\/laznia-obozowa\/","name":"\u0141a\u017ania obozowa - KZ Gedenkst\u00e4tte Dachau","isPartOf":{"@id":"https:\/\/www.kz-gedenkstaette-dachau.de\/#website"},"datePublished":"2018-09-04T10:39:42+00:00","dateModified":"2020-01-30T13:48:36+00:00","breadcrumb":{"@id":"https:\/\/www.kz-gedenkstaette-dachau.de\/pl\/miejsce-historyczne\/wirtualne-zwiedzanie\/laznia-obozowa\/#breadcrumb"},"inLanguage":"pl-PL","potentialAction":[{"@type":"ReadAction","target":["https:\/\/www.kz-gedenkstaette-dachau.de\/pl\/miejsce-historyczne\/wirtualne-zwiedzanie\/laznia-obozowa\/"]}]},{"@type":"BreadcrumbList","@id":"https:\/\/www.kz-gedenkstaette-dachau.de\/pl\/miejsce-historyczne\/wirtualne-zwiedzanie\/laznia-obozowa\/#breadcrumb","itemListElement":[{"@type":"ListItem","position":1,"name":"Strona gl\u00f3wna","item":"https:\/\/www.kz-gedenkstaette-dachau.de\/pl\/"},{"@type":"ListItem","position":2,"name":"Miejsce historyczne","item":"https:\/\/www.kz-gedenkstaette-dachau.de\/pl\/miejsce-historyczne\/"},{"@type":"ListItem","position":3,"name":"Wirtualne zwiedzanie","item":"https:\/\/www.kz-gedenkstaette-dachau.de\/pl\/miejsce-historyczne\/wirtualne-zwiedzanie\/"},{"@type":"ListItem","position":4,"name":"\u0141a\u017ania obozowa"}]},{"@type":"WebSite","@id":"https:\/\/www.kz-gedenkstaette-dachau.de\/#website","url":"https:\/\/www.kz-gedenkstaette-dachau.de\/","name":"KZ Gedenkst\u00e4tte Dachau","description":"","potentialAction":[{"@type":"SearchAction","target":{"@type":"EntryPoint","urlTemplate":"https:\/\/www.kz-gedenkstaette-dachau.de\/?s={search_term_string}"},"query-input":{"@type":"PropertyValueSpecification","valueRequired":true,"valueName":"search_term_string"}}],"inLanguage":"pl-PL"}]}},"_links":{"self":[{"href":"https:\/\/www.kz-gedenkstaette-dachau.de\/pl\/wp-json\/wp\/v2\/pages\/57009","targetHints":{"allow":["GET"]}}],"collection":[{"href":"https:\/\/www.kz-gedenkstaette-dachau.de\/pl\/wp-json\/wp\/v2\/pages"}],"about":[{"href":"https:\/\/www.kz-gedenkstaette-dachau.de\/pl\/wp-json\/wp\/v2\/types\/page"}],"author":[{"embeddable":true,"href":"https:\/\/www.kz-gedenkstaette-dachau.de\/pl\/wp-json\/wp\/v2\/users\/1"}],"replies":[{"embeddable":true,"href":"https:\/\/www.kz-gedenkstaette-dachau.de\/pl\/wp-json\/wp\/v2\/comments?post=57009"}],"version-history":[{"count":0,"href":"https:\/\/www.kz-gedenkstaette-dachau.de\/pl\/wp-json\/wp\/v2\/pages\/57009\/revisions"}],"up":[{"embeddable":true,"href":"https:\/\/www.kz-gedenkstaette-dachau.de\/pl\/wp-json\/wp\/v2\/pages\/56973"}],"wp:attachment":[{"href":"https:\/\/www.kz-gedenkstaette-dachau.de\/pl\/wp-json\/wp\/v2\/media?parent=57009"}],"curies":[{"name":"wp","href":"https:\/\/api.w.org\/{rel}","templated":true}]}}