{"id":57013,"date":"2018-09-04T12:41:07","date_gmt":"2018-09-04T10:41:07","guid":{"rendered":"https:\/\/www.kz-gedenkstaette-dachau.de\/miejsce-historyczne\/wirtualne-zwiedzanie\/lagergefaengnis\/"},"modified":"2020-01-30T14:50:35","modified_gmt":"2020-01-30T13:50:35","slug":"wiezienie-obozowe-wystawa","status":"publish","type":"page","link":"https:\/\/www.kz-gedenkstaette-dachau.de\/pl\/miejsce-historyczne\/wirtualne-zwiedzanie\/wiezienie-obozowe-wystawa\/","title":{"rendered":"Wi\u0119zienie obozowe (Wystawa)"},"content":{"rendered":"<p>bunW by\u0142ym wi\u0119zieniu obozowym znajduje si\u0119 wystawa po\u015bwi\u0119cona historii budynku. Budynek aresztu by\u0142 dla wi\u0119\u017ani\u00f3w centralnym miejscem terroru, gdzie SS stosowa\u0142o zaostrzone \u015brodki karne. W j\u0119zyku SS budynek nosi\u0142 nazw\u0119 \u201earesztu komendantury\u201d. Wi\u0119\u017aniowie nazywali go \u201ebunkrem\u201d. Zachowana do dzisiaj konstrukcja wzniesiona zosta\u0142a w latach 1937\/38.<\/p>\n<p>W trakcie centralnym na planie kwadratu znajdowa\u0142y si\u0119 pomieszczenia biurowe personelu stra\u017cniczego, pomieszczenie \u015bledcze i rejestracyjne. \u015aciany pomieszczenia przes\u0142ucha\u0144 by\u0142y wyt\u0142umione, aby krzyki przes\u0142uchiwanych nie wydobywa\u0142y si\u0119 na zewn\u0105trz. Esesmani spisywali tam personalia wi\u0119\u017ani\u00f3w i przes\u0142uchiwali ich. W skrzydle wschodnim i zachodnim znajdowa\u0142y si\u0119 pojedyncze cele, w kt\u00f3rych tygodniami i miesi\u0105cami przetrzymywano wi\u0119\u017ani\u00f3w przy minimalnych racjach \u017cywno\u015bciowych i pod sta\u0142\u0105 obserwacj\u0105. W wi\u0119zieniu esesmani bili i torturowali swoje ofiary, wymuszaj\u0105c w ten spos\u00f3b zeznania. Wielu wi\u0119\u017ani\u00f3w nie wytrzymywa\u0142o tych przes\u0142ucha\u0144. W 1944 r. wybudowano w \u201ebunkrze\u201d cztery ma\u0142e cele o wymiarach 80x80cm, w kt\u00f3rych wi\u0119\u017aniowie przebywali na stoj\u0105co. W tych w\u0105skich, murowanych klatkach wi\u0119\u017aniowie musieli przebywa\u0107 najcz\u0119\u015bciej po kilka dni przy niewielkim dop\u0142ywie powietrza i bardzo sk\u0105pych racjach \u017cywno\u015bciowych.<\/p>\n<p>Od 1941 r. przetrzymywano w celach wi\u0119ziennych obozu tzw. \u201ewi\u0119\u017ani\u00f3w specjalnych\u201d. By\u0142y to prominentne osoby, wi\u0119zione przez SS w charakterze zak\u0142adnik\u00f3w z powod\u00f3w wojenno-taktycznych. W latach 1941\/42 urz\u0105dzono we wschodnim skrzydle traktu wi\u0119ziennego oraz w przylegaj\u0105cej przybud\u00f3wce karny oddzia\u0142 dla esesman\u00f3w, policjant\u00f3w i cz\u0142onk\u00f3w formacji ochrony przeciwlotniczej. Przybud\u00f3wka ta dzisiaj nie istnieje.<\/p>\n<p>W podw\u00f3rzu mi\u0119dzy budynkiem gospodarczym i wi\u0119zieniem obozowym esesmani zn\u0119cali si\u0119 nad wi\u0119\u017aniami i wielu z nich tam zamordowali. Na zagrodzonym murem wschodnim dziedzi\u0144cu \u201ebunkra\u201d SS urz\u0105dzi\u0142o miejsce strace\u0144, wyposa\u017cone w s\u0142upy i kulochwyt. Od ko\u0144ca 1941 r. zacz\u0119to tam rozstrzeliwa\u0107 radzieckich je\u0144c\u00f3w wojennych. Z uwagi na ch\u0119\u0107 zachowania tych fakt\u00f3w w tajemnicy, masowych egzekucji dokonywano potem na pobliskiej \u201eStrzelnicy SS w Herbertshausen\u201d.<\/p>\n","protected":false},"excerpt":{"rendered":"<p>bunW by\u0142ym wi\u0119zieniu obozowym znajduje si\u0119 wystawa po\u015bwi\u0119cona historii budynku. Budynek aresztu by\u0142 dla wi\u0119\u017ani\u00f3w centralnym miejscem terroru, gdzie SS stosowa\u0142o zaostrzone \u015brodki karne. W j\u0119zyku SS budynek nosi\u0142 nazw\u0119 \u201earesztu komendantury\u201d. Wi\u0119\u017aniowie nazywali go \u201ebunkrem\u201d. Zachowana do dzisiaj konstrukcja wzniesiona zosta\u0142a w latach 1937\/38. W trakcie centralnym na planie kwadratu znajdowa\u0142y si\u0119 pomieszczenia biurowe&#8230; <a class=\"view-article\" href=\"https:\/\/www.kz-gedenkstaette-dachau.de\/pl\/miejsce-historyczne\/wirtualne-zwiedzanie\/wiezienie-obozowe-wystawa\/\">Zobacz artyku\u0142<\/a><\/p>\n","protected":false},"author":1,"featured_media":0,"parent":56973,"menu_order":800,"comment_status":"closed","ping_status":"closed","template":"page-virtueller_rundgang_unterseite.php","meta":{"_acf_changed":false,"footnotes":""},"class_list":["post-57013","page","type-page","status-publish","hentry"],"acf":[],"yoast_head":"<!-- This site is optimized with the Yoast SEO plugin v27.3 - https:\/\/yoast.com\/product\/yoast-seo-wordpress\/ -->\n<title>Wi\u0119zienie obozowe (Wystawa) - KZ Gedenkst\u00e4tte Dachau<\/title>\n<meta name=\"robots\" content=\"index, follow, max-snippet:-1, max-image-preview:large, max-video-preview:-1\" \/>\n<link rel=\"canonical\" href=\"https:\/\/www.kz-gedenkstaette-dachau.de\/pl\/miejsce-historyczne\/wirtualne-zwiedzanie\/wiezienie-obozowe-wystawa\/\" \/>\n<meta property=\"og:locale\" content=\"pl_PL\" \/>\n<meta property=\"og:type\" content=\"article\" \/>\n<meta property=\"og:title\" content=\"Wi\u0119zienie obozowe (Wystawa) - KZ Gedenkst\u00e4tte Dachau\" \/>\n<meta property=\"og:description\" content=\"bunW by\u0142ym wi\u0119zieniu obozowym znajduje si\u0119 wystawa po\u015bwi\u0119cona historii budynku. Budynek aresztu by\u0142 dla wi\u0119\u017ani\u00f3w centralnym miejscem terroru, gdzie SS stosowa\u0142o zaostrzone \u015brodki karne. W j\u0119zyku SS budynek nosi\u0142 nazw\u0119 \u201earesztu komendantury\u201d. Wi\u0119\u017aniowie nazywali go \u201ebunkrem\u201d. Zachowana do dzisiaj konstrukcja wzniesiona zosta\u0142a w latach 1937\/38. W trakcie centralnym na planie kwadratu znajdowa\u0142y si\u0119 pomieszczenia biurowe... Zobacz artyku\u0142\" \/>\n<meta property=\"og:url\" content=\"https:\/\/www.kz-gedenkstaette-dachau.de\/pl\/miejsce-historyczne\/wirtualne-zwiedzanie\/wiezienie-obozowe-wystawa\/\" \/>\n<meta property=\"og:site_name\" content=\"KZ Gedenkst\u00e4tte Dachau\" \/>\n<meta property=\"article:modified_time\" content=\"2020-01-30T13:50:35+00:00\" \/>\n<meta name=\"twitter:card\" content=\"summary_large_image\" \/>\n<meta name=\"twitter:label1\" content=\"Szacowany czas czytania\" \/>\n\t<meta name=\"twitter:data1\" content=\"2 minuty\" \/>\n<script type=\"application\/ld+json\" class=\"yoast-schema-graph\">{\"@context\":\"https:\\\/\\\/schema.org\",\"@graph\":[{\"@type\":\"WebPage\",\"@id\":\"https:\\\/\\\/www.kz-gedenkstaette-dachau.de\\\/pl\\\/miejsce-historyczne\\\/wirtualne-zwiedzanie\\\/wiezienie-obozowe-wystawa\\\/\",\"url\":\"https:\\\/\\\/www.kz-gedenkstaette-dachau.de\\\/pl\\\/miejsce-historyczne\\\/wirtualne-zwiedzanie\\\/wiezienie-obozowe-wystawa\\\/\",\"name\":\"Wi\u0119zienie obozowe (Wystawa) - KZ Gedenkst\u00e4tte Dachau\",\"isPartOf\":{\"@id\":\"https:\\\/\\\/www.kz-gedenkstaette-dachau.de\\\/#website\"},\"datePublished\":\"2018-09-04T10:41:07+00:00\",\"dateModified\":\"2020-01-30T13:50:35+00:00\",\"breadcrumb\":{\"@id\":\"https:\\\/\\\/www.kz-gedenkstaette-dachau.de\\\/pl\\\/miejsce-historyczne\\\/wirtualne-zwiedzanie\\\/wiezienie-obozowe-wystawa\\\/#breadcrumb\"},\"inLanguage\":\"pl-PL\",\"potentialAction\":[{\"@type\":\"ReadAction\",\"target\":[\"https:\\\/\\\/www.kz-gedenkstaette-dachau.de\\\/pl\\\/miejsce-historyczne\\\/wirtualne-zwiedzanie\\\/wiezienie-obozowe-wystawa\\\/\"]}]},{\"@type\":\"BreadcrumbList\",\"@id\":\"https:\\\/\\\/www.kz-gedenkstaette-dachau.de\\\/pl\\\/miejsce-historyczne\\\/wirtualne-zwiedzanie\\\/wiezienie-obozowe-wystawa\\\/#breadcrumb\",\"itemListElement\":[{\"@type\":\"ListItem\",\"position\":1,\"name\":\"Strona gl\u00f3wna\",\"item\":\"https:\\\/\\\/www.kz-gedenkstaette-dachau.de\\\/pl\\\/\"},{\"@type\":\"ListItem\",\"position\":2,\"name\":\"Miejsce historyczne\",\"item\":\"https:\\\/\\\/www.kz-gedenkstaette-dachau.de\\\/pl\\\/miejsce-historyczne\\\/\"},{\"@type\":\"ListItem\",\"position\":3,\"name\":\"Wirtualne zwiedzanie\",\"item\":\"https:\\\/\\\/www.kz-gedenkstaette-dachau.de\\\/pl\\\/miejsce-historyczne\\\/wirtualne-zwiedzanie\\\/\"},{\"@type\":\"ListItem\",\"position\":4,\"name\":\"Wi\u0119zienie obozowe (Wystawa)\"}]},{\"@type\":\"WebSite\",\"@id\":\"https:\\\/\\\/www.kz-gedenkstaette-dachau.de\\\/#website\",\"url\":\"https:\\\/\\\/www.kz-gedenkstaette-dachau.de\\\/\",\"name\":\"KZ Gedenkst\u00e4tte Dachau\",\"description\":\"\",\"potentialAction\":[{\"@type\":\"SearchAction\",\"target\":{\"@type\":\"EntryPoint\",\"urlTemplate\":\"https:\\\/\\\/www.kz-gedenkstaette-dachau.de\\\/?s={search_term_string}\"},\"query-input\":{\"@type\":\"PropertyValueSpecification\",\"valueRequired\":true,\"valueName\":\"search_term_string\"}}],\"inLanguage\":\"pl-PL\"}]}<\/script>\n<!-- \/ Yoast SEO plugin. -->","yoast_head_json":{"title":"Wi\u0119zienie obozowe (Wystawa) - KZ Gedenkst\u00e4tte Dachau","robots":{"index":"index","follow":"follow","max-snippet":"max-snippet:-1","max-image-preview":"max-image-preview:large","max-video-preview":"max-video-preview:-1"},"canonical":"https:\/\/www.kz-gedenkstaette-dachau.de\/pl\/miejsce-historyczne\/wirtualne-zwiedzanie\/wiezienie-obozowe-wystawa\/","og_locale":"pl_PL","og_type":"article","og_title":"Wi\u0119zienie obozowe (Wystawa) - KZ Gedenkst\u00e4tte Dachau","og_description":"bunW by\u0142ym wi\u0119zieniu obozowym znajduje si\u0119 wystawa po\u015bwi\u0119cona historii budynku. Budynek aresztu by\u0142 dla wi\u0119\u017ani\u00f3w centralnym miejscem terroru, gdzie SS stosowa\u0142o zaostrzone \u015brodki karne. W j\u0119zyku SS budynek nosi\u0142 nazw\u0119 \u201earesztu komendantury\u201d. Wi\u0119\u017aniowie nazywali go \u201ebunkrem\u201d. Zachowana do dzisiaj konstrukcja wzniesiona zosta\u0142a w latach 1937\/38. W trakcie centralnym na planie kwadratu znajdowa\u0142y si\u0119 pomieszczenia biurowe... Zobacz artyku\u0142","og_url":"https:\/\/www.kz-gedenkstaette-dachau.de\/pl\/miejsce-historyczne\/wirtualne-zwiedzanie\/wiezienie-obozowe-wystawa\/","og_site_name":"KZ Gedenkst\u00e4tte Dachau","article_modified_time":"2020-01-30T13:50:35+00:00","twitter_card":"summary_large_image","twitter_misc":{"Szacowany czas czytania":"2 minuty"},"schema":{"@context":"https:\/\/schema.org","@graph":[{"@type":"WebPage","@id":"https:\/\/www.kz-gedenkstaette-dachau.de\/pl\/miejsce-historyczne\/wirtualne-zwiedzanie\/wiezienie-obozowe-wystawa\/","url":"https:\/\/www.kz-gedenkstaette-dachau.de\/pl\/miejsce-historyczne\/wirtualne-zwiedzanie\/wiezienie-obozowe-wystawa\/","name":"Wi\u0119zienie obozowe (Wystawa) - KZ Gedenkst\u00e4tte Dachau","isPartOf":{"@id":"https:\/\/www.kz-gedenkstaette-dachau.de\/#website"},"datePublished":"2018-09-04T10:41:07+00:00","dateModified":"2020-01-30T13:50:35+00:00","breadcrumb":{"@id":"https:\/\/www.kz-gedenkstaette-dachau.de\/pl\/miejsce-historyczne\/wirtualne-zwiedzanie\/wiezienie-obozowe-wystawa\/#breadcrumb"},"inLanguage":"pl-PL","potentialAction":[{"@type":"ReadAction","target":["https:\/\/www.kz-gedenkstaette-dachau.de\/pl\/miejsce-historyczne\/wirtualne-zwiedzanie\/wiezienie-obozowe-wystawa\/"]}]},{"@type":"BreadcrumbList","@id":"https:\/\/www.kz-gedenkstaette-dachau.de\/pl\/miejsce-historyczne\/wirtualne-zwiedzanie\/wiezienie-obozowe-wystawa\/#breadcrumb","itemListElement":[{"@type":"ListItem","position":1,"name":"Strona gl\u00f3wna","item":"https:\/\/www.kz-gedenkstaette-dachau.de\/pl\/"},{"@type":"ListItem","position":2,"name":"Miejsce historyczne","item":"https:\/\/www.kz-gedenkstaette-dachau.de\/pl\/miejsce-historyczne\/"},{"@type":"ListItem","position":3,"name":"Wirtualne zwiedzanie","item":"https:\/\/www.kz-gedenkstaette-dachau.de\/pl\/miejsce-historyczne\/wirtualne-zwiedzanie\/"},{"@type":"ListItem","position":4,"name":"Wi\u0119zienie obozowe (Wystawa)"}]},{"@type":"WebSite","@id":"https:\/\/www.kz-gedenkstaette-dachau.de\/#website","url":"https:\/\/www.kz-gedenkstaette-dachau.de\/","name":"KZ Gedenkst\u00e4tte Dachau","description":"","potentialAction":[{"@type":"SearchAction","target":{"@type":"EntryPoint","urlTemplate":"https:\/\/www.kz-gedenkstaette-dachau.de\/?s={search_term_string}"},"query-input":{"@type":"PropertyValueSpecification","valueRequired":true,"valueName":"search_term_string"}}],"inLanguage":"pl-PL"}]}},"_links":{"self":[{"href":"https:\/\/www.kz-gedenkstaette-dachau.de\/pl\/wp-json\/wp\/v2\/pages\/57013","targetHints":{"allow":["GET"]}}],"collection":[{"href":"https:\/\/www.kz-gedenkstaette-dachau.de\/pl\/wp-json\/wp\/v2\/pages"}],"about":[{"href":"https:\/\/www.kz-gedenkstaette-dachau.de\/pl\/wp-json\/wp\/v2\/types\/page"}],"author":[{"embeddable":true,"href":"https:\/\/www.kz-gedenkstaette-dachau.de\/pl\/wp-json\/wp\/v2\/users\/1"}],"replies":[{"embeddable":true,"href":"https:\/\/www.kz-gedenkstaette-dachau.de\/pl\/wp-json\/wp\/v2\/comments?post=57013"}],"version-history":[{"count":0,"href":"https:\/\/www.kz-gedenkstaette-dachau.de\/pl\/wp-json\/wp\/v2\/pages\/57013\/revisions"}],"up":[{"embeddable":true,"href":"https:\/\/www.kz-gedenkstaette-dachau.de\/pl\/wp-json\/wp\/v2\/pages\/56973"}],"wp:attachment":[{"href":"https:\/\/www.kz-gedenkstaette-dachau.de\/pl\/wp-json\/wp\/v2\/media?parent=57013"}],"curies":[{"name":"wp","href":"https:\/\/api.w.org\/{rel}","templated":true}]}}