{"id":57017,"date":"2018-09-04T12:41:43","date_gmt":"2018-09-04T10:41:43","guid":{"rendered":"https:\/\/www.kz-gedenkstaette-dachau.de\/miejsce-historyczne\/wirtualne-zwiedzanie\/baracken\/"},"modified":"2020-01-30T14:51:57","modified_gmt":"2020-01-30T13:51:57","slug":"baraki-wystawa","status":"publish","type":"page","link":"https:\/\/www.kz-gedenkstaette-dachau.de\/pl\/miejsce-historyczne\/wirtualne-zwiedzanie\/baraki-wystawa\/","title":{"rendered":"Baraki (Wystawa)"},"content":{"rendered":"<p>stockW ramach powi\u0119kszania obozu wzniesiono z polecenia SS w latach 1937\/38 kompleks 34 barak\u00f3w, z tego 4 funkcyjnych i 30 mieszkalnych. Zosta\u0142 on w latach\u00a0 1964\/65 wyburzony. Dwa budynki, kt\u00f3re dzisiaj stoj\u0105 na pocz\u0105tku by\u0142ej drogi obozowej, to repliki pochodz\u0105ce z 1965 r. W zrekonstruowanym baraku po stronie wschodniej znajduje si\u0119 wystawa ilustruj\u0105ca zakwaterowanie i warunki \u017cyciowe wi\u0119\u017ani\u00f3w. Po\u0142o\u017cenie pozosta\u0142ych 32 barak\u00f3w odtwarzaj\u0105 betonowe zarysy, wylane w 1965 r.<\/p>\n<p>Ka\u017cdy barak, nazywany w j\u0119zyku obozowym tak\u017ce \u201eblokiem\u201d, dzieli\u0142 si\u0119 na cztery \u201esztuby\u201d. W ka\u017cdej z nich znajdowa\u0142o si\u0119 pomieszczenie mieszkalne ze sto\u0142em, sto\u0142kami i szaf\u0105 oraz sypialnia, wyposa\u017cona w drewniane, pi\u0119trowe prycze. Wi\u0119\u017aniowie byli zdani na \u0142ask\u0119 i nie\u0142ask\u0119 esesma\u0144skich blockf\u00fchrer\u00f3w. Szykanowali oni wi\u0119\u017ani\u00f3w drobiazgowymi przepisami dotycz\u0105cymi czysto\u015bci pod\u0142\u00f3g, porz\u0105dku w szafach lub \u015bcielenia prycz. Minimalne odst\u0119pstwa o tych przepis\u00f3w poci\u0105ga\u0142y za sob\u0105 surowe kary.<\/p>\n<p>Kubatura barak\u00f3w mieszkalnych obliczona by\u0142a na 200 os\u00f3b, ale pod koniec wojny mieszka\u0142o w nich nawet do 2000 wi\u0119\u017ani\u00f3w. W pierwszym baraku na lewo od drogi obozowej znajdowa\u0142y si\u0119 kantyna, kancelaria obozowa, biblioteka, muzeum SS oraz pomieszczenia seminaryjne dla szkolenia personelu wi\u0119ziennego. Na prawo od drogi obozowej znajdowa\u0142 si\u0119 rewir szpitalny, kt\u00f3ry wskutek op\u0142akanego stanu zdrowia wi\u0119\u017ani\u00f3w rozci\u0105ga\u0142 si\u0119 na coraz to nowe bloki. Za nim sta\u0142y bloki karne i baraki, w kt\u00f3rych nowoprzybyli wi\u0119\u017aniowie odbywali kwarantann\u0119.<\/p>\n","protected":false},"excerpt":{"rendered":"<p>stockW ramach powi\u0119kszania obozu wzniesiono z polecenia SS w latach 1937\/38 kompleks 34 barak\u00f3w, z tego 4 funkcyjnych i 30 mieszkalnych. Zosta\u0142 on w latach\u00a0 1964\/65 wyburzony. Dwa budynki, kt\u00f3re dzisiaj stoj\u0105 na pocz\u0105tku by\u0142ej drogi obozowej, to repliki pochodz\u0105ce z 1965 r. W zrekonstruowanym baraku po stronie wschodniej znajduje si\u0119 wystawa ilustruj\u0105ca zakwaterowanie i&#8230; <a class=\"view-article\" href=\"https:\/\/www.kz-gedenkstaette-dachau.de\/pl\/miejsce-historyczne\/wirtualne-zwiedzanie\/baraki-wystawa\/\">Zobacz artyku\u0142<\/a><\/p>\n","protected":false},"author":1,"featured_media":0,"parent":56973,"menu_order":900,"comment_status":"closed","ping_status":"closed","template":"page-virtueller_rundgang_unterseite.php","meta":{"_acf_changed":false,"footnotes":""},"class_list":["post-57017","page","type-page","status-publish","hentry"],"acf":[],"yoast_head":"<!-- This site is optimized with the Yoast SEO plugin v27.3 - https:\/\/yoast.com\/product\/yoast-seo-wordpress\/ -->\n<title>Baraki (Wystawa) - KZ Gedenkst\u00e4tte Dachau<\/title>\n<meta name=\"robots\" content=\"index, follow, max-snippet:-1, max-image-preview:large, max-video-preview:-1\" \/>\n<link rel=\"canonical\" href=\"https:\/\/www.kz-gedenkstaette-dachau.de\/pl\/miejsce-historyczne\/wirtualne-zwiedzanie\/baraki-wystawa\/\" \/>\n<meta property=\"og:locale\" content=\"pl_PL\" \/>\n<meta property=\"og:type\" content=\"article\" \/>\n<meta property=\"og:title\" content=\"Baraki (Wystawa) - KZ Gedenkst\u00e4tte Dachau\" \/>\n<meta property=\"og:description\" content=\"stockW ramach powi\u0119kszania obozu wzniesiono z polecenia SS w latach 1937\/38 kompleks 34 barak\u00f3w, z tego 4 funkcyjnych i 30 mieszkalnych. Zosta\u0142 on w latach\u00a0 1964\/65 wyburzony. Dwa budynki, kt\u00f3re dzisiaj stoj\u0105 na pocz\u0105tku by\u0142ej drogi obozowej, to repliki pochodz\u0105ce z 1965 r. W zrekonstruowanym baraku po stronie wschodniej znajduje si\u0119 wystawa ilustruj\u0105ca zakwaterowanie i... Zobacz artyku\u0142\" \/>\n<meta property=\"og:url\" content=\"https:\/\/www.kz-gedenkstaette-dachau.de\/pl\/miejsce-historyczne\/wirtualne-zwiedzanie\/baraki-wystawa\/\" \/>\n<meta property=\"og:site_name\" content=\"KZ Gedenkst\u00e4tte Dachau\" \/>\n<meta property=\"article:modified_time\" content=\"2020-01-30T13:51:57+00:00\" \/>\n<meta name=\"twitter:card\" content=\"summary_large_image\" \/>\n<meta name=\"twitter:label1\" content=\"Szacowany czas czytania\" \/>\n\t<meta name=\"twitter:data1\" content=\"1 minuta\" \/>\n<script type=\"application\/ld+json\" class=\"yoast-schema-graph\">{\"@context\":\"https:\\\/\\\/schema.org\",\"@graph\":[{\"@type\":\"WebPage\",\"@id\":\"https:\\\/\\\/www.kz-gedenkstaette-dachau.de\\\/pl\\\/miejsce-historyczne\\\/wirtualne-zwiedzanie\\\/baraki-wystawa\\\/\",\"url\":\"https:\\\/\\\/www.kz-gedenkstaette-dachau.de\\\/pl\\\/miejsce-historyczne\\\/wirtualne-zwiedzanie\\\/baraki-wystawa\\\/\",\"name\":\"Baraki (Wystawa) - KZ Gedenkst\u00e4tte Dachau\",\"isPartOf\":{\"@id\":\"https:\\\/\\\/www.kz-gedenkstaette-dachau.de\\\/#website\"},\"datePublished\":\"2018-09-04T10:41:43+00:00\",\"dateModified\":\"2020-01-30T13:51:57+00:00\",\"breadcrumb\":{\"@id\":\"https:\\\/\\\/www.kz-gedenkstaette-dachau.de\\\/pl\\\/miejsce-historyczne\\\/wirtualne-zwiedzanie\\\/baraki-wystawa\\\/#breadcrumb\"},\"inLanguage\":\"pl-PL\",\"potentialAction\":[{\"@type\":\"ReadAction\",\"target\":[\"https:\\\/\\\/www.kz-gedenkstaette-dachau.de\\\/pl\\\/miejsce-historyczne\\\/wirtualne-zwiedzanie\\\/baraki-wystawa\\\/\"]}]},{\"@type\":\"BreadcrumbList\",\"@id\":\"https:\\\/\\\/www.kz-gedenkstaette-dachau.de\\\/pl\\\/miejsce-historyczne\\\/wirtualne-zwiedzanie\\\/baraki-wystawa\\\/#breadcrumb\",\"itemListElement\":[{\"@type\":\"ListItem\",\"position\":1,\"name\":\"Strona gl\u00f3wna\",\"item\":\"https:\\\/\\\/www.kz-gedenkstaette-dachau.de\\\/pl\\\/\"},{\"@type\":\"ListItem\",\"position\":2,\"name\":\"Miejsce historyczne\",\"item\":\"https:\\\/\\\/www.kz-gedenkstaette-dachau.de\\\/pl\\\/miejsce-historyczne\\\/\"},{\"@type\":\"ListItem\",\"position\":3,\"name\":\"Wirtualne zwiedzanie\",\"item\":\"https:\\\/\\\/www.kz-gedenkstaette-dachau.de\\\/pl\\\/miejsce-historyczne\\\/wirtualne-zwiedzanie\\\/\"},{\"@type\":\"ListItem\",\"position\":4,\"name\":\"Baraki (Wystawa)\"}]},{\"@type\":\"WebSite\",\"@id\":\"https:\\\/\\\/www.kz-gedenkstaette-dachau.de\\\/#website\",\"url\":\"https:\\\/\\\/www.kz-gedenkstaette-dachau.de\\\/\",\"name\":\"KZ Gedenkst\u00e4tte Dachau\",\"description\":\"\",\"potentialAction\":[{\"@type\":\"SearchAction\",\"target\":{\"@type\":\"EntryPoint\",\"urlTemplate\":\"https:\\\/\\\/www.kz-gedenkstaette-dachau.de\\\/?s={search_term_string}\"},\"query-input\":{\"@type\":\"PropertyValueSpecification\",\"valueRequired\":true,\"valueName\":\"search_term_string\"}}],\"inLanguage\":\"pl-PL\"}]}<\/script>\n<!-- \/ Yoast SEO plugin. -->","yoast_head_json":{"title":"Baraki (Wystawa) - KZ Gedenkst\u00e4tte Dachau","robots":{"index":"index","follow":"follow","max-snippet":"max-snippet:-1","max-image-preview":"max-image-preview:large","max-video-preview":"max-video-preview:-1"},"canonical":"https:\/\/www.kz-gedenkstaette-dachau.de\/pl\/miejsce-historyczne\/wirtualne-zwiedzanie\/baraki-wystawa\/","og_locale":"pl_PL","og_type":"article","og_title":"Baraki (Wystawa) - KZ Gedenkst\u00e4tte Dachau","og_description":"stockW ramach powi\u0119kszania obozu wzniesiono z polecenia SS w latach 1937\/38 kompleks 34 barak\u00f3w, z tego 4 funkcyjnych i 30 mieszkalnych. Zosta\u0142 on w latach\u00a0 1964\/65 wyburzony. Dwa budynki, kt\u00f3re dzisiaj stoj\u0105 na pocz\u0105tku by\u0142ej drogi obozowej, to repliki pochodz\u0105ce z 1965 r. W zrekonstruowanym baraku po stronie wschodniej znajduje si\u0119 wystawa ilustruj\u0105ca zakwaterowanie i... Zobacz artyku\u0142","og_url":"https:\/\/www.kz-gedenkstaette-dachau.de\/pl\/miejsce-historyczne\/wirtualne-zwiedzanie\/baraki-wystawa\/","og_site_name":"KZ Gedenkst\u00e4tte Dachau","article_modified_time":"2020-01-30T13:51:57+00:00","twitter_card":"summary_large_image","twitter_misc":{"Szacowany czas czytania":"1 minuta"},"schema":{"@context":"https:\/\/schema.org","@graph":[{"@type":"WebPage","@id":"https:\/\/www.kz-gedenkstaette-dachau.de\/pl\/miejsce-historyczne\/wirtualne-zwiedzanie\/baraki-wystawa\/","url":"https:\/\/www.kz-gedenkstaette-dachau.de\/pl\/miejsce-historyczne\/wirtualne-zwiedzanie\/baraki-wystawa\/","name":"Baraki (Wystawa) - KZ Gedenkst\u00e4tte Dachau","isPartOf":{"@id":"https:\/\/www.kz-gedenkstaette-dachau.de\/#website"},"datePublished":"2018-09-04T10:41:43+00:00","dateModified":"2020-01-30T13:51:57+00:00","breadcrumb":{"@id":"https:\/\/www.kz-gedenkstaette-dachau.de\/pl\/miejsce-historyczne\/wirtualne-zwiedzanie\/baraki-wystawa\/#breadcrumb"},"inLanguage":"pl-PL","potentialAction":[{"@type":"ReadAction","target":["https:\/\/www.kz-gedenkstaette-dachau.de\/pl\/miejsce-historyczne\/wirtualne-zwiedzanie\/baraki-wystawa\/"]}]},{"@type":"BreadcrumbList","@id":"https:\/\/www.kz-gedenkstaette-dachau.de\/pl\/miejsce-historyczne\/wirtualne-zwiedzanie\/baraki-wystawa\/#breadcrumb","itemListElement":[{"@type":"ListItem","position":1,"name":"Strona gl\u00f3wna","item":"https:\/\/www.kz-gedenkstaette-dachau.de\/pl\/"},{"@type":"ListItem","position":2,"name":"Miejsce historyczne","item":"https:\/\/www.kz-gedenkstaette-dachau.de\/pl\/miejsce-historyczne\/"},{"@type":"ListItem","position":3,"name":"Wirtualne zwiedzanie","item":"https:\/\/www.kz-gedenkstaette-dachau.de\/pl\/miejsce-historyczne\/wirtualne-zwiedzanie\/"},{"@type":"ListItem","position":4,"name":"Baraki (Wystawa)"}]},{"@type":"WebSite","@id":"https:\/\/www.kz-gedenkstaette-dachau.de\/#website","url":"https:\/\/www.kz-gedenkstaette-dachau.de\/","name":"KZ Gedenkst\u00e4tte Dachau","description":"","potentialAction":[{"@type":"SearchAction","target":{"@type":"EntryPoint","urlTemplate":"https:\/\/www.kz-gedenkstaette-dachau.de\/?s={search_term_string}"},"query-input":{"@type":"PropertyValueSpecification","valueRequired":true,"valueName":"search_term_string"}}],"inLanguage":"pl-PL"}]}},"_links":{"self":[{"href":"https:\/\/www.kz-gedenkstaette-dachau.de\/pl\/wp-json\/wp\/v2\/pages\/57017","targetHints":{"allow":["GET"]}}],"collection":[{"href":"https:\/\/www.kz-gedenkstaette-dachau.de\/pl\/wp-json\/wp\/v2\/pages"}],"about":[{"href":"https:\/\/www.kz-gedenkstaette-dachau.de\/pl\/wp-json\/wp\/v2\/types\/page"}],"author":[{"embeddable":true,"href":"https:\/\/www.kz-gedenkstaette-dachau.de\/pl\/wp-json\/wp\/v2\/users\/1"}],"replies":[{"embeddable":true,"href":"https:\/\/www.kz-gedenkstaette-dachau.de\/pl\/wp-json\/wp\/v2\/comments?post=57017"}],"version-history":[{"count":0,"href":"https:\/\/www.kz-gedenkstaette-dachau.de\/pl\/wp-json\/wp\/v2\/pages\/57017\/revisions"}],"up":[{"embeddable":true,"href":"https:\/\/www.kz-gedenkstaette-dachau.de\/pl\/wp-json\/wp\/v2\/pages\/56973"}],"wp:attachment":[{"href":"https:\/\/www.kz-gedenkstaette-dachau.de\/pl\/wp-json\/wp\/v2\/media?parent=57017"}],"curies":[{"name":"wp","href":"https:\/\/api.w.org\/{rel}","templated":true}]}}