{"id":57021,"date":"2018-09-04T12:42:03","date_gmt":"2018-09-04T10:42:03","guid":{"rendered":"https:\/\/www.kz-gedenkstaette-dachau.de\/miejsce-historyczne\/wirtualne-zwiedzanie\/krankenrevier\/"},"modified":"2020-01-30T14:54:08","modified_gmt":"2020-01-30T13:54:08","slug":"rewir-szpitalny","status":"publish","type":"page","link":"https:\/\/www.kz-gedenkstaette-dachau.de\/pl\/miejsce-historyczne\/wirtualne-zwiedzanie\/rewir-szpitalny\/","title":{"rendered":"Rewir szpitalny"},"content":{"rendered":"<p>Rewir szpitalny by\u0142 swego rodzaju szpitalem obozowym i znajdowa\u0142 si\u0119 najpierw w obydwu barakach funkcyjnych po prawej stronie drogi obozowej. By\u0142y to nowoczesne budynki wyposa\u017cone w specjalistyczn\u0105 aparatur\u0119. SS wykorzystywa\u0142o rewir szpitalny do cel\u00f3w propagandowych.\u00a0 Obydwa budynki s\u0142u\u017cy\u0142y jako pokazowe obiekty dla wizytuj\u0105cych ob\u00f3z delegacji. Znajdowa\u0142y si\u0119 tu m.in. dwie sale operacyjne, apteka, laboratorium, rozmaite ambulatoria i kostnica. W rzeczywisto\u015bci jednak opieka medyczna wi\u0119\u017ani\u00f3w by\u0142a katastrofalna. Esesma\u0144scy lekarze nie troszczyli si\u0119 o nich niemal w og\u00f3le. Ponadto zawsze dojmuj\u0105co brakowa\u0142o lekarstw i opatrunk\u00f3w. Dopiero od 1943 r. wolno by\u0142o wi\u0119\u017aniom, kt\u00f3rzy sami byli lekarzami, troszczy\u0107 si\u0119 o chorych towarzyszy niedoli.<\/p>\n<p>Wraz z wybuchem wojny warunki bytowe wi\u0119\u017ani\u00f3w pogorszy\u0142y si\u0119 znacz\u0105co. Wskutek niedo\u017cywienia, brakuj\u0105cej higieny i fizycznego wyczerpania ich stan zdrowia by\u0142 fatalny. Z tego powodu oddano na potrzeby chorych sukcesywnie pi\u0119\u0107 kolejnych barak\u00f3w. Kompleks obejmowa\u0142 teraz siedem \u201eblok\u00f3w rewirowych\u201d, po\u0142\u0105czonych ze sob\u0105 zadaszonym traktem. W rezultacie gwa\u0142townego rozprzestrzeniania si\u0119 chor\u00f3b zaka\u017anych, zw\u0142aszcza pod koniec wojny, rewir szpitalny sta\u0142 si\u0119 umieralni\u0105.<\/p>\n<p>Od 1941 r. esesma\u0144scy lekarze przeprowadzali tam okrutne eksperymenty medyczne na wi\u0119\u017aniach. Na zlecenie Luftwaffe wykonywali na nich pr\u00f3by zamra\u017cania, wysoko\u015bciowe oraz z wod\u0105 morsk\u0105. Wi\u0119\u017ani\u00f3w przetrzymywano w basenie z lodowat\u0105 wod\u0105, zamykano w komorze ci\u015bnieniowej, nara\u017caj\u0105c ich na ekstremalne zmiany ci\u015bnienia, oraz zmuszano do picia chemicznie przetworzonej wody morskiej. Innych celowo infekowano zarazkami malarii i ropowicy, aby wypr\u00f3bowywa\u0107 na nich leki. Setki ludzi zmar\u0142o na skutek tych dzia\u0142a\u0144.<\/p>\n","protected":false},"excerpt":{"rendered":"<p>Rewir szpitalny by\u0142 swego rodzaju szpitalem obozowym i znajdowa\u0142 si\u0119 najpierw w obydwu barakach funkcyjnych po prawej stronie drogi obozowej. By\u0142y to nowoczesne budynki wyposa\u017cone w specjalistyczn\u0105 aparatur\u0119. SS wykorzystywa\u0142o rewir szpitalny do cel\u00f3w propagandowych.\u00a0 Obydwa budynki s\u0142u\u017cy\u0142y jako pokazowe obiekty dla wizytuj\u0105cych ob\u00f3z delegacji. Znajdowa\u0142y si\u0119 tu m.in. dwie sale operacyjne, apteka, laboratorium, rozmaite&#8230; <a class=\"view-article\" href=\"https:\/\/www.kz-gedenkstaette-dachau.de\/pl\/miejsce-historyczne\/wirtualne-zwiedzanie\/rewir-szpitalny\/\">Zobacz artyku\u0142<\/a><\/p>\n","protected":false},"author":1,"featured_media":0,"parent":56973,"menu_order":1000,"comment_status":"closed","ping_status":"closed","template":"page-virtueller_rundgang_unterseite.php","meta":{"_acf_changed":false,"footnotes":""},"class_list":["post-57021","page","type-page","status-publish","hentry"],"acf":[],"yoast_head":"<!-- This site is optimized with the Yoast SEO plugin v27.3 - https:\/\/yoast.com\/product\/yoast-seo-wordpress\/ -->\n<title>Rewir szpitalny - KZ Gedenkst\u00e4tte Dachau<\/title>\n<meta name=\"robots\" content=\"index, follow, max-snippet:-1, max-image-preview:large, max-video-preview:-1\" \/>\n<link rel=\"canonical\" href=\"https:\/\/www.kz-gedenkstaette-dachau.de\/pl\/miejsce-historyczne\/wirtualne-zwiedzanie\/rewir-szpitalny\/\" \/>\n<meta property=\"og:locale\" content=\"pl_PL\" \/>\n<meta property=\"og:type\" content=\"article\" \/>\n<meta property=\"og:title\" content=\"Rewir szpitalny - KZ Gedenkst\u00e4tte Dachau\" \/>\n<meta property=\"og:description\" content=\"Rewir szpitalny by\u0142 swego rodzaju szpitalem obozowym i znajdowa\u0142 si\u0119 najpierw w obydwu barakach funkcyjnych po prawej stronie drogi obozowej. By\u0142y to nowoczesne budynki wyposa\u017cone w specjalistyczn\u0105 aparatur\u0119. SS wykorzystywa\u0142o rewir szpitalny do cel\u00f3w propagandowych.\u00a0 Obydwa budynki s\u0142u\u017cy\u0142y jako pokazowe obiekty dla wizytuj\u0105cych ob\u00f3z delegacji. Znajdowa\u0142y si\u0119 tu m.in. dwie sale operacyjne, apteka, laboratorium, rozmaite... Zobacz artyku\u0142\" \/>\n<meta property=\"og:url\" content=\"https:\/\/www.kz-gedenkstaette-dachau.de\/pl\/miejsce-historyczne\/wirtualne-zwiedzanie\/rewir-szpitalny\/\" \/>\n<meta property=\"og:site_name\" content=\"KZ Gedenkst\u00e4tte Dachau\" \/>\n<meta property=\"article:modified_time\" content=\"2020-01-30T13:54:08+00:00\" \/>\n<meta name=\"twitter:card\" content=\"summary_large_image\" \/>\n<meta name=\"twitter:label1\" content=\"Szacowany czas czytania\" \/>\n\t<meta name=\"twitter:data1\" content=\"1 minuta\" \/>\n<script type=\"application\/ld+json\" class=\"yoast-schema-graph\">{\"@context\":\"https:\\\/\\\/schema.org\",\"@graph\":[{\"@type\":\"WebPage\",\"@id\":\"https:\\\/\\\/www.kz-gedenkstaette-dachau.de\\\/pl\\\/miejsce-historyczne\\\/wirtualne-zwiedzanie\\\/rewir-szpitalny\\\/\",\"url\":\"https:\\\/\\\/www.kz-gedenkstaette-dachau.de\\\/pl\\\/miejsce-historyczne\\\/wirtualne-zwiedzanie\\\/rewir-szpitalny\\\/\",\"name\":\"Rewir szpitalny - KZ Gedenkst\u00e4tte Dachau\",\"isPartOf\":{\"@id\":\"https:\\\/\\\/www.kz-gedenkstaette-dachau.de\\\/#website\"},\"datePublished\":\"2018-09-04T10:42:03+00:00\",\"dateModified\":\"2020-01-30T13:54:08+00:00\",\"breadcrumb\":{\"@id\":\"https:\\\/\\\/www.kz-gedenkstaette-dachau.de\\\/pl\\\/miejsce-historyczne\\\/wirtualne-zwiedzanie\\\/rewir-szpitalny\\\/#breadcrumb\"},\"inLanguage\":\"pl-PL\",\"potentialAction\":[{\"@type\":\"ReadAction\",\"target\":[\"https:\\\/\\\/www.kz-gedenkstaette-dachau.de\\\/pl\\\/miejsce-historyczne\\\/wirtualne-zwiedzanie\\\/rewir-szpitalny\\\/\"]}]},{\"@type\":\"BreadcrumbList\",\"@id\":\"https:\\\/\\\/www.kz-gedenkstaette-dachau.de\\\/pl\\\/miejsce-historyczne\\\/wirtualne-zwiedzanie\\\/rewir-szpitalny\\\/#breadcrumb\",\"itemListElement\":[{\"@type\":\"ListItem\",\"position\":1,\"name\":\"Strona gl\u00f3wna\",\"item\":\"https:\\\/\\\/www.kz-gedenkstaette-dachau.de\\\/pl\\\/\"},{\"@type\":\"ListItem\",\"position\":2,\"name\":\"Miejsce historyczne\",\"item\":\"https:\\\/\\\/www.kz-gedenkstaette-dachau.de\\\/pl\\\/miejsce-historyczne\\\/\"},{\"@type\":\"ListItem\",\"position\":3,\"name\":\"Wirtualne zwiedzanie\",\"item\":\"https:\\\/\\\/www.kz-gedenkstaette-dachau.de\\\/pl\\\/miejsce-historyczne\\\/wirtualne-zwiedzanie\\\/\"},{\"@type\":\"ListItem\",\"position\":4,\"name\":\"Rewir szpitalny\"}]},{\"@type\":\"WebSite\",\"@id\":\"https:\\\/\\\/www.kz-gedenkstaette-dachau.de\\\/#website\",\"url\":\"https:\\\/\\\/www.kz-gedenkstaette-dachau.de\\\/\",\"name\":\"KZ Gedenkst\u00e4tte Dachau\",\"description\":\"\",\"potentialAction\":[{\"@type\":\"SearchAction\",\"target\":{\"@type\":\"EntryPoint\",\"urlTemplate\":\"https:\\\/\\\/www.kz-gedenkstaette-dachau.de\\\/?s={search_term_string}\"},\"query-input\":{\"@type\":\"PropertyValueSpecification\",\"valueRequired\":true,\"valueName\":\"search_term_string\"}}],\"inLanguage\":\"pl-PL\"}]}<\/script>\n<!-- \/ Yoast SEO plugin. -->","yoast_head_json":{"title":"Rewir szpitalny - KZ Gedenkst\u00e4tte Dachau","robots":{"index":"index","follow":"follow","max-snippet":"max-snippet:-1","max-image-preview":"max-image-preview:large","max-video-preview":"max-video-preview:-1"},"canonical":"https:\/\/www.kz-gedenkstaette-dachau.de\/pl\/miejsce-historyczne\/wirtualne-zwiedzanie\/rewir-szpitalny\/","og_locale":"pl_PL","og_type":"article","og_title":"Rewir szpitalny - KZ Gedenkst\u00e4tte Dachau","og_description":"Rewir szpitalny by\u0142 swego rodzaju szpitalem obozowym i znajdowa\u0142 si\u0119 najpierw w obydwu barakach funkcyjnych po prawej stronie drogi obozowej. By\u0142y to nowoczesne budynki wyposa\u017cone w specjalistyczn\u0105 aparatur\u0119. SS wykorzystywa\u0142o rewir szpitalny do cel\u00f3w propagandowych.\u00a0 Obydwa budynki s\u0142u\u017cy\u0142y jako pokazowe obiekty dla wizytuj\u0105cych ob\u00f3z delegacji. Znajdowa\u0142y si\u0119 tu m.in. dwie sale operacyjne, apteka, laboratorium, rozmaite... Zobacz artyku\u0142","og_url":"https:\/\/www.kz-gedenkstaette-dachau.de\/pl\/miejsce-historyczne\/wirtualne-zwiedzanie\/rewir-szpitalny\/","og_site_name":"KZ Gedenkst\u00e4tte Dachau","article_modified_time":"2020-01-30T13:54:08+00:00","twitter_card":"summary_large_image","twitter_misc":{"Szacowany czas czytania":"1 minuta"},"schema":{"@context":"https:\/\/schema.org","@graph":[{"@type":"WebPage","@id":"https:\/\/www.kz-gedenkstaette-dachau.de\/pl\/miejsce-historyczne\/wirtualne-zwiedzanie\/rewir-szpitalny\/","url":"https:\/\/www.kz-gedenkstaette-dachau.de\/pl\/miejsce-historyczne\/wirtualne-zwiedzanie\/rewir-szpitalny\/","name":"Rewir szpitalny - KZ Gedenkst\u00e4tte Dachau","isPartOf":{"@id":"https:\/\/www.kz-gedenkstaette-dachau.de\/#website"},"datePublished":"2018-09-04T10:42:03+00:00","dateModified":"2020-01-30T13:54:08+00:00","breadcrumb":{"@id":"https:\/\/www.kz-gedenkstaette-dachau.de\/pl\/miejsce-historyczne\/wirtualne-zwiedzanie\/rewir-szpitalny\/#breadcrumb"},"inLanguage":"pl-PL","potentialAction":[{"@type":"ReadAction","target":["https:\/\/www.kz-gedenkstaette-dachau.de\/pl\/miejsce-historyczne\/wirtualne-zwiedzanie\/rewir-szpitalny\/"]}]},{"@type":"BreadcrumbList","@id":"https:\/\/www.kz-gedenkstaette-dachau.de\/pl\/miejsce-historyczne\/wirtualne-zwiedzanie\/rewir-szpitalny\/#breadcrumb","itemListElement":[{"@type":"ListItem","position":1,"name":"Strona gl\u00f3wna","item":"https:\/\/www.kz-gedenkstaette-dachau.de\/pl\/"},{"@type":"ListItem","position":2,"name":"Miejsce historyczne","item":"https:\/\/www.kz-gedenkstaette-dachau.de\/pl\/miejsce-historyczne\/"},{"@type":"ListItem","position":3,"name":"Wirtualne zwiedzanie","item":"https:\/\/www.kz-gedenkstaette-dachau.de\/pl\/miejsce-historyczne\/wirtualne-zwiedzanie\/"},{"@type":"ListItem","position":4,"name":"Rewir szpitalny"}]},{"@type":"WebSite","@id":"https:\/\/www.kz-gedenkstaette-dachau.de\/#website","url":"https:\/\/www.kz-gedenkstaette-dachau.de\/","name":"KZ Gedenkst\u00e4tte Dachau","description":"","potentialAction":[{"@type":"SearchAction","target":{"@type":"EntryPoint","urlTemplate":"https:\/\/www.kz-gedenkstaette-dachau.de\/?s={search_term_string}"},"query-input":{"@type":"PropertyValueSpecification","valueRequired":true,"valueName":"search_term_string"}}],"inLanguage":"pl-PL"}]}},"_links":{"self":[{"href":"https:\/\/www.kz-gedenkstaette-dachau.de\/pl\/wp-json\/wp\/v2\/pages\/57021","targetHints":{"allow":["GET"]}}],"collection":[{"href":"https:\/\/www.kz-gedenkstaette-dachau.de\/pl\/wp-json\/wp\/v2\/pages"}],"about":[{"href":"https:\/\/www.kz-gedenkstaette-dachau.de\/pl\/wp-json\/wp\/v2\/types\/page"}],"author":[{"embeddable":true,"href":"https:\/\/www.kz-gedenkstaette-dachau.de\/pl\/wp-json\/wp\/v2\/users\/1"}],"replies":[{"embeddable":true,"href":"https:\/\/www.kz-gedenkstaette-dachau.de\/pl\/wp-json\/wp\/v2\/comments?post=57021"}],"version-history":[{"count":0,"href":"https:\/\/www.kz-gedenkstaette-dachau.de\/pl\/wp-json\/wp\/v2\/pages\/57021\/revisions"}],"up":[{"embeddable":true,"href":"https:\/\/www.kz-gedenkstaette-dachau.de\/pl\/wp-json\/wp\/v2\/pages\/56973"}],"wp:attachment":[{"href":"https:\/\/www.kz-gedenkstaette-dachau.de\/pl\/wp-json\/wp\/v2\/media?parent=57021"}],"curies":[{"name":"wp","href":"https:\/\/api.w.org\/{rel}","templated":true}]}}