{"id":57029,"date":"2018-09-04T12:42:49","date_gmt":"2018-09-04T10:42:49","guid":{"rendered":"https:\/\/www.kz-gedenkstaette-dachau.de\/miejsce-historyczne\/wirtualne-zwiedzanie\/bewachungsanlage\/"},"modified":"2020-01-30T14:59:13","modified_gmt":"2020-01-30T13:59:13","slug":"instalacja-straznicza","status":"publish","type":"page","link":"https:\/\/www.kz-gedenkstaette-dachau.de\/pl\/miejsce-historyczne\/wirtualne-zwiedzanie\/instalacja-straznicza\/","title":{"rendered":"Instalacja stra\u017cnicza"},"content":{"rendered":"<p>Rozbudowuj\u0105c w latach 1937\/38 ob\u00f3z, stworzono jednocze\u015bnie instalacj\u0119 stra\u017cnicz\u0105, maj\u0105c\u0105 uniemo\u017cliwia\u0107 wi\u0119\u017aniom ucieczk\u0119. Kiedy od 1948 r. znajdowa\u0142 si\u0119 tu ob\u00f3z dla os\u00f3b przemieszczonych, usuni\u0119to mur i jedn\u0105 wie\u017c\u0119 stra\u017cnicz\u0105. Przyst\u0119puj\u0105c z kolei w latach sze\u015b\u0107dziesi\u0105tych XX w. do budowy miejsca pami\u0119ci na terenie obozu, zrekonstruowano zlikwidowan\u0105 wie\u017c\u0119 oraz odrestaurowano pozosta\u0142e, cz\u0119\u015bciowo ju\u017c rozpadaj\u0105ce si\u0119 wie\u017ce. Dla cel\u00f3w pogl\u0105dowych zrekonstruowano tak\u017ce fragmenty wcze\u015bniejszego muru. Znajduj\u0105 si\u0119 one na wsch\u00f3d od niegdysiejszego budynku gospodarczego i przy wej\u015bciu do kompleksu krematoryjnego.<\/p>\n<p>Trzymetrowej wysoko\u015bci murem zewn\u0119trznym, uzbrojonym w drut kolczasty, ob\u00f3z wi\u0119\u017aniarski opasany by\u0142 od p\u00f3\u0142nocy, wschodu i po\u0142udnia. Od strony zachodniej naturaln\u0105 granic\u0119 odgradzaj\u0105c\u0105 go od obozu SS stanowi\u0142a rzeka W\u00fcrm. Przed murem i rzek\u0105 w stron\u0119 obozu zainstalowano ogrodzenie z drutu kolczastego pod napi\u0119ciem elektrycznym, zasieki z drutu kolczastego, wykopano g\u0142\u0119boki na dwa metry r\u00f3w oraz za\u0142o\u017cono pas trawnika. SS bagatelizowa\u0142o ten pas graniczny, nazywaj\u0105c go \u201estref\u0105 neutraln\u0105\u201d. Je\u017celi wi\u0119zie\u0144 znalaz\u0142 si\u0119 w tej strefie, traktowany by\u0142 automatycznie jak uciekinier i stra\u017cnicy strzelali do niego bez ostrze\u017cenia. W sk\u0142ad instalacji stra\u017cniczej wchodzi\u0142o siedem wie\u017c, ca\u0142odobowo obsadzonych przez wartownik\u00f3w SS, uzbrojonych w karabiny maszynowe.<\/p>\n<p>Wi\u0119\u017aniowie, kt\u00f3rzy nie wytrzymywali ju\u017c \u017cycia w ci\u0105g\u0142ym strachu pod terrorem SS, wybierali w swojej rozpaczy \u015bmier\u0107. Z rozmys\u0142em wchodzili na teren \u201estrefy neutralnej\u201d pod kule, albo rzucali si\u0119 na znajduj\u0105ce si\u0119 pod wysokim napi\u0119ciem ogrodzenie. Niekiedy esesmani zmuszali wi\u0119\u017ani\u00f3w do wej\u015bcia do tej strefy, aby m\u00f3c ich potem rozstrzela\u0107 \u201epodczas ucieczki\u201d.<\/p>\n","protected":false},"excerpt":{"rendered":"<p>Rozbudowuj\u0105c w latach 1937\/38 ob\u00f3z, stworzono jednocze\u015bnie instalacj\u0119 stra\u017cnicz\u0105, maj\u0105c\u0105 uniemo\u017cliwia\u0107 wi\u0119\u017aniom ucieczk\u0119. Kiedy od 1948 r. znajdowa\u0142 si\u0119 tu ob\u00f3z dla os\u00f3b przemieszczonych, usuni\u0119to mur i jedn\u0105 wie\u017c\u0119 stra\u017cnicz\u0105. Przyst\u0119puj\u0105c z kolei w latach sze\u015b\u0107dziesi\u0105tych XX w. do budowy miejsca pami\u0119ci na terenie obozu, zrekonstruowano zlikwidowan\u0105 wie\u017c\u0119 oraz odrestaurowano pozosta\u0142e, cz\u0119\u015bciowo ju\u017c rozpadaj\u0105ce si\u0119&#8230; <a class=\"view-article\" href=\"https:\/\/www.kz-gedenkstaette-dachau.de\/pl\/miejsce-historyczne\/wirtualne-zwiedzanie\/instalacja-straznicza\/\">Zobacz artyku\u0142<\/a><\/p>\n","protected":false},"author":1,"featured_media":0,"parent":56973,"menu_order":1200,"comment_status":"closed","ping_status":"closed","template":"page-virtueller_rundgang_unterseite.php","meta":{"_acf_changed":false,"footnotes":""},"class_list":["post-57029","page","type-page","status-publish","hentry"],"acf":[],"yoast_head":"<!-- This site is optimized with the Yoast SEO plugin v27.3 - https:\/\/yoast.com\/product\/yoast-seo-wordpress\/ -->\n<title>Instalacja stra\u017cnicza - KZ Gedenkst\u00e4tte Dachau<\/title>\n<meta name=\"robots\" content=\"index, follow, max-snippet:-1, max-image-preview:large, max-video-preview:-1\" \/>\n<link rel=\"canonical\" href=\"https:\/\/www.kz-gedenkstaette-dachau.de\/pl\/miejsce-historyczne\/wirtualne-zwiedzanie\/instalacja-straznicza\/\" \/>\n<meta property=\"og:locale\" content=\"pl_PL\" \/>\n<meta property=\"og:type\" content=\"article\" \/>\n<meta property=\"og:title\" content=\"Instalacja stra\u017cnicza - KZ Gedenkst\u00e4tte Dachau\" \/>\n<meta property=\"og:description\" content=\"Rozbudowuj\u0105c w latach 1937\/38 ob\u00f3z, stworzono jednocze\u015bnie instalacj\u0119 stra\u017cnicz\u0105, maj\u0105c\u0105 uniemo\u017cliwia\u0107 wi\u0119\u017aniom ucieczk\u0119. Kiedy od 1948 r. znajdowa\u0142 si\u0119 tu ob\u00f3z dla os\u00f3b przemieszczonych, usuni\u0119to mur i jedn\u0105 wie\u017c\u0119 stra\u017cnicz\u0105. Przyst\u0119puj\u0105c z kolei w latach sze\u015b\u0107dziesi\u0105tych XX w. do budowy miejsca pami\u0119ci na terenie obozu, zrekonstruowano zlikwidowan\u0105 wie\u017c\u0119 oraz odrestaurowano pozosta\u0142e, cz\u0119\u015bciowo ju\u017c rozpadaj\u0105ce si\u0119... Zobacz artyku\u0142\" \/>\n<meta property=\"og:url\" content=\"https:\/\/www.kz-gedenkstaette-dachau.de\/pl\/miejsce-historyczne\/wirtualne-zwiedzanie\/instalacja-straznicza\/\" \/>\n<meta property=\"og:site_name\" content=\"KZ Gedenkst\u00e4tte Dachau\" \/>\n<meta property=\"article:modified_time\" content=\"2020-01-30T13:59:13+00:00\" \/>\n<meta name=\"twitter:card\" content=\"summary_large_image\" \/>\n<meta name=\"twitter:label1\" content=\"Szacowany czas czytania\" \/>\n\t<meta name=\"twitter:data1\" content=\"1 minuta\" \/>\n<script type=\"application\/ld+json\" class=\"yoast-schema-graph\">{\"@context\":\"https:\\\/\\\/schema.org\",\"@graph\":[{\"@type\":\"WebPage\",\"@id\":\"https:\\\/\\\/www.kz-gedenkstaette-dachau.de\\\/pl\\\/miejsce-historyczne\\\/wirtualne-zwiedzanie\\\/instalacja-straznicza\\\/\",\"url\":\"https:\\\/\\\/www.kz-gedenkstaette-dachau.de\\\/pl\\\/miejsce-historyczne\\\/wirtualne-zwiedzanie\\\/instalacja-straznicza\\\/\",\"name\":\"Instalacja stra\u017cnicza - KZ Gedenkst\u00e4tte Dachau\",\"isPartOf\":{\"@id\":\"https:\\\/\\\/www.kz-gedenkstaette-dachau.de\\\/#website\"},\"datePublished\":\"2018-09-04T10:42:49+00:00\",\"dateModified\":\"2020-01-30T13:59:13+00:00\",\"breadcrumb\":{\"@id\":\"https:\\\/\\\/www.kz-gedenkstaette-dachau.de\\\/pl\\\/miejsce-historyczne\\\/wirtualne-zwiedzanie\\\/instalacja-straznicza\\\/#breadcrumb\"},\"inLanguage\":\"pl-PL\",\"potentialAction\":[{\"@type\":\"ReadAction\",\"target\":[\"https:\\\/\\\/www.kz-gedenkstaette-dachau.de\\\/pl\\\/miejsce-historyczne\\\/wirtualne-zwiedzanie\\\/instalacja-straznicza\\\/\"]}]},{\"@type\":\"BreadcrumbList\",\"@id\":\"https:\\\/\\\/www.kz-gedenkstaette-dachau.de\\\/pl\\\/miejsce-historyczne\\\/wirtualne-zwiedzanie\\\/instalacja-straznicza\\\/#breadcrumb\",\"itemListElement\":[{\"@type\":\"ListItem\",\"position\":1,\"name\":\"Strona gl\u00f3wna\",\"item\":\"https:\\\/\\\/www.kz-gedenkstaette-dachau.de\\\/pl\\\/\"},{\"@type\":\"ListItem\",\"position\":2,\"name\":\"Miejsce historyczne\",\"item\":\"https:\\\/\\\/www.kz-gedenkstaette-dachau.de\\\/pl\\\/miejsce-historyczne\\\/\"},{\"@type\":\"ListItem\",\"position\":3,\"name\":\"Wirtualne zwiedzanie\",\"item\":\"https:\\\/\\\/www.kz-gedenkstaette-dachau.de\\\/pl\\\/miejsce-historyczne\\\/wirtualne-zwiedzanie\\\/\"},{\"@type\":\"ListItem\",\"position\":4,\"name\":\"Instalacja stra\u017cnicza\"}]},{\"@type\":\"WebSite\",\"@id\":\"https:\\\/\\\/www.kz-gedenkstaette-dachau.de\\\/#website\",\"url\":\"https:\\\/\\\/www.kz-gedenkstaette-dachau.de\\\/\",\"name\":\"KZ Gedenkst\u00e4tte Dachau\",\"description\":\"\",\"potentialAction\":[{\"@type\":\"SearchAction\",\"target\":{\"@type\":\"EntryPoint\",\"urlTemplate\":\"https:\\\/\\\/www.kz-gedenkstaette-dachau.de\\\/?s={search_term_string}\"},\"query-input\":{\"@type\":\"PropertyValueSpecification\",\"valueRequired\":true,\"valueName\":\"search_term_string\"}}],\"inLanguage\":\"pl-PL\"}]}<\/script>\n<!-- \/ Yoast SEO plugin. -->","yoast_head_json":{"title":"Instalacja stra\u017cnicza - KZ Gedenkst\u00e4tte Dachau","robots":{"index":"index","follow":"follow","max-snippet":"max-snippet:-1","max-image-preview":"max-image-preview:large","max-video-preview":"max-video-preview:-1"},"canonical":"https:\/\/www.kz-gedenkstaette-dachau.de\/pl\/miejsce-historyczne\/wirtualne-zwiedzanie\/instalacja-straznicza\/","og_locale":"pl_PL","og_type":"article","og_title":"Instalacja stra\u017cnicza - KZ Gedenkst\u00e4tte Dachau","og_description":"Rozbudowuj\u0105c w latach 1937\/38 ob\u00f3z, stworzono jednocze\u015bnie instalacj\u0119 stra\u017cnicz\u0105, maj\u0105c\u0105 uniemo\u017cliwia\u0107 wi\u0119\u017aniom ucieczk\u0119. Kiedy od 1948 r. znajdowa\u0142 si\u0119 tu ob\u00f3z dla os\u00f3b przemieszczonych, usuni\u0119to mur i jedn\u0105 wie\u017c\u0119 stra\u017cnicz\u0105. Przyst\u0119puj\u0105c z kolei w latach sze\u015b\u0107dziesi\u0105tych XX w. do budowy miejsca pami\u0119ci na terenie obozu, zrekonstruowano zlikwidowan\u0105 wie\u017c\u0119 oraz odrestaurowano pozosta\u0142e, cz\u0119\u015bciowo ju\u017c rozpadaj\u0105ce si\u0119... Zobacz artyku\u0142","og_url":"https:\/\/www.kz-gedenkstaette-dachau.de\/pl\/miejsce-historyczne\/wirtualne-zwiedzanie\/instalacja-straznicza\/","og_site_name":"KZ Gedenkst\u00e4tte Dachau","article_modified_time":"2020-01-30T13:59:13+00:00","twitter_card":"summary_large_image","twitter_misc":{"Szacowany czas czytania":"1 minuta"},"schema":{"@context":"https:\/\/schema.org","@graph":[{"@type":"WebPage","@id":"https:\/\/www.kz-gedenkstaette-dachau.de\/pl\/miejsce-historyczne\/wirtualne-zwiedzanie\/instalacja-straznicza\/","url":"https:\/\/www.kz-gedenkstaette-dachau.de\/pl\/miejsce-historyczne\/wirtualne-zwiedzanie\/instalacja-straznicza\/","name":"Instalacja stra\u017cnicza - KZ Gedenkst\u00e4tte Dachau","isPartOf":{"@id":"https:\/\/www.kz-gedenkstaette-dachau.de\/#website"},"datePublished":"2018-09-04T10:42:49+00:00","dateModified":"2020-01-30T13:59:13+00:00","breadcrumb":{"@id":"https:\/\/www.kz-gedenkstaette-dachau.de\/pl\/miejsce-historyczne\/wirtualne-zwiedzanie\/instalacja-straznicza\/#breadcrumb"},"inLanguage":"pl-PL","potentialAction":[{"@type":"ReadAction","target":["https:\/\/www.kz-gedenkstaette-dachau.de\/pl\/miejsce-historyczne\/wirtualne-zwiedzanie\/instalacja-straznicza\/"]}]},{"@type":"BreadcrumbList","@id":"https:\/\/www.kz-gedenkstaette-dachau.de\/pl\/miejsce-historyczne\/wirtualne-zwiedzanie\/instalacja-straznicza\/#breadcrumb","itemListElement":[{"@type":"ListItem","position":1,"name":"Strona gl\u00f3wna","item":"https:\/\/www.kz-gedenkstaette-dachau.de\/pl\/"},{"@type":"ListItem","position":2,"name":"Miejsce historyczne","item":"https:\/\/www.kz-gedenkstaette-dachau.de\/pl\/miejsce-historyczne\/"},{"@type":"ListItem","position":3,"name":"Wirtualne zwiedzanie","item":"https:\/\/www.kz-gedenkstaette-dachau.de\/pl\/miejsce-historyczne\/wirtualne-zwiedzanie\/"},{"@type":"ListItem","position":4,"name":"Instalacja stra\u017cnicza"}]},{"@type":"WebSite","@id":"https:\/\/www.kz-gedenkstaette-dachau.de\/#website","url":"https:\/\/www.kz-gedenkstaette-dachau.de\/","name":"KZ Gedenkst\u00e4tte Dachau","description":"","potentialAction":[{"@type":"SearchAction","target":{"@type":"EntryPoint","urlTemplate":"https:\/\/www.kz-gedenkstaette-dachau.de\/?s={search_term_string}"},"query-input":{"@type":"PropertyValueSpecification","valueRequired":true,"valueName":"search_term_string"}}],"inLanguage":"pl-PL"}]}},"_links":{"self":[{"href":"https:\/\/www.kz-gedenkstaette-dachau.de\/pl\/wp-json\/wp\/v2\/pages\/57029","targetHints":{"allow":["GET"]}}],"collection":[{"href":"https:\/\/www.kz-gedenkstaette-dachau.de\/pl\/wp-json\/wp\/v2\/pages"}],"about":[{"href":"https:\/\/www.kz-gedenkstaette-dachau.de\/pl\/wp-json\/wp\/v2\/types\/page"}],"author":[{"embeddable":true,"href":"https:\/\/www.kz-gedenkstaette-dachau.de\/pl\/wp-json\/wp\/v2\/users\/1"}],"replies":[{"embeddable":true,"href":"https:\/\/www.kz-gedenkstaette-dachau.de\/pl\/wp-json\/wp\/v2\/comments?post=57029"}],"version-history":[{"count":0,"href":"https:\/\/www.kz-gedenkstaette-dachau.de\/pl\/wp-json\/wp\/v2\/pages\/57029\/revisions"}],"up":[{"embeddable":true,"href":"https:\/\/www.kz-gedenkstaette-dachau.de\/pl\/wp-json\/wp\/v2\/pages\/56973"}],"wp:attachment":[{"href":"https:\/\/www.kz-gedenkstaette-dachau.de\/pl\/wp-json\/wp\/v2\/media?parent=57029"}],"curies":[{"name":"wp","href":"https:\/\/api.w.org\/{rel}","templated":true}]}}