{"id":57038,"date":"2018-09-04T12:43:53","date_gmt":"2018-09-04T10:43:53","guid":{"rendered":"https:\/\/www.kz-gedenkstaette-dachau.de\/miejsce-historyczne\/wirtualne-zwiedzanie\/internationales-mahnmal\/"},"modified":"2020-01-30T15:10:56","modified_gmt":"2020-01-30T14:10:56","slug":"pomnik-narodow","status":"publish","type":"page","link":"https:\/\/www.kz-gedenkstaette-dachau.de\/pl\/miejsce-historyczne\/wirtualne-zwiedzanie\/pomnik-narodow\/","title":{"rendered":"Pomnik Narod\u00f3w"},"content":{"rendered":"<p>Pomnik Narod\u00f3w ods\u0142oni\u0119ty zosta\u0142 8 wrze\u015bnia 1968 r. Autorem projektu by\u0142 Nandor Glid, kt\u00f3ry prze\u015bladowany przez nazist\u00f3w w swojej jugos\u0142owia\u0144skiej ojczy\u017anie przy\u0142\u0105czy\u0142 si\u0119 pod koniec 1944 r. do ruchu oporu. Rze\u017abiarz wygra\u0142 w 1959 r. konkurs rozpisany w\u015br\u00f3d artyst\u00f3w przez Mi\u0119dzynarodowy Komitet Dachau (CID).<\/p>\n<p>Pomnik Narod\u00f3w, sk\u0142adaj\u0105cy z r\u00f3\u017cnych element\u00f3w, mo\u017cna zwiedza\u0107 bezpo\u015brednio. Jego wymowa oparta zosta\u0142a na idei szlaku nauki i oczyszczenia. Przychodz\u0105c od strony Jourhausu, zwiedzaj\u0105cy trafiaj\u0105 przed mur, otwieraj\u0105cy za\u0142o\u017cenie pomnikowe. Widniej\u0105cy na nim napis wzywa, aby p\u00f3j\u015b\u0107 za przyk\u0142adem wi\u0119\u017ani\u00f3w i zaanga\u017cowa\u0107 si\u0119 na rzecz spo\u0142ecze\u0144stwa bez terroru i despotyzmu. Szlak pomnikowy prowadzi nast\u0119pnie do jego serca, symbolizuj\u0105cego beznadziejne po\u0142o\u017cenie i cierpienie wi\u0119\u017ani\u00f3w. Centralna rze\u017aba z br\u0105zu pokazuje cz\u0142owieka w ogrodzeniu z drutu kolczastego. Oflankowana jest stylizowanymi filarami betonowymi, kt\u00f3re symbolizuj\u0105 instalacj\u0119 stra\u017cnicz\u0105.<\/p>\n<p>Naprzeciwko rze\u017aby znajduje si\u0119 relief w kszta\u0142cie \u0142a\u0144cucha, oddaj\u0105cy w przeno\u015bni solidarno\u015b\u0107 wi\u0119\u017ani\u00f3w w obozie koncentracyjnym. Na reliefie znajduj\u0105 si\u0119 tr\u00f3jk\u0105ty w rozmaitych kolorach, kt\u00f3rymi SS etykietowa\u0142o wi\u0119\u017ani\u00f3w.<\/p>\n<p>Tr\u00f3jk\u0105t\u00f3w: czarnego dla tzw. \u201eelement\u00f3w aspo\u0142ecznych\u201d, zielonego dla \u201enotorycznych przest\u0119pc\u00f3w\u201d i r\u00f3\u017cowego dla homoseksualist\u00f3w brakuje na p\u0142askorze\u017abie. Te grupy ofiar nie mia\u0142y jeszcze w czasie powstawania pomnika statusu ofiar terroru nazistowskiego. Dopiero od lat osiemdziesi\u0105tych XX w. opinia publiczna zacz\u0119\u0142a ze zwi\u0119kszon\u0105 uwag\u0105 zajmowa\u0107 si\u0119 ich losem.<\/p>\n<p>Przy ko\u0144cu wznosz\u0105cego si\u0119 szlaku pomnikowego znajduje si\u0119 nagrobek zawieraj\u0105cy prochy nieznanego wi\u0119\u017ania. Na murze za nim widnieje jako przestroga napis \u201eNigdy wi\u0119cej\u201d w pi\u0119ciu j\u0119zykach.<\/p>\n","protected":false},"excerpt":{"rendered":"<p>Pomnik Narod\u00f3w ods\u0142oni\u0119ty zosta\u0142 8 wrze\u015bnia 1968 r. Autorem projektu by\u0142 Nandor Glid, kt\u00f3ry prze\u015bladowany przez nazist\u00f3w w swojej jugos\u0142owia\u0144skiej ojczy\u017anie przy\u0142\u0105czy\u0142 si\u0119 pod koniec 1944 r. do ruchu oporu. Rze\u017abiarz wygra\u0142 w 1959 r. konkurs rozpisany w\u015br\u00f3d artyst\u00f3w przez Mi\u0119dzynarodowy Komitet Dachau (CID). Pomnik Narod\u00f3w, sk\u0142adaj\u0105cy z r\u00f3\u017cnych element\u00f3w, mo\u017cna zwiedza\u0107 bezpo\u015brednio. Jego wymowa&#8230; <a class=\"view-article\" href=\"https:\/\/www.kz-gedenkstaette-dachau.de\/pl\/miejsce-historyczne\/wirtualne-zwiedzanie\/pomnik-narodow\/\">Zobacz artyku\u0142<\/a><\/p>\n","protected":false},"author":1,"featured_media":0,"parent":56973,"menu_order":1400,"comment_status":"closed","ping_status":"closed","template":"page-virtueller_rundgang_unterseite.php","meta":{"_acf_changed":false,"footnotes":""},"class_list":["post-57038","page","type-page","status-publish","hentry"],"acf":[],"yoast_head":"<!-- This site is optimized with the Yoast SEO plugin v27.3 - https:\/\/yoast.com\/product\/yoast-seo-wordpress\/ -->\n<title>Pomnik Narod\u00f3w - KZ Gedenkst\u00e4tte Dachau<\/title>\n<meta name=\"robots\" content=\"index, follow, max-snippet:-1, max-image-preview:large, max-video-preview:-1\" \/>\n<link rel=\"canonical\" href=\"https:\/\/www.kz-gedenkstaette-dachau.de\/pl\/miejsce-historyczne\/wirtualne-zwiedzanie\/pomnik-narodow\/\" \/>\n<meta property=\"og:locale\" content=\"pl_PL\" \/>\n<meta property=\"og:type\" content=\"article\" \/>\n<meta property=\"og:title\" content=\"Pomnik Narod\u00f3w - KZ Gedenkst\u00e4tte Dachau\" \/>\n<meta property=\"og:description\" content=\"Pomnik Narod\u00f3w ods\u0142oni\u0119ty zosta\u0142 8 wrze\u015bnia 1968 r. Autorem projektu by\u0142 Nandor Glid, kt\u00f3ry prze\u015bladowany przez nazist\u00f3w w swojej jugos\u0142owia\u0144skiej ojczy\u017anie przy\u0142\u0105czy\u0142 si\u0119 pod koniec 1944 r. do ruchu oporu. Rze\u017abiarz wygra\u0142 w 1959 r. konkurs rozpisany w\u015br\u00f3d artyst\u00f3w przez Mi\u0119dzynarodowy Komitet Dachau (CID). Pomnik Narod\u00f3w, sk\u0142adaj\u0105cy z r\u00f3\u017cnych element\u00f3w, mo\u017cna zwiedza\u0107 bezpo\u015brednio. Jego wymowa... Zobacz artyku\u0142\" \/>\n<meta property=\"og:url\" content=\"https:\/\/www.kz-gedenkstaette-dachau.de\/pl\/miejsce-historyczne\/wirtualne-zwiedzanie\/pomnik-narodow\/\" \/>\n<meta property=\"og:site_name\" content=\"KZ Gedenkst\u00e4tte Dachau\" \/>\n<meta property=\"article:modified_time\" content=\"2020-01-30T14:10:56+00:00\" \/>\n<meta name=\"twitter:card\" content=\"summary_large_image\" \/>\n<meta name=\"twitter:label1\" content=\"Szacowany czas czytania\" \/>\n\t<meta name=\"twitter:data1\" content=\"2 minuty\" \/>\n<script type=\"application\/ld+json\" class=\"yoast-schema-graph\">{\"@context\":\"https:\\\/\\\/schema.org\",\"@graph\":[{\"@type\":\"WebPage\",\"@id\":\"https:\\\/\\\/www.kz-gedenkstaette-dachau.de\\\/pl\\\/miejsce-historyczne\\\/wirtualne-zwiedzanie\\\/pomnik-narodow\\\/\",\"url\":\"https:\\\/\\\/www.kz-gedenkstaette-dachau.de\\\/pl\\\/miejsce-historyczne\\\/wirtualne-zwiedzanie\\\/pomnik-narodow\\\/\",\"name\":\"Pomnik Narod\u00f3w - KZ Gedenkst\u00e4tte Dachau\",\"isPartOf\":{\"@id\":\"https:\\\/\\\/www.kz-gedenkstaette-dachau.de\\\/#website\"},\"datePublished\":\"2018-09-04T10:43:53+00:00\",\"dateModified\":\"2020-01-30T14:10:56+00:00\",\"breadcrumb\":{\"@id\":\"https:\\\/\\\/www.kz-gedenkstaette-dachau.de\\\/pl\\\/miejsce-historyczne\\\/wirtualne-zwiedzanie\\\/pomnik-narodow\\\/#breadcrumb\"},\"inLanguage\":\"pl-PL\",\"potentialAction\":[{\"@type\":\"ReadAction\",\"target\":[\"https:\\\/\\\/www.kz-gedenkstaette-dachau.de\\\/pl\\\/miejsce-historyczne\\\/wirtualne-zwiedzanie\\\/pomnik-narodow\\\/\"]}]},{\"@type\":\"BreadcrumbList\",\"@id\":\"https:\\\/\\\/www.kz-gedenkstaette-dachau.de\\\/pl\\\/miejsce-historyczne\\\/wirtualne-zwiedzanie\\\/pomnik-narodow\\\/#breadcrumb\",\"itemListElement\":[{\"@type\":\"ListItem\",\"position\":1,\"name\":\"Strona gl\u00f3wna\",\"item\":\"https:\\\/\\\/www.kz-gedenkstaette-dachau.de\\\/pl\\\/\"},{\"@type\":\"ListItem\",\"position\":2,\"name\":\"Miejsce historyczne\",\"item\":\"https:\\\/\\\/www.kz-gedenkstaette-dachau.de\\\/pl\\\/miejsce-historyczne\\\/\"},{\"@type\":\"ListItem\",\"position\":3,\"name\":\"Wirtualne zwiedzanie\",\"item\":\"https:\\\/\\\/www.kz-gedenkstaette-dachau.de\\\/pl\\\/miejsce-historyczne\\\/wirtualne-zwiedzanie\\\/\"},{\"@type\":\"ListItem\",\"position\":4,\"name\":\"Pomnik Narod\u00f3w\"}]},{\"@type\":\"WebSite\",\"@id\":\"https:\\\/\\\/www.kz-gedenkstaette-dachau.de\\\/#website\",\"url\":\"https:\\\/\\\/www.kz-gedenkstaette-dachau.de\\\/\",\"name\":\"KZ Gedenkst\u00e4tte Dachau\",\"description\":\"\",\"potentialAction\":[{\"@type\":\"SearchAction\",\"target\":{\"@type\":\"EntryPoint\",\"urlTemplate\":\"https:\\\/\\\/www.kz-gedenkstaette-dachau.de\\\/?s={search_term_string}\"},\"query-input\":{\"@type\":\"PropertyValueSpecification\",\"valueRequired\":true,\"valueName\":\"search_term_string\"}}],\"inLanguage\":\"pl-PL\"}]}<\/script>\n<!-- \/ Yoast SEO plugin. -->","yoast_head_json":{"title":"Pomnik Narod\u00f3w - KZ Gedenkst\u00e4tte Dachau","robots":{"index":"index","follow":"follow","max-snippet":"max-snippet:-1","max-image-preview":"max-image-preview:large","max-video-preview":"max-video-preview:-1"},"canonical":"https:\/\/www.kz-gedenkstaette-dachau.de\/pl\/miejsce-historyczne\/wirtualne-zwiedzanie\/pomnik-narodow\/","og_locale":"pl_PL","og_type":"article","og_title":"Pomnik Narod\u00f3w - KZ Gedenkst\u00e4tte Dachau","og_description":"Pomnik Narod\u00f3w ods\u0142oni\u0119ty zosta\u0142 8 wrze\u015bnia 1968 r. Autorem projektu by\u0142 Nandor Glid, kt\u00f3ry prze\u015bladowany przez nazist\u00f3w w swojej jugos\u0142owia\u0144skiej ojczy\u017anie przy\u0142\u0105czy\u0142 si\u0119 pod koniec 1944 r. do ruchu oporu. Rze\u017abiarz wygra\u0142 w 1959 r. konkurs rozpisany w\u015br\u00f3d artyst\u00f3w przez Mi\u0119dzynarodowy Komitet Dachau (CID). Pomnik Narod\u00f3w, sk\u0142adaj\u0105cy z r\u00f3\u017cnych element\u00f3w, mo\u017cna zwiedza\u0107 bezpo\u015brednio. Jego wymowa... Zobacz artyku\u0142","og_url":"https:\/\/www.kz-gedenkstaette-dachau.de\/pl\/miejsce-historyczne\/wirtualne-zwiedzanie\/pomnik-narodow\/","og_site_name":"KZ Gedenkst\u00e4tte Dachau","article_modified_time":"2020-01-30T14:10:56+00:00","twitter_card":"summary_large_image","twitter_misc":{"Szacowany czas czytania":"2 minuty"},"schema":{"@context":"https:\/\/schema.org","@graph":[{"@type":"WebPage","@id":"https:\/\/www.kz-gedenkstaette-dachau.de\/pl\/miejsce-historyczne\/wirtualne-zwiedzanie\/pomnik-narodow\/","url":"https:\/\/www.kz-gedenkstaette-dachau.de\/pl\/miejsce-historyczne\/wirtualne-zwiedzanie\/pomnik-narodow\/","name":"Pomnik Narod\u00f3w - KZ Gedenkst\u00e4tte Dachau","isPartOf":{"@id":"https:\/\/www.kz-gedenkstaette-dachau.de\/#website"},"datePublished":"2018-09-04T10:43:53+00:00","dateModified":"2020-01-30T14:10:56+00:00","breadcrumb":{"@id":"https:\/\/www.kz-gedenkstaette-dachau.de\/pl\/miejsce-historyczne\/wirtualne-zwiedzanie\/pomnik-narodow\/#breadcrumb"},"inLanguage":"pl-PL","potentialAction":[{"@type":"ReadAction","target":["https:\/\/www.kz-gedenkstaette-dachau.de\/pl\/miejsce-historyczne\/wirtualne-zwiedzanie\/pomnik-narodow\/"]}]},{"@type":"BreadcrumbList","@id":"https:\/\/www.kz-gedenkstaette-dachau.de\/pl\/miejsce-historyczne\/wirtualne-zwiedzanie\/pomnik-narodow\/#breadcrumb","itemListElement":[{"@type":"ListItem","position":1,"name":"Strona gl\u00f3wna","item":"https:\/\/www.kz-gedenkstaette-dachau.de\/pl\/"},{"@type":"ListItem","position":2,"name":"Miejsce historyczne","item":"https:\/\/www.kz-gedenkstaette-dachau.de\/pl\/miejsce-historyczne\/"},{"@type":"ListItem","position":3,"name":"Wirtualne zwiedzanie","item":"https:\/\/www.kz-gedenkstaette-dachau.de\/pl\/miejsce-historyczne\/wirtualne-zwiedzanie\/"},{"@type":"ListItem","position":4,"name":"Pomnik Narod\u00f3w"}]},{"@type":"WebSite","@id":"https:\/\/www.kz-gedenkstaette-dachau.de\/#website","url":"https:\/\/www.kz-gedenkstaette-dachau.de\/","name":"KZ Gedenkst\u00e4tte Dachau","description":"","potentialAction":[{"@type":"SearchAction","target":{"@type":"EntryPoint","urlTemplate":"https:\/\/www.kz-gedenkstaette-dachau.de\/?s={search_term_string}"},"query-input":{"@type":"PropertyValueSpecification","valueRequired":true,"valueName":"search_term_string"}}],"inLanguage":"pl-PL"}]}},"_links":{"self":[{"href":"https:\/\/www.kz-gedenkstaette-dachau.de\/pl\/wp-json\/wp\/v2\/pages\/57038","targetHints":{"allow":["GET"]}}],"collection":[{"href":"https:\/\/www.kz-gedenkstaette-dachau.de\/pl\/wp-json\/wp\/v2\/pages"}],"about":[{"href":"https:\/\/www.kz-gedenkstaette-dachau.de\/pl\/wp-json\/wp\/v2\/types\/page"}],"author":[{"embeddable":true,"href":"https:\/\/www.kz-gedenkstaette-dachau.de\/pl\/wp-json\/wp\/v2\/users\/1"}],"replies":[{"embeddable":true,"href":"https:\/\/www.kz-gedenkstaette-dachau.de\/pl\/wp-json\/wp\/v2\/comments?post=57038"}],"version-history":[{"count":0,"href":"https:\/\/www.kz-gedenkstaette-dachau.de\/pl\/wp-json\/wp\/v2\/pages\/57038\/revisions"}],"up":[{"embeddable":true,"href":"https:\/\/www.kz-gedenkstaette-dachau.de\/pl\/wp-json\/wp\/v2\/pages\/56973"}],"wp:attachment":[{"href":"https:\/\/www.kz-gedenkstaette-dachau.de\/pl\/wp-json\/wp\/v2\/media?parent=57038"}],"curies":[{"name":"wp","href":"https:\/\/api.w.org\/{rel}","templated":true}]}}