{"id":57041,"date":"2018-09-04T12:44:20","date_gmt":"2018-09-04T10:44:20","guid":{"rendered":"https:\/\/www.kz-gedenkstaette-dachau.de\/miejsce-historyczne\/wirtualne-zwiedzanie\/gedenkraum\/"},"modified":"2020-01-30T15:12:57","modified_gmt":"2020-01-30T14:12:57","slug":"sala-pamieci-wystawa-glowna","status":"publish","type":"page","link":"https:\/\/www.kz-gedenkstaette-dachau.de\/pl\/miejsce-historyczne\/wirtualne-zwiedzanie\/sala-pamieci-wystawa-glowna\/","title":{"rendered":"Sala Pami\u0119ci (Wystawa G\u0142\u00f3wna)"},"content":{"rendered":"<p>edeW Sali Pami\u0119ci na ko\u0144cu g\u0142\u00f3wnej wystawy w Muzeum \u2013 MiejscuPami\u0119ci Dachau znajduje si\u0119 aktualnie ponad 130 tablic i kamieni pami\u0105tkowych. Sala s\u0142u\u017cy upami\u0119tnieniu poszczeg\u00f3lnych osobisto\u015bci oraz grup os\u00f3b, wi\u0119zionych w Dachau. Osoby prywatne i instytucje maj\u0105 mo\u017cliwo\u015b\u0107 fundowania tutaj tablic pami\u0105tkowych dla ofiar tutejszego obozu koncentracyjnego.<\/p>\n<p>W 2011 r. zainstalowano w Sali Pami\u0119ci trzy terminale, w kt\u00f3rych mo\u017cna zajrze\u0107 do \u201eKsi\u0119gi Pami\u0105tkowej ofiar obozu koncentracyjnego Dachau\u201d, tak w wersji elektronicznej jak i drukowanej. Ksi\u0119ga ta przywraca wi\u0119\u017aniom, kt\u00f3rych zam\u0119czono tu na \u015bmier\u0107, ich nazwiska i umo\u017cliwia indywidualne wspominanie ka\u017cdej z tych os\u00f3b z godno\u015bci\u0105. W terminalach zwiedzaj\u0105cy mog\u0105 sprawdzi\u0107 nazwisko, narodowo\u015b\u0107, zaw\u00f3d, miejsce i dzie\u0144 urodzenia oraz dat\u0119 \u015bmierci wi\u0119\u017ani\u00f3w. Ksi\u0119ga zawiera nazwiska 32.205 ofiar. Nazwisk dalszych 8.3000 zamordowanych w Dachau m\u0119\u017cczyzn i kobiet nie uda\u0142o si\u0119 ustali\u0107.<\/p>\n","protected":false},"excerpt":{"rendered":"<p>edeW Sali Pami\u0119ci na ko\u0144cu g\u0142\u00f3wnej wystawy w Muzeum \u2013 MiejscuPami\u0119ci Dachau znajduje si\u0119 aktualnie ponad 130 tablic i kamieni pami\u0105tkowych. Sala s\u0142u\u017cy upami\u0119tnieniu poszczeg\u00f3lnych osobisto\u015bci oraz grup os\u00f3b, wi\u0119zionych w Dachau. Osoby prywatne i instytucje maj\u0105 mo\u017cliwo\u015b\u0107 fundowania tutaj tablic pami\u0105tkowych dla ofiar tutejszego obozu koncentracyjnego. W 2011 r. zainstalowano w Sali Pami\u0119ci trzy&#8230; <a class=\"view-article\" href=\"https:\/\/www.kz-gedenkstaette-dachau.de\/pl\/miejsce-historyczne\/wirtualne-zwiedzanie\/sala-pamieci-wystawa-glowna\/\">Zobacz artyku\u0142<\/a><\/p>\n","protected":false},"author":1,"featured_media":0,"parent":56973,"menu_order":1500,"comment_status":"closed","ping_status":"closed","template":"page-virtueller_rundgang_unterseite.php","meta":{"_acf_changed":false,"footnotes":""},"class_list":["post-57041","page","type-page","status-publish","hentry"],"acf":[],"yoast_head":"<!-- This site is optimized with the Yoast SEO plugin v27.3 - https:\/\/yoast.com\/product\/yoast-seo-wordpress\/ -->\n<title>Sala Pami\u0119ci (Wystawa G\u0142\u00f3wna) - KZ Gedenkst\u00e4tte Dachau<\/title>\n<meta name=\"robots\" content=\"index, follow, max-snippet:-1, max-image-preview:large, max-video-preview:-1\" \/>\n<link rel=\"canonical\" href=\"https:\/\/www.kz-gedenkstaette-dachau.de\/pl\/miejsce-historyczne\/wirtualne-zwiedzanie\/sala-pamieci-wystawa-glowna\/\" \/>\n<meta property=\"og:locale\" content=\"pl_PL\" \/>\n<meta property=\"og:type\" content=\"article\" \/>\n<meta property=\"og:title\" content=\"Sala Pami\u0119ci (Wystawa G\u0142\u00f3wna) - KZ Gedenkst\u00e4tte Dachau\" \/>\n<meta property=\"og:description\" content=\"edeW Sali Pami\u0119ci na ko\u0144cu g\u0142\u00f3wnej wystawy w Muzeum \u2013 MiejscuPami\u0119ci Dachau znajduje si\u0119 aktualnie ponad 130 tablic i kamieni pami\u0105tkowych. Sala s\u0142u\u017cy upami\u0119tnieniu poszczeg\u00f3lnych osobisto\u015bci oraz grup os\u00f3b, wi\u0119zionych w Dachau. Osoby prywatne i instytucje maj\u0105 mo\u017cliwo\u015b\u0107 fundowania tutaj tablic pami\u0105tkowych dla ofiar tutejszego obozu koncentracyjnego. W 2011 r. zainstalowano w Sali Pami\u0119ci trzy... Zobacz artyku\u0142\" \/>\n<meta property=\"og:url\" content=\"https:\/\/www.kz-gedenkstaette-dachau.de\/pl\/miejsce-historyczne\/wirtualne-zwiedzanie\/sala-pamieci-wystawa-glowna\/\" \/>\n<meta property=\"og:site_name\" content=\"KZ Gedenkst\u00e4tte Dachau\" \/>\n<meta property=\"article:modified_time\" content=\"2020-01-30T14:12:57+00:00\" \/>\n<meta name=\"twitter:card\" content=\"summary_large_image\" \/>\n<meta name=\"twitter:label1\" content=\"Szacowany czas czytania\" \/>\n\t<meta name=\"twitter:data1\" content=\"1 minuta\" \/>\n<script type=\"application\/ld+json\" class=\"yoast-schema-graph\">{\"@context\":\"https:\\\/\\\/schema.org\",\"@graph\":[{\"@type\":\"WebPage\",\"@id\":\"https:\\\/\\\/www.kz-gedenkstaette-dachau.de\\\/pl\\\/miejsce-historyczne\\\/wirtualne-zwiedzanie\\\/sala-pamieci-wystawa-glowna\\\/\",\"url\":\"https:\\\/\\\/www.kz-gedenkstaette-dachau.de\\\/pl\\\/miejsce-historyczne\\\/wirtualne-zwiedzanie\\\/sala-pamieci-wystawa-glowna\\\/\",\"name\":\"Sala Pami\u0119ci (Wystawa G\u0142\u00f3wna) - KZ Gedenkst\u00e4tte Dachau\",\"isPartOf\":{\"@id\":\"https:\\\/\\\/www.kz-gedenkstaette-dachau.de\\\/#website\"},\"datePublished\":\"2018-09-04T10:44:20+00:00\",\"dateModified\":\"2020-01-30T14:12:57+00:00\",\"breadcrumb\":{\"@id\":\"https:\\\/\\\/www.kz-gedenkstaette-dachau.de\\\/pl\\\/miejsce-historyczne\\\/wirtualne-zwiedzanie\\\/sala-pamieci-wystawa-glowna\\\/#breadcrumb\"},\"inLanguage\":\"pl-PL\",\"potentialAction\":[{\"@type\":\"ReadAction\",\"target\":[\"https:\\\/\\\/www.kz-gedenkstaette-dachau.de\\\/pl\\\/miejsce-historyczne\\\/wirtualne-zwiedzanie\\\/sala-pamieci-wystawa-glowna\\\/\"]}]},{\"@type\":\"BreadcrumbList\",\"@id\":\"https:\\\/\\\/www.kz-gedenkstaette-dachau.de\\\/pl\\\/miejsce-historyczne\\\/wirtualne-zwiedzanie\\\/sala-pamieci-wystawa-glowna\\\/#breadcrumb\",\"itemListElement\":[{\"@type\":\"ListItem\",\"position\":1,\"name\":\"Strona gl\u00f3wna\",\"item\":\"https:\\\/\\\/www.kz-gedenkstaette-dachau.de\\\/pl\\\/\"},{\"@type\":\"ListItem\",\"position\":2,\"name\":\"Miejsce historyczne\",\"item\":\"https:\\\/\\\/www.kz-gedenkstaette-dachau.de\\\/pl\\\/miejsce-historyczne\\\/\"},{\"@type\":\"ListItem\",\"position\":3,\"name\":\"Wirtualne zwiedzanie\",\"item\":\"https:\\\/\\\/www.kz-gedenkstaette-dachau.de\\\/pl\\\/miejsce-historyczne\\\/wirtualne-zwiedzanie\\\/\"},{\"@type\":\"ListItem\",\"position\":4,\"name\":\"Sala Pami\u0119ci (Wystawa G\u0142\u00f3wna)\"}]},{\"@type\":\"WebSite\",\"@id\":\"https:\\\/\\\/www.kz-gedenkstaette-dachau.de\\\/#website\",\"url\":\"https:\\\/\\\/www.kz-gedenkstaette-dachau.de\\\/\",\"name\":\"KZ Gedenkst\u00e4tte Dachau\",\"description\":\"\",\"potentialAction\":[{\"@type\":\"SearchAction\",\"target\":{\"@type\":\"EntryPoint\",\"urlTemplate\":\"https:\\\/\\\/www.kz-gedenkstaette-dachau.de\\\/?s={search_term_string}\"},\"query-input\":{\"@type\":\"PropertyValueSpecification\",\"valueRequired\":true,\"valueName\":\"search_term_string\"}}],\"inLanguage\":\"pl-PL\"}]}<\/script>\n<!-- \/ Yoast SEO plugin. -->","yoast_head_json":{"title":"Sala Pami\u0119ci (Wystawa G\u0142\u00f3wna) - KZ Gedenkst\u00e4tte Dachau","robots":{"index":"index","follow":"follow","max-snippet":"max-snippet:-1","max-image-preview":"max-image-preview:large","max-video-preview":"max-video-preview:-1"},"canonical":"https:\/\/www.kz-gedenkstaette-dachau.de\/pl\/miejsce-historyczne\/wirtualne-zwiedzanie\/sala-pamieci-wystawa-glowna\/","og_locale":"pl_PL","og_type":"article","og_title":"Sala Pami\u0119ci (Wystawa G\u0142\u00f3wna) - KZ Gedenkst\u00e4tte Dachau","og_description":"edeW Sali Pami\u0119ci na ko\u0144cu g\u0142\u00f3wnej wystawy w Muzeum \u2013 MiejscuPami\u0119ci Dachau znajduje si\u0119 aktualnie ponad 130 tablic i kamieni pami\u0105tkowych. Sala s\u0142u\u017cy upami\u0119tnieniu poszczeg\u00f3lnych osobisto\u015bci oraz grup os\u00f3b, wi\u0119zionych w Dachau. Osoby prywatne i instytucje maj\u0105 mo\u017cliwo\u015b\u0107 fundowania tutaj tablic pami\u0105tkowych dla ofiar tutejszego obozu koncentracyjnego. W 2011 r. zainstalowano w Sali Pami\u0119ci trzy... Zobacz artyku\u0142","og_url":"https:\/\/www.kz-gedenkstaette-dachau.de\/pl\/miejsce-historyczne\/wirtualne-zwiedzanie\/sala-pamieci-wystawa-glowna\/","og_site_name":"KZ Gedenkst\u00e4tte Dachau","article_modified_time":"2020-01-30T14:12:57+00:00","twitter_card":"summary_large_image","twitter_misc":{"Szacowany czas czytania":"1 minuta"},"schema":{"@context":"https:\/\/schema.org","@graph":[{"@type":"WebPage","@id":"https:\/\/www.kz-gedenkstaette-dachau.de\/pl\/miejsce-historyczne\/wirtualne-zwiedzanie\/sala-pamieci-wystawa-glowna\/","url":"https:\/\/www.kz-gedenkstaette-dachau.de\/pl\/miejsce-historyczne\/wirtualne-zwiedzanie\/sala-pamieci-wystawa-glowna\/","name":"Sala Pami\u0119ci (Wystawa G\u0142\u00f3wna) - KZ Gedenkst\u00e4tte Dachau","isPartOf":{"@id":"https:\/\/www.kz-gedenkstaette-dachau.de\/#website"},"datePublished":"2018-09-04T10:44:20+00:00","dateModified":"2020-01-30T14:12:57+00:00","breadcrumb":{"@id":"https:\/\/www.kz-gedenkstaette-dachau.de\/pl\/miejsce-historyczne\/wirtualne-zwiedzanie\/sala-pamieci-wystawa-glowna\/#breadcrumb"},"inLanguage":"pl-PL","potentialAction":[{"@type":"ReadAction","target":["https:\/\/www.kz-gedenkstaette-dachau.de\/pl\/miejsce-historyczne\/wirtualne-zwiedzanie\/sala-pamieci-wystawa-glowna\/"]}]},{"@type":"BreadcrumbList","@id":"https:\/\/www.kz-gedenkstaette-dachau.de\/pl\/miejsce-historyczne\/wirtualne-zwiedzanie\/sala-pamieci-wystawa-glowna\/#breadcrumb","itemListElement":[{"@type":"ListItem","position":1,"name":"Strona gl\u00f3wna","item":"https:\/\/www.kz-gedenkstaette-dachau.de\/pl\/"},{"@type":"ListItem","position":2,"name":"Miejsce historyczne","item":"https:\/\/www.kz-gedenkstaette-dachau.de\/pl\/miejsce-historyczne\/"},{"@type":"ListItem","position":3,"name":"Wirtualne zwiedzanie","item":"https:\/\/www.kz-gedenkstaette-dachau.de\/pl\/miejsce-historyczne\/wirtualne-zwiedzanie\/"},{"@type":"ListItem","position":4,"name":"Sala Pami\u0119ci (Wystawa G\u0142\u00f3wna)"}]},{"@type":"WebSite","@id":"https:\/\/www.kz-gedenkstaette-dachau.de\/#website","url":"https:\/\/www.kz-gedenkstaette-dachau.de\/","name":"KZ Gedenkst\u00e4tte Dachau","description":"","potentialAction":[{"@type":"SearchAction","target":{"@type":"EntryPoint","urlTemplate":"https:\/\/www.kz-gedenkstaette-dachau.de\/?s={search_term_string}"},"query-input":{"@type":"PropertyValueSpecification","valueRequired":true,"valueName":"search_term_string"}}],"inLanguage":"pl-PL"}]}},"_links":{"self":[{"href":"https:\/\/www.kz-gedenkstaette-dachau.de\/pl\/wp-json\/wp\/v2\/pages\/57041","targetHints":{"allow":["GET"]}}],"collection":[{"href":"https:\/\/www.kz-gedenkstaette-dachau.de\/pl\/wp-json\/wp\/v2\/pages"}],"about":[{"href":"https:\/\/www.kz-gedenkstaette-dachau.de\/pl\/wp-json\/wp\/v2\/types\/page"}],"author":[{"embeddable":true,"href":"https:\/\/www.kz-gedenkstaette-dachau.de\/pl\/wp-json\/wp\/v2\/users\/1"}],"replies":[{"embeddable":true,"href":"https:\/\/www.kz-gedenkstaette-dachau.de\/pl\/wp-json\/wp\/v2\/comments?post=57041"}],"version-history":[{"count":0,"href":"https:\/\/www.kz-gedenkstaette-dachau.de\/pl\/wp-json\/wp\/v2\/pages\/57041\/revisions"}],"up":[{"embeddable":true,"href":"https:\/\/www.kz-gedenkstaette-dachau.de\/pl\/wp-json\/wp\/v2\/pages\/56973"}],"wp:attachment":[{"href":"https:\/\/www.kz-gedenkstaette-dachau.de\/pl\/wp-json\/wp\/v2\/media?parent=57041"}],"curies":[{"name":"wp","href":"https:\/\/api.w.org\/{rel}","templated":true}]}}