{"id":57044,"date":"2018-09-04T12:45:23","date_gmt":"2018-09-04T10:45:23","guid":{"rendered":"https:\/\/www.kz-gedenkstaette-dachau.de\/miejsce-historyczne\/wirtualne-zwiedzanie\/todesangst-christi-kapelle\/"},"modified":"2020-01-30T15:13:52","modified_gmt":"2020-01-30T14:13:52","slug":"kaplica-pw-leku-chrystusa-przed-smiercia","status":"publish","type":"page","link":"https:\/\/www.kz-gedenkstaette-dachau.de\/pl\/miejsce-historyczne\/wirtualne-zwiedzanie\/kaplica-pw-leku-chrystusa-przed-smiercia\/","title":{"rendered":"Kaplica pw. L\u0119ku Chrystusa Przed \u015amierci\u0105"},"content":{"rendered":"<p>Katolicka Kaplica pw. L\u0119ku Chrystusa Przed \u015amierci\u0105 by\u0142a pierwszym religijnym miejscem pami\u0119ci, wzniesionym na p\u00f3\u0142nocnym skraju terenu by\u0142ego obozu koncentracyjnego. Obozowe budynki funkcyjne, kt\u00f3re si\u0119 tutaj znajdowa\u0142y, zosta\u0142y wyburzone w latach pi\u0119\u0107dziesi\u0105tych i sze\u015b\u0107dziesi\u0105tych XX w.<\/p>\n<p>Inicjatywa wybudowania tej kaplicy wysz\u0142a od by\u0142ego wi\u0119\u017ania Dachau i p\u00f3\u017aniejszego biskupa pomocniczego Monachium Johannesa Neuh\u00e4uslera. Po\u015bwi\u0119cono j\u0105 5 sierpnia 1960 r. w ramach \u015awiatowego Kongresu Eucharystycznego. Zaprojektowana przez architekta Josefa Wiedemanna cylindryczna konstrukcja otwiera si\u0119 na o\u015b \u015brodkow\u0105 niegdysiejszego obozu. Nad wej\u015bciem znajduje si\u0119 korona cierniowa z miedzi. Kaplica symbolizuje wyzwolenie z niewoli przez Chrystusa. Dzwon Pami\u0119ci przed kaplic\u0105 rozbrzmiewa raz dziennie kr\u00f3tko przed pi\u0119tnast\u0105, b\u0119d\u0105c\u0105 biblijna godzin\u0105 \u015bmierci Chrystusa.<\/p>\n<p>20 sierpnia 1962 r. by\u0142y wi\u0119zie\u0144 Dachau i p\u00f3\u017aniejszy arcybiskup szczeci\u0144sko-kamie\u0144ski Kazimierz Majda\u0144ski ods\u0142oni\u0142 pos\u0105g Chrystusa z br\u0105zu i tr\u00f3jj\u0119zyczne przes\u0142anie ku pami\u0119ci polskich wi\u0119\u017ani\u00f3w, stanowi\u0105cych najwi\u0119ksz\u0105 grup\u0119 narodow\u0105 w tutejszym obozie koncentracyjnym.<\/p>\n","protected":false},"excerpt":{"rendered":"<p>Katolicka Kaplica pw. L\u0119ku Chrystusa Przed \u015amierci\u0105 by\u0142a pierwszym religijnym miejscem pami\u0119ci, wzniesionym na p\u00f3\u0142nocnym skraju terenu by\u0142ego obozu koncentracyjnego. Obozowe budynki funkcyjne, kt\u00f3re si\u0119 tutaj znajdowa\u0142y, zosta\u0142y wyburzone w latach pi\u0119\u0107dziesi\u0105tych i sze\u015b\u0107dziesi\u0105tych XX w. Inicjatywa wybudowania tej kaplicy wysz\u0142a od by\u0142ego wi\u0119\u017ania Dachau i p\u00f3\u017aniejszego biskupa pomocniczego Monachium Johannesa Neuh\u00e4uslera. Po\u015bwi\u0119cono j\u0105 5&#8230; <a class=\"view-article\" href=\"https:\/\/www.kz-gedenkstaette-dachau.de\/pl\/miejsce-historyczne\/wirtualne-zwiedzanie\/kaplica-pw-leku-chrystusa-przed-smiercia\/\">Zobacz artyku\u0142<\/a><\/p>\n","protected":false},"author":1,"featured_media":0,"parent":56973,"menu_order":1600,"comment_status":"closed","ping_status":"closed","template":"page-virtueller_rundgang_unterseite.php","meta":{"_acf_changed":false,"footnotes":""},"class_list":["post-57044","page","type-page","status-publish","hentry"],"acf":[],"yoast_head":"<!-- This site is optimized with the Yoast SEO plugin v27.4 - https:\/\/yoast.com\/product\/yoast-seo-wordpress\/ -->\n<title>Kaplica pw. L\u0119ku Chrystusa Przed \u015amierci\u0105 - KZ Gedenkst\u00e4tte Dachau<\/title>\n<meta name=\"robots\" content=\"index, follow, max-snippet:-1, max-image-preview:large, max-video-preview:-1\" \/>\n<link rel=\"canonical\" href=\"https:\/\/www.kz-gedenkstaette-dachau.de\/pl\/miejsce-historyczne\/wirtualne-zwiedzanie\/kaplica-pw-leku-chrystusa-przed-smiercia\/\" \/>\n<meta property=\"og:locale\" content=\"pl_PL\" \/>\n<meta property=\"og:type\" content=\"article\" \/>\n<meta property=\"og:title\" content=\"Kaplica pw. L\u0119ku Chrystusa Przed \u015amierci\u0105 - KZ Gedenkst\u00e4tte Dachau\" \/>\n<meta property=\"og:description\" content=\"Katolicka Kaplica pw. L\u0119ku Chrystusa Przed \u015amierci\u0105 by\u0142a pierwszym religijnym miejscem pami\u0119ci, wzniesionym na p\u00f3\u0142nocnym skraju terenu by\u0142ego obozu koncentracyjnego. Obozowe budynki funkcyjne, kt\u00f3re si\u0119 tutaj znajdowa\u0142y, zosta\u0142y wyburzone w latach pi\u0119\u0107dziesi\u0105tych i sze\u015b\u0107dziesi\u0105tych XX w. Inicjatywa wybudowania tej kaplicy wysz\u0142a od by\u0142ego wi\u0119\u017ania Dachau i p\u00f3\u017aniejszego biskupa pomocniczego Monachium Johannesa Neuh\u00e4uslera. Po\u015bwi\u0119cono j\u0105 5... Zobacz artyku\u0142\" \/>\n<meta property=\"og:url\" content=\"https:\/\/www.kz-gedenkstaette-dachau.de\/pl\/miejsce-historyczne\/wirtualne-zwiedzanie\/kaplica-pw-leku-chrystusa-przed-smiercia\/\" \/>\n<meta property=\"og:site_name\" content=\"KZ Gedenkst\u00e4tte Dachau\" \/>\n<meta property=\"article:modified_time\" content=\"2020-01-30T14:13:52+00:00\" \/>\n<meta name=\"twitter:card\" content=\"summary_large_image\" \/>\n<meta name=\"twitter:label1\" content=\"Szacowany czas czytania\" \/>\n\t<meta name=\"twitter:data1\" content=\"1 minuta\" \/>\n<script type=\"application\/ld+json\" class=\"yoast-schema-graph\">{\"@context\":\"https:\\\/\\\/schema.org\",\"@graph\":[{\"@type\":\"WebPage\",\"@id\":\"https:\\\/\\\/www.kz-gedenkstaette-dachau.de\\\/pl\\\/miejsce-historyczne\\\/wirtualne-zwiedzanie\\\/kaplica-pw-leku-chrystusa-przed-smiercia\\\/\",\"url\":\"https:\\\/\\\/www.kz-gedenkstaette-dachau.de\\\/pl\\\/miejsce-historyczne\\\/wirtualne-zwiedzanie\\\/kaplica-pw-leku-chrystusa-przed-smiercia\\\/\",\"name\":\"Kaplica pw. L\u0119ku Chrystusa Przed \u015amierci\u0105 - KZ Gedenkst\u00e4tte Dachau\",\"isPartOf\":{\"@id\":\"https:\\\/\\\/www.kz-gedenkstaette-dachau.de\\\/#website\"},\"datePublished\":\"2018-09-04T10:45:23+00:00\",\"dateModified\":\"2020-01-30T14:13:52+00:00\",\"breadcrumb\":{\"@id\":\"https:\\\/\\\/www.kz-gedenkstaette-dachau.de\\\/pl\\\/miejsce-historyczne\\\/wirtualne-zwiedzanie\\\/kaplica-pw-leku-chrystusa-przed-smiercia\\\/#breadcrumb\"},\"inLanguage\":\"pl-PL\",\"potentialAction\":[{\"@type\":\"ReadAction\",\"target\":[\"https:\\\/\\\/www.kz-gedenkstaette-dachau.de\\\/pl\\\/miejsce-historyczne\\\/wirtualne-zwiedzanie\\\/kaplica-pw-leku-chrystusa-przed-smiercia\\\/\"]}]},{\"@type\":\"BreadcrumbList\",\"@id\":\"https:\\\/\\\/www.kz-gedenkstaette-dachau.de\\\/pl\\\/miejsce-historyczne\\\/wirtualne-zwiedzanie\\\/kaplica-pw-leku-chrystusa-przed-smiercia\\\/#breadcrumb\",\"itemListElement\":[{\"@type\":\"ListItem\",\"position\":1,\"name\":\"Strona gl\u00f3wna\",\"item\":\"https:\\\/\\\/www.kz-gedenkstaette-dachau.de\\\/pl\\\/\"},{\"@type\":\"ListItem\",\"position\":2,\"name\":\"Miejsce historyczne\",\"item\":\"https:\\\/\\\/www.kz-gedenkstaette-dachau.de\\\/pl\\\/miejsce-historyczne\\\/\"},{\"@type\":\"ListItem\",\"position\":3,\"name\":\"Wirtualne zwiedzanie\",\"item\":\"https:\\\/\\\/www.kz-gedenkstaette-dachau.de\\\/pl\\\/miejsce-historyczne\\\/wirtualne-zwiedzanie\\\/\"},{\"@type\":\"ListItem\",\"position\":4,\"name\":\"Kaplica pw. L\u0119ku Chrystusa Przed \u015amierci\u0105\"}]},{\"@type\":\"WebSite\",\"@id\":\"https:\\\/\\\/www.kz-gedenkstaette-dachau.de\\\/#website\",\"url\":\"https:\\\/\\\/www.kz-gedenkstaette-dachau.de\\\/\",\"name\":\"KZ Gedenkst\u00e4tte Dachau\",\"description\":\"\",\"potentialAction\":[{\"@type\":\"SearchAction\",\"target\":{\"@type\":\"EntryPoint\",\"urlTemplate\":\"https:\\\/\\\/www.kz-gedenkstaette-dachau.de\\\/?s={search_term_string}\"},\"query-input\":{\"@type\":\"PropertyValueSpecification\",\"valueRequired\":true,\"valueName\":\"search_term_string\"}}],\"inLanguage\":\"pl-PL\"}]}<\/script>\n<!-- \/ Yoast SEO plugin. -->","yoast_head_json":{"title":"Kaplica pw. L\u0119ku Chrystusa Przed \u015amierci\u0105 - KZ Gedenkst\u00e4tte Dachau","robots":{"index":"index","follow":"follow","max-snippet":"max-snippet:-1","max-image-preview":"max-image-preview:large","max-video-preview":"max-video-preview:-1"},"canonical":"https:\/\/www.kz-gedenkstaette-dachau.de\/pl\/miejsce-historyczne\/wirtualne-zwiedzanie\/kaplica-pw-leku-chrystusa-przed-smiercia\/","og_locale":"pl_PL","og_type":"article","og_title":"Kaplica pw. L\u0119ku Chrystusa Przed \u015amierci\u0105 - KZ Gedenkst\u00e4tte Dachau","og_description":"Katolicka Kaplica pw. L\u0119ku Chrystusa Przed \u015amierci\u0105 by\u0142a pierwszym religijnym miejscem pami\u0119ci, wzniesionym na p\u00f3\u0142nocnym skraju terenu by\u0142ego obozu koncentracyjnego. Obozowe budynki funkcyjne, kt\u00f3re si\u0119 tutaj znajdowa\u0142y, zosta\u0142y wyburzone w latach pi\u0119\u0107dziesi\u0105tych i sze\u015b\u0107dziesi\u0105tych XX w. Inicjatywa wybudowania tej kaplicy wysz\u0142a od by\u0142ego wi\u0119\u017ania Dachau i p\u00f3\u017aniejszego biskupa pomocniczego Monachium Johannesa Neuh\u00e4uslera. Po\u015bwi\u0119cono j\u0105 5... Zobacz artyku\u0142","og_url":"https:\/\/www.kz-gedenkstaette-dachau.de\/pl\/miejsce-historyczne\/wirtualne-zwiedzanie\/kaplica-pw-leku-chrystusa-przed-smiercia\/","og_site_name":"KZ Gedenkst\u00e4tte Dachau","article_modified_time":"2020-01-30T14:13:52+00:00","twitter_card":"summary_large_image","twitter_misc":{"Szacowany czas czytania":"1 minuta"},"schema":{"@context":"https:\/\/schema.org","@graph":[{"@type":"WebPage","@id":"https:\/\/www.kz-gedenkstaette-dachau.de\/pl\/miejsce-historyczne\/wirtualne-zwiedzanie\/kaplica-pw-leku-chrystusa-przed-smiercia\/","url":"https:\/\/www.kz-gedenkstaette-dachau.de\/pl\/miejsce-historyczne\/wirtualne-zwiedzanie\/kaplica-pw-leku-chrystusa-przed-smiercia\/","name":"Kaplica pw. L\u0119ku Chrystusa Przed \u015amierci\u0105 - KZ Gedenkst\u00e4tte Dachau","isPartOf":{"@id":"https:\/\/www.kz-gedenkstaette-dachau.de\/#website"},"datePublished":"2018-09-04T10:45:23+00:00","dateModified":"2020-01-30T14:13:52+00:00","breadcrumb":{"@id":"https:\/\/www.kz-gedenkstaette-dachau.de\/pl\/miejsce-historyczne\/wirtualne-zwiedzanie\/kaplica-pw-leku-chrystusa-przed-smiercia\/#breadcrumb"},"inLanguage":"pl-PL","potentialAction":[{"@type":"ReadAction","target":["https:\/\/www.kz-gedenkstaette-dachau.de\/pl\/miejsce-historyczne\/wirtualne-zwiedzanie\/kaplica-pw-leku-chrystusa-przed-smiercia\/"]}]},{"@type":"BreadcrumbList","@id":"https:\/\/www.kz-gedenkstaette-dachau.de\/pl\/miejsce-historyczne\/wirtualne-zwiedzanie\/kaplica-pw-leku-chrystusa-przed-smiercia\/#breadcrumb","itemListElement":[{"@type":"ListItem","position":1,"name":"Strona gl\u00f3wna","item":"https:\/\/www.kz-gedenkstaette-dachau.de\/pl\/"},{"@type":"ListItem","position":2,"name":"Miejsce historyczne","item":"https:\/\/www.kz-gedenkstaette-dachau.de\/pl\/miejsce-historyczne\/"},{"@type":"ListItem","position":3,"name":"Wirtualne zwiedzanie","item":"https:\/\/www.kz-gedenkstaette-dachau.de\/pl\/miejsce-historyczne\/wirtualne-zwiedzanie\/"},{"@type":"ListItem","position":4,"name":"Kaplica pw. L\u0119ku Chrystusa Przed \u015amierci\u0105"}]},{"@type":"WebSite","@id":"https:\/\/www.kz-gedenkstaette-dachau.de\/#website","url":"https:\/\/www.kz-gedenkstaette-dachau.de\/","name":"KZ Gedenkst\u00e4tte Dachau","description":"","potentialAction":[{"@type":"SearchAction","target":{"@type":"EntryPoint","urlTemplate":"https:\/\/www.kz-gedenkstaette-dachau.de\/?s={search_term_string}"},"query-input":{"@type":"PropertyValueSpecification","valueRequired":true,"valueName":"search_term_string"}}],"inLanguage":"pl-PL"}]}},"_links":{"self":[{"href":"https:\/\/www.kz-gedenkstaette-dachau.de\/pl\/wp-json\/wp\/v2\/pages\/57044","targetHints":{"allow":["GET"]}}],"collection":[{"href":"https:\/\/www.kz-gedenkstaette-dachau.de\/pl\/wp-json\/wp\/v2\/pages"}],"about":[{"href":"https:\/\/www.kz-gedenkstaette-dachau.de\/pl\/wp-json\/wp\/v2\/types\/page"}],"author":[{"embeddable":true,"href":"https:\/\/www.kz-gedenkstaette-dachau.de\/pl\/wp-json\/wp\/v2\/users\/1"}],"replies":[{"embeddable":true,"href":"https:\/\/www.kz-gedenkstaette-dachau.de\/pl\/wp-json\/wp\/v2\/comments?post=57044"}],"version-history":[{"count":0,"href":"https:\/\/www.kz-gedenkstaette-dachau.de\/pl\/wp-json\/wp\/v2\/pages\/57044\/revisions"}],"up":[{"embeddable":true,"href":"https:\/\/www.kz-gedenkstaette-dachau.de\/pl\/wp-json\/wp\/v2\/pages\/56973"}],"wp:attachment":[{"href":"https:\/\/www.kz-gedenkstaette-dachau.de\/pl\/wp-json\/wp\/v2\/media?parent=57044"}],"curies":[{"name":"wp","href":"https:\/\/api.w.org\/{rel}","templated":true}]}}