{"id":57047,"date":"2018-09-04T12:45:43","date_gmt":"2018-09-04T10:45:43","guid":{"rendered":"https:\/\/www.kz-gedenkstaette-dachau.de\/miejsce-historyczne\/wirtualne-zwiedzanie\/karmel-heilig-blut\/"},"modified":"2020-01-30T15:15:37","modified_gmt":"2020-01-30T14:15:37","slug":"karmel-pw-najswietszej-krwi","status":"publish","type":"page","link":"https:\/\/www.kz-gedenkstaette-dachau.de\/pl\/miejsce-historyczne\/wirtualne-zwiedzanie\/karmel-pw-najswietszej-krwi\/","title":{"rendered":"Karmel pw. Naj\u015bwi\u0119tszej Krwi"},"content":{"rendered":"<p>Za p\u00f3\u0142nocnym murem by\u0142ego obozu, na ty\u0142ach Kaplicy pw. L\u0119ku Chrystusa Przed \u015amierci\u0105, znajduje si\u0119 Karmel pw. Naj\u015bwi\u0119tszej Krwi. Zakon karmelitanek bosych za\u0142o\u017cony zosta\u0142 w XVI w. przez \u015bw. Teres\u0119 z \u00c1vili. Karmelitanka, matka Maria Teresa, \u015bwiadomie wybra\u0142a by\u0142y ob\u00f3z koncentracyjny Dachu, to siedlisko grozy, aby uczyni\u0107 z niego miejsce ofiarnej i jednaj\u0105cej modlitwy, b\u0119d\u0105ce znakiem nadziei.<\/p>\n<p>Klasztor po\u015bwi\u0119cony zosta\u0142 22 listopada 1964 r. przez Johannesa Neuh\u00e4uslera. Projekt klasztoru, oparty na planie krzy\u017ca, jest autorstwa Josefa Wiedemanna. Dziedziniec przed klasztorem, furta i ko\u015bci\u00f3\u0142, dost\u0119pne s\u0105 dla zwiedzaj\u0105cych przez bram\u0119 wybit\u0105 w murze by\u0142ej wie\u017cy stra\u017cniczej. W ko\u015bciele znajduje si\u0119 miejsce wiecznego spoczynku bpa Johannesa Neuh\u00e4uslera. Na dziedzi\u0144cu wystawiona jest witryna z naczyniami liturgicznymi, pochodz\u0105cymi z kaplicy obozowej.<\/p>\n","protected":false},"excerpt":{"rendered":"<p>Za p\u00f3\u0142nocnym murem by\u0142ego obozu, na ty\u0142ach Kaplicy pw. L\u0119ku Chrystusa Przed \u015amierci\u0105, znajduje si\u0119 Karmel pw. Naj\u015bwi\u0119tszej Krwi. Zakon karmelitanek bosych za\u0142o\u017cony zosta\u0142 w XVI w. przez \u015bw. Teres\u0119 z \u00c1vili. Karmelitanka, matka Maria Teresa, \u015bwiadomie wybra\u0142a by\u0142y ob\u00f3z koncentracyjny Dachu, to siedlisko grozy, aby uczyni\u0107 z niego miejsce ofiarnej i jednaj\u0105cej modlitwy, b\u0119d\u0105ce&#8230; <a class=\"view-article\" href=\"https:\/\/www.kz-gedenkstaette-dachau.de\/pl\/miejsce-historyczne\/wirtualne-zwiedzanie\/karmel-pw-najswietszej-krwi\/\">Zobacz artyku\u0142<\/a><\/p>\n","protected":false},"author":1,"featured_media":0,"parent":56973,"menu_order":1700,"comment_status":"closed","ping_status":"closed","template":"page-virtueller_rundgang_unterseite.php","meta":{"_acf_changed":false,"footnotes":""},"class_list":["post-57047","page","type-page","status-publish","hentry"],"acf":[],"yoast_head":"<!-- This site is optimized with the Yoast SEO plugin v27.3 - https:\/\/yoast.com\/product\/yoast-seo-wordpress\/ -->\n<title>Karmel pw. Naj\u015bwi\u0119tszej Krwi - KZ Gedenkst\u00e4tte Dachau<\/title>\n<meta name=\"robots\" content=\"index, follow, max-snippet:-1, max-image-preview:large, max-video-preview:-1\" \/>\n<link rel=\"canonical\" href=\"https:\/\/www.kz-gedenkstaette-dachau.de\/pl\/miejsce-historyczne\/wirtualne-zwiedzanie\/karmel-pw-najswietszej-krwi\/\" \/>\n<meta property=\"og:locale\" content=\"pl_PL\" \/>\n<meta property=\"og:type\" content=\"article\" \/>\n<meta property=\"og:title\" content=\"Karmel pw. Naj\u015bwi\u0119tszej Krwi - KZ Gedenkst\u00e4tte Dachau\" \/>\n<meta property=\"og:description\" content=\"Za p\u00f3\u0142nocnym murem by\u0142ego obozu, na ty\u0142ach Kaplicy pw. L\u0119ku Chrystusa Przed \u015amierci\u0105, znajduje si\u0119 Karmel pw. Naj\u015bwi\u0119tszej Krwi. Zakon karmelitanek bosych za\u0142o\u017cony zosta\u0142 w XVI w. przez \u015bw. Teres\u0119 z \u00c1vili. Karmelitanka, matka Maria Teresa, \u015bwiadomie wybra\u0142a by\u0142y ob\u00f3z koncentracyjny Dachu, to siedlisko grozy, aby uczyni\u0107 z niego miejsce ofiarnej i jednaj\u0105cej modlitwy, b\u0119d\u0105ce... Zobacz artyku\u0142\" \/>\n<meta property=\"og:url\" content=\"https:\/\/www.kz-gedenkstaette-dachau.de\/pl\/miejsce-historyczne\/wirtualne-zwiedzanie\/karmel-pw-najswietszej-krwi\/\" \/>\n<meta property=\"og:site_name\" content=\"KZ Gedenkst\u00e4tte Dachau\" \/>\n<meta property=\"article:modified_time\" content=\"2020-01-30T14:15:37+00:00\" \/>\n<meta name=\"twitter:card\" content=\"summary_large_image\" \/>\n<meta name=\"twitter:label1\" content=\"Szacowany czas czytania\" \/>\n\t<meta name=\"twitter:data1\" content=\"1 minuta\" \/>\n<script type=\"application\/ld+json\" class=\"yoast-schema-graph\">{\"@context\":\"https:\\\/\\\/schema.org\",\"@graph\":[{\"@type\":\"WebPage\",\"@id\":\"https:\\\/\\\/www.kz-gedenkstaette-dachau.de\\\/pl\\\/miejsce-historyczne\\\/wirtualne-zwiedzanie\\\/karmel-pw-najswietszej-krwi\\\/\",\"url\":\"https:\\\/\\\/www.kz-gedenkstaette-dachau.de\\\/pl\\\/miejsce-historyczne\\\/wirtualne-zwiedzanie\\\/karmel-pw-najswietszej-krwi\\\/\",\"name\":\"Karmel pw. Naj\u015bwi\u0119tszej Krwi - KZ Gedenkst\u00e4tte Dachau\",\"isPartOf\":{\"@id\":\"https:\\\/\\\/www.kz-gedenkstaette-dachau.de\\\/#website\"},\"datePublished\":\"2018-09-04T10:45:43+00:00\",\"dateModified\":\"2020-01-30T14:15:37+00:00\",\"breadcrumb\":{\"@id\":\"https:\\\/\\\/www.kz-gedenkstaette-dachau.de\\\/pl\\\/miejsce-historyczne\\\/wirtualne-zwiedzanie\\\/karmel-pw-najswietszej-krwi\\\/#breadcrumb\"},\"inLanguage\":\"pl-PL\",\"potentialAction\":[{\"@type\":\"ReadAction\",\"target\":[\"https:\\\/\\\/www.kz-gedenkstaette-dachau.de\\\/pl\\\/miejsce-historyczne\\\/wirtualne-zwiedzanie\\\/karmel-pw-najswietszej-krwi\\\/\"]}]},{\"@type\":\"BreadcrumbList\",\"@id\":\"https:\\\/\\\/www.kz-gedenkstaette-dachau.de\\\/pl\\\/miejsce-historyczne\\\/wirtualne-zwiedzanie\\\/karmel-pw-najswietszej-krwi\\\/#breadcrumb\",\"itemListElement\":[{\"@type\":\"ListItem\",\"position\":1,\"name\":\"Strona gl\u00f3wna\",\"item\":\"https:\\\/\\\/www.kz-gedenkstaette-dachau.de\\\/pl\\\/\"},{\"@type\":\"ListItem\",\"position\":2,\"name\":\"Miejsce historyczne\",\"item\":\"https:\\\/\\\/www.kz-gedenkstaette-dachau.de\\\/pl\\\/miejsce-historyczne\\\/\"},{\"@type\":\"ListItem\",\"position\":3,\"name\":\"Wirtualne zwiedzanie\",\"item\":\"https:\\\/\\\/www.kz-gedenkstaette-dachau.de\\\/pl\\\/miejsce-historyczne\\\/wirtualne-zwiedzanie\\\/\"},{\"@type\":\"ListItem\",\"position\":4,\"name\":\"Karmel pw. Naj\u015bwi\u0119tszej Krwi\"}]},{\"@type\":\"WebSite\",\"@id\":\"https:\\\/\\\/www.kz-gedenkstaette-dachau.de\\\/#website\",\"url\":\"https:\\\/\\\/www.kz-gedenkstaette-dachau.de\\\/\",\"name\":\"KZ Gedenkst\u00e4tte Dachau\",\"description\":\"\",\"potentialAction\":[{\"@type\":\"SearchAction\",\"target\":{\"@type\":\"EntryPoint\",\"urlTemplate\":\"https:\\\/\\\/www.kz-gedenkstaette-dachau.de\\\/?s={search_term_string}\"},\"query-input\":{\"@type\":\"PropertyValueSpecification\",\"valueRequired\":true,\"valueName\":\"search_term_string\"}}],\"inLanguage\":\"pl-PL\"}]}<\/script>\n<!-- \/ Yoast SEO plugin. -->","yoast_head_json":{"title":"Karmel pw. Naj\u015bwi\u0119tszej Krwi - KZ Gedenkst\u00e4tte Dachau","robots":{"index":"index","follow":"follow","max-snippet":"max-snippet:-1","max-image-preview":"max-image-preview:large","max-video-preview":"max-video-preview:-1"},"canonical":"https:\/\/www.kz-gedenkstaette-dachau.de\/pl\/miejsce-historyczne\/wirtualne-zwiedzanie\/karmel-pw-najswietszej-krwi\/","og_locale":"pl_PL","og_type":"article","og_title":"Karmel pw. Naj\u015bwi\u0119tszej Krwi - KZ Gedenkst\u00e4tte Dachau","og_description":"Za p\u00f3\u0142nocnym murem by\u0142ego obozu, na ty\u0142ach Kaplicy pw. L\u0119ku Chrystusa Przed \u015amierci\u0105, znajduje si\u0119 Karmel pw. Naj\u015bwi\u0119tszej Krwi. Zakon karmelitanek bosych za\u0142o\u017cony zosta\u0142 w XVI w. przez \u015bw. Teres\u0119 z \u00c1vili. Karmelitanka, matka Maria Teresa, \u015bwiadomie wybra\u0142a by\u0142y ob\u00f3z koncentracyjny Dachu, to siedlisko grozy, aby uczyni\u0107 z niego miejsce ofiarnej i jednaj\u0105cej modlitwy, b\u0119d\u0105ce... Zobacz artyku\u0142","og_url":"https:\/\/www.kz-gedenkstaette-dachau.de\/pl\/miejsce-historyczne\/wirtualne-zwiedzanie\/karmel-pw-najswietszej-krwi\/","og_site_name":"KZ Gedenkst\u00e4tte Dachau","article_modified_time":"2020-01-30T14:15:37+00:00","twitter_card":"summary_large_image","twitter_misc":{"Szacowany czas czytania":"1 minuta"},"schema":{"@context":"https:\/\/schema.org","@graph":[{"@type":"WebPage","@id":"https:\/\/www.kz-gedenkstaette-dachau.de\/pl\/miejsce-historyczne\/wirtualne-zwiedzanie\/karmel-pw-najswietszej-krwi\/","url":"https:\/\/www.kz-gedenkstaette-dachau.de\/pl\/miejsce-historyczne\/wirtualne-zwiedzanie\/karmel-pw-najswietszej-krwi\/","name":"Karmel pw. Naj\u015bwi\u0119tszej Krwi - KZ Gedenkst\u00e4tte Dachau","isPartOf":{"@id":"https:\/\/www.kz-gedenkstaette-dachau.de\/#website"},"datePublished":"2018-09-04T10:45:43+00:00","dateModified":"2020-01-30T14:15:37+00:00","breadcrumb":{"@id":"https:\/\/www.kz-gedenkstaette-dachau.de\/pl\/miejsce-historyczne\/wirtualne-zwiedzanie\/karmel-pw-najswietszej-krwi\/#breadcrumb"},"inLanguage":"pl-PL","potentialAction":[{"@type":"ReadAction","target":["https:\/\/www.kz-gedenkstaette-dachau.de\/pl\/miejsce-historyczne\/wirtualne-zwiedzanie\/karmel-pw-najswietszej-krwi\/"]}]},{"@type":"BreadcrumbList","@id":"https:\/\/www.kz-gedenkstaette-dachau.de\/pl\/miejsce-historyczne\/wirtualne-zwiedzanie\/karmel-pw-najswietszej-krwi\/#breadcrumb","itemListElement":[{"@type":"ListItem","position":1,"name":"Strona gl\u00f3wna","item":"https:\/\/www.kz-gedenkstaette-dachau.de\/pl\/"},{"@type":"ListItem","position":2,"name":"Miejsce historyczne","item":"https:\/\/www.kz-gedenkstaette-dachau.de\/pl\/miejsce-historyczne\/"},{"@type":"ListItem","position":3,"name":"Wirtualne zwiedzanie","item":"https:\/\/www.kz-gedenkstaette-dachau.de\/pl\/miejsce-historyczne\/wirtualne-zwiedzanie\/"},{"@type":"ListItem","position":4,"name":"Karmel pw. Naj\u015bwi\u0119tszej Krwi"}]},{"@type":"WebSite","@id":"https:\/\/www.kz-gedenkstaette-dachau.de\/#website","url":"https:\/\/www.kz-gedenkstaette-dachau.de\/","name":"KZ Gedenkst\u00e4tte Dachau","description":"","potentialAction":[{"@type":"SearchAction","target":{"@type":"EntryPoint","urlTemplate":"https:\/\/www.kz-gedenkstaette-dachau.de\/?s={search_term_string}"},"query-input":{"@type":"PropertyValueSpecification","valueRequired":true,"valueName":"search_term_string"}}],"inLanguage":"pl-PL"}]}},"_links":{"self":[{"href":"https:\/\/www.kz-gedenkstaette-dachau.de\/pl\/wp-json\/wp\/v2\/pages\/57047","targetHints":{"allow":["GET"]}}],"collection":[{"href":"https:\/\/www.kz-gedenkstaette-dachau.de\/pl\/wp-json\/wp\/v2\/pages"}],"about":[{"href":"https:\/\/www.kz-gedenkstaette-dachau.de\/pl\/wp-json\/wp\/v2\/types\/page"}],"author":[{"embeddable":true,"href":"https:\/\/www.kz-gedenkstaette-dachau.de\/pl\/wp-json\/wp\/v2\/users\/1"}],"replies":[{"embeddable":true,"href":"https:\/\/www.kz-gedenkstaette-dachau.de\/pl\/wp-json\/wp\/v2\/comments?post=57047"}],"version-history":[{"count":0,"href":"https:\/\/www.kz-gedenkstaette-dachau.de\/pl\/wp-json\/wp\/v2\/pages\/57047\/revisions"}],"up":[{"embeddable":true,"href":"https:\/\/www.kz-gedenkstaette-dachau.de\/pl\/wp-json\/wp\/v2\/pages\/56973"}],"wp:attachment":[{"href":"https:\/\/www.kz-gedenkstaette-dachau.de\/pl\/wp-json\/wp\/v2\/media?parent=57047"}],"curies":[{"name":"wp","href":"https:\/\/api.w.org\/{rel}","templated":true}]}}