{"id":57050,"date":"2018-09-04T12:46:07","date_gmt":"2018-09-04T10:46:07","guid":{"rendered":"https:\/\/www.kz-gedenkstaette-dachau.de\/miejsce-historyczne\/wirtualne-zwiedzanie\/evangelische-versoehnungskriche\/"},"modified":"2020-01-30T15:17:05","modified_gmt":"2020-01-30T14:17:05","slug":"ewangelicki-kosciol-pojednania","status":"publish","type":"page","link":"https:\/\/www.kz-gedenkstaette-dachau.de\/pl\/miejsce-historyczne\/wirtualne-zwiedzanie\/ewangelicki-kosciol-pojednania\/","title":{"rendered":"Ewangelicki Ko\u015bci\u00f3\u0142 Pojednania"},"content":{"rendered":"<p>Z inicjatyw\u0105 wybudowania ko\u015bcio\u0142a ewangelickiego wyszli byli niderlandzcy wi\u0119\u017aniowie obozu, wspierani przez \u015awiatow\u0105 Rad\u0119 Ko\u015bcio\u0142\u00f3w, a zrealizowa\u0142 j\u0105 niemiecki Ko\u015bci\u00f3\u0142 ewangelicki. Ko\u015bci\u00f3\u0142 Pojednania po\u015bwi\u0119cony zosta\u0142 30 kwietnia1967 r. przez bawarskiego biskupa krajowego Hermanna Dietzfelbingera. Liturgi\u0119 mszaln\u0105 sprawowa\u0142 prezydent Ko\u015bcio\u0142a Ewangelickiego w stanie spoczynku i by\u0142y wi\u0119zie\u0144 Dachu Martin Niem\u00f6ller.<\/p>\n<p>Architekt Helmut Striffler zaprojektowa\u0142 budynek z ko\u015bcio\u0142em i miejscem spotka\u0144 \u015bwiadomie jako kontrapunkt do symetrycznego, prostok\u0105tnego uk\u0142adu by\u0142ego obozu koncentracyjnego.<\/p>\n","protected":false},"excerpt":{"rendered":"<p>Z inicjatyw\u0105 wybudowania ko\u015bcio\u0142a ewangelickiego wyszli byli niderlandzcy wi\u0119\u017aniowie obozu, wspierani przez \u015awiatow\u0105 Rad\u0119 Ko\u015bcio\u0142\u00f3w, a zrealizowa\u0142 j\u0105 niemiecki Ko\u015bci\u00f3\u0142 ewangelicki. Ko\u015bci\u00f3\u0142 Pojednania po\u015bwi\u0119cony zosta\u0142 30 kwietnia1967 r. przez bawarskiego biskupa krajowego Hermanna Dietzfelbingera. Liturgi\u0119 mszaln\u0105 sprawowa\u0142 prezydent Ko\u015bcio\u0142a Ewangelickiego w stanie spoczynku i by\u0142y wi\u0119zie\u0144 Dachu Martin Niem\u00f6ller. Architekt Helmut Striffler zaprojektowa\u0142 budynek z&#8230; <a class=\"view-article\" href=\"https:\/\/www.kz-gedenkstaette-dachau.de\/pl\/miejsce-historyczne\/wirtualne-zwiedzanie\/ewangelicki-kosciol-pojednania\/\">Zobacz artyku\u0142<\/a><\/p>\n","protected":false},"author":1,"featured_media":0,"parent":56973,"menu_order":1800,"comment_status":"closed","ping_status":"closed","template":"page-virtueller_rundgang_unterseite.php","meta":{"_acf_changed":false,"footnotes":""},"class_list":["post-57050","page","type-page","status-publish","hentry"],"acf":[],"yoast_head":"<!-- This site is optimized with the Yoast SEO plugin v27.3 - https:\/\/yoast.com\/product\/yoast-seo-wordpress\/ -->\n<title>Ewangelicki Ko\u015bci\u00f3\u0142 Pojednania - KZ Gedenkst\u00e4tte Dachau<\/title>\n<meta name=\"robots\" content=\"index, follow, max-snippet:-1, max-image-preview:large, max-video-preview:-1\" \/>\n<link rel=\"canonical\" href=\"https:\/\/www.kz-gedenkstaette-dachau.de\/pl\/miejsce-historyczne\/wirtualne-zwiedzanie\/ewangelicki-kosciol-pojednania\/\" \/>\n<meta property=\"og:locale\" content=\"pl_PL\" \/>\n<meta property=\"og:type\" content=\"article\" \/>\n<meta property=\"og:title\" content=\"Ewangelicki Ko\u015bci\u00f3\u0142 Pojednania - KZ Gedenkst\u00e4tte Dachau\" \/>\n<meta property=\"og:description\" content=\"Z inicjatyw\u0105 wybudowania ko\u015bcio\u0142a ewangelickiego wyszli byli niderlandzcy wi\u0119\u017aniowie obozu, wspierani przez \u015awiatow\u0105 Rad\u0119 Ko\u015bcio\u0142\u00f3w, a zrealizowa\u0142 j\u0105 niemiecki Ko\u015bci\u00f3\u0142 ewangelicki. Ko\u015bci\u00f3\u0142 Pojednania po\u015bwi\u0119cony zosta\u0142 30 kwietnia1967 r. przez bawarskiego biskupa krajowego Hermanna Dietzfelbingera. Liturgi\u0119 mszaln\u0105 sprawowa\u0142 prezydent Ko\u015bcio\u0142a Ewangelickiego w stanie spoczynku i by\u0142y wi\u0119zie\u0144 Dachu Martin Niem\u00f6ller. Architekt Helmut Striffler zaprojektowa\u0142 budynek z... Zobacz artyku\u0142\" \/>\n<meta property=\"og:url\" content=\"https:\/\/www.kz-gedenkstaette-dachau.de\/pl\/miejsce-historyczne\/wirtualne-zwiedzanie\/ewangelicki-kosciol-pojednania\/\" \/>\n<meta property=\"og:site_name\" content=\"KZ Gedenkst\u00e4tte Dachau\" \/>\n<meta property=\"article:modified_time\" content=\"2020-01-30T14:17:05+00:00\" \/>\n<meta name=\"twitter:card\" content=\"summary_large_image\" \/>\n<script type=\"application\/ld+json\" class=\"yoast-schema-graph\">{\"@context\":\"https:\\\/\\\/schema.org\",\"@graph\":[{\"@type\":\"WebPage\",\"@id\":\"https:\\\/\\\/www.kz-gedenkstaette-dachau.de\\\/pl\\\/miejsce-historyczne\\\/wirtualne-zwiedzanie\\\/ewangelicki-kosciol-pojednania\\\/\",\"url\":\"https:\\\/\\\/www.kz-gedenkstaette-dachau.de\\\/pl\\\/miejsce-historyczne\\\/wirtualne-zwiedzanie\\\/ewangelicki-kosciol-pojednania\\\/\",\"name\":\"Ewangelicki Ko\u015bci\u00f3\u0142 Pojednania - KZ Gedenkst\u00e4tte Dachau\",\"isPartOf\":{\"@id\":\"https:\\\/\\\/www.kz-gedenkstaette-dachau.de\\\/#website\"},\"datePublished\":\"2018-09-04T10:46:07+00:00\",\"dateModified\":\"2020-01-30T14:17:05+00:00\",\"breadcrumb\":{\"@id\":\"https:\\\/\\\/www.kz-gedenkstaette-dachau.de\\\/pl\\\/miejsce-historyczne\\\/wirtualne-zwiedzanie\\\/ewangelicki-kosciol-pojednania\\\/#breadcrumb\"},\"inLanguage\":\"pl-PL\",\"potentialAction\":[{\"@type\":\"ReadAction\",\"target\":[\"https:\\\/\\\/www.kz-gedenkstaette-dachau.de\\\/pl\\\/miejsce-historyczne\\\/wirtualne-zwiedzanie\\\/ewangelicki-kosciol-pojednania\\\/\"]}]},{\"@type\":\"BreadcrumbList\",\"@id\":\"https:\\\/\\\/www.kz-gedenkstaette-dachau.de\\\/pl\\\/miejsce-historyczne\\\/wirtualne-zwiedzanie\\\/ewangelicki-kosciol-pojednania\\\/#breadcrumb\",\"itemListElement\":[{\"@type\":\"ListItem\",\"position\":1,\"name\":\"Strona gl\u00f3wna\",\"item\":\"https:\\\/\\\/www.kz-gedenkstaette-dachau.de\\\/pl\\\/\"},{\"@type\":\"ListItem\",\"position\":2,\"name\":\"Miejsce historyczne\",\"item\":\"https:\\\/\\\/www.kz-gedenkstaette-dachau.de\\\/pl\\\/miejsce-historyczne\\\/\"},{\"@type\":\"ListItem\",\"position\":3,\"name\":\"Wirtualne zwiedzanie\",\"item\":\"https:\\\/\\\/www.kz-gedenkstaette-dachau.de\\\/pl\\\/miejsce-historyczne\\\/wirtualne-zwiedzanie\\\/\"},{\"@type\":\"ListItem\",\"position\":4,\"name\":\"Ewangelicki Ko\u015bci\u00f3\u0142 Pojednania\"}]},{\"@type\":\"WebSite\",\"@id\":\"https:\\\/\\\/www.kz-gedenkstaette-dachau.de\\\/#website\",\"url\":\"https:\\\/\\\/www.kz-gedenkstaette-dachau.de\\\/\",\"name\":\"KZ Gedenkst\u00e4tte Dachau\",\"description\":\"\",\"potentialAction\":[{\"@type\":\"SearchAction\",\"target\":{\"@type\":\"EntryPoint\",\"urlTemplate\":\"https:\\\/\\\/www.kz-gedenkstaette-dachau.de\\\/?s={search_term_string}\"},\"query-input\":{\"@type\":\"PropertyValueSpecification\",\"valueRequired\":true,\"valueName\":\"search_term_string\"}}],\"inLanguage\":\"pl-PL\"}]}<\/script>\n<!-- \/ Yoast SEO plugin. -->","yoast_head_json":{"title":"Ewangelicki Ko\u015bci\u00f3\u0142 Pojednania - KZ Gedenkst\u00e4tte Dachau","robots":{"index":"index","follow":"follow","max-snippet":"max-snippet:-1","max-image-preview":"max-image-preview:large","max-video-preview":"max-video-preview:-1"},"canonical":"https:\/\/www.kz-gedenkstaette-dachau.de\/pl\/miejsce-historyczne\/wirtualne-zwiedzanie\/ewangelicki-kosciol-pojednania\/","og_locale":"pl_PL","og_type":"article","og_title":"Ewangelicki Ko\u015bci\u00f3\u0142 Pojednania - KZ Gedenkst\u00e4tte Dachau","og_description":"Z inicjatyw\u0105 wybudowania ko\u015bcio\u0142a ewangelickiego wyszli byli niderlandzcy wi\u0119\u017aniowie obozu, wspierani przez \u015awiatow\u0105 Rad\u0119 Ko\u015bcio\u0142\u00f3w, a zrealizowa\u0142 j\u0105 niemiecki Ko\u015bci\u00f3\u0142 ewangelicki. Ko\u015bci\u00f3\u0142 Pojednania po\u015bwi\u0119cony zosta\u0142 30 kwietnia1967 r. przez bawarskiego biskupa krajowego Hermanna Dietzfelbingera. Liturgi\u0119 mszaln\u0105 sprawowa\u0142 prezydent Ko\u015bcio\u0142a Ewangelickiego w stanie spoczynku i by\u0142y wi\u0119zie\u0144 Dachu Martin Niem\u00f6ller. Architekt Helmut Striffler zaprojektowa\u0142 budynek z... Zobacz artyku\u0142","og_url":"https:\/\/www.kz-gedenkstaette-dachau.de\/pl\/miejsce-historyczne\/wirtualne-zwiedzanie\/ewangelicki-kosciol-pojednania\/","og_site_name":"KZ Gedenkst\u00e4tte Dachau","article_modified_time":"2020-01-30T14:17:05+00:00","twitter_card":"summary_large_image","schema":{"@context":"https:\/\/schema.org","@graph":[{"@type":"WebPage","@id":"https:\/\/www.kz-gedenkstaette-dachau.de\/pl\/miejsce-historyczne\/wirtualne-zwiedzanie\/ewangelicki-kosciol-pojednania\/","url":"https:\/\/www.kz-gedenkstaette-dachau.de\/pl\/miejsce-historyczne\/wirtualne-zwiedzanie\/ewangelicki-kosciol-pojednania\/","name":"Ewangelicki Ko\u015bci\u00f3\u0142 Pojednania - KZ Gedenkst\u00e4tte Dachau","isPartOf":{"@id":"https:\/\/www.kz-gedenkstaette-dachau.de\/#website"},"datePublished":"2018-09-04T10:46:07+00:00","dateModified":"2020-01-30T14:17:05+00:00","breadcrumb":{"@id":"https:\/\/www.kz-gedenkstaette-dachau.de\/pl\/miejsce-historyczne\/wirtualne-zwiedzanie\/ewangelicki-kosciol-pojednania\/#breadcrumb"},"inLanguage":"pl-PL","potentialAction":[{"@type":"ReadAction","target":["https:\/\/www.kz-gedenkstaette-dachau.de\/pl\/miejsce-historyczne\/wirtualne-zwiedzanie\/ewangelicki-kosciol-pojednania\/"]}]},{"@type":"BreadcrumbList","@id":"https:\/\/www.kz-gedenkstaette-dachau.de\/pl\/miejsce-historyczne\/wirtualne-zwiedzanie\/ewangelicki-kosciol-pojednania\/#breadcrumb","itemListElement":[{"@type":"ListItem","position":1,"name":"Strona gl\u00f3wna","item":"https:\/\/www.kz-gedenkstaette-dachau.de\/pl\/"},{"@type":"ListItem","position":2,"name":"Miejsce historyczne","item":"https:\/\/www.kz-gedenkstaette-dachau.de\/pl\/miejsce-historyczne\/"},{"@type":"ListItem","position":3,"name":"Wirtualne zwiedzanie","item":"https:\/\/www.kz-gedenkstaette-dachau.de\/pl\/miejsce-historyczne\/wirtualne-zwiedzanie\/"},{"@type":"ListItem","position":4,"name":"Ewangelicki Ko\u015bci\u00f3\u0142 Pojednania"}]},{"@type":"WebSite","@id":"https:\/\/www.kz-gedenkstaette-dachau.de\/#website","url":"https:\/\/www.kz-gedenkstaette-dachau.de\/","name":"KZ Gedenkst\u00e4tte Dachau","description":"","potentialAction":[{"@type":"SearchAction","target":{"@type":"EntryPoint","urlTemplate":"https:\/\/www.kz-gedenkstaette-dachau.de\/?s={search_term_string}"},"query-input":{"@type":"PropertyValueSpecification","valueRequired":true,"valueName":"search_term_string"}}],"inLanguage":"pl-PL"}]}},"_links":{"self":[{"href":"https:\/\/www.kz-gedenkstaette-dachau.de\/pl\/wp-json\/wp\/v2\/pages\/57050","targetHints":{"allow":["GET"]}}],"collection":[{"href":"https:\/\/www.kz-gedenkstaette-dachau.de\/pl\/wp-json\/wp\/v2\/pages"}],"about":[{"href":"https:\/\/www.kz-gedenkstaette-dachau.de\/pl\/wp-json\/wp\/v2\/types\/page"}],"author":[{"embeddable":true,"href":"https:\/\/www.kz-gedenkstaette-dachau.de\/pl\/wp-json\/wp\/v2\/users\/1"}],"replies":[{"embeddable":true,"href":"https:\/\/www.kz-gedenkstaette-dachau.de\/pl\/wp-json\/wp\/v2\/comments?post=57050"}],"version-history":[{"count":0,"href":"https:\/\/www.kz-gedenkstaette-dachau.de\/pl\/wp-json\/wp\/v2\/pages\/57050\/revisions"}],"up":[{"embeddable":true,"href":"https:\/\/www.kz-gedenkstaette-dachau.de\/pl\/wp-json\/wp\/v2\/pages\/56973"}],"wp:attachment":[{"href":"https:\/\/www.kz-gedenkstaette-dachau.de\/pl\/wp-json\/wp\/v2\/media?parent=57050"}],"curies":[{"name":"wp","href":"https:\/\/api.w.org\/{rel}","templated":true}]}}