{"id":57057,"date":"2018-09-04T12:46:46","date_gmt":"2018-09-04T10:46:46","guid":{"rendered":"https:\/\/www.kz-gedenkstaette-dachau.de\/miejsce-historyczne\/wirtualne-zwiedzanie\/russisch-orthodoxe-kapelle\/"},"modified":"2020-01-30T15:19:42","modified_gmt":"2020-01-30T14:19:42","slug":"kaplica-prawoslawna","status":"publish","type":"page","link":"https:\/\/www.kz-gedenkstaette-dachau.de\/pl\/miejsce-historyczne\/wirtualne-zwiedzanie\/kaplica-prawoslawna\/","title":{"rendered":"Kaplica Prawos\u0142awna"},"content":{"rendered":"<p>Wraz z ko\u0144cem zimnej wojny opinia publiczna zacz\u0119\u0142a si\u0119 we wzmo\u017conej mierze zajmowa\u0107 losem radzieckich je\u0144c\u00f3w wojennych, stanowi\u0105cych trzeci\u0105 co do liczebno\u015bci grup\u0119 ofiar obozu koncentracyjnego Dachau. Inicjatywa wzniesienia kaplicy pw. Zmartwychwstania Naszego Pana wysz\u0142a od prawos\u0142awnych kr\u0119g\u00f3w przyw\u00f3dczych w Niemczech i w Rosji przy wsp\u00f3\u0142udziale ambasady Federacji Rosyjskiej w Niemczech. Autorem projektu jest architekt Valentin Utkin.<\/p>\n<p>O\u015bmiok\u0105tn\u0105 konstrukcj\u0119 z drewna przygotowano w Moskwie. W 1994 r. zmontowali j\u0105 w Dachau rosyjscy \u017co\u0142nierze. 29 kwietnia 1995 r. kaplic\u0119 po\u015bwi\u0119ci\u0142 metropolita ni\u017cnonowogrodzki i arzamaski Miko\u0142aj Kutepow. Stoi ona na wzniesieniu usypanym cz\u0119\u015bciowo z ziemi pochodz\u0105cej z by\u0142ych republik ZSRR.<\/p>\n","protected":false},"excerpt":{"rendered":"<p>Wraz z ko\u0144cem zimnej wojny opinia publiczna zacz\u0119\u0142a si\u0119 we wzmo\u017conej mierze zajmowa\u0107 losem radzieckich je\u0144c\u00f3w wojennych, stanowi\u0105cych trzeci\u0105 co do liczebno\u015bci grup\u0119 ofiar obozu koncentracyjnego Dachau. Inicjatywa wzniesienia kaplicy pw. Zmartwychwstania Naszego Pana wysz\u0142a od prawos\u0142awnych kr\u0119g\u00f3w przyw\u00f3dczych w Niemczech i w Rosji przy wsp\u00f3\u0142udziale ambasady Federacji Rosyjskiej w Niemczech. Autorem projektu jest architekt&#8230; <a class=\"view-article\" href=\"https:\/\/www.kz-gedenkstaette-dachau.de\/pl\/miejsce-historyczne\/wirtualne-zwiedzanie\/kaplica-prawoslawna\/\">Zobacz artyku\u0142<\/a><\/p>\n","protected":false},"author":1,"featured_media":0,"parent":56973,"menu_order":2000,"comment_status":"closed","ping_status":"closed","template":"page-virtueller_rundgang_unterseite.php","meta":{"_acf_changed":false,"footnotes":""},"class_list":["post-57057","page","type-page","status-publish","hentry"],"acf":[],"yoast_head":"<!-- This site is optimized with the Yoast SEO plugin v27.4 - https:\/\/yoast.com\/product\/yoast-seo-wordpress\/ -->\n<title>Kaplica Prawos\u0142awna - KZ Gedenkst\u00e4tte Dachau<\/title>\n<meta name=\"robots\" content=\"index, follow, max-snippet:-1, max-image-preview:large, max-video-preview:-1\" \/>\n<link rel=\"canonical\" href=\"https:\/\/www.kz-gedenkstaette-dachau.de\/pl\/miejsce-historyczne\/wirtualne-zwiedzanie\/kaplica-prawoslawna\/\" \/>\n<meta property=\"og:locale\" content=\"pl_PL\" \/>\n<meta property=\"og:type\" content=\"article\" \/>\n<meta property=\"og:title\" content=\"Kaplica Prawos\u0142awna - KZ Gedenkst\u00e4tte Dachau\" \/>\n<meta property=\"og:description\" content=\"Wraz z ko\u0144cem zimnej wojny opinia publiczna zacz\u0119\u0142a si\u0119 we wzmo\u017conej mierze zajmowa\u0107 losem radzieckich je\u0144c\u00f3w wojennych, stanowi\u0105cych trzeci\u0105 co do liczebno\u015bci grup\u0119 ofiar obozu koncentracyjnego Dachau. Inicjatywa wzniesienia kaplicy pw. Zmartwychwstania Naszego Pana wysz\u0142a od prawos\u0142awnych kr\u0119g\u00f3w przyw\u00f3dczych w Niemczech i w Rosji przy wsp\u00f3\u0142udziale ambasady Federacji Rosyjskiej w Niemczech. Autorem projektu jest architekt... Zobacz artyku\u0142\" \/>\n<meta property=\"og:url\" content=\"https:\/\/www.kz-gedenkstaette-dachau.de\/pl\/miejsce-historyczne\/wirtualne-zwiedzanie\/kaplica-prawoslawna\/\" \/>\n<meta property=\"og:site_name\" content=\"KZ Gedenkst\u00e4tte Dachau\" \/>\n<meta property=\"article:modified_time\" content=\"2020-01-30T14:19:42+00:00\" \/>\n<meta name=\"twitter:card\" content=\"summary_large_image\" \/>\n<meta name=\"twitter:label1\" content=\"Szacowany czas czytania\" \/>\n\t<meta name=\"twitter:data1\" content=\"1 minuta\" \/>\n<script type=\"application\/ld+json\" class=\"yoast-schema-graph\">{\"@context\":\"https:\\\/\\\/schema.org\",\"@graph\":[{\"@type\":\"WebPage\",\"@id\":\"https:\\\/\\\/www.kz-gedenkstaette-dachau.de\\\/pl\\\/miejsce-historyczne\\\/wirtualne-zwiedzanie\\\/kaplica-prawoslawna\\\/\",\"url\":\"https:\\\/\\\/www.kz-gedenkstaette-dachau.de\\\/pl\\\/miejsce-historyczne\\\/wirtualne-zwiedzanie\\\/kaplica-prawoslawna\\\/\",\"name\":\"Kaplica Prawos\u0142awna - KZ Gedenkst\u00e4tte Dachau\",\"isPartOf\":{\"@id\":\"https:\\\/\\\/www.kz-gedenkstaette-dachau.de\\\/#website\"},\"datePublished\":\"2018-09-04T10:46:46+00:00\",\"dateModified\":\"2020-01-30T14:19:42+00:00\",\"breadcrumb\":{\"@id\":\"https:\\\/\\\/www.kz-gedenkstaette-dachau.de\\\/pl\\\/miejsce-historyczne\\\/wirtualne-zwiedzanie\\\/kaplica-prawoslawna\\\/#breadcrumb\"},\"inLanguage\":\"pl-PL\",\"potentialAction\":[{\"@type\":\"ReadAction\",\"target\":[\"https:\\\/\\\/www.kz-gedenkstaette-dachau.de\\\/pl\\\/miejsce-historyczne\\\/wirtualne-zwiedzanie\\\/kaplica-prawoslawna\\\/\"]}]},{\"@type\":\"BreadcrumbList\",\"@id\":\"https:\\\/\\\/www.kz-gedenkstaette-dachau.de\\\/pl\\\/miejsce-historyczne\\\/wirtualne-zwiedzanie\\\/kaplica-prawoslawna\\\/#breadcrumb\",\"itemListElement\":[{\"@type\":\"ListItem\",\"position\":1,\"name\":\"Strona gl\u00f3wna\",\"item\":\"https:\\\/\\\/www.kz-gedenkstaette-dachau.de\\\/pl\\\/\"},{\"@type\":\"ListItem\",\"position\":2,\"name\":\"Miejsce historyczne\",\"item\":\"https:\\\/\\\/www.kz-gedenkstaette-dachau.de\\\/pl\\\/miejsce-historyczne\\\/\"},{\"@type\":\"ListItem\",\"position\":3,\"name\":\"Wirtualne zwiedzanie\",\"item\":\"https:\\\/\\\/www.kz-gedenkstaette-dachau.de\\\/pl\\\/miejsce-historyczne\\\/wirtualne-zwiedzanie\\\/\"},{\"@type\":\"ListItem\",\"position\":4,\"name\":\"Kaplica Prawos\u0142awna\"}]},{\"@type\":\"WebSite\",\"@id\":\"https:\\\/\\\/www.kz-gedenkstaette-dachau.de\\\/#website\",\"url\":\"https:\\\/\\\/www.kz-gedenkstaette-dachau.de\\\/\",\"name\":\"KZ Gedenkst\u00e4tte Dachau\",\"description\":\"\",\"potentialAction\":[{\"@type\":\"SearchAction\",\"target\":{\"@type\":\"EntryPoint\",\"urlTemplate\":\"https:\\\/\\\/www.kz-gedenkstaette-dachau.de\\\/?s={search_term_string}\"},\"query-input\":{\"@type\":\"PropertyValueSpecification\",\"valueRequired\":true,\"valueName\":\"search_term_string\"}}],\"inLanguage\":\"pl-PL\"}]}<\/script>\n<!-- \/ Yoast SEO plugin. -->","yoast_head_json":{"title":"Kaplica Prawos\u0142awna - KZ Gedenkst\u00e4tte Dachau","robots":{"index":"index","follow":"follow","max-snippet":"max-snippet:-1","max-image-preview":"max-image-preview:large","max-video-preview":"max-video-preview:-1"},"canonical":"https:\/\/www.kz-gedenkstaette-dachau.de\/pl\/miejsce-historyczne\/wirtualne-zwiedzanie\/kaplica-prawoslawna\/","og_locale":"pl_PL","og_type":"article","og_title":"Kaplica Prawos\u0142awna - KZ Gedenkst\u00e4tte Dachau","og_description":"Wraz z ko\u0144cem zimnej wojny opinia publiczna zacz\u0119\u0142a si\u0119 we wzmo\u017conej mierze zajmowa\u0107 losem radzieckich je\u0144c\u00f3w wojennych, stanowi\u0105cych trzeci\u0105 co do liczebno\u015bci grup\u0119 ofiar obozu koncentracyjnego Dachau. Inicjatywa wzniesienia kaplicy pw. Zmartwychwstania Naszego Pana wysz\u0142a od prawos\u0142awnych kr\u0119g\u00f3w przyw\u00f3dczych w Niemczech i w Rosji przy wsp\u00f3\u0142udziale ambasady Federacji Rosyjskiej w Niemczech. Autorem projektu jest architekt... Zobacz artyku\u0142","og_url":"https:\/\/www.kz-gedenkstaette-dachau.de\/pl\/miejsce-historyczne\/wirtualne-zwiedzanie\/kaplica-prawoslawna\/","og_site_name":"KZ Gedenkst\u00e4tte Dachau","article_modified_time":"2020-01-30T14:19:42+00:00","twitter_card":"summary_large_image","twitter_misc":{"Szacowany czas czytania":"1 minuta"},"schema":{"@context":"https:\/\/schema.org","@graph":[{"@type":"WebPage","@id":"https:\/\/www.kz-gedenkstaette-dachau.de\/pl\/miejsce-historyczne\/wirtualne-zwiedzanie\/kaplica-prawoslawna\/","url":"https:\/\/www.kz-gedenkstaette-dachau.de\/pl\/miejsce-historyczne\/wirtualne-zwiedzanie\/kaplica-prawoslawna\/","name":"Kaplica Prawos\u0142awna - KZ Gedenkst\u00e4tte Dachau","isPartOf":{"@id":"https:\/\/www.kz-gedenkstaette-dachau.de\/#website"},"datePublished":"2018-09-04T10:46:46+00:00","dateModified":"2020-01-30T14:19:42+00:00","breadcrumb":{"@id":"https:\/\/www.kz-gedenkstaette-dachau.de\/pl\/miejsce-historyczne\/wirtualne-zwiedzanie\/kaplica-prawoslawna\/#breadcrumb"},"inLanguage":"pl-PL","potentialAction":[{"@type":"ReadAction","target":["https:\/\/www.kz-gedenkstaette-dachau.de\/pl\/miejsce-historyczne\/wirtualne-zwiedzanie\/kaplica-prawoslawna\/"]}]},{"@type":"BreadcrumbList","@id":"https:\/\/www.kz-gedenkstaette-dachau.de\/pl\/miejsce-historyczne\/wirtualne-zwiedzanie\/kaplica-prawoslawna\/#breadcrumb","itemListElement":[{"@type":"ListItem","position":1,"name":"Strona gl\u00f3wna","item":"https:\/\/www.kz-gedenkstaette-dachau.de\/pl\/"},{"@type":"ListItem","position":2,"name":"Miejsce historyczne","item":"https:\/\/www.kz-gedenkstaette-dachau.de\/pl\/miejsce-historyczne\/"},{"@type":"ListItem","position":3,"name":"Wirtualne zwiedzanie","item":"https:\/\/www.kz-gedenkstaette-dachau.de\/pl\/miejsce-historyczne\/wirtualne-zwiedzanie\/"},{"@type":"ListItem","position":4,"name":"Kaplica Prawos\u0142awna"}]},{"@type":"WebSite","@id":"https:\/\/www.kz-gedenkstaette-dachau.de\/#website","url":"https:\/\/www.kz-gedenkstaette-dachau.de\/","name":"KZ Gedenkst\u00e4tte Dachau","description":"","potentialAction":[{"@type":"SearchAction","target":{"@type":"EntryPoint","urlTemplate":"https:\/\/www.kz-gedenkstaette-dachau.de\/?s={search_term_string}"},"query-input":{"@type":"PropertyValueSpecification","valueRequired":true,"valueName":"search_term_string"}}],"inLanguage":"pl-PL"}]}},"_links":{"self":[{"href":"https:\/\/www.kz-gedenkstaette-dachau.de\/pl\/wp-json\/wp\/v2\/pages\/57057","targetHints":{"allow":["GET"]}}],"collection":[{"href":"https:\/\/www.kz-gedenkstaette-dachau.de\/pl\/wp-json\/wp\/v2\/pages"}],"about":[{"href":"https:\/\/www.kz-gedenkstaette-dachau.de\/pl\/wp-json\/wp\/v2\/types\/page"}],"author":[{"embeddable":true,"href":"https:\/\/www.kz-gedenkstaette-dachau.de\/pl\/wp-json\/wp\/v2\/users\/1"}],"replies":[{"embeddable":true,"href":"https:\/\/www.kz-gedenkstaette-dachau.de\/pl\/wp-json\/wp\/v2\/comments?post=57057"}],"version-history":[{"count":0,"href":"https:\/\/www.kz-gedenkstaette-dachau.de\/pl\/wp-json\/wp\/v2\/pages\/57057\/revisions"}],"up":[{"embeddable":true,"href":"https:\/\/www.kz-gedenkstaette-dachau.de\/pl\/wp-json\/wp\/v2\/pages\/56973"}],"wp:attachment":[{"href":"https:\/\/www.kz-gedenkstaette-dachau.de\/pl\/wp-json\/wp\/v2\/media?parent=57057"}],"curies":[{"name":"wp","href":"https:\/\/api.w.org\/{rel}","templated":true}]}}