{"id":57060,"date":"2018-08-30T14:51:05","date_gmt":"2018-08-30T12:51:05","guid":{"rendered":"https:\/\/www.kz-gedenkstaette-dachau.de\/miejsce-historyczne\/virtueller-rundgang-umgebung\/"},"modified":"2020-01-29T16:41:48","modified_gmt":"2020-01-29T15:41:48","slug":"wirtualne-zwiedzanie-stacje-w-otoczeniu-obozu","status":"publish","type":"page","link":"https:\/\/www.kz-gedenkstaette-dachau.de\/pl\/miejsce-historyczne\/wirtualne-zwiedzanie-stacje-w-otoczeniu-obozu\/","title":{"rendered":"Wirtualne zwiedzanie \u2013 stacje w otoczeniu obozu"},"content":{"rendered":"<h1>Wirtualne zwiedzanie \u2013 stacje w otoczeniu obozu<\/h1>\n<p>Tak\u017ce w otoczeniu Muzeum \u2013 Miejsca Pami\u0119ci Dachau znajduj\u0105 si\u0119 pozosta\u0142o\u015bci obozu koncentracyjnego i miejsca pami\u0119ci. St\u0105d mo\u017cna wyruszy\u0107 na wirtualny spacer do sze\u015bciu stacji poza obozem:<\/p>\n<img loading=\"lazy\" decoding=\"async\" width=\"1140\" height=\"1000\" class=\"alignnone size-full wp-image-30045\" src=\"https:\/\/www.kz-gedenkstaette-dachau.de\/wp-content\/uploads\/2019\/01\/uebersichtsplan_rundgang_umgebung.png\" alt=\"\u00dcbersichtsplan Virtueller Rundgang Umgebung\" srcset=\"https:\/\/www.kz-gedenkstaette-dachau.de\/wp-content\/uploads\/2019\/01\/uebersichtsplan_rundgang_umgebung.png 1140w, https:\/\/www.kz-gedenkstaette-dachau.de\/wp-content\/uploads\/2019\/01\/uebersichtsplan_rundgang_umgebung-250x219.png 250w, https:\/\/www.kz-gedenkstaette-dachau.de\/wp-content\/uploads\/2019\/01\/uebersichtsplan_rundgang_umgebung-768x674.png 768w, https:\/\/www.kz-gedenkstaette-dachau.de\/wp-content\/uploads\/2019\/01\/uebersichtsplan_rundgang_umgebung-700x614.png 700w, https:\/\/www.kz-gedenkstaette-dachau.de\/wp-content\/uploads\/2019\/01\/uebersichtsplan_rundgang_umgebung-120x105.png 120w\" sizes=\"auto, (max-width: 1140px) 100vw, 1140px\" \/>\n<p>&nbsp;<\/p>\n<h2>Wirtualne zwiedzanie \u2013 sze\u015b\u0107 stacji w otoczeniu obozu<\/h2>\n","protected":false},"excerpt":{"rendered":"<p>Wirtualne zwiedzanie \u2013 stacje w otoczeniu obozu Tak\u017ce w otoczeniu Muzeum \u2013 Miejsca Pami\u0119ci Dachau znajduj\u0105 si\u0119 pozosta\u0142o\u015bci obozu koncentracyjnego i miejsca pami\u0119ci. St\u0105d mo\u017cna wyruszy\u0107 na wirtualny spacer do sze\u015bciu stacji poza obozem: &nbsp; Wirtualne zwiedzanie \u2013 sze\u015b\u0107 stacji w otoczeniu obozu<\/p>\n","protected":false},"author":1,"featured_media":0,"parent":56950,"menu_order":600,"comment_status":"closed","ping_status":"closed","template":"page-virtueller_rundgang_hauptseite.php","meta":{"_acf_changed":false,"footnotes":""},"class_list":["post-57060","page","type-page","status-publish","hentry"],"acf":[],"yoast_head":"<!-- This site is optimized with the Yoast SEO plugin v27.3 - https:\/\/yoast.com\/product\/yoast-seo-wordpress\/ -->\n<title>Wirtualne zwiedzanie \u2013 stacje w otoczeniu obozu - KZ Gedenkst\u00e4tte Dachau<\/title>\n<meta name=\"robots\" content=\"index, follow, max-snippet:-1, max-image-preview:large, max-video-preview:-1\" \/>\n<link rel=\"canonical\" href=\"https:\/\/www.kz-gedenkstaette-dachau.de\/pl\/miejsce-historyczne\/wirtualne-zwiedzanie-stacje-w-otoczeniu-obozu\/\" \/>\n<meta property=\"og:locale\" content=\"pl_PL\" \/>\n<meta property=\"og:type\" content=\"article\" \/>\n<meta property=\"og:title\" content=\"Wirtualne zwiedzanie \u2013 stacje w otoczeniu obozu - KZ Gedenkst\u00e4tte Dachau\" \/>\n<meta property=\"og:description\" content=\"Wirtualne zwiedzanie \u2013 stacje w otoczeniu obozu Tak\u017ce w otoczeniu Muzeum \u2013 Miejsca Pami\u0119ci Dachau znajduj\u0105 si\u0119 pozosta\u0142o\u015bci obozu koncentracyjnego i miejsca pami\u0119ci. St\u0105d mo\u017cna wyruszy\u0107 na wirtualny spacer do sze\u015bciu stacji poza obozem: &nbsp; Wirtualne zwiedzanie \u2013 sze\u015b\u0107 stacji w otoczeniu obozu\" \/>\n<meta property=\"og:url\" content=\"https:\/\/www.kz-gedenkstaette-dachau.de\/pl\/miejsce-historyczne\/wirtualne-zwiedzanie-stacje-w-otoczeniu-obozu\/\" \/>\n<meta property=\"og:site_name\" content=\"KZ Gedenkst\u00e4tte Dachau\" \/>\n<meta property=\"article:modified_time\" content=\"2020-01-29T15:41:48+00:00\" \/>\n<meta property=\"og:image\" content=\"https:\/\/www.kz-gedenkstaette-dachau.de\/wp-content\/uploads\/2019\/01\/uebersichtsplan_rundgang_umgebung.png\" \/>\n<meta name=\"twitter:card\" content=\"summary_large_image\" \/>\n<script type=\"application\/ld+json\" class=\"yoast-schema-graph\">{\"@context\":\"https:\\\/\\\/schema.org\",\"@graph\":[{\"@type\":\"WebPage\",\"@id\":\"https:\\\/\\\/www.kz-gedenkstaette-dachau.de\\\/pl\\\/miejsce-historyczne\\\/wirtualne-zwiedzanie-stacje-w-otoczeniu-obozu\\\/\",\"url\":\"https:\\\/\\\/www.kz-gedenkstaette-dachau.de\\\/pl\\\/miejsce-historyczne\\\/wirtualne-zwiedzanie-stacje-w-otoczeniu-obozu\\\/\",\"name\":\"Wirtualne zwiedzanie \u2013 stacje w otoczeniu obozu - KZ Gedenkst\u00e4tte Dachau\",\"isPartOf\":{\"@id\":\"https:\\\/\\\/www.kz-gedenkstaette-dachau.de\\\/#website\"},\"primaryImageOfPage\":{\"@id\":\"https:\\\/\\\/www.kz-gedenkstaette-dachau.de\\\/pl\\\/miejsce-historyczne\\\/wirtualne-zwiedzanie-stacje-w-otoczeniu-obozu\\\/#primaryimage\"},\"image\":{\"@id\":\"https:\\\/\\\/www.kz-gedenkstaette-dachau.de\\\/pl\\\/miejsce-historyczne\\\/wirtualne-zwiedzanie-stacje-w-otoczeniu-obozu\\\/#primaryimage\"},\"thumbnailUrl\":\"https:\\\/\\\/www.kz-gedenkstaette-dachau.de\\\/wp-content\\\/uploads\\\/2019\\\/01\\\/uebersichtsplan_rundgang_umgebung.png\",\"datePublished\":\"2018-08-30T12:51:05+00:00\",\"dateModified\":\"2020-01-29T15:41:48+00:00\",\"breadcrumb\":{\"@id\":\"https:\\\/\\\/www.kz-gedenkstaette-dachau.de\\\/pl\\\/miejsce-historyczne\\\/wirtualne-zwiedzanie-stacje-w-otoczeniu-obozu\\\/#breadcrumb\"},\"inLanguage\":\"pl-PL\",\"potentialAction\":[{\"@type\":\"ReadAction\",\"target\":[\"https:\\\/\\\/www.kz-gedenkstaette-dachau.de\\\/pl\\\/miejsce-historyczne\\\/wirtualne-zwiedzanie-stacje-w-otoczeniu-obozu\\\/\"]}]},{\"@type\":\"ImageObject\",\"inLanguage\":\"pl-PL\",\"@id\":\"https:\\\/\\\/www.kz-gedenkstaette-dachau.de\\\/pl\\\/miejsce-historyczne\\\/wirtualne-zwiedzanie-stacje-w-otoczeniu-obozu\\\/#primaryimage\",\"url\":\"https:\\\/\\\/www.kz-gedenkstaette-dachau.de\\\/wp-content\\\/uploads\\\/2019\\\/01\\\/uebersichtsplan_rundgang_umgebung.png\",\"contentUrl\":\"https:\\\/\\\/www.kz-gedenkstaette-dachau.de\\\/wp-content\\\/uploads\\\/2019\\\/01\\\/uebersichtsplan_rundgang_umgebung.png\"},{\"@type\":\"BreadcrumbList\",\"@id\":\"https:\\\/\\\/www.kz-gedenkstaette-dachau.de\\\/pl\\\/miejsce-historyczne\\\/wirtualne-zwiedzanie-stacje-w-otoczeniu-obozu\\\/#breadcrumb\",\"itemListElement\":[{\"@type\":\"ListItem\",\"position\":1,\"name\":\"Strona gl\u00f3wna\",\"item\":\"https:\\\/\\\/www.kz-gedenkstaette-dachau.de\\\/pl\\\/\"},{\"@type\":\"ListItem\",\"position\":2,\"name\":\"Miejsce historyczne\",\"item\":\"https:\\\/\\\/www.kz-gedenkstaette-dachau.de\\\/pl\\\/miejsce-historyczne\\\/\"},{\"@type\":\"ListItem\",\"position\":3,\"name\":\"Wirtualne zwiedzanie \u2013 stacje w otoczeniu obozu\"}]},{\"@type\":\"WebSite\",\"@id\":\"https:\\\/\\\/www.kz-gedenkstaette-dachau.de\\\/#website\",\"url\":\"https:\\\/\\\/www.kz-gedenkstaette-dachau.de\\\/\",\"name\":\"KZ Gedenkst\u00e4tte Dachau\",\"description\":\"\",\"potentialAction\":[{\"@type\":\"SearchAction\",\"target\":{\"@type\":\"EntryPoint\",\"urlTemplate\":\"https:\\\/\\\/www.kz-gedenkstaette-dachau.de\\\/?s={search_term_string}\"},\"query-input\":{\"@type\":\"PropertyValueSpecification\",\"valueRequired\":true,\"valueName\":\"search_term_string\"}}],\"inLanguage\":\"pl-PL\"}]}<\/script>\n<!-- \/ Yoast SEO plugin. -->","yoast_head_json":{"title":"Wirtualne zwiedzanie \u2013 stacje w otoczeniu obozu - KZ Gedenkst\u00e4tte Dachau","robots":{"index":"index","follow":"follow","max-snippet":"max-snippet:-1","max-image-preview":"max-image-preview:large","max-video-preview":"max-video-preview:-1"},"canonical":"https:\/\/www.kz-gedenkstaette-dachau.de\/pl\/miejsce-historyczne\/wirtualne-zwiedzanie-stacje-w-otoczeniu-obozu\/","og_locale":"pl_PL","og_type":"article","og_title":"Wirtualne zwiedzanie \u2013 stacje w otoczeniu obozu - KZ Gedenkst\u00e4tte Dachau","og_description":"Wirtualne zwiedzanie \u2013 stacje w otoczeniu obozu Tak\u017ce w otoczeniu Muzeum \u2013 Miejsca Pami\u0119ci Dachau znajduj\u0105 si\u0119 pozosta\u0142o\u015bci obozu koncentracyjnego i miejsca pami\u0119ci. St\u0105d mo\u017cna wyruszy\u0107 na wirtualny spacer do sze\u015bciu stacji poza obozem: &nbsp; Wirtualne zwiedzanie \u2013 sze\u015b\u0107 stacji w otoczeniu obozu","og_url":"https:\/\/www.kz-gedenkstaette-dachau.de\/pl\/miejsce-historyczne\/wirtualne-zwiedzanie-stacje-w-otoczeniu-obozu\/","og_site_name":"KZ Gedenkst\u00e4tte Dachau","article_modified_time":"2020-01-29T15:41:48+00:00","og_image":[{"url":"https:\/\/www.kz-gedenkstaette-dachau.de\/wp-content\/uploads\/2019\/01\/uebersichtsplan_rundgang_umgebung.png","type":"","width":"","height":""}],"twitter_card":"summary_large_image","schema":{"@context":"https:\/\/schema.org","@graph":[{"@type":"WebPage","@id":"https:\/\/www.kz-gedenkstaette-dachau.de\/pl\/miejsce-historyczne\/wirtualne-zwiedzanie-stacje-w-otoczeniu-obozu\/","url":"https:\/\/www.kz-gedenkstaette-dachau.de\/pl\/miejsce-historyczne\/wirtualne-zwiedzanie-stacje-w-otoczeniu-obozu\/","name":"Wirtualne zwiedzanie \u2013 stacje w otoczeniu obozu - KZ Gedenkst\u00e4tte Dachau","isPartOf":{"@id":"https:\/\/www.kz-gedenkstaette-dachau.de\/#website"},"primaryImageOfPage":{"@id":"https:\/\/www.kz-gedenkstaette-dachau.de\/pl\/miejsce-historyczne\/wirtualne-zwiedzanie-stacje-w-otoczeniu-obozu\/#primaryimage"},"image":{"@id":"https:\/\/www.kz-gedenkstaette-dachau.de\/pl\/miejsce-historyczne\/wirtualne-zwiedzanie-stacje-w-otoczeniu-obozu\/#primaryimage"},"thumbnailUrl":"https:\/\/www.kz-gedenkstaette-dachau.de\/wp-content\/uploads\/2019\/01\/uebersichtsplan_rundgang_umgebung.png","datePublished":"2018-08-30T12:51:05+00:00","dateModified":"2020-01-29T15:41:48+00:00","breadcrumb":{"@id":"https:\/\/www.kz-gedenkstaette-dachau.de\/pl\/miejsce-historyczne\/wirtualne-zwiedzanie-stacje-w-otoczeniu-obozu\/#breadcrumb"},"inLanguage":"pl-PL","potentialAction":[{"@type":"ReadAction","target":["https:\/\/www.kz-gedenkstaette-dachau.de\/pl\/miejsce-historyczne\/wirtualne-zwiedzanie-stacje-w-otoczeniu-obozu\/"]}]},{"@type":"ImageObject","inLanguage":"pl-PL","@id":"https:\/\/www.kz-gedenkstaette-dachau.de\/pl\/miejsce-historyczne\/wirtualne-zwiedzanie-stacje-w-otoczeniu-obozu\/#primaryimage","url":"https:\/\/www.kz-gedenkstaette-dachau.de\/wp-content\/uploads\/2019\/01\/uebersichtsplan_rundgang_umgebung.png","contentUrl":"https:\/\/www.kz-gedenkstaette-dachau.de\/wp-content\/uploads\/2019\/01\/uebersichtsplan_rundgang_umgebung.png"},{"@type":"BreadcrumbList","@id":"https:\/\/www.kz-gedenkstaette-dachau.de\/pl\/miejsce-historyczne\/wirtualne-zwiedzanie-stacje-w-otoczeniu-obozu\/#breadcrumb","itemListElement":[{"@type":"ListItem","position":1,"name":"Strona gl\u00f3wna","item":"https:\/\/www.kz-gedenkstaette-dachau.de\/pl\/"},{"@type":"ListItem","position":2,"name":"Miejsce historyczne","item":"https:\/\/www.kz-gedenkstaette-dachau.de\/pl\/miejsce-historyczne\/"},{"@type":"ListItem","position":3,"name":"Wirtualne zwiedzanie \u2013 stacje w otoczeniu obozu"}]},{"@type":"WebSite","@id":"https:\/\/www.kz-gedenkstaette-dachau.de\/#website","url":"https:\/\/www.kz-gedenkstaette-dachau.de\/","name":"KZ Gedenkst\u00e4tte Dachau","description":"","potentialAction":[{"@type":"SearchAction","target":{"@type":"EntryPoint","urlTemplate":"https:\/\/www.kz-gedenkstaette-dachau.de\/?s={search_term_string}"},"query-input":{"@type":"PropertyValueSpecification","valueRequired":true,"valueName":"search_term_string"}}],"inLanguage":"pl-PL"}]}},"_links":{"self":[{"href":"https:\/\/www.kz-gedenkstaette-dachau.de\/pl\/wp-json\/wp\/v2\/pages\/57060","targetHints":{"allow":["GET"]}}],"collection":[{"href":"https:\/\/www.kz-gedenkstaette-dachau.de\/pl\/wp-json\/wp\/v2\/pages"}],"about":[{"href":"https:\/\/www.kz-gedenkstaette-dachau.de\/pl\/wp-json\/wp\/v2\/types\/page"}],"author":[{"embeddable":true,"href":"https:\/\/www.kz-gedenkstaette-dachau.de\/pl\/wp-json\/wp\/v2\/users\/1"}],"replies":[{"embeddable":true,"href":"https:\/\/www.kz-gedenkstaette-dachau.de\/pl\/wp-json\/wp\/v2\/comments?post=57060"}],"version-history":[{"count":0,"href":"https:\/\/www.kz-gedenkstaette-dachau.de\/pl\/wp-json\/wp\/v2\/pages\/57060\/revisions"}],"up":[{"embeddable":true,"href":"https:\/\/www.kz-gedenkstaette-dachau.de\/pl\/wp-json\/wp\/v2\/pages\/56950"}],"wp:attachment":[{"href":"https:\/\/www.kz-gedenkstaette-dachau.de\/pl\/wp-json\/wp\/v2\/media?parent=57060"}],"curies":[{"name":"wp","href":"https:\/\/api.w.org\/{rel}","templated":true}]}}