{"id":57064,"date":"2018-11-19T15:24:36","date_gmt":"2018-11-19T14:24:36","guid":{"rendered":"https:\/\/www.kz-gedenkstaette-dachau.de\/miejsce-historyczne\/wirtualne-zwiedzanie-stacje-w-otoczeniu-obozu\/ss-versuchgueter-kraeutergarten-plantage\/"},"modified":"2020-01-30T15:22:20","modified_gmt":"2020-01-30T14:22:20","slug":"doswiadczalne-zaklady-ogrodnicze-ss-zielnik-plantacja","status":"publish","type":"page","link":"https:\/\/www.kz-gedenkstaette-dachau.de\/pl\/miejsce-historyczne\/wirtualne-zwiedzanie-stacje-w-otoczeniu-obozu\/doswiadczalne-zaklady-ogrodnicze-ss-zielnik-plantacja\/","title":{"rendered":"Do\u015bwiadczalne zak\u0142ady ogrodnicze SS \/ \u201eZielnik\u201d\/ \u201ePlantacja\u201d"},"content":{"rendered":"<p>Na zewn\u0105trz obozu wi\u0119\u017aniarskiego znajdowa\u0142 si\u0119 wielki zak\u0142ad ogrodniczy z powierzchniami uprawnymi. Zak\u0142adali go od 1938 r. i gospodarowali w nim wi\u0119\u017aniowie z polecenia SS, kt\u00f3re przedsi\u0119biorstwo to nazywa\u0142o eufemistycznie \u201ezielnikiem\u201d. Dzisiaj teren ten znajduje si\u0119 w wi\u0119kszo\u015bci pod zabudow\u0105 przemys\u0142ow\u0105.<\/p>\n<p>W granicach kompleksu le\u017ca\u0142y liczne budynki, m. in. budynek gospodarczy, instytut dydaktyczno-badawczy, punkt sprzeda\u017cy, magazyn sprz\u0119tu, pawilon pasieczny, szklarnie oraz wielkie powierzchnie uprawne. Wed\u0142ug wyobra\u017ce\u0144 Heinricha Himmera uprawa i badanie zi\u00f3\u0142 i warzyw mia\u0142o w efekcie uniezale\u017cni\u0107 pa\u0144stwo nazistowskie od zagranicznych lekarstw i przypraw. Powstanie opartej na bliskim zwi\u0105zku z natur\u0105 \u201emedycyny narodowej\u201d by\u0142o wspieranym przez Reichsf\u00fchrera SS presti\u017cowym projektem nazistowskiej polityki zdrowotnej. Za funkcjonowanie zak\u0142ad\u00f3w do\u015bwiadczalnych odpowiedzialna by\u0142a powo\u0142ana do \u017cycia w 1939 r. wewn\u0119trzna instytucja SS \u201eNiemieckie Do\u015bwiadczalne Zak\u0142ady Wy\u017cywienia i Zaopatrzenia GmbH\u201d (DVA).<\/p>\n<p>W punkcie sprzeda\u017cnym, swego rodzaju sklepie firmowym, mieszka\u0144cy Dachau i pobliskich gmin mogli zaopatrywa\u0107 si\u0119 w produkty \u201ezielnika\u201d. Pojedynczym wi\u0119\u017aniom udawa\u0142o si\u0119 tam nawi\u0105zywa\u0107 potajemnie kontakty z ludno\u015bci\u0105 cywiln\u0105 i szmuglowa\u0107 t\u0105 drog\u0105 \u2013 ryzykuj\u0105c \u017cyciem \u2013 towary i wiadomo\u015bci do obozu i z obozu.<\/p>\n<p>Wi\u0119\u017aniowie nazywali pracuj\u0105cych w budz\u0105cym strach \u201ezielniku\u201d wsp\u00f3\u0142towarzyszy komandem roboczym \u201eplantacja\u201d. Ekstremalna praca przy uprawach wyniszcza\u0142a si\u0142y, wystawiaj\u0105c pracuj\u0105cych wi\u0119\u017ani\u00f3w na dzia\u0142anie ka\u017cdorazowych warunk\u00f3w pogodowych bez jakiejkolwiek ochrony. Kiepskie ubranie, niedo\u017cywienie, szykany i bicie przez pilnuj\u0105cych esesman\u00f3w czyni\u0142y z ci\u0119\u017ckiej pracy w \u201ezielniku\u201d zagra\u017caj\u0105c\u0105 \u017cyciu tortur\u0119. Warunki pracy w budynkach i w szklarniach by\u0142y mniej brutalne.<\/p>\n<p>Zachowa\u0142y si\u0119 by\u0142y budynek administracyjny i instytutowy oraz pozosta\u0142o\u015bci po trzech szklarniach z przybub\u00f3wkami. Planowana jest rewitalizacja architektonicznego kompleksu, bed\u0105cego w\u0142asno\u015bci\u0105 miasta Dachau. Historyczne budynki maj\u0105 zosta\u0107 zintegrowane z funkcjonowaniem Muzeum \u2013 MiejscaPami\u0119ci.<\/p>\n","protected":false},"excerpt":{"rendered":"<p>Na zewn\u0105trz obozu wi\u0119\u017aniarskiego znajdowa\u0142 si\u0119 wielki zak\u0142ad ogrodniczy z powierzchniami uprawnymi. Zak\u0142adali go od 1938 r. i gospodarowali w nim wi\u0119\u017aniowie z polecenia SS, kt\u00f3re przedsi\u0119biorstwo to nazywa\u0142o eufemistycznie \u201ezielnikiem\u201d. Dzisiaj teren ten znajduje si\u0119 w wi\u0119kszo\u015bci pod zabudow\u0105 przemys\u0142ow\u0105. W granicach kompleksu le\u017ca\u0142y liczne budynki, m. in. budynek gospodarczy, instytut dydaktyczno-badawczy, punkt sprzeda\u017cy,&#8230; <a class=\"view-article\" href=\"https:\/\/www.kz-gedenkstaette-dachau.de\/pl\/miejsce-historyczne\/wirtualne-zwiedzanie-stacje-w-otoczeniu-obozu\/doswiadczalne-zaklady-ogrodnicze-ss-zielnik-plantacja\/\">Zobacz artyku\u0142<\/a><\/p>\n","protected":false},"author":1,"featured_media":0,"parent":57060,"menu_order":100,"comment_status":"closed","ping_status":"closed","template":"page-virtueller_rundgang_unterseite.php","meta":{"_acf_changed":false,"footnotes":""},"class_list":["post-57064","page","type-page","status-publish","hentry"],"acf":[],"yoast_head":"<!-- This site is optimized with the Yoast SEO plugin v27.4 - https:\/\/yoast.com\/product\/yoast-seo-wordpress\/ -->\n<title>Do\u015bwiadczalne zak\u0142ady ogrodnicze SS \/ \u201eZielnik\u201d\/ \u201ePlantacja\u201d - KZ Gedenkst\u00e4tte Dachau<\/title>\n<meta name=\"robots\" content=\"index, follow, max-snippet:-1, max-image-preview:large, max-video-preview:-1\" \/>\n<link rel=\"canonical\" href=\"https:\/\/www.kz-gedenkstaette-dachau.de\/pl\/miejsce-historyczne\/wirtualne-zwiedzanie-stacje-w-otoczeniu-obozu\/doswiadczalne-zaklady-ogrodnicze-ss-zielnik-plantacja\/\" \/>\n<meta property=\"og:locale\" content=\"pl_PL\" \/>\n<meta property=\"og:type\" content=\"article\" \/>\n<meta property=\"og:title\" content=\"Do\u015bwiadczalne zak\u0142ady ogrodnicze SS \/ \u201eZielnik\u201d\/ \u201ePlantacja\u201d - KZ Gedenkst\u00e4tte Dachau\" \/>\n<meta property=\"og:description\" content=\"Na zewn\u0105trz obozu wi\u0119\u017aniarskiego znajdowa\u0142 si\u0119 wielki zak\u0142ad ogrodniczy z powierzchniami uprawnymi. Zak\u0142adali go od 1938 r. i gospodarowali w nim wi\u0119\u017aniowie z polecenia SS, kt\u00f3re przedsi\u0119biorstwo to nazywa\u0142o eufemistycznie \u201ezielnikiem\u201d. Dzisiaj teren ten znajduje si\u0119 w wi\u0119kszo\u015bci pod zabudow\u0105 przemys\u0142ow\u0105. W granicach kompleksu le\u017ca\u0142y liczne budynki, m. in. budynek gospodarczy, instytut dydaktyczno-badawczy, punkt sprzeda\u017cy,... Zobacz artyku\u0142\" \/>\n<meta property=\"og:url\" content=\"https:\/\/www.kz-gedenkstaette-dachau.de\/pl\/miejsce-historyczne\/wirtualne-zwiedzanie-stacje-w-otoczeniu-obozu\/doswiadczalne-zaklady-ogrodnicze-ss-zielnik-plantacja\/\" \/>\n<meta property=\"og:site_name\" content=\"KZ Gedenkst\u00e4tte Dachau\" \/>\n<meta property=\"article:modified_time\" content=\"2020-01-30T14:22:20+00:00\" \/>\n<meta name=\"twitter:card\" content=\"summary_large_image\" \/>\n<meta name=\"twitter:label1\" content=\"Szacowany czas czytania\" \/>\n\t<meta name=\"twitter:data1\" content=\"2 minuty\" \/>\n<script type=\"application\/ld+json\" class=\"yoast-schema-graph\">{\"@context\":\"https:\\\/\\\/schema.org\",\"@graph\":[{\"@type\":\"WebPage\",\"@id\":\"https:\\\/\\\/www.kz-gedenkstaette-dachau.de\\\/pl\\\/miejsce-historyczne\\\/wirtualne-zwiedzanie-stacje-w-otoczeniu-obozu\\\/doswiadczalne-zaklady-ogrodnicze-ss-zielnik-plantacja\\\/\",\"url\":\"https:\\\/\\\/www.kz-gedenkstaette-dachau.de\\\/pl\\\/miejsce-historyczne\\\/wirtualne-zwiedzanie-stacje-w-otoczeniu-obozu\\\/doswiadczalne-zaklady-ogrodnicze-ss-zielnik-plantacja\\\/\",\"name\":\"Do\u015bwiadczalne zak\u0142ady ogrodnicze SS \\\/ \u201eZielnik\u201d\\\/ \u201ePlantacja\u201d - KZ Gedenkst\u00e4tte Dachau\",\"isPartOf\":{\"@id\":\"https:\\\/\\\/www.kz-gedenkstaette-dachau.de\\\/#website\"},\"datePublished\":\"2018-11-19T14:24:36+00:00\",\"dateModified\":\"2020-01-30T14:22:20+00:00\",\"breadcrumb\":{\"@id\":\"https:\\\/\\\/www.kz-gedenkstaette-dachau.de\\\/pl\\\/miejsce-historyczne\\\/wirtualne-zwiedzanie-stacje-w-otoczeniu-obozu\\\/doswiadczalne-zaklady-ogrodnicze-ss-zielnik-plantacja\\\/#breadcrumb\"},\"inLanguage\":\"pl-PL\",\"potentialAction\":[{\"@type\":\"ReadAction\",\"target\":[\"https:\\\/\\\/www.kz-gedenkstaette-dachau.de\\\/pl\\\/miejsce-historyczne\\\/wirtualne-zwiedzanie-stacje-w-otoczeniu-obozu\\\/doswiadczalne-zaklady-ogrodnicze-ss-zielnik-plantacja\\\/\"]}]},{\"@type\":\"BreadcrumbList\",\"@id\":\"https:\\\/\\\/www.kz-gedenkstaette-dachau.de\\\/pl\\\/miejsce-historyczne\\\/wirtualne-zwiedzanie-stacje-w-otoczeniu-obozu\\\/doswiadczalne-zaklady-ogrodnicze-ss-zielnik-plantacja\\\/#breadcrumb\",\"itemListElement\":[{\"@type\":\"ListItem\",\"position\":1,\"name\":\"Strona gl\u00f3wna\",\"item\":\"https:\\\/\\\/www.kz-gedenkstaette-dachau.de\\\/pl\\\/\"},{\"@type\":\"ListItem\",\"position\":2,\"name\":\"Miejsce historyczne\",\"item\":\"https:\\\/\\\/www.kz-gedenkstaette-dachau.de\\\/pl\\\/miejsce-historyczne\\\/\"},{\"@type\":\"ListItem\",\"position\":3,\"name\":\"Wirtualne zwiedzanie \u2013 stacje w otoczeniu obozu\",\"item\":\"https:\\\/\\\/www.kz-gedenkstaette-dachau.de\\\/pl\\\/miejsce-historyczne\\\/wirtualne-zwiedzanie-stacje-w-otoczeniu-obozu\\\/\"},{\"@type\":\"ListItem\",\"position\":4,\"name\":\"Do\u015bwiadczalne zak\u0142ady ogrodnicze SS \\\/ \u201eZielnik\u201d\\\/ \u201ePlantacja\u201d\"}]},{\"@type\":\"WebSite\",\"@id\":\"https:\\\/\\\/www.kz-gedenkstaette-dachau.de\\\/#website\",\"url\":\"https:\\\/\\\/www.kz-gedenkstaette-dachau.de\\\/\",\"name\":\"KZ Gedenkst\u00e4tte Dachau\",\"description\":\"\",\"potentialAction\":[{\"@type\":\"SearchAction\",\"target\":{\"@type\":\"EntryPoint\",\"urlTemplate\":\"https:\\\/\\\/www.kz-gedenkstaette-dachau.de\\\/?s={search_term_string}\"},\"query-input\":{\"@type\":\"PropertyValueSpecification\",\"valueRequired\":true,\"valueName\":\"search_term_string\"}}],\"inLanguage\":\"pl-PL\"}]}<\/script>\n<!-- \/ Yoast SEO plugin. -->","yoast_head_json":{"title":"Do\u015bwiadczalne zak\u0142ady ogrodnicze SS \/ \u201eZielnik\u201d\/ \u201ePlantacja\u201d - KZ Gedenkst\u00e4tte Dachau","robots":{"index":"index","follow":"follow","max-snippet":"max-snippet:-1","max-image-preview":"max-image-preview:large","max-video-preview":"max-video-preview:-1"},"canonical":"https:\/\/www.kz-gedenkstaette-dachau.de\/pl\/miejsce-historyczne\/wirtualne-zwiedzanie-stacje-w-otoczeniu-obozu\/doswiadczalne-zaklady-ogrodnicze-ss-zielnik-plantacja\/","og_locale":"pl_PL","og_type":"article","og_title":"Do\u015bwiadczalne zak\u0142ady ogrodnicze SS \/ \u201eZielnik\u201d\/ \u201ePlantacja\u201d - KZ Gedenkst\u00e4tte Dachau","og_description":"Na zewn\u0105trz obozu wi\u0119\u017aniarskiego znajdowa\u0142 si\u0119 wielki zak\u0142ad ogrodniczy z powierzchniami uprawnymi. Zak\u0142adali go od 1938 r. i gospodarowali w nim wi\u0119\u017aniowie z polecenia SS, kt\u00f3re przedsi\u0119biorstwo to nazywa\u0142o eufemistycznie \u201ezielnikiem\u201d. Dzisiaj teren ten znajduje si\u0119 w wi\u0119kszo\u015bci pod zabudow\u0105 przemys\u0142ow\u0105. W granicach kompleksu le\u017ca\u0142y liczne budynki, m. in. budynek gospodarczy, instytut dydaktyczno-badawczy, punkt sprzeda\u017cy,... Zobacz artyku\u0142","og_url":"https:\/\/www.kz-gedenkstaette-dachau.de\/pl\/miejsce-historyczne\/wirtualne-zwiedzanie-stacje-w-otoczeniu-obozu\/doswiadczalne-zaklady-ogrodnicze-ss-zielnik-plantacja\/","og_site_name":"KZ Gedenkst\u00e4tte Dachau","article_modified_time":"2020-01-30T14:22:20+00:00","twitter_card":"summary_large_image","twitter_misc":{"Szacowany czas czytania":"2 minuty"},"schema":{"@context":"https:\/\/schema.org","@graph":[{"@type":"WebPage","@id":"https:\/\/www.kz-gedenkstaette-dachau.de\/pl\/miejsce-historyczne\/wirtualne-zwiedzanie-stacje-w-otoczeniu-obozu\/doswiadczalne-zaklady-ogrodnicze-ss-zielnik-plantacja\/","url":"https:\/\/www.kz-gedenkstaette-dachau.de\/pl\/miejsce-historyczne\/wirtualne-zwiedzanie-stacje-w-otoczeniu-obozu\/doswiadczalne-zaklady-ogrodnicze-ss-zielnik-plantacja\/","name":"Do\u015bwiadczalne zak\u0142ady ogrodnicze SS \/ \u201eZielnik\u201d\/ \u201ePlantacja\u201d - KZ Gedenkst\u00e4tte Dachau","isPartOf":{"@id":"https:\/\/www.kz-gedenkstaette-dachau.de\/#website"},"datePublished":"2018-11-19T14:24:36+00:00","dateModified":"2020-01-30T14:22:20+00:00","breadcrumb":{"@id":"https:\/\/www.kz-gedenkstaette-dachau.de\/pl\/miejsce-historyczne\/wirtualne-zwiedzanie-stacje-w-otoczeniu-obozu\/doswiadczalne-zaklady-ogrodnicze-ss-zielnik-plantacja\/#breadcrumb"},"inLanguage":"pl-PL","potentialAction":[{"@type":"ReadAction","target":["https:\/\/www.kz-gedenkstaette-dachau.de\/pl\/miejsce-historyczne\/wirtualne-zwiedzanie-stacje-w-otoczeniu-obozu\/doswiadczalne-zaklady-ogrodnicze-ss-zielnik-plantacja\/"]}]},{"@type":"BreadcrumbList","@id":"https:\/\/www.kz-gedenkstaette-dachau.de\/pl\/miejsce-historyczne\/wirtualne-zwiedzanie-stacje-w-otoczeniu-obozu\/doswiadczalne-zaklady-ogrodnicze-ss-zielnik-plantacja\/#breadcrumb","itemListElement":[{"@type":"ListItem","position":1,"name":"Strona gl\u00f3wna","item":"https:\/\/www.kz-gedenkstaette-dachau.de\/pl\/"},{"@type":"ListItem","position":2,"name":"Miejsce historyczne","item":"https:\/\/www.kz-gedenkstaette-dachau.de\/pl\/miejsce-historyczne\/"},{"@type":"ListItem","position":3,"name":"Wirtualne zwiedzanie \u2013 stacje w otoczeniu obozu","item":"https:\/\/www.kz-gedenkstaette-dachau.de\/pl\/miejsce-historyczne\/wirtualne-zwiedzanie-stacje-w-otoczeniu-obozu\/"},{"@type":"ListItem","position":4,"name":"Do\u015bwiadczalne zak\u0142ady ogrodnicze SS \/ \u201eZielnik\u201d\/ \u201ePlantacja\u201d"}]},{"@type":"WebSite","@id":"https:\/\/www.kz-gedenkstaette-dachau.de\/#website","url":"https:\/\/www.kz-gedenkstaette-dachau.de\/","name":"KZ Gedenkst\u00e4tte Dachau","description":"","potentialAction":[{"@type":"SearchAction","target":{"@type":"EntryPoint","urlTemplate":"https:\/\/www.kz-gedenkstaette-dachau.de\/?s={search_term_string}"},"query-input":{"@type":"PropertyValueSpecification","valueRequired":true,"valueName":"search_term_string"}}],"inLanguage":"pl-PL"}]}},"_links":{"self":[{"href":"https:\/\/www.kz-gedenkstaette-dachau.de\/pl\/wp-json\/wp\/v2\/pages\/57064","targetHints":{"allow":["GET"]}}],"collection":[{"href":"https:\/\/www.kz-gedenkstaette-dachau.de\/pl\/wp-json\/wp\/v2\/pages"}],"about":[{"href":"https:\/\/www.kz-gedenkstaette-dachau.de\/pl\/wp-json\/wp\/v2\/types\/page"}],"author":[{"embeddable":true,"href":"https:\/\/www.kz-gedenkstaette-dachau.de\/pl\/wp-json\/wp\/v2\/users\/1"}],"replies":[{"embeddable":true,"href":"https:\/\/www.kz-gedenkstaette-dachau.de\/pl\/wp-json\/wp\/v2\/comments?post=57064"}],"version-history":[{"count":0,"href":"https:\/\/www.kz-gedenkstaette-dachau.de\/pl\/wp-json\/wp\/v2\/pages\/57064\/revisions"}],"up":[{"embeddable":true,"href":"https:\/\/www.kz-gedenkstaette-dachau.de\/pl\/wp-json\/wp\/v2\/pages\/57060"}],"wp:attachment":[{"href":"https:\/\/www.kz-gedenkstaette-dachau.de\/pl\/wp-json\/wp\/v2\/media?parent=57064"}],"curies":[{"name":"wp","href":"https:\/\/api.w.org\/{rel}","templated":true}]}}