{"id":57067,"date":"2018-11-19T15:28:38","date_gmt":"2018-11-19T14:28:38","guid":{"rendered":"https:\/\/www.kz-gedenkstaette-dachau.de\/miejsce-historyczne\/wirtualne-zwiedzanie-stacje-w-otoczeniu-obozu\/ss-schiessplatz-hebertshausen\/"},"modified":"2020-01-30T15:24:48","modified_gmt":"2020-01-30T14:24:48","slug":"strzelnica-hebertshausen-wystawa-zewnetrzna","status":"publish","type":"page","link":"https:\/\/www.kz-gedenkstaette-dachau.de\/pl\/miejsce-historyczne\/wirtualne-zwiedzanie-stacje-w-otoczeniu-obozu\/strzelnica-hebertshausen-wystawa-zewnetrzna\/","title":{"rendered":"Strzelnica Hebertshausen (Wystawa Zewn\u0119trzna)"},"content":{"rendered":"<p>Oko\u0142o dw\u00f3ch kilometr\u00f3w na p\u00f3\u0142noc od obozu koncentracyjnego Dachau, w pobli\u017cu gminy Herbertshausen, SS urz\u0105dzi\u0142o w 1937\/38 r. strzelnic\u0119, gdzie uczono obchodzenia si\u0119 z broni\u0105 \u017co\u0142nierzy SS oraz cz\u0142onk\u00f3w innych organizacji militarnych. By\u0142y tu pi\u0119\u0107 tor\u00f3w strzelniczych, dwa stanowiska strzelnicze, miejsce do rzut\u00f3w granatem oraz budynek gospodarczy. Od 1941 r. SS wykorzystywa\u0142o strzelnic\u0119 tak\u017ce jako miejsce egzekucji.<\/p>\n<p>22 czerwca niemiecki Wehrmacht rozpocz\u0105\u0142 ludob\u00f3jcz\u0105 wojn\u0119 ze Zwi\u0105zkiem Radzieckim. \u017bo\u0142nierzy Armii Czerwonej, kt\u00f3rzy dostali si\u0119 do niewoli, umieszczano w obozach jenieckich na terenie Rzeszy. Gestapo, wsp\u00f3lnie z Wehrmachtem, \u201ewyselekcjonowa\u0142o\u201d z ich masy przynajmniej 33.000 os\u00f3b wed\u0142ug kryteri\u00f3w rasowych i ideologicznych. Wbrew postanowieniom prawa mi\u0119dzynarodowego komunistycznych funkcjonariuszy, intelektualist\u00f3w oraz \u017byd\u00f3w przekazano do oboz\u00f3w koncentracyjnych, gdzie byli mordowani przez SS.<\/p>\n<p>W obozie koncentracyjnym Dachau radzieckich wi\u0119\u017ani\u00f3w zabijano najcz\u0119\u015bciej zaraz po przybyciu. Pierwsze egzekucje przez rozstrzelanie mia\u0142y miejsce na dziedzi\u0144cu \u201ebunkra\u201d. Mi\u0119dzy pa\u017adziernikiem 1941 r. a latem 1942 r. obozowi esesmani dokonali masowych egzekucji ponad 4000 je\u0144c\u00f3w wojennych na strzelnicy Herbertshausen. Esesmani zmuszali \u017co\u0142nierzy do rozbierania si\u0119 i ustawiania pi\u0105tkami na prawym torze strzelniczym przed kulochwytem. Nast\u0119pnie przep\u0119dzano ich na lewy tor, gdzie przy pomocy kajdanek przykuwano ich do s\u0142up\u00f3w i rozstrzeliwano.<\/p>\n<p>Po masowych mordach na radzieckich je\u0144cach wojennych, esesmani wykonywali na strzelnicy wyroki \u015bmierci orzekane przez s\u0105dy SS i s\u0105dy policyjne.<\/p>\n<p>W 1964 r. Wsp\u00f3lnota Obozowa Dachau wznios\u0142a na terenie by\u0142ej strzelnicy pierwszy pomnik<br \/>\nupami\u0119tniaj\u0105cy zamordowanych je\u0144c\u00f3w radzieckich. W 2014 r. teren ten przekszta\u0142cono w miejsce pami\u0119ci z Wystaw\u0105 Zewn\u0119trzn\u0105.<\/p>\n","protected":false},"excerpt":{"rendered":"<p>Oko\u0142o dw\u00f3ch kilometr\u00f3w na p\u00f3\u0142noc od obozu koncentracyjnego Dachau, w pobli\u017cu gminy Herbertshausen, SS urz\u0105dzi\u0142o w 1937\/38 r. strzelnic\u0119, gdzie uczono obchodzenia si\u0119 z broni\u0105 \u017co\u0142nierzy SS oraz cz\u0142onk\u00f3w innych organizacji militarnych. By\u0142y tu pi\u0119\u0107 tor\u00f3w strzelniczych, dwa stanowiska strzelnicze, miejsce do rzut\u00f3w granatem oraz budynek gospodarczy. Od 1941 r. SS wykorzystywa\u0142o strzelnic\u0119 tak\u017ce jako&#8230; <a class=\"view-article\" href=\"https:\/\/www.kz-gedenkstaette-dachau.de\/pl\/miejsce-historyczne\/wirtualne-zwiedzanie-stacje-w-otoczeniu-obozu\/strzelnica-hebertshausen-wystawa-zewnetrzna\/\">Zobacz artyku\u0142<\/a><\/p>\n","protected":false},"author":1,"featured_media":0,"parent":57060,"menu_order":200,"comment_status":"closed","ping_status":"closed","template":"page-virtueller_rundgang_unterseite.php","meta":{"_acf_changed":false,"footnotes":""},"class_list":["post-57067","page","type-page","status-publish","hentry"],"acf":[],"yoast_head":"<!-- This site is optimized with the Yoast SEO plugin v27.4 - https:\/\/yoast.com\/product\/yoast-seo-wordpress\/ -->\n<title>Strzelnica Hebertshausen (Wystawa Zewn\u0119trzna) - KZ Gedenkst\u00e4tte Dachau<\/title>\n<meta name=\"robots\" content=\"index, follow, max-snippet:-1, max-image-preview:large, max-video-preview:-1\" \/>\n<link rel=\"canonical\" href=\"https:\/\/www.kz-gedenkstaette-dachau.de\/pl\/miejsce-historyczne\/wirtualne-zwiedzanie-stacje-w-otoczeniu-obozu\/strzelnica-hebertshausen-wystawa-zewnetrzna\/\" \/>\n<meta property=\"og:locale\" content=\"pl_PL\" \/>\n<meta property=\"og:type\" content=\"article\" \/>\n<meta property=\"og:title\" content=\"Strzelnica Hebertshausen (Wystawa Zewn\u0119trzna) - KZ Gedenkst\u00e4tte Dachau\" \/>\n<meta property=\"og:description\" content=\"Oko\u0142o dw\u00f3ch kilometr\u00f3w na p\u00f3\u0142noc od obozu koncentracyjnego Dachau, w pobli\u017cu gminy Herbertshausen, SS urz\u0105dzi\u0142o w 1937\/38 r. strzelnic\u0119, gdzie uczono obchodzenia si\u0119 z broni\u0105 \u017co\u0142nierzy SS oraz cz\u0142onk\u00f3w innych organizacji militarnych. By\u0142y tu pi\u0119\u0107 tor\u00f3w strzelniczych, dwa stanowiska strzelnicze, miejsce do rzut\u00f3w granatem oraz budynek gospodarczy. Od 1941 r. SS wykorzystywa\u0142o strzelnic\u0119 tak\u017ce jako... Zobacz artyku\u0142\" \/>\n<meta property=\"og:url\" content=\"https:\/\/www.kz-gedenkstaette-dachau.de\/pl\/miejsce-historyczne\/wirtualne-zwiedzanie-stacje-w-otoczeniu-obozu\/strzelnica-hebertshausen-wystawa-zewnetrzna\/\" \/>\n<meta property=\"og:site_name\" content=\"KZ Gedenkst\u00e4tte Dachau\" \/>\n<meta property=\"article:modified_time\" content=\"2020-01-30T14:24:48+00:00\" \/>\n<meta name=\"twitter:card\" content=\"summary_large_image\" \/>\n<meta name=\"twitter:label1\" content=\"Szacowany czas czytania\" \/>\n\t<meta name=\"twitter:data1\" content=\"1 minuta\" \/>\n<script type=\"application\/ld+json\" class=\"yoast-schema-graph\">{\"@context\":\"https:\\\/\\\/schema.org\",\"@graph\":[{\"@type\":\"WebPage\",\"@id\":\"https:\\\/\\\/www.kz-gedenkstaette-dachau.de\\\/pl\\\/miejsce-historyczne\\\/wirtualne-zwiedzanie-stacje-w-otoczeniu-obozu\\\/strzelnica-hebertshausen-wystawa-zewnetrzna\\\/\",\"url\":\"https:\\\/\\\/www.kz-gedenkstaette-dachau.de\\\/pl\\\/miejsce-historyczne\\\/wirtualne-zwiedzanie-stacje-w-otoczeniu-obozu\\\/strzelnica-hebertshausen-wystawa-zewnetrzna\\\/\",\"name\":\"Strzelnica Hebertshausen (Wystawa Zewn\u0119trzna) - KZ Gedenkst\u00e4tte Dachau\",\"isPartOf\":{\"@id\":\"https:\\\/\\\/www.kz-gedenkstaette-dachau.de\\\/#website\"},\"datePublished\":\"2018-11-19T14:28:38+00:00\",\"dateModified\":\"2020-01-30T14:24:48+00:00\",\"breadcrumb\":{\"@id\":\"https:\\\/\\\/www.kz-gedenkstaette-dachau.de\\\/pl\\\/miejsce-historyczne\\\/wirtualne-zwiedzanie-stacje-w-otoczeniu-obozu\\\/strzelnica-hebertshausen-wystawa-zewnetrzna\\\/#breadcrumb\"},\"inLanguage\":\"pl-PL\",\"potentialAction\":[{\"@type\":\"ReadAction\",\"target\":[\"https:\\\/\\\/www.kz-gedenkstaette-dachau.de\\\/pl\\\/miejsce-historyczne\\\/wirtualne-zwiedzanie-stacje-w-otoczeniu-obozu\\\/strzelnica-hebertshausen-wystawa-zewnetrzna\\\/\"]}]},{\"@type\":\"BreadcrumbList\",\"@id\":\"https:\\\/\\\/www.kz-gedenkstaette-dachau.de\\\/pl\\\/miejsce-historyczne\\\/wirtualne-zwiedzanie-stacje-w-otoczeniu-obozu\\\/strzelnica-hebertshausen-wystawa-zewnetrzna\\\/#breadcrumb\",\"itemListElement\":[{\"@type\":\"ListItem\",\"position\":1,\"name\":\"Strona gl\u00f3wna\",\"item\":\"https:\\\/\\\/www.kz-gedenkstaette-dachau.de\\\/pl\\\/\"},{\"@type\":\"ListItem\",\"position\":2,\"name\":\"Miejsce historyczne\",\"item\":\"https:\\\/\\\/www.kz-gedenkstaette-dachau.de\\\/pl\\\/miejsce-historyczne\\\/\"},{\"@type\":\"ListItem\",\"position\":3,\"name\":\"Wirtualne zwiedzanie \u2013 stacje w otoczeniu obozu\",\"item\":\"https:\\\/\\\/www.kz-gedenkstaette-dachau.de\\\/pl\\\/miejsce-historyczne\\\/wirtualne-zwiedzanie-stacje-w-otoczeniu-obozu\\\/\"},{\"@type\":\"ListItem\",\"position\":4,\"name\":\"Strzelnica Hebertshausen (Wystawa Zewn\u0119trzna)\"}]},{\"@type\":\"WebSite\",\"@id\":\"https:\\\/\\\/www.kz-gedenkstaette-dachau.de\\\/#website\",\"url\":\"https:\\\/\\\/www.kz-gedenkstaette-dachau.de\\\/\",\"name\":\"KZ Gedenkst\u00e4tte Dachau\",\"description\":\"\",\"potentialAction\":[{\"@type\":\"SearchAction\",\"target\":{\"@type\":\"EntryPoint\",\"urlTemplate\":\"https:\\\/\\\/www.kz-gedenkstaette-dachau.de\\\/?s={search_term_string}\"},\"query-input\":{\"@type\":\"PropertyValueSpecification\",\"valueRequired\":true,\"valueName\":\"search_term_string\"}}],\"inLanguage\":\"pl-PL\"}]}<\/script>\n<!-- \/ Yoast SEO plugin. -->","yoast_head_json":{"title":"Strzelnica Hebertshausen (Wystawa Zewn\u0119trzna) - KZ Gedenkst\u00e4tte Dachau","robots":{"index":"index","follow":"follow","max-snippet":"max-snippet:-1","max-image-preview":"max-image-preview:large","max-video-preview":"max-video-preview:-1"},"canonical":"https:\/\/www.kz-gedenkstaette-dachau.de\/pl\/miejsce-historyczne\/wirtualne-zwiedzanie-stacje-w-otoczeniu-obozu\/strzelnica-hebertshausen-wystawa-zewnetrzna\/","og_locale":"pl_PL","og_type":"article","og_title":"Strzelnica Hebertshausen (Wystawa Zewn\u0119trzna) - KZ Gedenkst\u00e4tte Dachau","og_description":"Oko\u0142o dw\u00f3ch kilometr\u00f3w na p\u00f3\u0142noc od obozu koncentracyjnego Dachau, w pobli\u017cu gminy Herbertshausen, SS urz\u0105dzi\u0142o w 1937\/38 r. strzelnic\u0119, gdzie uczono obchodzenia si\u0119 z broni\u0105 \u017co\u0142nierzy SS oraz cz\u0142onk\u00f3w innych organizacji militarnych. By\u0142y tu pi\u0119\u0107 tor\u00f3w strzelniczych, dwa stanowiska strzelnicze, miejsce do rzut\u00f3w granatem oraz budynek gospodarczy. Od 1941 r. SS wykorzystywa\u0142o strzelnic\u0119 tak\u017ce jako... Zobacz artyku\u0142","og_url":"https:\/\/www.kz-gedenkstaette-dachau.de\/pl\/miejsce-historyczne\/wirtualne-zwiedzanie-stacje-w-otoczeniu-obozu\/strzelnica-hebertshausen-wystawa-zewnetrzna\/","og_site_name":"KZ Gedenkst\u00e4tte Dachau","article_modified_time":"2020-01-30T14:24:48+00:00","twitter_card":"summary_large_image","twitter_misc":{"Szacowany czas czytania":"1 minuta"},"schema":{"@context":"https:\/\/schema.org","@graph":[{"@type":"WebPage","@id":"https:\/\/www.kz-gedenkstaette-dachau.de\/pl\/miejsce-historyczne\/wirtualne-zwiedzanie-stacje-w-otoczeniu-obozu\/strzelnica-hebertshausen-wystawa-zewnetrzna\/","url":"https:\/\/www.kz-gedenkstaette-dachau.de\/pl\/miejsce-historyczne\/wirtualne-zwiedzanie-stacje-w-otoczeniu-obozu\/strzelnica-hebertshausen-wystawa-zewnetrzna\/","name":"Strzelnica Hebertshausen (Wystawa Zewn\u0119trzna) - KZ Gedenkst\u00e4tte Dachau","isPartOf":{"@id":"https:\/\/www.kz-gedenkstaette-dachau.de\/#website"},"datePublished":"2018-11-19T14:28:38+00:00","dateModified":"2020-01-30T14:24:48+00:00","breadcrumb":{"@id":"https:\/\/www.kz-gedenkstaette-dachau.de\/pl\/miejsce-historyczne\/wirtualne-zwiedzanie-stacje-w-otoczeniu-obozu\/strzelnica-hebertshausen-wystawa-zewnetrzna\/#breadcrumb"},"inLanguage":"pl-PL","potentialAction":[{"@type":"ReadAction","target":["https:\/\/www.kz-gedenkstaette-dachau.de\/pl\/miejsce-historyczne\/wirtualne-zwiedzanie-stacje-w-otoczeniu-obozu\/strzelnica-hebertshausen-wystawa-zewnetrzna\/"]}]},{"@type":"BreadcrumbList","@id":"https:\/\/www.kz-gedenkstaette-dachau.de\/pl\/miejsce-historyczne\/wirtualne-zwiedzanie-stacje-w-otoczeniu-obozu\/strzelnica-hebertshausen-wystawa-zewnetrzna\/#breadcrumb","itemListElement":[{"@type":"ListItem","position":1,"name":"Strona gl\u00f3wna","item":"https:\/\/www.kz-gedenkstaette-dachau.de\/pl\/"},{"@type":"ListItem","position":2,"name":"Miejsce historyczne","item":"https:\/\/www.kz-gedenkstaette-dachau.de\/pl\/miejsce-historyczne\/"},{"@type":"ListItem","position":3,"name":"Wirtualne zwiedzanie \u2013 stacje w otoczeniu obozu","item":"https:\/\/www.kz-gedenkstaette-dachau.de\/pl\/miejsce-historyczne\/wirtualne-zwiedzanie-stacje-w-otoczeniu-obozu\/"},{"@type":"ListItem","position":4,"name":"Strzelnica Hebertshausen (Wystawa Zewn\u0119trzna)"}]},{"@type":"WebSite","@id":"https:\/\/www.kz-gedenkstaette-dachau.de\/#website","url":"https:\/\/www.kz-gedenkstaette-dachau.de\/","name":"KZ Gedenkst\u00e4tte Dachau","description":"","potentialAction":[{"@type":"SearchAction","target":{"@type":"EntryPoint","urlTemplate":"https:\/\/www.kz-gedenkstaette-dachau.de\/?s={search_term_string}"},"query-input":{"@type":"PropertyValueSpecification","valueRequired":true,"valueName":"search_term_string"}}],"inLanguage":"pl-PL"}]}},"_links":{"self":[{"href":"https:\/\/www.kz-gedenkstaette-dachau.de\/pl\/wp-json\/wp\/v2\/pages\/57067","targetHints":{"allow":["GET"]}}],"collection":[{"href":"https:\/\/www.kz-gedenkstaette-dachau.de\/pl\/wp-json\/wp\/v2\/pages"}],"about":[{"href":"https:\/\/www.kz-gedenkstaette-dachau.de\/pl\/wp-json\/wp\/v2\/types\/page"}],"author":[{"embeddable":true,"href":"https:\/\/www.kz-gedenkstaette-dachau.de\/pl\/wp-json\/wp\/v2\/users\/1"}],"replies":[{"embeddable":true,"href":"https:\/\/www.kz-gedenkstaette-dachau.de\/pl\/wp-json\/wp\/v2\/comments?post=57067"}],"version-history":[{"count":0,"href":"https:\/\/www.kz-gedenkstaette-dachau.de\/pl\/wp-json\/wp\/v2\/pages\/57067\/revisions"}],"up":[{"embeddable":true,"href":"https:\/\/www.kz-gedenkstaette-dachau.de\/pl\/wp-json\/wp\/v2\/pages\/57060"}],"wp:attachment":[{"href":"https:\/\/www.kz-gedenkstaette-dachau.de\/pl\/wp-json\/wp\/v2\/media?parent=57067"}],"curies":[{"name":"wp","href":"https:\/\/api.w.org\/{rel}","templated":true}]}}