{"id":57071,"date":"2018-11-19T15:31:52","date_gmt":"2018-11-19T14:31:52","guid":{"rendered":"https:\/\/www.kz-gedenkstaette-dachau.de\/miejsce-historyczne\/wirtualne-zwiedzanie-stacje-w-otoczeniu-obozu\/weg-des-erinnerns\/"},"modified":"2020-01-27T17:27:37","modified_gmt":"2020-01-27T16:27:37","slug":"droga-pamieci","status":"publish","type":"page","link":"https:\/\/www.kz-gedenkstaette-dachau.de\/pl\/miejsce-historyczne\/wirtualne-zwiedzanie-stacje-w-otoczeniu-obozu\/droga-pamieci\/","title":{"rendered":"Droga pami\u0119ci"},"content":{"rendered":"<p>Otwarta w 2007 r. \u201eDroga pami\u0119ci\u201d sk\u0142ada si\u0119 z 12 stacji z tablicami informacyjnymi. Jej trasa prowadzi od dworca kolejowego w Dachau do centrum informacyjnego dla zwiedzaj\u0105cych Muzeum \u2013 MiejscaPami\u0119ci Dachau. Na pokonanie trzykilometrowej drogi pieszo potrzeba oko\u0142o 45 minut.<\/p>\n<p>Tablice informacyjne zainstalowano wzd\u0142u\u017c szlaku, jaki wi\u0119kszo\u015b\u0107 wi\u0119\u017ani\u00f3w dociera\u0142a do obozu pieszo, poci\u0105gami lub na ci\u0119\u017car\u00f3wkach. Tre\u015b\u0107 tablic tematyzuje wielorakie zwi\u0105zki miasta Dachau i jego mieszka\u0144c\u00f3w z obozem koncentracyjnym. Dworzec s\u0142u\u017cy\u0142 jako \u201eplac prze\u0142adunkowy\u201d (Umschlagplatz) transport\u00f3w z wi\u0119\u017aniami. Mieszka\u0144cy miasta widzieli wy\u0142adunki wi\u0119\u017ani\u00f3w, cz\u0119sto i zw\u0142ok, oraz jak SS p\u0119dzi\u0142o wi\u0119\u017ani\u00f3w z dworca na otwartej ulicy do obozu. Ponadto mieszka\u0144cy Dachau mieli dodatkow\u0105 okazj\u0119 widzie\u0107 wyn\u0119dznia\u0142e postacie wi\u0119\u017ani\u00f3w, kiedy od 1941 r. dostarczano ich pod eskort\u0105 SS do pracy przymusowej w rozmaitych zak\u0142adach miejskich. Na pieszym szlaku do obozu znajduj\u0105 si\u0119 ponadto historyczne \u015blady i artefakty budowalne. \u201eDroga pami\u0119ci\u201d ko\u0144czy si\u0119 w by\u0142ych Do\u015bwiadczalnych Zak\u0142adach Ogrodniczych SS \u201eZielnik\u201d.<\/p>\n<img loading=\"lazy\" decoding=\"async\" width=\"1140\" height=\"800\" class=\"size-full wp-image-30052 aligncenter\" src=\"https:\/\/www.kz-gedenkstaette-dachau.de\/wp-content\/uploads\/2019\/01\/weg_der_erinnerung.png\" alt=\"\" srcset=\"https:\/\/www.kz-gedenkstaette-dachau.de\/wp-content\/uploads\/2019\/01\/weg_der_erinnerung.png 1140w, https:\/\/www.kz-gedenkstaette-dachau.de\/wp-content\/uploads\/2019\/01\/weg_der_erinnerung-250x175.png 250w, https:\/\/www.kz-gedenkstaette-dachau.de\/wp-content\/uploads\/2019\/01\/weg_der_erinnerung-768x539.png 768w, https:\/\/www.kz-gedenkstaette-dachau.de\/wp-content\/uploads\/2019\/01\/weg_der_erinnerung-700x491.png 700w, https:\/\/www.kz-gedenkstaette-dachau.de\/wp-content\/uploads\/2019\/01\/weg_der_erinnerung-120x84.png 120w\" sizes=\"auto, (max-width: 1140px) 100vw, 1140px\" \/>\n","protected":false},"excerpt":{"rendered":"<p>Otwarta w 2007 r. \u201eDroga pami\u0119ci\u201d sk\u0142ada si\u0119 z 12 stacji z tablicami informacyjnymi. Jej trasa prowadzi od dworca kolejowego w Dachau do centrum informacyjnego dla zwiedzaj\u0105cych Muzeum \u2013 MiejscaPami\u0119ci Dachau. Na pokonanie trzykilometrowej drogi pieszo potrzeba oko\u0142o 45 minut. Tablice informacyjne zainstalowano wzd\u0142u\u017c szlaku, jaki wi\u0119kszo\u015b\u0107 wi\u0119\u017ani\u00f3w dociera\u0142a do obozu pieszo, poci\u0105gami lub na&#8230; <a class=\"view-article\" href=\"https:\/\/www.kz-gedenkstaette-dachau.de\/pl\/miejsce-historyczne\/wirtualne-zwiedzanie-stacje-w-otoczeniu-obozu\/droga-pamieci\/\">Zobacz artyku\u0142<\/a><\/p>\n","protected":false},"author":1,"featured_media":0,"parent":57060,"menu_order":300,"comment_status":"closed","ping_status":"closed","template":"page-virtueller_rundgang_unterseite.php","meta":{"_acf_changed":false,"footnotes":""},"class_list":["post-57071","page","type-page","status-publish","hentry"],"acf":[],"yoast_head":"<!-- This site is optimized with the Yoast SEO plugin v27.4 - https:\/\/yoast.com\/product\/yoast-seo-wordpress\/ -->\n<title>Droga pami\u0119ci - KZ Gedenkst\u00e4tte Dachau<\/title>\n<meta name=\"robots\" content=\"index, follow, max-snippet:-1, max-image-preview:large, max-video-preview:-1\" \/>\n<link rel=\"canonical\" href=\"https:\/\/www.kz-gedenkstaette-dachau.de\/pl\/miejsce-historyczne\/wirtualne-zwiedzanie-stacje-w-otoczeniu-obozu\/droga-pamieci\/\" \/>\n<meta property=\"og:locale\" content=\"pl_PL\" \/>\n<meta property=\"og:type\" content=\"article\" \/>\n<meta property=\"og:title\" content=\"Droga pami\u0119ci - KZ Gedenkst\u00e4tte Dachau\" \/>\n<meta property=\"og:description\" content=\"Otwarta w 2007 r. \u201eDroga pami\u0119ci\u201d sk\u0142ada si\u0119 z 12 stacji z tablicami informacyjnymi. Jej trasa prowadzi od dworca kolejowego w Dachau do centrum informacyjnego dla zwiedzaj\u0105cych Muzeum \u2013 MiejscaPami\u0119ci Dachau. Na pokonanie trzykilometrowej drogi pieszo potrzeba oko\u0142o 45 minut. Tablice informacyjne zainstalowano wzd\u0142u\u017c szlaku, jaki wi\u0119kszo\u015b\u0107 wi\u0119\u017ani\u00f3w dociera\u0142a do obozu pieszo, poci\u0105gami lub na... Zobacz artyku\u0142\" \/>\n<meta property=\"og:url\" content=\"https:\/\/www.kz-gedenkstaette-dachau.de\/pl\/miejsce-historyczne\/wirtualne-zwiedzanie-stacje-w-otoczeniu-obozu\/droga-pamieci\/\" \/>\n<meta property=\"og:site_name\" content=\"KZ Gedenkst\u00e4tte Dachau\" \/>\n<meta property=\"article:modified_time\" content=\"2020-01-27T16:27:37+00:00\" \/>\n<meta property=\"og:image\" content=\"https:\/\/www.kz-gedenkstaette-dachau.de\/wp-content\/uploads\/2019\/01\/weg_der_erinnerung.png\" \/>\n<meta name=\"twitter:card\" content=\"summary_large_image\" \/>\n<meta name=\"twitter:label1\" content=\"Szacowany czas czytania\" \/>\n\t<meta name=\"twitter:data1\" content=\"1 minuta\" \/>\n<script type=\"application\/ld+json\" class=\"yoast-schema-graph\">{\"@context\":\"https:\\\/\\\/schema.org\",\"@graph\":[{\"@type\":\"WebPage\",\"@id\":\"https:\\\/\\\/www.kz-gedenkstaette-dachau.de\\\/pl\\\/miejsce-historyczne\\\/wirtualne-zwiedzanie-stacje-w-otoczeniu-obozu\\\/droga-pamieci\\\/\",\"url\":\"https:\\\/\\\/www.kz-gedenkstaette-dachau.de\\\/pl\\\/miejsce-historyczne\\\/wirtualne-zwiedzanie-stacje-w-otoczeniu-obozu\\\/droga-pamieci\\\/\",\"name\":\"Droga pami\u0119ci - KZ Gedenkst\u00e4tte Dachau\",\"isPartOf\":{\"@id\":\"https:\\\/\\\/www.kz-gedenkstaette-dachau.de\\\/#website\"},\"primaryImageOfPage\":{\"@id\":\"https:\\\/\\\/www.kz-gedenkstaette-dachau.de\\\/pl\\\/miejsce-historyczne\\\/wirtualne-zwiedzanie-stacje-w-otoczeniu-obozu\\\/droga-pamieci\\\/#primaryimage\"},\"image\":{\"@id\":\"https:\\\/\\\/www.kz-gedenkstaette-dachau.de\\\/pl\\\/miejsce-historyczne\\\/wirtualne-zwiedzanie-stacje-w-otoczeniu-obozu\\\/droga-pamieci\\\/#primaryimage\"},\"thumbnailUrl\":\"https:\\\/\\\/www.kz-gedenkstaette-dachau.de\\\/wp-content\\\/uploads\\\/2019\\\/01\\\/weg_der_erinnerung.png\",\"datePublished\":\"2018-11-19T14:31:52+00:00\",\"dateModified\":\"2020-01-27T16:27:37+00:00\",\"breadcrumb\":{\"@id\":\"https:\\\/\\\/www.kz-gedenkstaette-dachau.de\\\/pl\\\/miejsce-historyczne\\\/wirtualne-zwiedzanie-stacje-w-otoczeniu-obozu\\\/droga-pamieci\\\/#breadcrumb\"},\"inLanguage\":\"pl-PL\",\"potentialAction\":[{\"@type\":\"ReadAction\",\"target\":[\"https:\\\/\\\/www.kz-gedenkstaette-dachau.de\\\/pl\\\/miejsce-historyczne\\\/wirtualne-zwiedzanie-stacje-w-otoczeniu-obozu\\\/droga-pamieci\\\/\"]}]},{\"@type\":\"ImageObject\",\"inLanguage\":\"pl-PL\",\"@id\":\"https:\\\/\\\/www.kz-gedenkstaette-dachau.de\\\/pl\\\/miejsce-historyczne\\\/wirtualne-zwiedzanie-stacje-w-otoczeniu-obozu\\\/droga-pamieci\\\/#primaryimage\",\"url\":\"https:\\\/\\\/www.kz-gedenkstaette-dachau.de\\\/wp-content\\\/uploads\\\/2019\\\/01\\\/weg_der_erinnerung.png\",\"contentUrl\":\"https:\\\/\\\/www.kz-gedenkstaette-dachau.de\\\/wp-content\\\/uploads\\\/2019\\\/01\\\/weg_der_erinnerung.png\"},{\"@type\":\"BreadcrumbList\",\"@id\":\"https:\\\/\\\/www.kz-gedenkstaette-dachau.de\\\/pl\\\/miejsce-historyczne\\\/wirtualne-zwiedzanie-stacje-w-otoczeniu-obozu\\\/droga-pamieci\\\/#breadcrumb\",\"itemListElement\":[{\"@type\":\"ListItem\",\"position\":1,\"name\":\"Strona gl\u00f3wna\",\"item\":\"https:\\\/\\\/www.kz-gedenkstaette-dachau.de\\\/pl\\\/\"},{\"@type\":\"ListItem\",\"position\":2,\"name\":\"Miejsce historyczne\",\"item\":\"https:\\\/\\\/www.kz-gedenkstaette-dachau.de\\\/pl\\\/miejsce-historyczne\\\/\"},{\"@type\":\"ListItem\",\"position\":3,\"name\":\"Wirtualne zwiedzanie \u2013 stacje w otoczeniu obozu\",\"item\":\"https:\\\/\\\/www.kz-gedenkstaette-dachau.de\\\/pl\\\/miejsce-historyczne\\\/wirtualne-zwiedzanie-stacje-w-otoczeniu-obozu\\\/\"},{\"@type\":\"ListItem\",\"position\":4,\"name\":\"Droga pami\u0119ci\"}]},{\"@type\":\"WebSite\",\"@id\":\"https:\\\/\\\/www.kz-gedenkstaette-dachau.de\\\/#website\",\"url\":\"https:\\\/\\\/www.kz-gedenkstaette-dachau.de\\\/\",\"name\":\"KZ Gedenkst\u00e4tte Dachau\",\"description\":\"\",\"potentialAction\":[{\"@type\":\"SearchAction\",\"target\":{\"@type\":\"EntryPoint\",\"urlTemplate\":\"https:\\\/\\\/www.kz-gedenkstaette-dachau.de\\\/?s={search_term_string}\"},\"query-input\":{\"@type\":\"PropertyValueSpecification\",\"valueRequired\":true,\"valueName\":\"search_term_string\"}}],\"inLanguage\":\"pl-PL\"}]}<\/script>\n<!-- \/ Yoast SEO plugin. -->","yoast_head_json":{"title":"Droga pami\u0119ci - KZ Gedenkst\u00e4tte Dachau","robots":{"index":"index","follow":"follow","max-snippet":"max-snippet:-1","max-image-preview":"max-image-preview:large","max-video-preview":"max-video-preview:-1"},"canonical":"https:\/\/www.kz-gedenkstaette-dachau.de\/pl\/miejsce-historyczne\/wirtualne-zwiedzanie-stacje-w-otoczeniu-obozu\/droga-pamieci\/","og_locale":"pl_PL","og_type":"article","og_title":"Droga pami\u0119ci - KZ Gedenkst\u00e4tte Dachau","og_description":"Otwarta w 2007 r. \u201eDroga pami\u0119ci\u201d sk\u0142ada si\u0119 z 12 stacji z tablicami informacyjnymi. Jej trasa prowadzi od dworca kolejowego w Dachau do centrum informacyjnego dla zwiedzaj\u0105cych Muzeum \u2013 MiejscaPami\u0119ci Dachau. Na pokonanie trzykilometrowej drogi pieszo potrzeba oko\u0142o 45 minut. Tablice informacyjne zainstalowano wzd\u0142u\u017c szlaku, jaki wi\u0119kszo\u015b\u0107 wi\u0119\u017ani\u00f3w dociera\u0142a do obozu pieszo, poci\u0105gami lub na... Zobacz artyku\u0142","og_url":"https:\/\/www.kz-gedenkstaette-dachau.de\/pl\/miejsce-historyczne\/wirtualne-zwiedzanie-stacje-w-otoczeniu-obozu\/droga-pamieci\/","og_site_name":"KZ Gedenkst\u00e4tte Dachau","article_modified_time":"2020-01-27T16:27:37+00:00","og_image":[{"url":"https:\/\/www.kz-gedenkstaette-dachau.de\/wp-content\/uploads\/2019\/01\/weg_der_erinnerung.png","type":"","width":"","height":""}],"twitter_card":"summary_large_image","twitter_misc":{"Szacowany czas czytania":"1 minuta"},"schema":{"@context":"https:\/\/schema.org","@graph":[{"@type":"WebPage","@id":"https:\/\/www.kz-gedenkstaette-dachau.de\/pl\/miejsce-historyczne\/wirtualne-zwiedzanie-stacje-w-otoczeniu-obozu\/droga-pamieci\/","url":"https:\/\/www.kz-gedenkstaette-dachau.de\/pl\/miejsce-historyczne\/wirtualne-zwiedzanie-stacje-w-otoczeniu-obozu\/droga-pamieci\/","name":"Droga pami\u0119ci - KZ Gedenkst\u00e4tte Dachau","isPartOf":{"@id":"https:\/\/www.kz-gedenkstaette-dachau.de\/#website"},"primaryImageOfPage":{"@id":"https:\/\/www.kz-gedenkstaette-dachau.de\/pl\/miejsce-historyczne\/wirtualne-zwiedzanie-stacje-w-otoczeniu-obozu\/droga-pamieci\/#primaryimage"},"image":{"@id":"https:\/\/www.kz-gedenkstaette-dachau.de\/pl\/miejsce-historyczne\/wirtualne-zwiedzanie-stacje-w-otoczeniu-obozu\/droga-pamieci\/#primaryimage"},"thumbnailUrl":"https:\/\/www.kz-gedenkstaette-dachau.de\/wp-content\/uploads\/2019\/01\/weg_der_erinnerung.png","datePublished":"2018-11-19T14:31:52+00:00","dateModified":"2020-01-27T16:27:37+00:00","breadcrumb":{"@id":"https:\/\/www.kz-gedenkstaette-dachau.de\/pl\/miejsce-historyczne\/wirtualne-zwiedzanie-stacje-w-otoczeniu-obozu\/droga-pamieci\/#breadcrumb"},"inLanguage":"pl-PL","potentialAction":[{"@type":"ReadAction","target":["https:\/\/www.kz-gedenkstaette-dachau.de\/pl\/miejsce-historyczne\/wirtualne-zwiedzanie-stacje-w-otoczeniu-obozu\/droga-pamieci\/"]}]},{"@type":"ImageObject","inLanguage":"pl-PL","@id":"https:\/\/www.kz-gedenkstaette-dachau.de\/pl\/miejsce-historyczne\/wirtualne-zwiedzanie-stacje-w-otoczeniu-obozu\/droga-pamieci\/#primaryimage","url":"https:\/\/www.kz-gedenkstaette-dachau.de\/wp-content\/uploads\/2019\/01\/weg_der_erinnerung.png","contentUrl":"https:\/\/www.kz-gedenkstaette-dachau.de\/wp-content\/uploads\/2019\/01\/weg_der_erinnerung.png"},{"@type":"BreadcrumbList","@id":"https:\/\/www.kz-gedenkstaette-dachau.de\/pl\/miejsce-historyczne\/wirtualne-zwiedzanie-stacje-w-otoczeniu-obozu\/droga-pamieci\/#breadcrumb","itemListElement":[{"@type":"ListItem","position":1,"name":"Strona gl\u00f3wna","item":"https:\/\/www.kz-gedenkstaette-dachau.de\/pl\/"},{"@type":"ListItem","position":2,"name":"Miejsce historyczne","item":"https:\/\/www.kz-gedenkstaette-dachau.de\/pl\/miejsce-historyczne\/"},{"@type":"ListItem","position":3,"name":"Wirtualne zwiedzanie \u2013 stacje w otoczeniu obozu","item":"https:\/\/www.kz-gedenkstaette-dachau.de\/pl\/miejsce-historyczne\/wirtualne-zwiedzanie-stacje-w-otoczeniu-obozu\/"},{"@type":"ListItem","position":4,"name":"Droga pami\u0119ci"}]},{"@type":"WebSite","@id":"https:\/\/www.kz-gedenkstaette-dachau.de\/#website","url":"https:\/\/www.kz-gedenkstaette-dachau.de\/","name":"KZ Gedenkst\u00e4tte Dachau","description":"","potentialAction":[{"@type":"SearchAction","target":{"@type":"EntryPoint","urlTemplate":"https:\/\/www.kz-gedenkstaette-dachau.de\/?s={search_term_string}"},"query-input":{"@type":"PropertyValueSpecification","valueRequired":true,"valueName":"search_term_string"}}],"inLanguage":"pl-PL"}]}},"_links":{"self":[{"href":"https:\/\/www.kz-gedenkstaette-dachau.de\/pl\/wp-json\/wp\/v2\/pages\/57071","targetHints":{"allow":["GET"]}}],"collection":[{"href":"https:\/\/www.kz-gedenkstaette-dachau.de\/pl\/wp-json\/wp\/v2\/pages"}],"about":[{"href":"https:\/\/www.kz-gedenkstaette-dachau.de\/pl\/wp-json\/wp\/v2\/types\/page"}],"author":[{"embeddable":true,"href":"https:\/\/www.kz-gedenkstaette-dachau.de\/pl\/wp-json\/wp\/v2\/users\/1"}],"replies":[{"embeddable":true,"href":"https:\/\/www.kz-gedenkstaette-dachau.de\/pl\/wp-json\/wp\/v2\/comments?post=57071"}],"version-history":[{"count":0,"href":"https:\/\/www.kz-gedenkstaette-dachau.de\/pl\/wp-json\/wp\/v2\/pages\/57071\/revisions"}],"up":[{"embeddable":true,"href":"https:\/\/www.kz-gedenkstaette-dachau.de\/pl\/wp-json\/wp\/v2\/pages\/57060"}],"wp:attachment":[{"href":"https:\/\/www.kz-gedenkstaette-dachau.de\/pl\/wp-json\/wp\/v2\/media?parent=57071"}],"curies":[{"name":"wp","href":"https:\/\/api.w.org\/{rel}","templated":true}]}}